{"id":1259,"date":"2026-02-16T19:08:18","date_gmt":"2026-02-16T19:08:18","guid":{"rendered":"https:\/\/b2b.mvgd.pl\/?post_type=product&#038;p=1259"},"modified":"2026-02-16T19:09:50","modified_gmt":"2026-02-16T19:09:50","slug":"lajver-blaufrankisch-2022-075l-1355","status":"publish","type":"product","link":"https:\/\/b2b.mvgd.pl\/index.php\/produkt\/lajver-blaufrankisch-2022-075l-1355\/","title":{"rendered":"LAJVER Blaufrankisch 2022 0,75l 13,55%"},"content":{"rendered":"","protected":false},"excerpt":{"rendered":"<p>W smaku silniej wyczuwalny jest wp\u0142yw beczki, drewno dodaje dodatkowe nuty przyprawowe, takie jak go\u017adziki i wanilia, a na ko\u0144cu wyczuwalny jest r\u00f3wnie\u017c kokos. Jego struktura jest do\u015b\u0107 dobra, kwasy wzmacniaj\u0105 nieco pow\u015bci\u0105gliwe aromaty dzi\u0119ki beczce, a dojrza\u0142e owoce sprawiaj\u0105, \u017ce pikantno\u015b\u0107 jest jeszcze bardziej intensywna. W finiszu zwalnia, wype\u0142niaj\u0105c podniebienie, mo\u017cna ju\u017c wyczu\u0107 alkohol, ale to r\u00f3wnie\u017c pasuje, poniewa\u017c oferuje nie tylko form\u0119, ale tak\u017ce tre\u015b\u0107.<\/p>\n","protected":false},"featured_media":1308,"comment_status":"open","ping_status":"closed","template":"","meta":[],"product_brand":[],"product_cat":[1241,18],"product_tag":[737,1516,1515,1243,1454,321],"class_list":{"0":"post-1259","1":"product","2":"type-product","3":"status-publish","4":"has-post-thumbnail","6":"product_cat-wegry","7":"product_cat-wina","8":"product_tag-czerwone","9":"product_tag-kekfrankos","10":"product_tag-lajver-borhaz-kft","11":"product_tag-wegry","12":"product_tag-wino-czerwone","13":"product_tag-wytrawne","15":"first","16":"instock","17":"shipping-taxable","18":"purchasable","19":"product-type-simple"},"yoast_head":"<!-- This site is optimized with the Yoast SEO plugin v26.9 - https:\/\/yoast.com\/product\/yoast-seo-wordpress\/ -->\n<title>LAJVER Blaufrankisch 2022 0,75l 13,55% - B2B MVGD PL<\/title>\n<meta name=\"robots\" content=\"index, follow, max-snippet:-1, max-image-preview:large, max-video-preview:-1\" \/>\n<link rel=\"canonical\" href=\"https:\/\/b2b.mvgd.pl\/index.php\/produkt\/lajver-blaufrankisch-2022-075l-1355\/\" \/>\n<meta property=\"og:locale\" content=\"pl_PL\" \/>\n<meta property=\"og:type\" content=\"article\" \/>\n<meta property=\"og:title\" content=\"LAJVER Blaufrankisch 2022 0,75l 13,55% - B2B MVGD PL\" \/>\n<meta property=\"og:description\" content=\"W smaku silniej wyczuwalny jest wp\u0142yw beczki, drewno dodaje dodatkowe nuty przyprawowe, takie jak go\u017adziki i wanilia, a na ko\u0144cu wyczuwalny jest r\u00f3wnie\u017c kokos. Jego struktura jest do\u015b\u0107 dobra, kwasy wzmacniaj\u0105 nieco pow\u015bci\u0105gliwe aromaty dzi\u0119ki beczce, a dojrza\u0142e owoce sprawiaj\u0105, \u017ce pikantno\u015b\u0107 jest jeszcze bardziej intensywna. W finiszu zwalnia, wype\u0142niaj\u0105c podniebienie, mo\u017cna ju\u017c wyczu\u0107 alkohol, ale to r\u00f3wnie\u017c pasuje, poniewa\u017c oferuje nie tylko form\u0119, ale tak\u017ce tre\u015b\u0107.\" \/>\n<meta property=\"og:url\" content=\"https:\/\/b2b.mvgd.pl\/index.php\/produkt\/lajver-blaufrankisch-2022-075l-1355\/\" \/>\n<meta property=\"og:site_name\" content=\"B2B MVGD PL\" \/>\n<meta property=\"article:modified_time\" content=\"2026-02-16T19:09:50+00:00\" \/>\n<meta name=\"twitter:card\" content=\"summary_large_image\" \/>\n<script type=\"application\/ld+json\" class=\"yoast-schema-graph\">{\"@context\":\"https:\/\/schema.org\",\"@graph\":[{\"@type\":\"WebPage\",\"@id\":\"https:\/\/b2b.mvgd.pl\/index.php\/produkt\/lajver-blaufrankisch-2022-075l-1355\/\",\"url\":\"https:\/\/b2b.mvgd.pl\/index.php\/produkt\/lajver-blaufrankisch-2022-075l-1355\/\",\"name\":\"LAJVER Blaufrankisch 2022 0,75l 13,55% - B2B MVGD PL\",\"isPartOf\":{\"@id\":\"https:\/\/b2b.mvgd.pl\/#website\"},\"primaryImageOfPage\":{\"@id\":\"https:\/\/b2b.mvgd.pl\/index.php\/produkt\/lajver-blaufrankisch-2022-075l-1355\/#primaryimage\"},\"image\":{\"@id\":\"https:\/\/b2b.mvgd.pl\/index.php\/produkt\/lajver-blaufrankisch-2022-075l-1355\/#primaryimage\"},\"thumbnailUrl\":\"https:\/\/b2b.mvgd.pl\/wp-content\/uploads\/2026\/02\/LAJVER-Blaufrankisch-2022-075l-1355.png\",\"datePublished\":\"2026-02-16T19:08:18+00:00\",\"dateModified\":\"2026-02-16T19:09:50+00:00\",\"breadcrumb\":{\"@id\":\"https:\/\/b2b.mvgd.pl\/index.php\/produkt\/lajver-blaufrankisch-2022-075l-1355\/#breadcrumb\"},\"inLanguage\":\"pl-PL\",\"potentialAction\":[{\"@type\":\"ReadAction\",\"target\":[\"https:\/\/b2b.mvgd.pl\/index.php\/produkt\/lajver-blaufrankisch-2022-075l-1355\/\"]}]},{\"@type\":\"ImageObject\",\"inLanguage\":\"pl-PL\",\"@id\":\"https:\/\/b2b.mvgd.pl\/index.php\/produkt\/lajver-blaufrankisch-2022-075l-1355\/#primaryimage\",\"url\":\"https:\/\/b2b.mvgd.pl\/wp-content\/uploads\/2026\/02\/LAJVER-Blaufrankisch-2022-075l-1355.png\",\"contentUrl\":\"https:\/\/b2b.mvgd.pl\/wp-content\/uploads\/2026\/02\/LAJVER-Blaufrankisch-2022-075l-1355.png\",\"width\":900,\"height\":1200},{\"@type\":\"BreadcrumbList\",\"@id\":\"https:\/\/b2b.mvgd.pl\/index.php\/produkt\/lajver-blaufrankisch-2022-075l-1355\/#breadcrumb\",\"itemListElement\":[{\"@type\":\"ListItem\",\"position\":1,\"name\":\"Strona g\u0142\u00f3wna\",\"item\":\"https:\/\/b2b.mvgd.pl\/\"},{\"@type\":\"ListItem\",\"position\":2,\"name\":\"Shop\",\"item\":\"https:\/\/b2b.mvgd.pl\/index.php\/shop\/\"},{\"@type\":\"ListItem\",\"position\":3,\"name\":\"LAJVER Blaufrankisch 2022 0,75l 13,55%\"}]},{\"@type\":\"WebSite\",\"@id\":\"https:\/\/b2b.mvgd.pl\/#website\",\"url\":\"https:\/\/b2b.mvgd.pl\/\",\"name\":\"B2B MVGD PL\",\"description\":\"\",\"potentialAction\":[{\"@type\":\"SearchAction\",\"target\":{\"@type\":\"EntryPoint\",\"urlTemplate\":\"https:\/\/b2b.mvgd.pl\/?s={search_term_string}\"},\"query-input\":{\"@type\":\"PropertyValueSpecification\",\"valueRequired\":true,\"valueName\":\"search_term_string\"}}],\"inLanguage\":\"pl-PL\"}]}<\/script>\n<!-- \/ Yoast SEO plugin. -->","yoast_head_json":{"title":"LAJVER Blaufrankisch 2022 0,75l 13,55% - B2B MVGD PL","robots":{"index":"index","follow":"follow","max-snippet":"max-snippet:-1","max-image-preview":"max-image-preview:large","max-video-preview":"max-video-preview:-1"},"canonical":"https:\/\/b2b.mvgd.pl\/index.php\/produkt\/lajver-blaufrankisch-2022-075l-1355\/","og_locale":"pl_PL","og_type":"article","og_title":"LAJVER Blaufrankisch 2022 0,75l 13,55% - B2B MVGD PL","og_description":"W smaku silniej wyczuwalny jest wp\u0142yw beczki, drewno dodaje dodatkowe nuty przyprawowe, takie jak go\u017adziki i wanilia, a na ko\u0144cu wyczuwalny jest r\u00f3wnie\u017c kokos. Jego struktura jest do\u015b\u0107 dobra, kwasy wzmacniaj\u0105 nieco pow\u015bci\u0105gliwe aromaty dzi\u0119ki beczce, a dojrza\u0142e owoce sprawiaj\u0105, \u017ce pikantno\u015b\u0107 jest jeszcze bardziej intensywna. W finiszu zwalnia, wype\u0142niaj\u0105c podniebienie, mo\u017cna ju\u017c wyczu\u0107 alkohol, ale to r\u00f3wnie\u017c pasuje, poniewa\u017c oferuje nie tylko form\u0119, ale tak\u017ce tre\u015b\u0107.","og_url":"https:\/\/b2b.mvgd.pl\/index.php\/produkt\/lajver-blaufrankisch-2022-075l-1355\/","og_site_name":"B2B MVGD PL","article_modified_time":"2026-02-16T19:09:50+00:00","twitter_card":"summary_large_image","schema":{"@context":"https:\/\/schema.org","@graph":[{"@type":"WebPage","@id":"https:\/\/b2b.mvgd.pl\/index.php\/produkt\/lajver-blaufrankisch-2022-075l-1355\/","url":"https:\/\/b2b.mvgd.pl\/index.php\/produkt\/lajver-blaufrankisch-2022-075l-1355\/","name":"LAJVER Blaufrankisch 2022 0,75l 13,55% - B2B MVGD PL","isPartOf":{"@id":"https:\/\/b2b.mvgd.pl\/#website"},"primaryImageOfPage":{"@id":"https:\/\/b2b.mvgd.pl\/index.php\/produkt\/lajver-blaufrankisch-2022-075l-1355\/#primaryimage"},"image":{"@id":"https:\/\/b2b.mvgd.pl\/index.php\/produkt\/lajver-blaufrankisch-2022-075l-1355\/#primaryimage"},"thumbnailUrl":"https:\/\/b2b.mvgd.pl\/wp-content\/uploads\/2026\/02\/LAJVER-Blaufrankisch-2022-075l-1355.png","datePublished":"2026-02-16T19:08:18+00:00","dateModified":"2026-02-16T19:09:50+00:00","breadcrumb":{"@id":"https:\/\/b2b.mvgd.pl\/index.php\/produkt\/lajver-blaufrankisch-2022-075l-1355\/#breadcrumb"},"inLanguage":"pl-PL","potentialAction":[{"@type":"ReadAction","target":["https:\/\/b2b.mvgd.pl\/index.php\/produkt\/lajver-blaufrankisch-2022-075l-1355\/"]}]},{"@type":"ImageObject","inLanguage":"pl-PL","@id":"https:\/\/b2b.mvgd.pl\/index.php\/produkt\/lajver-blaufrankisch-2022-075l-1355\/#primaryimage","url":"https:\/\/b2b.mvgd.pl\/wp-content\/uploads\/2026\/02\/LAJVER-Blaufrankisch-2022-075l-1355.png","contentUrl":"https:\/\/b2b.mvgd.pl\/wp-content\/uploads\/2026\/02\/LAJVER-Blaufrankisch-2022-075l-1355.png","width":900,"height":1200},{"@type":"BreadcrumbList","@id":"https:\/\/b2b.mvgd.pl\/index.php\/produkt\/lajver-blaufrankisch-2022-075l-1355\/#breadcrumb","itemListElement":[{"@type":"ListItem","position":1,"name":"Strona g\u0142\u00f3wna","item":"https:\/\/b2b.mvgd.pl\/"},{"@type":"ListItem","position":2,"name":"Shop","item":"https:\/\/b2b.mvgd.pl\/index.php\/shop\/"},{"@type":"ListItem","position":3,"name":"LAJVER Blaufrankisch 2022 0,75l 13,55%"}]},{"@type":"WebSite","@id":"https:\/\/b2b.mvgd.pl\/#website","url":"https:\/\/b2b.mvgd.pl\/","name":"B2B MVGD PL","description":"","potentialAction":[{"@type":"SearchAction","target":{"@type":"EntryPoint","urlTemplate":"https:\/\/b2b.mvgd.pl\/?s={search_term_string}"},"query-input":{"@type":"PropertyValueSpecification","valueRequired":true,"valueName":"search_term_string"}}],"inLanguage":"pl-PL"}]}},"jetpack_sharing_enabled":true,"_links":{"self":[{"href":"https:\/\/b2b.mvgd.pl\/index.php\/wp-json\/wp\/v2\/product\/1259","targetHints":{"allow":["GET"]}}],"collection":[{"href":"https:\/\/b2b.mvgd.pl\/index.php\/wp-json\/wp\/v2\/product"}],"about":[{"href":"https:\/\/b2b.mvgd.pl\/index.php\/wp-json\/wp\/v2\/types\/product"}],"replies":[{"embeddable":true,"href":"https:\/\/b2b.mvgd.pl\/index.php\/wp-json\/wp\/v2\/comments?post=1259"}],"version-history":[{"count":0,"href":"https:\/\/b2b.mvgd.pl\/index.php\/wp-json\/wp\/v2\/product\/1259\/revisions"}],"wp:featuredmedia":[{"embeddable":true,"href":"https:\/\/b2b.mvgd.pl\/index.php\/wp-json\/wp\/v2\/media\/1308"}],"wp:attachment":[{"href":"https:\/\/b2b.mvgd.pl\/index.php\/wp-json\/wp\/v2\/media?parent=1259"}],"wp:term":[{"taxonomy":"product_brand","embeddable":true,"href":"https:\/\/b2b.mvgd.pl\/index.php\/wp-json\/wp\/v2\/product_brand?post=1259"},{"taxonomy":"product_cat","embeddable":true,"href":"https:\/\/b2b.mvgd.pl\/index.php\/wp-json\/wp\/v2\/product_cat?post=1259"},{"taxonomy":"product_tag","embeddable":true,"href":"https:\/\/b2b.mvgd.pl\/index.php\/wp-json\/wp\/v2\/product_tag?post=1259"}],"curies":[{"name":"wp","href":"https:\/\/api.w.org\/{rel}","templated":true}]}}