{"id":1258,"date":"2026-02-16T19:08:17","date_gmt":"2026-02-16T19:08:17","guid":{"rendered":"https:\/\/b2b.mvgd.pl\/?post_type=product&#038;p=1258"},"modified":"2026-02-16T19:09:48","modified_gmt":"2026-02-16T19:09:48","slug":"lajver-incognito-2023-075l-1204","status":"publish","type":"product","link":"https:\/\/b2b.mvgd.pl\/index.php\/produkt\/lajver-incognito-2023-075l-1204\/","title":{"rendered":"LAJVER Incognito 2023 0,75l 12,04%"},"content":{"rendered":"","protected":false},"excerpt":{"rendered":"<p>W zapachu niemal lekki, zwiewny r\u00f3\u017c, ale m\u00f3g\u0142by to by\u0107 r\u00f3wnie\u017c \u015bwie\u017cy riesling, perfumowany odrobin\u0105 czerwonego porzeczkowca.<\/p>\n<p>W smaku wyczuwalna jest ju\u017c nutka, jest tu \u015bwie\u017ca, chrupi\u0105ca wczesna malina, brzoskwinia, bia\u0142a morela, odrobina kremowo\u015bci. Od \u015bwie\u017cej wi\u015bni po egzotyczne owoce, szeroka gama smak\u00f3w i aromat\u00f3w.<\/p>\n<p>To czyste, mi\u0142e, przymilne wino. Jest w nim energia, czysto\u015b\u0107, mi\u0142o\u015b\u0107 i finezja. Dzi\u0119ki temu wiemy, \u017ce to naprawd\u0119 k\u00e9kfrankos.<\/p>\n","protected":false},"featured_media":1307,"comment_status":"open","ping_status":"closed","template":"","meta":[],"product_brand":[],"product_cat":[1241,18],"product_tag":[1515,1243,320,577,321],"class_list":{"0":"post-1258","1":"product","2":"type-product","3":"status-publish","4":"has-post-thumbnail","6":"product_cat-wegry","7":"product_cat-wina","8":"product_tag-lajver-borhaz-kft","9":"product_tag-wegry","10":"product_tag-wino","11":"product_tag-wino-biale","12":"product_tag-wytrawne","14":"first","15":"instock","16":"shipping-taxable","17":"purchasable","18":"product-type-simple"},"yoast_head":"<!-- This site is optimized with the Yoast SEO plugin v26.9 - https:\/\/yoast.com\/product\/yoast-seo-wordpress\/ -->\n<title>LAJVER Incognito 2023 0,75l 12,04% - B2B MVGD PL<\/title>\n<meta name=\"robots\" content=\"index, follow, max-snippet:-1, max-image-preview:large, max-video-preview:-1\" \/>\n<link rel=\"canonical\" href=\"https:\/\/b2b.mvgd.pl\/index.php\/produkt\/lajver-incognito-2023-075l-1204\/\" \/>\n<meta property=\"og:locale\" content=\"pl_PL\" \/>\n<meta property=\"og:type\" content=\"article\" \/>\n<meta property=\"og:title\" content=\"LAJVER Incognito 2023 0,75l 12,04% - B2B MVGD PL\" \/>\n<meta property=\"og:description\" content=\"W zapachu niemal lekki, zwiewny r\u00f3\u017c, ale m\u00f3g\u0142by to by\u0107 r\u00f3wnie\u017c \u015bwie\u017cy riesling, perfumowany odrobin\u0105 czerwonego porzeczkowca.  W smaku wyczuwalna jest ju\u017c nutka, jest tu \u015bwie\u017ca, chrupi\u0105ca wczesna malina, brzoskwinia, bia\u0142a morela, odrobina kremowo\u015bci. Od \u015bwie\u017cej wi\u015bni po egzotyczne owoce, szeroka gama smak\u00f3w i aromat\u00f3w.  To czyste, mi\u0142e, przymilne wino. Jest w nim energia, czysto\u015b\u0107, mi\u0142o\u015b\u0107 i finezja. Dzi\u0119ki temu wiemy, \u017ce to naprawd\u0119 k\u00e9kfrankos.\" \/>\n<meta property=\"og:url\" content=\"https:\/\/b2b.mvgd.pl\/index.php\/produkt\/lajver-incognito-2023-075l-1204\/\" \/>\n<meta property=\"og:site_name\" content=\"B2B MVGD PL\" \/>\n<meta property=\"article:modified_time\" content=\"2026-02-16T19:09:48+00:00\" \/>\n<meta name=\"twitter:card\" content=\"summary_large_image\" \/>\n<script type=\"application\/ld+json\" class=\"yoast-schema-graph\">{\"@context\":\"https:\/\/schema.org\",\"@graph\":[{\"@type\":\"WebPage\",\"@id\":\"https:\/\/b2b.mvgd.pl\/index.php\/produkt\/lajver-incognito-2023-075l-1204\/\",\"url\":\"https:\/\/b2b.mvgd.pl\/index.php\/produkt\/lajver-incognito-2023-075l-1204\/\",\"name\":\"LAJVER Incognito 2023 0,75l 12,04% - B2B MVGD PL\",\"isPartOf\":{\"@id\":\"https:\/\/b2b.mvgd.pl\/#website\"},\"primaryImageOfPage\":{\"@id\":\"https:\/\/b2b.mvgd.pl\/index.php\/produkt\/lajver-incognito-2023-075l-1204\/#primaryimage\"},\"image\":{\"@id\":\"https:\/\/b2b.mvgd.pl\/index.php\/produkt\/lajver-incognito-2023-075l-1204\/#primaryimage\"},\"thumbnailUrl\":\"https:\/\/b2b.mvgd.pl\/wp-content\/uploads\/2026\/02\/WIN-LAJVER-Incognito-2023-075l-1204.png\",\"datePublished\":\"2026-02-16T19:08:17+00:00\",\"dateModified\":\"2026-02-16T19:09:48+00:00\",\"breadcrumb\":{\"@id\":\"https:\/\/b2b.mvgd.pl\/index.php\/produkt\/lajver-incognito-2023-075l-1204\/#breadcrumb\"},\"inLanguage\":\"pl-PL\",\"potentialAction\":[{\"@type\":\"ReadAction\",\"target\":[\"https:\/\/b2b.mvgd.pl\/index.php\/produkt\/lajver-incognito-2023-075l-1204\/\"]}]},{\"@type\":\"ImageObject\",\"inLanguage\":\"pl-PL\",\"@id\":\"https:\/\/b2b.mvgd.pl\/index.php\/produkt\/lajver-incognito-2023-075l-1204\/#primaryimage\",\"url\":\"https:\/\/b2b.mvgd.pl\/wp-content\/uploads\/2026\/02\/WIN-LAJVER-Incognito-2023-075l-1204.png\",\"contentUrl\":\"https:\/\/b2b.mvgd.pl\/wp-content\/uploads\/2026\/02\/WIN-LAJVER-Incognito-2023-075l-1204.png\",\"width\":900,\"height\":1200},{\"@type\":\"BreadcrumbList\",\"@id\":\"https:\/\/b2b.mvgd.pl\/index.php\/produkt\/lajver-incognito-2023-075l-1204\/#breadcrumb\",\"itemListElement\":[{\"@type\":\"ListItem\",\"position\":1,\"name\":\"Strona g\u0142\u00f3wna\",\"item\":\"https:\/\/b2b.mvgd.pl\/\"},{\"@type\":\"ListItem\",\"position\":2,\"name\":\"Shop\",\"item\":\"https:\/\/b2b.mvgd.pl\/index.php\/shop\/\"},{\"@type\":\"ListItem\",\"position\":3,\"name\":\"LAJVER Incognito 2023 0,75l 12,04%\"}]},{\"@type\":\"WebSite\",\"@id\":\"https:\/\/b2b.mvgd.pl\/#website\",\"url\":\"https:\/\/b2b.mvgd.pl\/\",\"name\":\"B2B MVGD PL\",\"description\":\"\",\"potentialAction\":[{\"@type\":\"SearchAction\",\"target\":{\"@type\":\"EntryPoint\",\"urlTemplate\":\"https:\/\/b2b.mvgd.pl\/?s={search_term_string}\"},\"query-input\":{\"@type\":\"PropertyValueSpecification\",\"valueRequired\":true,\"valueName\":\"search_term_string\"}}],\"inLanguage\":\"pl-PL\"}]}<\/script>\n<!-- \/ Yoast SEO plugin. -->","yoast_head_json":{"title":"LAJVER Incognito 2023 0,75l 12,04% - B2B MVGD PL","robots":{"index":"index","follow":"follow","max-snippet":"max-snippet:-1","max-image-preview":"max-image-preview:large","max-video-preview":"max-video-preview:-1"},"canonical":"https:\/\/b2b.mvgd.pl\/index.php\/produkt\/lajver-incognito-2023-075l-1204\/","og_locale":"pl_PL","og_type":"article","og_title":"LAJVER Incognito 2023 0,75l 12,04% - B2B MVGD PL","og_description":"W zapachu niemal lekki, zwiewny r\u00f3\u017c, ale m\u00f3g\u0142by to by\u0107 r\u00f3wnie\u017c \u015bwie\u017cy riesling, perfumowany odrobin\u0105 czerwonego porzeczkowca.  W smaku wyczuwalna jest ju\u017c nutka, jest tu \u015bwie\u017ca, chrupi\u0105ca wczesna malina, brzoskwinia, bia\u0142a morela, odrobina kremowo\u015bci. Od \u015bwie\u017cej wi\u015bni po egzotyczne owoce, szeroka gama smak\u00f3w i aromat\u00f3w.  To czyste, mi\u0142e, przymilne wino. Jest w nim energia, czysto\u015b\u0107, mi\u0142o\u015b\u0107 i finezja. Dzi\u0119ki temu wiemy, \u017ce to naprawd\u0119 k\u00e9kfrankos.","og_url":"https:\/\/b2b.mvgd.pl\/index.php\/produkt\/lajver-incognito-2023-075l-1204\/","og_site_name":"B2B MVGD PL","article_modified_time":"2026-02-16T19:09:48+00:00","twitter_card":"summary_large_image","schema":{"@context":"https:\/\/schema.org","@graph":[{"@type":"WebPage","@id":"https:\/\/b2b.mvgd.pl\/index.php\/produkt\/lajver-incognito-2023-075l-1204\/","url":"https:\/\/b2b.mvgd.pl\/index.php\/produkt\/lajver-incognito-2023-075l-1204\/","name":"LAJVER Incognito 2023 0,75l 12,04% - B2B MVGD PL","isPartOf":{"@id":"https:\/\/b2b.mvgd.pl\/#website"},"primaryImageOfPage":{"@id":"https:\/\/b2b.mvgd.pl\/index.php\/produkt\/lajver-incognito-2023-075l-1204\/#primaryimage"},"image":{"@id":"https:\/\/b2b.mvgd.pl\/index.php\/produkt\/lajver-incognito-2023-075l-1204\/#primaryimage"},"thumbnailUrl":"https:\/\/b2b.mvgd.pl\/wp-content\/uploads\/2026\/02\/WIN-LAJVER-Incognito-2023-075l-1204.png","datePublished":"2026-02-16T19:08:17+00:00","dateModified":"2026-02-16T19:09:48+00:00","breadcrumb":{"@id":"https:\/\/b2b.mvgd.pl\/index.php\/produkt\/lajver-incognito-2023-075l-1204\/#breadcrumb"},"inLanguage":"pl-PL","potentialAction":[{"@type":"ReadAction","target":["https:\/\/b2b.mvgd.pl\/index.php\/produkt\/lajver-incognito-2023-075l-1204\/"]}]},{"@type":"ImageObject","inLanguage":"pl-PL","@id":"https:\/\/b2b.mvgd.pl\/index.php\/produkt\/lajver-incognito-2023-075l-1204\/#primaryimage","url":"https:\/\/b2b.mvgd.pl\/wp-content\/uploads\/2026\/02\/WIN-LAJVER-Incognito-2023-075l-1204.png","contentUrl":"https:\/\/b2b.mvgd.pl\/wp-content\/uploads\/2026\/02\/WIN-LAJVER-Incognito-2023-075l-1204.png","width":900,"height":1200},{"@type":"BreadcrumbList","@id":"https:\/\/b2b.mvgd.pl\/index.php\/produkt\/lajver-incognito-2023-075l-1204\/#breadcrumb","itemListElement":[{"@type":"ListItem","position":1,"name":"Strona g\u0142\u00f3wna","item":"https:\/\/b2b.mvgd.pl\/"},{"@type":"ListItem","position":2,"name":"Shop","item":"https:\/\/b2b.mvgd.pl\/index.php\/shop\/"},{"@type":"ListItem","position":3,"name":"LAJVER Incognito 2023 0,75l 12,04%"}]},{"@type":"WebSite","@id":"https:\/\/b2b.mvgd.pl\/#website","url":"https:\/\/b2b.mvgd.pl\/","name":"B2B MVGD PL","description":"","potentialAction":[{"@type":"SearchAction","target":{"@type":"EntryPoint","urlTemplate":"https:\/\/b2b.mvgd.pl\/?s={search_term_string}"},"query-input":{"@type":"PropertyValueSpecification","valueRequired":true,"valueName":"search_term_string"}}],"inLanguage":"pl-PL"}]}},"jetpack_sharing_enabled":true,"_links":{"self":[{"href":"https:\/\/b2b.mvgd.pl\/index.php\/wp-json\/wp\/v2\/product\/1258","targetHints":{"allow":["GET"]}}],"collection":[{"href":"https:\/\/b2b.mvgd.pl\/index.php\/wp-json\/wp\/v2\/product"}],"about":[{"href":"https:\/\/b2b.mvgd.pl\/index.php\/wp-json\/wp\/v2\/types\/product"}],"replies":[{"embeddable":true,"href":"https:\/\/b2b.mvgd.pl\/index.php\/wp-json\/wp\/v2\/comments?post=1258"}],"version-history":[{"count":0,"href":"https:\/\/b2b.mvgd.pl\/index.php\/wp-json\/wp\/v2\/product\/1258\/revisions"}],"wp:featuredmedia":[{"embeddable":true,"href":"https:\/\/b2b.mvgd.pl\/index.php\/wp-json\/wp\/v2\/media\/1307"}],"wp:attachment":[{"href":"https:\/\/b2b.mvgd.pl\/index.php\/wp-json\/wp\/v2\/media?parent=1258"}],"wp:term":[{"taxonomy":"product_brand","embeddable":true,"href":"https:\/\/b2b.mvgd.pl\/index.php\/wp-json\/wp\/v2\/product_brand?post=1258"},{"taxonomy":"product_cat","embeddable":true,"href":"https:\/\/b2b.mvgd.pl\/index.php\/wp-json\/wp\/v2\/product_cat?post=1258"},{"taxonomy":"product_tag","embeddable":true,"href":"https:\/\/b2b.mvgd.pl\/index.php\/wp-json\/wp\/v2\/product_tag?post=1258"}],"curies":[{"name":"wp","href":"https:\/\/api.w.org\/{rel}","templated":true}]}}