{"id":1247,"date":"2026-02-16T19:07:54","date_gmt":"2026-02-16T19:07:54","guid":{"rendered":"https:\/\/b2b.mvgd.pl\/?post_type=product&#038;p=1247"},"modified":"2026-02-16T19:09:32","modified_gmt":"2026-02-16T19:09:32","slug":"harsanyi-tokaj-eye-2023-075l-115","status":"publish","type":"product","link":"https:\/\/b2b.mvgd.pl\/index.php\/produkt\/harsanyi-tokaj-eye-2023-075l-115\/","title":{"rendered":"HARS\u00c1NYI Tokaj Eye 2023 0,75l 11,5%"},"content":{"rendered":"<p>Rocznik: 2023<\/p>\n<p>Nazwa winnicy: Cir\u00f3ka, Kir\u00e1lyhegy, Megyer<\/p>\n<p>Odmiana winogron: Furmint, H\u00e1rslevel\u0171, S\u00e1rgamuskot\u00e1ly<\/p>\n<p>Dojrzewanie: 6 miesi\u0119cy w zbiorniku stalowym.<\/p>\n<p>Zawarto\u015b\u0107 alkoholu: 12,5 %<\/p>\n<p>Cukier resztkowy: 8,0 g\/l<\/p>\n<p>Kwasowo\u015b\u0107: 7,7 g\/l<\/p>\n","protected":false},"excerpt":{"rendered":"<p>Zawiera wszystkie trzy g\u0142\u00f3wne odmiany winogron, kt\u00f3re rozs\u0142awi\u0142y nazw\u0119 Tokaj. Wino to charakteryzuje si\u0119 \u015bwie\u017c\u0105 i soczyst\u0105 mineralno\u015bci\u0105 odmiany Furmint, nutami brzoskwini, nektarynki i jab\u0142ka odmiany H\u00e1rslevel\u0171 oraz aromatem kwiat\u00f3w odmiany Muscat.<\/p>\n","protected":false},"featured_media":1302,"comment_status":"open","ping_status":"closed","template":"","meta":[],"product_brand":[],"product_cat":[1241,18],"product_tag":[1242,1078,1494,1243,320,577],"class_list":{"0":"post-1247","1":"product","2":"type-product","3":"status-publish","4":"has-post-thumbnail","6":"product_cat-wegry","7":"product_cat-wina","8":"product_tag-harsanyi-gabor-peter","9":"product_tag-slodkie","10":"product_tag-tokaj","11":"product_tag-wegry","12":"product_tag-wino","13":"product_tag-wino-biale","15":"first","16":"instock","17":"shipping-taxable","18":"purchasable","19":"product-type-simple"},"yoast_head":"<!-- This site is optimized with the Yoast SEO plugin v26.9 - https:\/\/yoast.com\/product\/yoast-seo-wordpress\/ -->\n<title>HARS\u00c1NYI Tokaj Eye 2023 0,75l 11,5% - B2B MVGD PL<\/title>\n<meta name=\"robots\" content=\"index, follow, max-snippet:-1, max-image-preview:large, max-video-preview:-1\" \/>\n<link rel=\"canonical\" href=\"https:\/\/b2b.mvgd.pl\/index.php\/produkt\/harsanyi-tokaj-eye-2023-075l-115\/\" \/>\n<meta property=\"og:locale\" content=\"pl_PL\" \/>\n<meta property=\"og:type\" content=\"article\" \/>\n<meta property=\"og:title\" content=\"HARS\u00c1NYI Tokaj Eye 2023 0,75l 11,5% - B2B MVGD PL\" \/>\n<meta property=\"og:description\" content=\"Zawiera wszystkie trzy g\u0142\u00f3wne odmiany winogron, kt\u00f3re rozs\u0142awi\u0142y nazw\u0119 Tokaj. Wino to charakteryzuje si\u0119 \u015bwie\u017c\u0105 i soczyst\u0105 mineralno\u015bci\u0105 odmiany Furmint, nutami brzoskwini, nektarynki i jab\u0142ka odmiany H\u00e1rslevel\u0171 oraz aromatem kwiat\u00f3w odmiany Muscat.\" \/>\n<meta property=\"og:url\" content=\"https:\/\/b2b.mvgd.pl\/index.php\/produkt\/harsanyi-tokaj-eye-2023-075l-115\/\" \/>\n<meta property=\"og:site_name\" content=\"B2B MVGD PL\" \/>\n<meta property=\"article:modified_time\" content=\"2026-02-16T19:09:32+00:00\" \/>\n<meta name=\"twitter:card\" content=\"summary_large_image\" \/>\n<script type=\"application\/ld+json\" class=\"yoast-schema-graph\">{\"@context\":\"https:\/\/schema.org\",\"@graph\":[{\"@type\":\"WebPage\",\"@id\":\"https:\/\/b2b.mvgd.pl\/index.php\/produkt\/harsanyi-tokaj-eye-2023-075l-115\/\",\"url\":\"https:\/\/b2b.mvgd.pl\/index.php\/produkt\/harsanyi-tokaj-eye-2023-075l-115\/\",\"name\":\"HARS\u00c1NYI Tokaj Eye 2023 0,75l 11,5% - B2B MVGD PL\",\"isPartOf\":{\"@id\":\"https:\/\/b2b.mvgd.pl\/#website\"},\"primaryImageOfPage\":{\"@id\":\"https:\/\/b2b.mvgd.pl\/index.php\/produkt\/harsanyi-tokaj-eye-2023-075l-115\/#primaryimage\"},\"image\":{\"@id\":\"https:\/\/b2b.mvgd.pl\/index.php\/produkt\/harsanyi-tokaj-eye-2023-075l-115\/#primaryimage\"},\"thumbnailUrl\":\"https:\/\/b2b.mvgd.pl\/wp-content\/uploads\/2026\/02\/HARSANYI-Tokaj-Eye-2023-075l-115.png\",\"datePublished\":\"2026-02-16T19:07:54+00:00\",\"dateModified\":\"2026-02-16T19:09:32+00:00\",\"breadcrumb\":{\"@id\":\"https:\/\/b2b.mvgd.pl\/index.php\/produkt\/harsanyi-tokaj-eye-2023-075l-115\/#breadcrumb\"},\"inLanguage\":\"pl-PL\",\"potentialAction\":[{\"@type\":\"ReadAction\",\"target\":[\"https:\/\/b2b.mvgd.pl\/index.php\/produkt\/harsanyi-tokaj-eye-2023-075l-115\/\"]}]},{\"@type\":\"ImageObject\",\"inLanguage\":\"pl-PL\",\"@id\":\"https:\/\/b2b.mvgd.pl\/index.php\/produkt\/harsanyi-tokaj-eye-2023-075l-115\/#primaryimage\",\"url\":\"https:\/\/b2b.mvgd.pl\/wp-content\/uploads\/2026\/02\/HARSANYI-Tokaj-Eye-2023-075l-115.png\",\"contentUrl\":\"https:\/\/b2b.mvgd.pl\/wp-content\/uploads\/2026\/02\/HARSANYI-Tokaj-Eye-2023-075l-115.png\",\"width\":900,\"height\":1200},{\"@type\":\"BreadcrumbList\",\"@id\":\"https:\/\/b2b.mvgd.pl\/index.php\/produkt\/harsanyi-tokaj-eye-2023-075l-115\/#breadcrumb\",\"itemListElement\":[{\"@type\":\"ListItem\",\"position\":1,\"name\":\"Strona g\u0142\u00f3wna\",\"item\":\"https:\/\/b2b.mvgd.pl\/\"},{\"@type\":\"ListItem\",\"position\":2,\"name\":\"Shop\",\"item\":\"https:\/\/b2b.mvgd.pl\/index.php\/shop\/\"},{\"@type\":\"ListItem\",\"position\":3,\"name\":\"HARS\u00c1NYI Tokaj Eye 2023 0,75l 11,5%\"}]},{\"@type\":\"WebSite\",\"@id\":\"https:\/\/b2b.mvgd.pl\/#website\",\"url\":\"https:\/\/b2b.mvgd.pl\/\",\"name\":\"B2B MVGD PL\",\"description\":\"\",\"potentialAction\":[{\"@type\":\"SearchAction\",\"target\":{\"@type\":\"EntryPoint\",\"urlTemplate\":\"https:\/\/b2b.mvgd.pl\/?s={search_term_string}\"},\"query-input\":{\"@type\":\"PropertyValueSpecification\",\"valueRequired\":true,\"valueName\":\"search_term_string\"}}],\"inLanguage\":\"pl-PL\"}]}<\/script>\n<!-- \/ Yoast SEO plugin. -->","yoast_head_json":{"title":"HARS\u00c1NYI Tokaj Eye 2023 0,75l 11,5% - B2B MVGD PL","robots":{"index":"index","follow":"follow","max-snippet":"max-snippet:-1","max-image-preview":"max-image-preview:large","max-video-preview":"max-video-preview:-1"},"canonical":"https:\/\/b2b.mvgd.pl\/index.php\/produkt\/harsanyi-tokaj-eye-2023-075l-115\/","og_locale":"pl_PL","og_type":"article","og_title":"HARS\u00c1NYI Tokaj Eye 2023 0,75l 11,5% - B2B MVGD PL","og_description":"Zawiera wszystkie trzy g\u0142\u00f3wne odmiany winogron, kt\u00f3re rozs\u0142awi\u0142y nazw\u0119 Tokaj. Wino to charakteryzuje si\u0119 \u015bwie\u017c\u0105 i soczyst\u0105 mineralno\u015bci\u0105 odmiany Furmint, nutami brzoskwini, nektarynki i jab\u0142ka odmiany H\u00e1rslevel\u0171 oraz aromatem kwiat\u00f3w odmiany Muscat.","og_url":"https:\/\/b2b.mvgd.pl\/index.php\/produkt\/harsanyi-tokaj-eye-2023-075l-115\/","og_site_name":"B2B MVGD PL","article_modified_time":"2026-02-16T19:09:32+00:00","twitter_card":"summary_large_image","schema":{"@context":"https:\/\/schema.org","@graph":[{"@type":"WebPage","@id":"https:\/\/b2b.mvgd.pl\/index.php\/produkt\/harsanyi-tokaj-eye-2023-075l-115\/","url":"https:\/\/b2b.mvgd.pl\/index.php\/produkt\/harsanyi-tokaj-eye-2023-075l-115\/","name":"HARS\u00c1NYI Tokaj Eye 2023 0,75l 11,5% - B2B MVGD PL","isPartOf":{"@id":"https:\/\/b2b.mvgd.pl\/#website"},"primaryImageOfPage":{"@id":"https:\/\/b2b.mvgd.pl\/index.php\/produkt\/harsanyi-tokaj-eye-2023-075l-115\/#primaryimage"},"image":{"@id":"https:\/\/b2b.mvgd.pl\/index.php\/produkt\/harsanyi-tokaj-eye-2023-075l-115\/#primaryimage"},"thumbnailUrl":"https:\/\/b2b.mvgd.pl\/wp-content\/uploads\/2026\/02\/HARSANYI-Tokaj-Eye-2023-075l-115.png","datePublished":"2026-02-16T19:07:54+00:00","dateModified":"2026-02-16T19:09:32+00:00","breadcrumb":{"@id":"https:\/\/b2b.mvgd.pl\/index.php\/produkt\/harsanyi-tokaj-eye-2023-075l-115\/#breadcrumb"},"inLanguage":"pl-PL","potentialAction":[{"@type":"ReadAction","target":["https:\/\/b2b.mvgd.pl\/index.php\/produkt\/harsanyi-tokaj-eye-2023-075l-115\/"]}]},{"@type":"ImageObject","inLanguage":"pl-PL","@id":"https:\/\/b2b.mvgd.pl\/index.php\/produkt\/harsanyi-tokaj-eye-2023-075l-115\/#primaryimage","url":"https:\/\/b2b.mvgd.pl\/wp-content\/uploads\/2026\/02\/HARSANYI-Tokaj-Eye-2023-075l-115.png","contentUrl":"https:\/\/b2b.mvgd.pl\/wp-content\/uploads\/2026\/02\/HARSANYI-Tokaj-Eye-2023-075l-115.png","width":900,"height":1200},{"@type":"BreadcrumbList","@id":"https:\/\/b2b.mvgd.pl\/index.php\/produkt\/harsanyi-tokaj-eye-2023-075l-115\/#breadcrumb","itemListElement":[{"@type":"ListItem","position":1,"name":"Strona g\u0142\u00f3wna","item":"https:\/\/b2b.mvgd.pl\/"},{"@type":"ListItem","position":2,"name":"Shop","item":"https:\/\/b2b.mvgd.pl\/index.php\/shop\/"},{"@type":"ListItem","position":3,"name":"HARS\u00c1NYI Tokaj Eye 2023 0,75l 11,5%"}]},{"@type":"WebSite","@id":"https:\/\/b2b.mvgd.pl\/#website","url":"https:\/\/b2b.mvgd.pl\/","name":"B2B MVGD PL","description":"","potentialAction":[{"@type":"SearchAction","target":{"@type":"EntryPoint","urlTemplate":"https:\/\/b2b.mvgd.pl\/?s={search_term_string}"},"query-input":{"@type":"PropertyValueSpecification","valueRequired":true,"valueName":"search_term_string"}}],"inLanguage":"pl-PL"}]}},"jetpack_sharing_enabled":true,"_links":{"self":[{"href":"https:\/\/b2b.mvgd.pl\/index.php\/wp-json\/wp\/v2\/product\/1247","targetHints":{"allow":["GET"]}}],"collection":[{"href":"https:\/\/b2b.mvgd.pl\/index.php\/wp-json\/wp\/v2\/product"}],"about":[{"href":"https:\/\/b2b.mvgd.pl\/index.php\/wp-json\/wp\/v2\/types\/product"}],"replies":[{"embeddable":true,"href":"https:\/\/b2b.mvgd.pl\/index.php\/wp-json\/wp\/v2\/comments?post=1247"}],"version-history":[{"count":0,"href":"https:\/\/b2b.mvgd.pl\/index.php\/wp-json\/wp\/v2\/product\/1247\/revisions"}],"wp:featuredmedia":[{"embeddable":true,"href":"https:\/\/b2b.mvgd.pl\/index.php\/wp-json\/wp\/v2\/media\/1302"}],"wp:attachment":[{"href":"https:\/\/b2b.mvgd.pl\/index.php\/wp-json\/wp\/v2\/media?parent=1247"}],"wp:term":[{"taxonomy":"product_brand","embeddable":true,"href":"https:\/\/b2b.mvgd.pl\/index.php\/wp-json\/wp\/v2\/product_brand?post=1247"},{"taxonomy":"product_cat","embeddable":true,"href":"https:\/\/b2b.mvgd.pl\/index.php\/wp-json\/wp\/v2\/product_cat?post=1247"},{"taxonomy":"product_tag","embeddable":true,"href":"https:\/\/b2b.mvgd.pl\/index.php\/wp-json\/wp\/v2\/product_tag?post=1247"}],"curies":[{"name":"wp","href":"https:\/\/api.w.org\/{rel}","templated":true}]}}