{"id":1235,"date":"2026-02-16T19:07:30","date_gmt":"2026-02-16T19:07:30","guid":{"rendered":"https:\/\/b2b.mvgd.pl\/?post_type=product&#038;p=1235"},"modified":"2026-02-16T19:09:12","modified_gmt":"2026-02-16T19:09:12","slug":"framingham-classic-riesling-075-12","status":"publish","type":"product","link":"https:\/\/b2b.mvgd.pl\/index.php\/produkt\/framingham-classic-riesling-075-12\/","title":{"rendered":"FRAMINGHAM Classic Riesling 0,75 12%"},"content":{"rendered":"<p>Owoce pochodz\u0105 ze wszystkich czterech cz\u0119\u015bci posiad\u0142o\u015bci. Ka\u017cda partia zosta\u0142a zebrana r\u0119cznie i t\u0142oczona w ca\u0142o\u015bci. Soki fermentowa\u0142y g\u0142\u00f3wnie w zbiornikach ze stali nierdzewnej, a niewielka cz\u0119\u015b\u0107 fermentowa\u0142a i dojrzewa\u0142a w beczkach z drewna akacjowego. Wszystkie sk\u0142adniki le\u017cakowa\u0142y na pe\u0142nych osadach fermentacyjnych bez dodatku S02 przez oko\u0142o 5 miesi\u0119cy, a nast\u0119pnie zosta\u0142y zmieszane i zabutelkowane.Nuty aromatyczne to mandarynka, mokry kamie\u0144 i wosk pszczeli. \u017bywe, intensywne i wyraziste podniebienie z nutami pomara\u0144czy i owoc\u00f3w pestkowych, po\u0142\u0105czone soczyst\u0105 kwasowo\u015bci\u0105 i eleganck\u0105 tekstur\u0105.<\/p>\n","protected":false},"excerpt":{"rendered":"<p>Framingham Classic Riesling to bogate, pe\u0142ne wino (w stylu Statlese halbtrocken) o dojrza\u0142ych \u017c\u00f3\u0142to-pomara\u0144czowych nutach cytrusowych i soczystej kwasowo\u015bci.<\/p>\n","protected":false},"featured_media":1286,"comment_status":"open","ping_status":"closed","template":"","meta":[],"product_brand":[1492],"product_cat":[1221,18],"product_tag":[757,1490,1273,1428,577,321],"class_list":{"0":"post-1235","1":"product","2":"type-product","3":"status-publish","4":"has-post-thumbnail","6":"product_brand-framingham","7":"product_cat-nowa-zelandia","8":"product_cat-wina","9":"product_tag-biale","10":"product_tag-framingham","11":"product_tag-nowa-zelandia","12":"product_tag-riesling","13":"product_tag-wino-biale","14":"product_tag-wytrawne","16":"first","17":"instock","18":"shipping-taxable","19":"purchasable","20":"product-type-simple"},"yoast_head":"<!-- This site is optimized with the Yoast SEO plugin v26.9 - https:\/\/yoast.com\/product\/yoast-seo-wordpress\/ -->\n<title>FRAMINGHAM Classic Riesling 0,75 12% - B2B MVGD PL<\/title>\n<meta name=\"robots\" content=\"index, follow, max-snippet:-1, max-image-preview:large, max-video-preview:-1\" \/>\n<link rel=\"canonical\" href=\"https:\/\/b2b.mvgd.pl\/index.php\/produkt\/framingham-classic-riesling-075-12\/\" \/>\n<meta property=\"og:locale\" content=\"pl_PL\" \/>\n<meta property=\"og:type\" content=\"article\" \/>\n<meta property=\"og:title\" content=\"FRAMINGHAM Classic Riesling 0,75 12% - B2B MVGD PL\" \/>\n<meta property=\"og:description\" content=\"Framingham Classic Riesling to bogate, pe\u0142ne wino (w stylu Statlese halbtrocken) o dojrza\u0142ych \u017c\u00f3\u0142to-pomara\u0144czowych nutach cytrusowych i soczystej kwasowo\u015bci.\" \/>\n<meta property=\"og:url\" content=\"https:\/\/b2b.mvgd.pl\/index.php\/produkt\/framingham-classic-riesling-075-12\/\" \/>\n<meta property=\"og:site_name\" content=\"B2B MVGD PL\" \/>\n<meta property=\"article:modified_time\" content=\"2026-02-16T19:09:12+00:00\" \/>\n<meta name=\"twitter:card\" content=\"summary_large_image\" \/>\n<meta name=\"twitter:label1\" content=\"Szacowany czas czytania\" \/>\n\t<meta name=\"twitter:data1\" content=\"1 minuta\" \/>\n<script type=\"application\/ld+json\" class=\"yoast-schema-graph\">{\"@context\":\"https:\/\/schema.org\",\"@graph\":[{\"@type\":\"WebPage\",\"@id\":\"https:\/\/b2b.mvgd.pl\/index.php\/produkt\/framingham-classic-riesling-075-12\/\",\"url\":\"https:\/\/b2b.mvgd.pl\/index.php\/produkt\/framingham-classic-riesling-075-12\/\",\"name\":\"FRAMINGHAM Classic Riesling 0,75 12% - B2B MVGD PL\",\"isPartOf\":{\"@id\":\"https:\/\/b2b.mvgd.pl\/#website\"},\"primaryImageOfPage\":{\"@id\":\"https:\/\/b2b.mvgd.pl\/index.php\/produkt\/framingham-classic-riesling-075-12\/#primaryimage\"},\"image\":{\"@id\":\"https:\/\/b2b.mvgd.pl\/index.php\/produkt\/framingham-classic-riesling-075-12\/#primaryimage\"},\"thumbnailUrl\":\"https:\/\/b2b.mvgd.pl\/wp-content\/uploads\/2026\/02\/FRAMINGHAM-Classic-Riesling-075-12.png\",\"datePublished\":\"2026-02-16T19:07:30+00:00\",\"dateModified\":\"2026-02-16T19:09:12+00:00\",\"breadcrumb\":{\"@id\":\"https:\/\/b2b.mvgd.pl\/index.php\/produkt\/framingham-classic-riesling-075-12\/#breadcrumb\"},\"inLanguage\":\"pl-PL\",\"potentialAction\":[{\"@type\":\"ReadAction\",\"target\":[\"https:\/\/b2b.mvgd.pl\/index.php\/produkt\/framingham-classic-riesling-075-12\/\"]}]},{\"@type\":\"ImageObject\",\"inLanguage\":\"pl-PL\",\"@id\":\"https:\/\/b2b.mvgd.pl\/index.php\/produkt\/framingham-classic-riesling-075-12\/#primaryimage\",\"url\":\"https:\/\/b2b.mvgd.pl\/wp-content\/uploads\/2026\/02\/FRAMINGHAM-Classic-Riesling-075-12.png\",\"contentUrl\":\"https:\/\/b2b.mvgd.pl\/wp-content\/uploads\/2026\/02\/FRAMINGHAM-Classic-Riesling-075-12.png\",\"width\":900,\"height\":1200},{\"@type\":\"BreadcrumbList\",\"@id\":\"https:\/\/b2b.mvgd.pl\/index.php\/produkt\/framingham-classic-riesling-075-12\/#breadcrumb\",\"itemListElement\":[{\"@type\":\"ListItem\",\"position\":1,\"name\":\"Strona g\u0142\u00f3wna\",\"item\":\"https:\/\/b2b.mvgd.pl\/\"},{\"@type\":\"ListItem\",\"position\":2,\"name\":\"Shop\",\"item\":\"https:\/\/b2b.mvgd.pl\/index.php\/shop\/\"},{\"@type\":\"ListItem\",\"position\":3,\"name\":\"FRAMINGHAM Classic Riesling 0,75 12%\"}]},{\"@type\":\"WebSite\",\"@id\":\"https:\/\/b2b.mvgd.pl\/#website\",\"url\":\"https:\/\/b2b.mvgd.pl\/\",\"name\":\"B2B MVGD PL\",\"description\":\"\",\"potentialAction\":[{\"@type\":\"SearchAction\",\"target\":{\"@type\":\"EntryPoint\",\"urlTemplate\":\"https:\/\/b2b.mvgd.pl\/?s={search_term_string}\"},\"query-input\":{\"@type\":\"PropertyValueSpecification\",\"valueRequired\":true,\"valueName\":\"search_term_string\"}}],\"inLanguage\":\"pl-PL\"}]}<\/script>\n<!-- \/ Yoast SEO plugin. -->","yoast_head_json":{"title":"FRAMINGHAM Classic Riesling 0,75 12% - B2B MVGD PL","robots":{"index":"index","follow":"follow","max-snippet":"max-snippet:-1","max-image-preview":"max-image-preview:large","max-video-preview":"max-video-preview:-1"},"canonical":"https:\/\/b2b.mvgd.pl\/index.php\/produkt\/framingham-classic-riesling-075-12\/","og_locale":"pl_PL","og_type":"article","og_title":"FRAMINGHAM Classic Riesling 0,75 12% - B2B MVGD PL","og_description":"Framingham Classic Riesling to bogate, pe\u0142ne wino (w stylu Statlese halbtrocken) o dojrza\u0142ych \u017c\u00f3\u0142to-pomara\u0144czowych nutach cytrusowych i soczystej kwasowo\u015bci.","og_url":"https:\/\/b2b.mvgd.pl\/index.php\/produkt\/framingham-classic-riesling-075-12\/","og_site_name":"B2B MVGD PL","article_modified_time":"2026-02-16T19:09:12+00:00","twitter_card":"summary_large_image","twitter_misc":{"Szacowany czas czytania":"1 minuta"},"schema":{"@context":"https:\/\/schema.org","@graph":[{"@type":"WebPage","@id":"https:\/\/b2b.mvgd.pl\/index.php\/produkt\/framingham-classic-riesling-075-12\/","url":"https:\/\/b2b.mvgd.pl\/index.php\/produkt\/framingham-classic-riesling-075-12\/","name":"FRAMINGHAM Classic Riesling 0,75 12% - B2B MVGD PL","isPartOf":{"@id":"https:\/\/b2b.mvgd.pl\/#website"},"primaryImageOfPage":{"@id":"https:\/\/b2b.mvgd.pl\/index.php\/produkt\/framingham-classic-riesling-075-12\/#primaryimage"},"image":{"@id":"https:\/\/b2b.mvgd.pl\/index.php\/produkt\/framingham-classic-riesling-075-12\/#primaryimage"},"thumbnailUrl":"https:\/\/b2b.mvgd.pl\/wp-content\/uploads\/2026\/02\/FRAMINGHAM-Classic-Riesling-075-12.png","datePublished":"2026-02-16T19:07:30+00:00","dateModified":"2026-02-16T19:09:12+00:00","breadcrumb":{"@id":"https:\/\/b2b.mvgd.pl\/index.php\/produkt\/framingham-classic-riesling-075-12\/#breadcrumb"},"inLanguage":"pl-PL","potentialAction":[{"@type":"ReadAction","target":["https:\/\/b2b.mvgd.pl\/index.php\/produkt\/framingham-classic-riesling-075-12\/"]}]},{"@type":"ImageObject","inLanguage":"pl-PL","@id":"https:\/\/b2b.mvgd.pl\/index.php\/produkt\/framingham-classic-riesling-075-12\/#primaryimage","url":"https:\/\/b2b.mvgd.pl\/wp-content\/uploads\/2026\/02\/FRAMINGHAM-Classic-Riesling-075-12.png","contentUrl":"https:\/\/b2b.mvgd.pl\/wp-content\/uploads\/2026\/02\/FRAMINGHAM-Classic-Riesling-075-12.png","width":900,"height":1200},{"@type":"BreadcrumbList","@id":"https:\/\/b2b.mvgd.pl\/index.php\/produkt\/framingham-classic-riesling-075-12\/#breadcrumb","itemListElement":[{"@type":"ListItem","position":1,"name":"Strona g\u0142\u00f3wna","item":"https:\/\/b2b.mvgd.pl\/"},{"@type":"ListItem","position":2,"name":"Shop","item":"https:\/\/b2b.mvgd.pl\/index.php\/shop\/"},{"@type":"ListItem","position":3,"name":"FRAMINGHAM Classic Riesling 0,75 12%"}]},{"@type":"WebSite","@id":"https:\/\/b2b.mvgd.pl\/#website","url":"https:\/\/b2b.mvgd.pl\/","name":"B2B MVGD PL","description":"","potentialAction":[{"@type":"SearchAction","target":{"@type":"EntryPoint","urlTemplate":"https:\/\/b2b.mvgd.pl\/?s={search_term_string}"},"query-input":{"@type":"PropertyValueSpecification","valueRequired":true,"valueName":"search_term_string"}}],"inLanguage":"pl-PL"}]}},"jetpack_sharing_enabled":true,"_links":{"self":[{"href":"https:\/\/b2b.mvgd.pl\/index.php\/wp-json\/wp\/v2\/product\/1235","targetHints":{"allow":["GET"]}}],"collection":[{"href":"https:\/\/b2b.mvgd.pl\/index.php\/wp-json\/wp\/v2\/product"}],"about":[{"href":"https:\/\/b2b.mvgd.pl\/index.php\/wp-json\/wp\/v2\/types\/product"}],"replies":[{"embeddable":true,"href":"https:\/\/b2b.mvgd.pl\/index.php\/wp-json\/wp\/v2\/comments?post=1235"}],"version-history":[{"count":0,"href":"https:\/\/b2b.mvgd.pl\/index.php\/wp-json\/wp\/v2\/product\/1235\/revisions"}],"wp:featuredmedia":[{"embeddable":true,"href":"https:\/\/b2b.mvgd.pl\/index.php\/wp-json\/wp\/v2\/media\/1286"}],"wp:attachment":[{"href":"https:\/\/b2b.mvgd.pl\/index.php\/wp-json\/wp\/v2\/media?parent=1235"}],"wp:term":[{"taxonomy":"product_brand","embeddable":true,"href":"https:\/\/b2b.mvgd.pl\/index.php\/wp-json\/wp\/v2\/product_brand?post=1235"},{"taxonomy":"product_cat","embeddable":true,"href":"https:\/\/b2b.mvgd.pl\/index.php\/wp-json\/wp\/v2\/product_cat?post=1235"},{"taxonomy":"product_tag","embeddable":true,"href":"https:\/\/b2b.mvgd.pl\/index.php\/wp-json\/wp\/v2\/product_tag?post=1235"}],"curies":[{"name":"wp","href":"https:\/\/api.w.org\/{rel}","templated":true}]}}