{"id":1211,"date":"2026-02-16T19:06:38","date_gmt":"2026-02-16T19:06:38","guid":{"rendered":"https:\/\/b2b.mvgd.pl\/?post_type=product&#038;p=1211"},"modified":"2026-02-16T19:08:30","modified_gmt":"2026-02-16T19:08:30","slug":"casa-ferreirinha-vinha-grande-touriga-nacional-rose-075","status":"publish","type":"product","link":"https:\/\/b2b.mvgd.pl\/index.php\/produkt\/casa-ferreirinha-vinha-grande-touriga-nacional-rose-075\/","title":{"rendered":"CASA FERREIRINHA Vinha grande touriga nacional rose 0,75"},"content":{"rendered":"<p>Serwowanie: Ryby, Owoce morza, sa\u0142atki, warzywa. Temperatura podania: 16 &#8211; 18 \u00b0C;<\/p>\n<p>Szczep: Touriga Nacional<\/p>\n","protected":false},"excerpt":{"rendered":"<p>Vinha\u202fGrande Ros\u00e9 cechuje si\u0119 po\u0142\u0105czeniem intensywnego aromatu i wyra\u017anej kwasowo\u015bci, co nadaje mu wyj\u0105tkow\u0105 elegancj\u0119. W pe\u0142ni ukazuje potencja\u0142 regionu Douro w produkcji wysokiej klasy win r\u00f3\u017cowych. Jasnor\u00f3\u017cowy kolor. W aromacie: intensywne nuty czerwonych owoc\u00f3w \u2013 truskawki i wi\u015bni \u2013 oraz akcenty kwiatowe: fio\u0142ek i dzika r\u00f3\u017ca. W ustach \u2013 \u017cywa i orze\u017awiaj\u0105ca kwasowo\u015b\u0107, z dominuj\u0105c\u0105 owocowo\u015bci\u0105, zw\u0142aszcza truskawkow\u0105. Finisz d\u0142ugi i harmonijny.<\/p>\n","protected":false},"featured_media":1266,"comment_status":"open","ping_status":"closed","template":"","meta":[],"product_brand":[],"product_cat":[22,21,18],"product_tag":[574,548,575,959,320],"class_list":{"0":"post-1211","1":"product","2":"type-product","3":"status-publish","4":"has-post-thumbnail","6":"product_cat-douro","7":"product_cat-portugalia","8":"product_cat-wina","9":"product_tag-casa-ferrerinha","10":"product_tag-douro","11":"product_tag-douro-doc","12":"product_tag-rozowe","13":"product_tag-wino","15":"first","16":"instock","17":"shipping-taxable","18":"purchasable","19":"product-type-simple"},"yoast_head":"<!-- This site is optimized with the Yoast SEO plugin v26.9 - https:\/\/yoast.com\/product\/yoast-seo-wordpress\/ -->\n<title>CASA FERREIRINHA Vinha grande touriga nacional rose 0,75 - B2B MVGD PL<\/title>\n<meta name=\"robots\" content=\"index, follow, max-snippet:-1, max-image-preview:large, max-video-preview:-1\" \/>\n<link rel=\"canonical\" href=\"https:\/\/b2b.mvgd.pl\/index.php\/produkt\/casa-ferreirinha-vinha-grande-touriga-nacional-rose-075\/\" \/>\n<meta property=\"og:locale\" content=\"pl_PL\" \/>\n<meta property=\"og:type\" content=\"article\" \/>\n<meta property=\"og:title\" content=\"CASA FERREIRINHA Vinha grande touriga nacional rose 0,75 - B2B MVGD PL\" \/>\n<meta property=\"og:description\" content=\"Vinha\u202fGrande Ros\u00e9 cechuje si\u0119 po\u0142\u0105czeniem intensywnego aromatu i wyra\u017anej kwasowo\u015bci, co nadaje mu wyj\u0105tkow\u0105 elegancj\u0119. W pe\u0142ni ukazuje potencja\u0142 regionu Douro w produkcji wysokiej klasy win r\u00f3\u017cowych. Jasnor\u00f3\u017cowy kolor. W aromacie: intensywne nuty czerwonych owoc\u00f3w \u2013 truskawki i wi\u015bni \u2013 oraz akcenty kwiatowe: fio\u0142ek i dzika r\u00f3\u017ca. W ustach \u2013 \u017cywa i orze\u017awiaj\u0105ca kwasowo\u015b\u0107, z dominuj\u0105c\u0105 owocowo\u015bci\u0105, zw\u0142aszcza truskawkow\u0105. Finisz d\u0142ugi i harmonijny.\" \/>\n<meta property=\"og:url\" content=\"https:\/\/b2b.mvgd.pl\/index.php\/produkt\/casa-ferreirinha-vinha-grande-touriga-nacional-rose-075\/\" \/>\n<meta property=\"og:site_name\" content=\"B2B MVGD PL\" \/>\n<meta property=\"article:modified_time\" content=\"2026-02-16T19:08:30+00:00\" \/>\n<meta name=\"twitter:card\" content=\"summary_large_image\" \/>\n<script type=\"application\/ld+json\" class=\"yoast-schema-graph\">{\"@context\":\"https:\/\/schema.org\",\"@graph\":[{\"@type\":\"WebPage\",\"@id\":\"https:\/\/b2b.mvgd.pl\/index.php\/produkt\/casa-ferreirinha-vinha-grande-touriga-nacional-rose-075\/\",\"url\":\"https:\/\/b2b.mvgd.pl\/index.php\/produkt\/casa-ferreirinha-vinha-grande-touriga-nacional-rose-075\/\",\"name\":\"CASA FERREIRINHA Vinha grande touriga nacional rose 0,75 - B2B MVGD PL\",\"isPartOf\":{\"@id\":\"https:\/\/b2b.mvgd.pl\/#website\"},\"primaryImageOfPage\":{\"@id\":\"https:\/\/b2b.mvgd.pl\/index.php\/produkt\/casa-ferreirinha-vinha-grande-touriga-nacional-rose-075\/#primaryimage\"},\"image\":{\"@id\":\"https:\/\/b2b.mvgd.pl\/index.php\/produkt\/casa-ferreirinha-vinha-grande-touriga-nacional-rose-075\/#primaryimage\"},\"thumbnailUrl\":\"https:\/\/b2b.mvgd.pl\/wp-content\/uploads\/2026\/02\/CASA-FERREIRINHA-Papa-figos-branco-075l-2.png\",\"datePublished\":\"2026-02-16T19:06:38+00:00\",\"dateModified\":\"2026-02-16T19:08:30+00:00\",\"breadcrumb\":{\"@id\":\"https:\/\/b2b.mvgd.pl\/index.php\/produkt\/casa-ferreirinha-vinha-grande-touriga-nacional-rose-075\/#breadcrumb\"},\"inLanguage\":\"pl-PL\",\"potentialAction\":[{\"@type\":\"ReadAction\",\"target\":[\"https:\/\/b2b.mvgd.pl\/index.php\/produkt\/casa-ferreirinha-vinha-grande-touriga-nacional-rose-075\/\"]}]},{\"@type\":\"ImageObject\",\"inLanguage\":\"pl-PL\",\"@id\":\"https:\/\/b2b.mvgd.pl\/index.php\/produkt\/casa-ferreirinha-vinha-grande-touriga-nacional-rose-075\/#primaryimage\",\"url\":\"https:\/\/b2b.mvgd.pl\/wp-content\/uploads\/2026\/02\/CASA-FERREIRINHA-Papa-figos-branco-075l-2.png\",\"contentUrl\":\"https:\/\/b2b.mvgd.pl\/wp-content\/uploads\/2026\/02\/CASA-FERREIRINHA-Papa-figos-branco-075l-2.png\",\"width\":900,\"height\":1200},{\"@type\":\"BreadcrumbList\",\"@id\":\"https:\/\/b2b.mvgd.pl\/index.php\/produkt\/casa-ferreirinha-vinha-grande-touriga-nacional-rose-075\/#breadcrumb\",\"itemListElement\":[{\"@type\":\"ListItem\",\"position\":1,\"name\":\"Strona g\u0142\u00f3wna\",\"item\":\"https:\/\/b2b.mvgd.pl\/\"},{\"@type\":\"ListItem\",\"position\":2,\"name\":\"Shop\",\"item\":\"https:\/\/b2b.mvgd.pl\/index.php\/shop\/\"},{\"@type\":\"ListItem\",\"position\":3,\"name\":\"CASA FERREIRINHA Vinha grande touriga nacional rose 0,75\"}]},{\"@type\":\"WebSite\",\"@id\":\"https:\/\/b2b.mvgd.pl\/#website\",\"url\":\"https:\/\/b2b.mvgd.pl\/\",\"name\":\"B2B MVGD PL\",\"description\":\"\",\"potentialAction\":[{\"@type\":\"SearchAction\",\"target\":{\"@type\":\"EntryPoint\",\"urlTemplate\":\"https:\/\/b2b.mvgd.pl\/?s={search_term_string}\"},\"query-input\":{\"@type\":\"PropertyValueSpecification\",\"valueRequired\":true,\"valueName\":\"search_term_string\"}}],\"inLanguage\":\"pl-PL\"}]}<\/script>\n<!-- \/ Yoast SEO plugin. -->","yoast_head_json":{"title":"CASA FERREIRINHA Vinha grande touriga nacional rose 0,75 - B2B MVGD PL","robots":{"index":"index","follow":"follow","max-snippet":"max-snippet:-1","max-image-preview":"max-image-preview:large","max-video-preview":"max-video-preview:-1"},"canonical":"https:\/\/b2b.mvgd.pl\/index.php\/produkt\/casa-ferreirinha-vinha-grande-touriga-nacional-rose-075\/","og_locale":"pl_PL","og_type":"article","og_title":"CASA FERREIRINHA Vinha grande touriga nacional rose 0,75 - B2B MVGD PL","og_description":"Vinha\u202fGrande Ros\u00e9 cechuje si\u0119 po\u0142\u0105czeniem intensywnego aromatu i wyra\u017anej kwasowo\u015bci, co nadaje mu wyj\u0105tkow\u0105 elegancj\u0119. W pe\u0142ni ukazuje potencja\u0142 regionu Douro w produkcji wysokiej klasy win r\u00f3\u017cowych. Jasnor\u00f3\u017cowy kolor. W aromacie: intensywne nuty czerwonych owoc\u00f3w \u2013 truskawki i wi\u015bni \u2013 oraz akcenty kwiatowe: fio\u0142ek i dzika r\u00f3\u017ca. W ustach \u2013 \u017cywa i orze\u017awiaj\u0105ca kwasowo\u015b\u0107, z dominuj\u0105c\u0105 owocowo\u015bci\u0105, zw\u0142aszcza truskawkow\u0105. Finisz d\u0142ugi i harmonijny.","og_url":"https:\/\/b2b.mvgd.pl\/index.php\/produkt\/casa-ferreirinha-vinha-grande-touriga-nacional-rose-075\/","og_site_name":"B2B MVGD PL","article_modified_time":"2026-02-16T19:08:30+00:00","twitter_card":"summary_large_image","schema":{"@context":"https:\/\/schema.org","@graph":[{"@type":"WebPage","@id":"https:\/\/b2b.mvgd.pl\/index.php\/produkt\/casa-ferreirinha-vinha-grande-touriga-nacional-rose-075\/","url":"https:\/\/b2b.mvgd.pl\/index.php\/produkt\/casa-ferreirinha-vinha-grande-touriga-nacional-rose-075\/","name":"CASA FERREIRINHA Vinha grande touriga nacional rose 0,75 - B2B MVGD PL","isPartOf":{"@id":"https:\/\/b2b.mvgd.pl\/#website"},"primaryImageOfPage":{"@id":"https:\/\/b2b.mvgd.pl\/index.php\/produkt\/casa-ferreirinha-vinha-grande-touriga-nacional-rose-075\/#primaryimage"},"image":{"@id":"https:\/\/b2b.mvgd.pl\/index.php\/produkt\/casa-ferreirinha-vinha-grande-touriga-nacional-rose-075\/#primaryimage"},"thumbnailUrl":"https:\/\/b2b.mvgd.pl\/wp-content\/uploads\/2026\/02\/CASA-FERREIRINHA-Papa-figos-branco-075l-2.png","datePublished":"2026-02-16T19:06:38+00:00","dateModified":"2026-02-16T19:08:30+00:00","breadcrumb":{"@id":"https:\/\/b2b.mvgd.pl\/index.php\/produkt\/casa-ferreirinha-vinha-grande-touriga-nacional-rose-075\/#breadcrumb"},"inLanguage":"pl-PL","potentialAction":[{"@type":"ReadAction","target":["https:\/\/b2b.mvgd.pl\/index.php\/produkt\/casa-ferreirinha-vinha-grande-touriga-nacional-rose-075\/"]}]},{"@type":"ImageObject","inLanguage":"pl-PL","@id":"https:\/\/b2b.mvgd.pl\/index.php\/produkt\/casa-ferreirinha-vinha-grande-touriga-nacional-rose-075\/#primaryimage","url":"https:\/\/b2b.mvgd.pl\/wp-content\/uploads\/2026\/02\/CASA-FERREIRINHA-Papa-figos-branco-075l-2.png","contentUrl":"https:\/\/b2b.mvgd.pl\/wp-content\/uploads\/2026\/02\/CASA-FERREIRINHA-Papa-figos-branco-075l-2.png","width":900,"height":1200},{"@type":"BreadcrumbList","@id":"https:\/\/b2b.mvgd.pl\/index.php\/produkt\/casa-ferreirinha-vinha-grande-touriga-nacional-rose-075\/#breadcrumb","itemListElement":[{"@type":"ListItem","position":1,"name":"Strona g\u0142\u00f3wna","item":"https:\/\/b2b.mvgd.pl\/"},{"@type":"ListItem","position":2,"name":"Shop","item":"https:\/\/b2b.mvgd.pl\/index.php\/shop\/"},{"@type":"ListItem","position":3,"name":"CASA FERREIRINHA Vinha grande touriga nacional rose 0,75"}]},{"@type":"WebSite","@id":"https:\/\/b2b.mvgd.pl\/#website","url":"https:\/\/b2b.mvgd.pl\/","name":"B2B MVGD PL","description":"","potentialAction":[{"@type":"SearchAction","target":{"@type":"EntryPoint","urlTemplate":"https:\/\/b2b.mvgd.pl\/?s={search_term_string}"},"query-input":{"@type":"PropertyValueSpecification","valueRequired":true,"valueName":"search_term_string"}}],"inLanguage":"pl-PL"}]}},"jetpack_sharing_enabled":true,"_links":{"self":[{"href":"https:\/\/b2b.mvgd.pl\/index.php\/wp-json\/wp\/v2\/product\/1211","targetHints":{"allow":["GET"]}}],"collection":[{"href":"https:\/\/b2b.mvgd.pl\/index.php\/wp-json\/wp\/v2\/product"}],"about":[{"href":"https:\/\/b2b.mvgd.pl\/index.php\/wp-json\/wp\/v2\/types\/product"}],"replies":[{"embeddable":true,"href":"https:\/\/b2b.mvgd.pl\/index.php\/wp-json\/wp\/v2\/comments?post=1211"}],"version-history":[{"count":0,"href":"https:\/\/b2b.mvgd.pl\/index.php\/wp-json\/wp\/v2\/product\/1211\/revisions"}],"wp:featuredmedia":[{"embeddable":true,"href":"https:\/\/b2b.mvgd.pl\/index.php\/wp-json\/wp\/v2\/media\/1266"}],"wp:attachment":[{"href":"https:\/\/b2b.mvgd.pl\/index.php\/wp-json\/wp\/v2\/media?parent=1211"}],"wp:term":[{"taxonomy":"product_brand","embeddable":true,"href":"https:\/\/b2b.mvgd.pl\/index.php\/wp-json\/wp\/v2\/product_brand?post=1211"},{"taxonomy":"product_cat","embeddable":true,"href":"https:\/\/b2b.mvgd.pl\/index.php\/wp-json\/wp\/v2\/product_cat?post=1211"},{"taxonomy":"product_tag","embeddable":true,"href":"https:\/\/b2b.mvgd.pl\/index.php\/wp-json\/wp\/v2\/product_tag?post=1211"}],"curies":[{"name":"wp","href":"https:\/\/api.w.org\/{rel}","templated":true}]}}