{"id":1210,"date":"2026-02-16T19:06:38","date_gmt":"2026-02-16T19:06:38","guid":{"rendered":"https:\/\/b2b.mvgd.pl\/?post_type=product&#038;p=1210"},"modified":"2026-02-16T19:08:26","modified_gmt":"2026-02-16T19:08:26","slug":"casa-ferreirinha-papa-figos-tinto-075l","status":"publish","type":"product","link":"https:\/\/b2b.mvgd.pl\/index.php\/produkt\/casa-ferreirinha-papa-figos-tinto-075l\/","title":{"rendered":"CASA FERREIRINHA Papa figos tinto 0,75l"},"content":{"rendered":"<p>Serwowanie: Doskonale komponuje si\u0119 z daniami mi\u0119snymi, ale jest na tyle uniwersalne, \u017ce mo\u017cna je \u0142\u0105czy\u0107 tak\u017ce z bia\u0142ym mi\u0119sem i pieczonymi rybami. Temperatura podania: 16 &#8211; 18 \u00b0C;<\/p>\n<p>Szczep: 30% Tinta Roriz, 30% Tinta Barroca, 25% Touriga Franca, 15% Touriga Nacional;<\/p>\n","protected":false},"excerpt":{"rendered":"<p>Z\u0142o\u017cone nuty czarnych i czerwonych owoc\u00f3w po\u0142\u0105czone z \u017cywiczno-balsamicznym aromatem, kakao i czekolad\u0105. Dobrze zbalansowane z okr\u0105g\u0142ymi taninami, dobrze zintegrowana kwasowo\u015b\u0107 i d\u0142ugi, do\u015b\u0107 elegancki finisz.<\/p>\n","protected":false},"featured_media":1265,"comment_status":"open","ping_status":"closed","template":"","meta":[],"product_brand":[],"product_cat":[22,21,18],"product_tag":[574,548,575,1456,320,1454],"class_list":{"0":"post-1210","1":"product","2":"type-product","3":"status-publish","4":"has-post-thumbnail","6":"product_cat-douro","7":"product_cat-portugalia","8":"product_cat-wina","9":"product_tag-casa-ferrerinha","10":"product_tag-douro","11":"product_tag-douro-doc","12":"product_tag-papa-figos","13":"product_tag-wino","14":"product_tag-wino-czerwone","16":"first","17":"instock","18":"shipping-taxable","19":"purchasable","20":"product-type-simple"},"yoast_head":"<!-- This site is optimized with the Yoast SEO plugin v26.9 - https:\/\/yoast.com\/product\/yoast-seo-wordpress\/ -->\n<title>CASA FERREIRINHA Papa figos tinto 0,75l - B2B MVGD PL<\/title>\n<meta name=\"robots\" content=\"index, follow, max-snippet:-1, max-image-preview:large, max-video-preview:-1\" \/>\n<link rel=\"canonical\" href=\"https:\/\/b2b.mvgd.pl\/index.php\/produkt\/casa-ferreirinha-papa-figos-tinto-075l\/\" \/>\n<meta property=\"og:locale\" content=\"pl_PL\" \/>\n<meta property=\"og:type\" content=\"article\" \/>\n<meta property=\"og:title\" content=\"CASA FERREIRINHA Papa figos tinto 0,75l - B2B MVGD PL\" \/>\n<meta property=\"og:description\" content=\"Z\u0142o\u017cone nuty czarnych i czerwonych owoc\u00f3w po\u0142\u0105czone z \u017cywiczno-balsamicznym aromatem, kakao i czekolad\u0105. Dobrze zbalansowane z okr\u0105g\u0142ymi taninami, dobrze zintegrowana kwasowo\u015b\u0107 i d\u0142ugi, do\u015b\u0107 elegancki finisz.\" \/>\n<meta property=\"og:url\" content=\"https:\/\/b2b.mvgd.pl\/index.php\/produkt\/casa-ferreirinha-papa-figos-tinto-075l\/\" \/>\n<meta property=\"og:site_name\" content=\"B2B MVGD PL\" \/>\n<meta property=\"article:modified_time\" content=\"2026-02-16T19:08:26+00:00\" \/>\n<meta name=\"twitter:card\" content=\"summary_large_image\" \/>\n<script type=\"application\/ld+json\" class=\"yoast-schema-graph\">{\"@context\":\"https:\/\/schema.org\",\"@graph\":[{\"@type\":\"WebPage\",\"@id\":\"https:\/\/b2b.mvgd.pl\/index.php\/produkt\/casa-ferreirinha-papa-figos-tinto-075l\/\",\"url\":\"https:\/\/b2b.mvgd.pl\/index.php\/produkt\/casa-ferreirinha-papa-figos-tinto-075l\/\",\"name\":\"CASA FERREIRINHA Papa figos tinto 0,75l - B2B MVGD PL\",\"isPartOf\":{\"@id\":\"https:\/\/b2b.mvgd.pl\/#website\"},\"primaryImageOfPage\":{\"@id\":\"https:\/\/b2b.mvgd.pl\/index.php\/produkt\/casa-ferreirinha-papa-figos-tinto-075l\/#primaryimage\"},\"image\":{\"@id\":\"https:\/\/b2b.mvgd.pl\/index.php\/produkt\/casa-ferreirinha-papa-figos-tinto-075l\/#primaryimage\"},\"thumbnailUrl\":\"https:\/\/b2b.mvgd.pl\/wp-content\/uploads\/2026\/02\/CASA-FERREIRINHA-Papa-figos-branco-075l-1.png\",\"datePublished\":\"2026-02-16T19:06:38+00:00\",\"dateModified\":\"2026-02-16T19:08:26+00:00\",\"breadcrumb\":{\"@id\":\"https:\/\/b2b.mvgd.pl\/index.php\/produkt\/casa-ferreirinha-papa-figos-tinto-075l\/#breadcrumb\"},\"inLanguage\":\"pl-PL\",\"potentialAction\":[{\"@type\":\"ReadAction\",\"target\":[\"https:\/\/b2b.mvgd.pl\/index.php\/produkt\/casa-ferreirinha-papa-figos-tinto-075l\/\"]}]},{\"@type\":\"ImageObject\",\"inLanguage\":\"pl-PL\",\"@id\":\"https:\/\/b2b.mvgd.pl\/index.php\/produkt\/casa-ferreirinha-papa-figos-tinto-075l\/#primaryimage\",\"url\":\"https:\/\/b2b.mvgd.pl\/wp-content\/uploads\/2026\/02\/CASA-FERREIRINHA-Papa-figos-branco-075l-1.png\",\"contentUrl\":\"https:\/\/b2b.mvgd.pl\/wp-content\/uploads\/2026\/02\/CASA-FERREIRINHA-Papa-figos-branco-075l-1.png\",\"width\":900,\"height\":1200},{\"@type\":\"BreadcrumbList\",\"@id\":\"https:\/\/b2b.mvgd.pl\/index.php\/produkt\/casa-ferreirinha-papa-figos-tinto-075l\/#breadcrumb\",\"itemListElement\":[{\"@type\":\"ListItem\",\"position\":1,\"name\":\"Strona g\u0142\u00f3wna\",\"item\":\"https:\/\/b2b.mvgd.pl\/\"},{\"@type\":\"ListItem\",\"position\":2,\"name\":\"Shop\",\"item\":\"https:\/\/b2b.mvgd.pl\/index.php\/shop\/\"},{\"@type\":\"ListItem\",\"position\":3,\"name\":\"CASA FERREIRINHA Papa figos tinto 0,75l\"}]},{\"@type\":\"WebSite\",\"@id\":\"https:\/\/b2b.mvgd.pl\/#website\",\"url\":\"https:\/\/b2b.mvgd.pl\/\",\"name\":\"B2B MVGD PL\",\"description\":\"\",\"potentialAction\":[{\"@type\":\"SearchAction\",\"target\":{\"@type\":\"EntryPoint\",\"urlTemplate\":\"https:\/\/b2b.mvgd.pl\/?s={search_term_string}\"},\"query-input\":{\"@type\":\"PropertyValueSpecification\",\"valueRequired\":true,\"valueName\":\"search_term_string\"}}],\"inLanguage\":\"pl-PL\"}]}<\/script>\n<!-- \/ Yoast SEO plugin. -->","yoast_head_json":{"title":"CASA FERREIRINHA Papa figos tinto 0,75l - B2B MVGD PL","robots":{"index":"index","follow":"follow","max-snippet":"max-snippet:-1","max-image-preview":"max-image-preview:large","max-video-preview":"max-video-preview:-1"},"canonical":"https:\/\/b2b.mvgd.pl\/index.php\/produkt\/casa-ferreirinha-papa-figos-tinto-075l\/","og_locale":"pl_PL","og_type":"article","og_title":"CASA FERREIRINHA Papa figos tinto 0,75l - B2B MVGD PL","og_description":"Z\u0142o\u017cone nuty czarnych i czerwonych owoc\u00f3w po\u0142\u0105czone z \u017cywiczno-balsamicznym aromatem, kakao i czekolad\u0105. Dobrze zbalansowane z okr\u0105g\u0142ymi taninami, dobrze zintegrowana kwasowo\u015b\u0107 i d\u0142ugi, do\u015b\u0107 elegancki finisz.","og_url":"https:\/\/b2b.mvgd.pl\/index.php\/produkt\/casa-ferreirinha-papa-figos-tinto-075l\/","og_site_name":"B2B MVGD PL","article_modified_time":"2026-02-16T19:08:26+00:00","twitter_card":"summary_large_image","schema":{"@context":"https:\/\/schema.org","@graph":[{"@type":"WebPage","@id":"https:\/\/b2b.mvgd.pl\/index.php\/produkt\/casa-ferreirinha-papa-figos-tinto-075l\/","url":"https:\/\/b2b.mvgd.pl\/index.php\/produkt\/casa-ferreirinha-papa-figos-tinto-075l\/","name":"CASA FERREIRINHA Papa figos tinto 0,75l - B2B MVGD PL","isPartOf":{"@id":"https:\/\/b2b.mvgd.pl\/#website"},"primaryImageOfPage":{"@id":"https:\/\/b2b.mvgd.pl\/index.php\/produkt\/casa-ferreirinha-papa-figos-tinto-075l\/#primaryimage"},"image":{"@id":"https:\/\/b2b.mvgd.pl\/index.php\/produkt\/casa-ferreirinha-papa-figos-tinto-075l\/#primaryimage"},"thumbnailUrl":"https:\/\/b2b.mvgd.pl\/wp-content\/uploads\/2026\/02\/CASA-FERREIRINHA-Papa-figos-branco-075l-1.png","datePublished":"2026-02-16T19:06:38+00:00","dateModified":"2026-02-16T19:08:26+00:00","breadcrumb":{"@id":"https:\/\/b2b.mvgd.pl\/index.php\/produkt\/casa-ferreirinha-papa-figos-tinto-075l\/#breadcrumb"},"inLanguage":"pl-PL","potentialAction":[{"@type":"ReadAction","target":["https:\/\/b2b.mvgd.pl\/index.php\/produkt\/casa-ferreirinha-papa-figos-tinto-075l\/"]}]},{"@type":"ImageObject","inLanguage":"pl-PL","@id":"https:\/\/b2b.mvgd.pl\/index.php\/produkt\/casa-ferreirinha-papa-figos-tinto-075l\/#primaryimage","url":"https:\/\/b2b.mvgd.pl\/wp-content\/uploads\/2026\/02\/CASA-FERREIRINHA-Papa-figos-branco-075l-1.png","contentUrl":"https:\/\/b2b.mvgd.pl\/wp-content\/uploads\/2026\/02\/CASA-FERREIRINHA-Papa-figos-branco-075l-1.png","width":900,"height":1200},{"@type":"BreadcrumbList","@id":"https:\/\/b2b.mvgd.pl\/index.php\/produkt\/casa-ferreirinha-papa-figos-tinto-075l\/#breadcrumb","itemListElement":[{"@type":"ListItem","position":1,"name":"Strona g\u0142\u00f3wna","item":"https:\/\/b2b.mvgd.pl\/"},{"@type":"ListItem","position":2,"name":"Shop","item":"https:\/\/b2b.mvgd.pl\/index.php\/shop\/"},{"@type":"ListItem","position":3,"name":"CASA FERREIRINHA Papa figos tinto 0,75l"}]},{"@type":"WebSite","@id":"https:\/\/b2b.mvgd.pl\/#website","url":"https:\/\/b2b.mvgd.pl\/","name":"B2B MVGD PL","description":"","potentialAction":[{"@type":"SearchAction","target":{"@type":"EntryPoint","urlTemplate":"https:\/\/b2b.mvgd.pl\/?s={search_term_string}"},"query-input":{"@type":"PropertyValueSpecification","valueRequired":true,"valueName":"search_term_string"}}],"inLanguage":"pl-PL"}]}},"jetpack_sharing_enabled":true,"_links":{"self":[{"href":"https:\/\/b2b.mvgd.pl\/index.php\/wp-json\/wp\/v2\/product\/1210","targetHints":{"allow":["GET"]}}],"collection":[{"href":"https:\/\/b2b.mvgd.pl\/index.php\/wp-json\/wp\/v2\/product"}],"about":[{"href":"https:\/\/b2b.mvgd.pl\/index.php\/wp-json\/wp\/v2\/types\/product"}],"replies":[{"embeddable":true,"href":"https:\/\/b2b.mvgd.pl\/index.php\/wp-json\/wp\/v2\/comments?post=1210"}],"version-history":[{"count":0,"href":"https:\/\/b2b.mvgd.pl\/index.php\/wp-json\/wp\/v2\/product\/1210\/revisions"}],"wp:featuredmedia":[{"embeddable":true,"href":"https:\/\/b2b.mvgd.pl\/index.php\/wp-json\/wp\/v2\/media\/1265"}],"wp:attachment":[{"href":"https:\/\/b2b.mvgd.pl\/index.php\/wp-json\/wp\/v2\/media?parent=1210"}],"wp:term":[{"taxonomy":"product_brand","embeddable":true,"href":"https:\/\/b2b.mvgd.pl\/index.php\/wp-json\/wp\/v2\/product_brand?post=1210"},{"taxonomy":"product_cat","embeddable":true,"href":"https:\/\/b2b.mvgd.pl\/index.php\/wp-json\/wp\/v2\/product_cat?post=1210"},{"taxonomy":"product_tag","embeddable":true,"href":"https:\/\/b2b.mvgd.pl\/index.php\/wp-json\/wp\/v2\/product_tag?post=1210"}],"curies":[{"name":"wp","href":"https:\/\/api.w.org\/{rel}","templated":true}]}}