{"id":1185,"date":"2026-02-16T19:06:11","date_gmt":"2026-02-16T19:06:11","guid":{"rendered":"https:\/\/b2b.mvgd.pl\/?post_type=product&#038;p=1185"},"modified":"2026-02-16T19:07:18","modified_gmt":"2026-02-16T19:07:18","slug":"dignitat-cava-brut-nature-075l-115-rt-ex","status":"publish","type":"product","link":"https:\/\/b2b.mvgd.pl\/index.php\/produkt\/dignitat-cava-brut-nature-075l-115-rt-ex\/","title":{"rendered":"DIGNITAT Cava brut nature 0,75l 11,5% RT EX"},"content":{"rendered":"<p>Wino o jasno\u017c\u00f3\u0142tej barwie z drobnym, trwa\u0142ym musowaniem i krystaliczn\u0105 klarowno\u015bci\u0105. W aromacie pojawiaj\u0105 si\u0119 nuty dojrza\u0142ych jab\u0142ek i cytrus\u00f3w, wzbogacone akcentami kwiatowymi oraz subteln\u0105 nut\u0105 tostow\u0105. W ustach wytrawne, \u0142agodne, z rze\u015bk\u0105 kwasowo\u015bci\u0105 i wyra\u017anie owocowym charakterem.<\/p>\n<p>Finisz d\u0142ugi i mi\u0119kki.<\/p>\n<p>Temperatura podawania: 6\u20138 \u00b0C<\/p>\n<p>Szczep: 45% Xarel\u00b7lo, 25% Macabeo, 30% Parellada<\/p>\n<p>Doskona\u0142e jako aperitif, a tak\u017ce do sa\u0142atek, tartinek z kozim serem oraz delikatnych deser\u00f3w.<\/p>\n","protected":false},"excerpt":{"rendered":"<p>Ekologiczna Cava Brut Nature o jasno\u017c\u00f3\u0142tej barwie, drobnym musowaniu i aromatach jab\u0142ek, cytrus\u00f3w oraz delikatnej nuty tostowej. W ustach rze\u015bka, wytrawna i owocowa, z mi\u0119kkim, d\u0142ugim finiszem. Idealna jako aperitif oraz do lekkich sa\u0142atek i tartinek z kozim serem.<\/p>\n","protected":false},"featured_media":1231,"comment_status":"open","ping_status":"closed","template":"","meta":[],"product_brand":[],"product_cat":[275,16],"product_tag":[276],"class_list":{"0":"post-1185","1":"product","2":"type-product","3":"status-publish","4":"has-post-thumbnail","6":"product_cat-hiszpania-wina-musujace","7":"product_cat-wina-musujace","8":"product_tag-metoda-tradycyjna","10":"first","11":"instock","12":"shipping-taxable","13":"purchasable","14":"product-type-simple"},"yoast_head":"<!-- This site is optimized with the Yoast SEO plugin v26.9 - https:\/\/yoast.com\/product\/yoast-seo-wordpress\/ -->\n<title>DIGNITAT Cava brut nature 0,75l 11,5% RT EX - B2B MVGD PL<\/title>\n<meta name=\"robots\" content=\"index, follow, max-snippet:-1, max-image-preview:large, max-video-preview:-1\" \/>\n<link rel=\"canonical\" href=\"https:\/\/b2b.mvgd.pl\/index.php\/produkt\/dignitat-cava-brut-nature-075l-115-rt-ex\/\" \/>\n<meta property=\"og:locale\" content=\"pl_PL\" \/>\n<meta property=\"og:type\" content=\"article\" \/>\n<meta property=\"og:title\" content=\"DIGNITAT Cava brut nature 0,75l 11,5% RT EX - B2B MVGD PL\" \/>\n<meta property=\"og:description\" content=\"Ekologiczna Cava Brut Nature o jasno\u017c\u00f3\u0142tej barwie, drobnym musowaniu i aromatach jab\u0142ek, cytrus\u00f3w oraz delikatnej nuty tostowej. W ustach rze\u015bka, wytrawna i owocowa, z mi\u0119kkim, d\u0142ugim finiszem. Idealna jako aperitif oraz do lekkich sa\u0142atek i tartinek z kozim serem.\" \/>\n<meta property=\"og:url\" content=\"https:\/\/b2b.mvgd.pl\/index.php\/produkt\/dignitat-cava-brut-nature-075l-115-rt-ex\/\" \/>\n<meta property=\"og:site_name\" content=\"B2B MVGD PL\" \/>\n<meta property=\"article:modified_time\" content=\"2026-02-16T19:07:18+00:00\" \/>\n<meta name=\"twitter:card\" content=\"summary_large_image\" \/>\n<script type=\"application\/ld+json\" class=\"yoast-schema-graph\">{\"@context\":\"https:\/\/schema.org\",\"@graph\":[{\"@type\":\"WebPage\",\"@id\":\"https:\/\/b2b.mvgd.pl\/index.php\/produkt\/dignitat-cava-brut-nature-075l-115-rt-ex\/\",\"url\":\"https:\/\/b2b.mvgd.pl\/index.php\/produkt\/dignitat-cava-brut-nature-075l-115-rt-ex\/\",\"name\":\"DIGNITAT Cava brut nature 0,75l 11,5% RT EX - B2B MVGD PL\",\"isPartOf\":{\"@id\":\"https:\/\/b2b.mvgd.pl\/#website\"},\"primaryImageOfPage\":{\"@id\":\"https:\/\/b2b.mvgd.pl\/index.php\/produkt\/dignitat-cava-brut-nature-075l-115-rt-ex\/#primaryimage\"},\"image\":{\"@id\":\"https:\/\/b2b.mvgd.pl\/index.php\/produkt\/dignitat-cava-brut-nature-075l-115-rt-ex\/#primaryimage\"},\"thumbnailUrl\":\"https:\/\/b2b.mvgd.pl\/wp-content\/uploads\/2026\/02\/Dignitat-Organic-Cava-Brut-Nature.png\",\"datePublished\":\"2026-02-16T19:06:11+00:00\",\"dateModified\":\"2026-02-16T19:07:18+00:00\",\"breadcrumb\":{\"@id\":\"https:\/\/b2b.mvgd.pl\/index.php\/produkt\/dignitat-cava-brut-nature-075l-115-rt-ex\/#breadcrumb\"},\"inLanguage\":\"pl-PL\",\"potentialAction\":[{\"@type\":\"ReadAction\",\"target\":[\"https:\/\/b2b.mvgd.pl\/index.php\/produkt\/dignitat-cava-brut-nature-075l-115-rt-ex\/\"]}]},{\"@type\":\"ImageObject\",\"inLanguage\":\"pl-PL\",\"@id\":\"https:\/\/b2b.mvgd.pl\/index.php\/produkt\/dignitat-cava-brut-nature-075l-115-rt-ex\/#primaryimage\",\"url\":\"https:\/\/b2b.mvgd.pl\/wp-content\/uploads\/2026\/02\/Dignitat-Organic-Cava-Brut-Nature.png\",\"contentUrl\":\"https:\/\/b2b.mvgd.pl\/wp-content\/uploads\/2026\/02\/Dignitat-Organic-Cava-Brut-Nature.png\",\"width\":900,\"height\":1200},{\"@type\":\"BreadcrumbList\",\"@id\":\"https:\/\/b2b.mvgd.pl\/index.php\/produkt\/dignitat-cava-brut-nature-075l-115-rt-ex\/#breadcrumb\",\"itemListElement\":[{\"@type\":\"ListItem\",\"position\":1,\"name\":\"Strona g\u0142\u00f3wna\",\"item\":\"https:\/\/b2b.mvgd.pl\/\"},{\"@type\":\"ListItem\",\"position\":2,\"name\":\"Shop\",\"item\":\"https:\/\/b2b.mvgd.pl\/index.php\/shop\/\"},{\"@type\":\"ListItem\",\"position\":3,\"name\":\"DIGNITAT Cava brut nature 0,75l 11,5% RT EX\"}]},{\"@type\":\"WebSite\",\"@id\":\"https:\/\/b2b.mvgd.pl\/#website\",\"url\":\"https:\/\/b2b.mvgd.pl\/\",\"name\":\"B2B MVGD PL\",\"description\":\"\",\"potentialAction\":[{\"@type\":\"SearchAction\",\"target\":{\"@type\":\"EntryPoint\",\"urlTemplate\":\"https:\/\/b2b.mvgd.pl\/?s={search_term_string}\"},\"query-input\":{\"@type\":\"PropertyValueSpecification\",\"valueRequired\":true,\"valueName\":\"search_term_string\"}}],\"inLanguage\":\"pl-PL\"}]}<\/script>\n<!-- \/ Yoast SEO plugin. -->","yoast_head_json":{"title":"DIGNITAT Cava brut nature 0,75l 11,5% RT EX - B2B MVGD PL","robots":{"index":"index","follow":"follow","max-snippet":"max-snippet:-1","max-image-preview":"max-image-preview:large","max-video-preview":"max-video-preview:-1"},"canonical":"https:\/\/b2b.mvgd.pl\/index.php\/produkt\/dignitat-cava-brut-nature-075l-115-rt-ex\/","og_locale":"pl_PL","og_type":"article","og_title":"DIGNITAT Cava brut nature 0,75l 11,5% RT EX - B2B MVGD PL","og_description":"Ekologiczna Cava Brut Nature o jasno\u017c\u00f3\u0142tej barwie, drobnym musowaniu i aromatach jab\u0142ek, cytrus\u00f3w oraz delikatnej nuty tostowej. W ustach rze\u015bka, wytrawna i owocowa, z mi\u0119kkim, d\u0142ugim finiszem. Idealna jako aperitif oraz do lekkich sa\u0142atek i tartinek z kozim serem.","og_url":"https:\/\/b2b.mvgd.pl\/index.php\/produkt\/dignitat-cava-brut-nature-075l-115-rt-ex\/","og_site_name":"B2B MVGD PL","article_modified_time":"2026-02-16T19:07:18+00:00","twitter_card":"summary_large_image","schema":{"@context":"https:\/\/schema.org","@graph":[{"@type":"WebPage","@id":"https:\/\/b2b.mvgd.pl\/index.php\/produkt\/dignitat-cava-brut-nature-075l-115-rt-ex\/","url":"https:\/\/b2b.mvgd.pl\/index.php\/produkt\/dignitat-cava-brut-nature-075l-115-rt-ex\/","name":"DIGNITAT Cava brut nature 0,75l 11,5% RT EX - B2B MVGD PL","isPartOf":{"@id":"https:\/\/b2b.mvgd.pl\/#website"},"primaryImageOfPage":{"@id":"https:\/\/b2b.mvgd.pl\/index.php\/produkt\/dignitat-cava-brut-nature-075l-115-rt-ex\/#primaryimage"},"image":{"@id":"https:\/\/b2b.mvgd.pl\/index.php\/produkt\/dignitat-cava-brut-nature-075l-115-rt-ex\/#primaryimage"},"thumbnailUrl":"https:\/\/b2b.mvgd.pl\/wp-content\/uploads\/2026\/02\/Dignitat-Organic-Cava-Brut-Nature.png","datePublished":"2026-02-16T19:06:11+00:00","dateModified":"2026-02-16T19:07:18+00:00","breadcrumb":{"@id":"https:\/\/b2b.mvgd.pl\/index.php\/produkt\/dignitat-cava-brut-nature-075l-115-rt-ex\/#breadcrumb"},"inLanguage":"pl-PL","potentialAction":[{"@type":"ReadAction","target":["https:\/\/b2b.mvgd.pl\/index.php\/produkt\/dignitat-cava-brut-nature-075l-115-rt-ex\/"]}]},{"@type":"ImageObject","inLanguage":"pl-PL","@id":"https:\/\/b2b.mvgd.pl\/index.php\/produkt\/dignitat-cava-brut-nature-075l-115-rt-ex\/#primaryimage","url":"https:\/\/b2b.mvgd.pl\/wp-content\/uploads\/2026\/02\/Dignitat-Organic-Cava-Brut-Nature.png","contentUrl":"https:\/\/b2b.mvgd.pl\/wp-content\/uploads\/2026\/02\/Dignitat-Organic-Cava-Brut-Nature.png","width":900,"height":1200},{"@type":"BreadcrumbList","@id":"https:\/\/b2b.mvgd.pl\/index.php\/produkt\/dignitat-cava-brut-nature-075l-115-rt-ex\/#breadcrumb","itemListElement":[{"@type":"ListItem","position":1,"name":"Strona g\u0142\u00f3wna","item":"https:\/\/b2b.mvgd.pl\/"},{"@type":"ListItem","position":2,"name":"Shop","item":"https:\/\/b2b.mvgd.pl\/index.php\/shop\/"},{"@type":"ListItem","position":3,"name":"DIGNITAT Cava brut nature 0,75l 11,5% RT EX"}]},{"@type":"WebSite","@id":"https:\/\/b2b.mvgd.pl\/#website","url":"https:\/\/b2b.mvgd.pl\/","name":"B2B MVGD PL","description":"","potentialAction":[{"@type":"SearchAction","target":{"@type":"EntryPoint","urlTemplate":"https:\/\/b2b.mvgd.pl\/?s={search_term_string}"},"query-input":{"@type":"PropertyValueSpecification","valueRequired":true,"valueName":"search_term_string"}}],"inLanguage":"pl-PL"}]}},"jetpack_sharing_enabled":true,"_links":{"self":[{"href":"https:\/\/b2b.mvgd.pl\/index.php\/wp-json\/wp\/v2\/product\/1185","targetHints":{"allow":["GET"]}}],"collection":[{"href":"https:\/\/b2b.mvgd.pl\/index.php\/wp-json\/wp\/v2\/product"}],"about":[{"href":"https:\/\/b2b.mvgd.pl\/index.php\/wp-json\/wp\/v2\/types\/product"}],"replies":[{"embeddable":true,"href":"https:\/\/b2b.mvgd.pl\/index.php\/wp-json\/wp\/v2\/comments?post=1185"}],"version-history":[{"count":0,"href":"https:\/\/b2b.mvgd.pl\/index.php\/wp-json\/wp\/v2\/product\/1185\/revisions"}],"wp:featuredmedia":[{"embeddable":true,"href":"https:\/\/b2b.mvgd.pl\/index.php\/wp-json\/wp\/v2\/media\/1231"}],"wp:attachment":[{"href":"https:\/\/b2b.mvgd.pl\/index.php\/wp-json\/wp\/v2\/media?parent=1185"}],"wp:term":[{"taxonomy":"product_brand","embeddable":true,"href":"https:\/\/b2b.mvgd.pl\/index.php\/wp-json\/wp\/v2\/product_brand?post=1185"},{"taxonomy":"product_cat","embeddable":true,"href":"https:\/\/b2b.mvgd.pl\/index.php\/wp-json\/wp\/v2\/product_cat?post=1185"},{"taxonomy":"product_tag","embeddable":true,"href":"https:\/\/b2b.mvgd.pl\/index.php\/wp-json\/wp\/v2\/product_tag?post=1185"}],"curies":[{"name":"wp","href":"https:\/\/api.w.org\/{rel}","templated":true}]}}