{"id":1171,"date":"2026-02-16T19:05:48","date_gmt":"2026-02-16T19:05:48","guid":{"rendered":"https:\/\/b2b.mvgd.pl\/?post_type=product&#038;p=1171"},"modified":"2026-02-16T19:07:13","modified_gmt":"2026-02-16T19:07:13","slug":"win-domus-vini-novecento23-075l-135","status":"publish","type":"product","link":"https:\/\/b2b.mvgd.pl\/index.php\/produkt\/win-domus-vini-novecento23-075l-135\/","title":{"rendered":"WIN DOMUS VINI novecento23 0,75l 13,5%"},"content":{"rendered":"<p class=\"mobile-undersized-upper\">Winiarstwo: Podczas tradycyjnego zbioru, starannie wyselekcjonowane grona umieszczane s\u0105 na stojakach w celu naturalnego suszenia. Ta technika pozwala na rozwini\u0119cie wyj\u0105tkowych kolor\u00f3w, zapach\u00f3w i aromat\u00f3w poprzez zag\u0119szczenie cukr\u00f3w. Po t\u0142oczeniu, sk\u00f3rki w kontakcie z moszczem wydobywaj\u0105 cenny kolor i orze\u017awiaj\u0105c\u0105 struktur\u0119. Le\u017cakowanie w du\u017cych beczkach i barrique przez okres 6 lat uwydatnia i wzmacnia delikatn\u0105 r\u00f3wnowag\u0119 stworzon\u0105 podczas produkcji wina. Po butelkowaniu, proces uszlachetniania w butelce pozwoli\u0142 temu zaskakuj\u0105cemu winu na przywr\u00f3cenie r\u00f3wnowagi w swojej szerokiej strukturze.<\/p>\n<p class=\"mobile-undersized-upper\">Kolor : Intensywna czerwie\u0144 z granatowymi refleksami uzyskanymi dzi\u0119ki le\u017cakowaniu i starzeniu w beczkach z francuskiego d\u0119bu.<\/p>\n<p class=\"mobile-undersized-upper\">Nuty degustacyjne : Bogaty, intensywny i przyjemny zapach, z nutami suszonych czerwonych owoc\u00f3w i nutami wi\u015bni i porzeczek. W ustach strukturalne, aksamitne i dobrze zbalansowane. Wytrawno\u015b\u0107 w po\u0142\u0105czeniu z alkoholem sprawia, \u017ce \u200b\u200bwino jest pe\u0142ne i przyjemne, z owocowym posmakiem.<\/p>\n<p class=\"mobile-undersized-upper\">Po\u0142\u0105czenie z jedzeniem : Dobrze komponuje si\u0119 z wa\u017cnymi pierwszymi daniami, polecane do czerwonych mi\u0119s, szasz\u0142yk\u00f3w i duszonych mi\u0119s. Doskona\u0142e wino na specjalne okazje i do medytacji.<\/p>\n<p class=\"mobile-undersized-upper\">Temperatura serwowania: Podawa\u0107 w temperaturze 18-20 \u00b0C, przed podaniem zdekantowa\u0107.<\/p>\n","protected":false},"excerpt":{"rendered":"<p>Wino Novecento23 Centenario, po\u015bwi\u0119cone setnej rocznicy urodzin naszego za\u0142o\u017cyciela, Ugo Vedovato, to wyselekcjonowane najlepsze, nienaruszone i autentyczne winogrona szczepu Corvina z rocznika 2013, suszone i winifikowane tradycyjn\u0105 metod\u0105.<\/p>\n","protected":false},"featured_media":1229,"comment_status":"closed","ping_status":"closed","template":"","meta":[],"product_brand":[],"product_cat":[20,18,19],"product_tag":[737,760,499,321],"class_list":{"0":"post-1171","1":"product","2":"type-product","3":"status-publish","4":"has-post-thumbnail","6":"product_cat-veneto","7":"product_cat-wina","8":"product_cat-wlochy-wina","9":"product_tag-czerwone","10":"product_tag-veneto","11":"product_tag-wlochy","12":"product_tag-wytrawne","14":"first","15":"instock","16":"shipping-taxable","17":"purchasable","18":"product-type-simple"},"yoast_head":"<!-- This site is optimized with the Yoast SEO plugin v26.9 - https:\/\/yoast.com\/product\/yoast-seo-wordpress\/ -->\n<title>WIN DOMUS VINI novecento23 0,75l 13,5% - B2B MVGD PL<\/title>\n<meta name=\"robots\" content=\"index, follow, max-snippet:-1, max-image-preview:large, max-video-preview:-1\" \/>\n<link rel=\"canonical\" href=\"https:\/\/b2b.mvgd.pl\/index.php\/produkt\/win-domus-vini-novecento23-075l-135\/\" \/>\n<meta property=\"og:locale\" content=\"pl_PL\" \/>\n<meta property=\"og:type\" content=\"article\" \/>\n<meta property=\"og:title\" content=\"WIN DOMUS VINI novecento23 0,75l 13,5% - B2B MVGD PL\" \/>\n<meta property=\"og:description\" content=\"Wino Novecento23 Centenario, po\u015bwi\u0119cone setnej rocznicy urodzin naszego za\u0142o\u017cyciela, Ugo Vedovato, to wyselekcjonowane najlepsze, nienaruszone i autentyczne winogrona szczepu Corvina z rocznika 2013, suszone i winifikowane tradycyjn\u0105 metod\u0105.\" \/>\n<meta property=\"og:url\" content=\"https:\/\/b2b.mvgd.pl\/index.php\/produkt\/win-domus-vini-novecento23-075l-135\/\" \/>\n<meta property=\"og:site_name\" content=\"B2B MVGD PL\" \/>\n<meta property=\"article:modified_time\" content=\"2026-02-16T19:07:13+00:00\" \/>\n<meta name=\"twitter:card\" content=\"summary_large_image\" \/>\n<meta name=\"twitter:label1\" content=\"Szacowany czas czytania\" \/>\n\t<meta name=\"twitter:data1\" content=\"1 minuta\" \/>\n<script type=\"application\/ld+json\" class=\"yoast-schema-graph\">{\"@context\":\"https:\/\/schema.org\",\"@graph\":[{\"@type\":\"WebPage\",\"@id\":\"https:\/\/b2b.mvgd.pl\/index.php\/produkt\/win-domus-vini-novecento23-075l-135\/\",\"url\":\"https:\/\/b2b.mvgd.pl\/index.php\/produkt\/win-domus-vini-novecento23-075l-135\/\",\"name\":\"WIN DOMUS VINI novecento23 0,75l 13,5% - B2B MVGD PL\",\"isPartOf\":{\"@id\":\"https:\/\/b2b.mvgd.pl\/#website\"},\"primaryImageOfPage\":{\"@id\":\"https:\/\/b2b.mvgd.pl\/index.php\/produkt\/win-domus-vini-novecento23-075l-135\/#primaryimage\"},\"image\":{\"@id\":\"https:\/\/b2b.mvgd.pl\/index.php\/produkt\/win-domus-vini-novecento23-075l-135\/#primaryimage\"},\"thumbnailUrl\":\"https:\/\/b2b.mvgd.pl\/wp-content\/uploads\/2026\/02\/Novecento23-\u2013-Rosso-Veneto-IGP-magnum.png\",\"datePublished\":\"2026-02-16T19:05:48+00:00\",\"dateModified\":\"2026-02-16T19:07:13+00:00\",\"breadcrumb\":{\"@id\":\"https:\/\/b2b.mvgd.pl\/index.php\/produkt\/win-domus-vini-novecento23-075l-135\/#breadcrumb\"},\"inLanguage\":\"pl-PL\",\"potentialAction\":[{\"@type\":\"ReadAction\",\"target\":[\"https:\/\/b2b.mvgd.pl\/index.php\/produkt\/win-domus-vini-novecento23-075l-135\/\"]}]},{\"@type\":\"ImageObject\",\"inLanguage\":\"pl-PL\",\"@id\":\"https:\/\/b2b.mvgd.pl\/index.php\/produkt\/win-domus-vini-novecento23-075l-135\/#primaryimage\",\"url\":\"https:\/\/b2b.mvgd.pl\/wp-content\/uploads\/2026\/02\/Novecento23-\u2013-Rosso-Veneto-IGP-magnum.png\",\"contentUrl\":\"https:\/\/b2b.mvgd.pl\/wp-content\/uploads\/2026\/02\/Novecento23-\u2013-Rosso-Veneto-IGP-magnum.png\",\"width\":900,\"height\":1200},{\"@type\":\"BreadcrumbList\",\"@id\":\"https:\/\/b2b.mvgd.pl\/index.php\/produkt\/win-domus-vini-novecento23-075l-135\/#breadcrumb\",\"itemListElement\":[{\"@type\":\"ListItem\",\"position\":1,\"name\":\"Strona g\u0142\u00f3wna\",\"item\":\"https:\/\/b2b.mvgd.pl\/\"},{\"@type\":\"ListItem\",\"position\":2,\"name\":\"Shop\",\"item\":\"https:\/\/b2b.mvgd.pl\/index.php\/shop\/\"},{\"@type\":\"ListItem\",\"position\":3,\"name\":\"WIN DOMUS VINI novecento23 0,75l 13,5%\"}]},{\"@type\":\"WebSite\",\"@id\":\"https:\/\/b2b.mvgd.pl\/#website\",\"url\":\"https:\/\/b2b.mvgd.pl\/\",\"name\":\"B2B MVGD PL\",\"description\":\"\",\"potentialAction\":[{\"@type\":\"SearchAction\",\"target\":{\"@type\":\"EntryPoint\",\"urlTemplate\":\"https:\/\/b2b.mvgd.pl\/?s={search_term_string}\"},\"query-input\":{\"@type\":\"PropertyValueSpecification\",\"valueRequired\":true,\"valueName\":\"search_term_string\"}}],\"inLanguage\":\"pl-PL\"}]}<\/script>\n<!-- \/ Yoast SEO plugin. -->","yoast_head_json":{"title":"WIN DOMUS VINI novecento23 0,75l 13,5% - B2B MVGD PL","robots":{"index":"index","follow":"follow","max-snippet":"max-snippet:-1","max-image-preview":"max-image-preview:large","max-video-preview":"max-video-preview:-1"},"canonical":"https:\/\/b2b.mvgd.pl\/index.php\/produkt\/win-domus-vini-novecento23-075l-135\/","og_locale":"pl_PL","og_type":"article","og_title":"WIN DOMUS VINI novecento23 0,75l 13,5% - B2B MVGD PL","og_description":"Wino Novecento23 Centenario, po\u015bwi\u0119cone setnej rocznicy urodzin naszego za\u0142o\u017cyciela, Ugo Vedovato, to wyselekcjonowane najlepsze, nienaruszone i autentyczne winogrona szczepu Corvina z rocznika 2013, suszone i winifikowane tradycyjn\u0105 metod\u0105.","og_url":"https:\/\/b2b.mvgd.pl\/index.php\/produkt\/win-domus-vini-novecento23-075l-135\/","og_site_name":"B2B MVGD PL","article_modified_time":"2026-02-16T19:07:13+00:00","twitter_card":"summary_large_image","twitter_misc":{"Szacowany czas czytania":"1 minuta"},"schema":{"@context":"https:\/\/schema.org","@graph":[{"@type":"WebPage","@id":"https:\/\/b2b.mvgd.pl\/index.php\/produkt\/win-domus-vini-novecento23-075l-135\/","url":"https:\/\/b2b.mvgd.pl\/index.php\/produkt\/win-domus-vini-novecento23-075l-135\/","name":"WIN DOMUS VINI novecento23 0,75l 13,5% - B2B MVGD PL","isPartOf":{"@id":"https:\/\/b2b.mvgd.pl\/#website"},"primaryImageOfPage":{"@id":"https:\/\/b2b.mvgd.pl\/index.php\/produkt\/win-domus-vini-novecento23-075l-135\/#primaryimage"},"image":{"@id":"https:\/\/b2b.mvgd.pl\/index.php\/produkt\/win-domus-vini-novecento23-075l-135\/#primaryimage"},"thumbnailUrl":"https:\/\/b2b.mvgd.pl\/wp-content\/uploads\/2026\/02\/Novecento23-\u2013-Rosso-Veneto-IGP-magnum.png","datePublished":"2026-02-16T19:05:48+00:00","dateModified":"2026-02-16T19:07:13+00:00","breadcrumb":{"@id":"https:\/\/b2b.mvgd.pl\/index.php\/produkt\/win-domus-vini-novecento23-075l-135\/#breadcrumb"},"inLanguage":"pl-PL","potentialAction":[{"@type":"ReadAction","target":["https:\/\/b2b.mvgd.pl\/index.php\/produkt\/win-domus-vini-novecento23-075l-135\/"]}]},{"@type":"ImageObject","inLanguage":"pl-PL","@id":"https:\/\/b2b.mvgd.pl\/index.php\/produkt\/win-domus-vini-novecento23-075l-135\/#primaryimage","url":"https:\/\/b2b.mvgd.pl\/wp-content\/uploads\/2026\/02\/Novecento23-\u2013-Rosso-Veneto-IGP-magnum.png","contentUrl":"https:\/\/b2b.mvgd.pl\/wp-content\/uploads\/2026\/02\/Novecento23-\u2013-Rosso-Veneto-IGP-magnum.png","width":900,"height":1200},{"@type":"BreadcrumbList","@id":"https:\/\/b2b.mvgd.pl\/index.php\/produkt\/win-domus-vini-novecento23-075l-135\/#breadcrumb","itemListElement":[{"@type":"ListItem","position":1,"name":"Strona g\u0142\u00f3wna","item":"https:\/\/b2b.mvgd.pl\/"},{"@type":"ListItem","position":2,"name":"Shop","item":"https:\/\/b2b.mvgd.pl\/index.php\/shop\/"},{"@type":"ListItem","position":3,"name":"WIN DOMUS VINI novecento23 0,75l 13,5%"}]},{"@type":"WebSite","@id":"https:\/\/b2b.mvgd.pl\/#website","url":"https:\/\/b2b.mvgd.pl\/","name":"B2B MVGD PL","description":"","potentialAction":[{"@type":"SearchAction","target":{"@type":"EntryPoint","urlTemplate":"https:\/\/b2b.mvgd.pl\/?s={search_term_string}"},"query-input":{"@type":"PropertyValueSpecification","valueRequired":true,"valueName":"search_term_string"}}],"inLanguage":"pl-PL"}]}},"jetpack_sharing_enabled":true,"_links":{"self":[{"href":"https:\/\/b2b.mvgd.pl\/index.php\/wp-json\/wp\/v2\/product\/1171","targetHints":{"allow":["GET"]}}],"collection":[{"href":"https:\/\/b2b.mvgd.pl\/index.php\/wp-json\/wp\/v2\/product"}],"about":[{"href":"https:\/\/b2b.mvgd.pl\/index.php\/wp-json\/wp\/v2\/types\/product"}],"replies":[{"embeddable":true,"href":"https:\/\/b2b.mvgd.pl\/index.php\/wp-json\/wp\/v2\/comments?post=1171"}],"version-history":[{"count":0,"href":"https:\/\/b2b.mvgd.pl\/index.php\/wp-json\/wp\/v2\/product\/1171\/revisions"}],"wp:featuredmedia":[{"embeddable":true,"href":"https:\/\/b2b.mvgd.pl\/index.php\/wp-json\/wp\/v2\/media\/1229"}],"wp:attachment":[{"href":"https:\/\/b2b.mvgd.pl\/index.php\/wp-json\/wp\/v2\/media?parent=1171"}],"wp:term":[{"taxonomy":"product_brand","embeddable":true,"href":"https:\/\/b2b.mvgd.pl\/index.php\/wp-json\/wp\/v2\/product_brand?post=1171"},{"taxonomy":"product_cat","embeddable":true,"href":"https:\/\/b2b.mvgd.pl\/index.php\/wp-json\/wp\/v2\/product_cat?post=1171"},{"taxonomy":"product_tag","embeddable":true,"href":"https:\/\/b2b.mvgd.pl\/index.php\/wp-json\/wp\/v2\/product_tag?post=1171"}],"curies":[{"name":"wp","href":"https:\/\/api.w.org\/{rel}","templated":true}]}}