{"id":1169,"date":"2026-02-16T19:05:48","date_gmt":"2026-02-16T19:05:48","guid":{"rendered":"https:\/\/b2b.mvgd.pl\/?post_type=product&#038;p=1169"},"modified":"2026-02-16T19:07:01","modified_gmt":"2026-02-16T19:07:01","slug":"win-la-palerna-igt-pinot-nero-cimento-bio-075l-135","status":"publish","type":"product","link":"https:\/\/b2b.mvgd.pl\/index.php\/produkt\/win-la-palerna-igt-pinot-nero-cimento-bio-075l-135\/","title":{"rendered":"WIN LA PALERNA IGT Pinot Nero Cimento BIO 0,75l 13,5%"},"content":{"rendered":"<p class=\"mobile-undersized-upper\"><span class=\"mobile-undersized-upper\"><span dir=\"auto\">Klasyfikacja:<\/span><span dir=\"auto\">\u00a0Rosso Umbria Pinot Noir IGT<\/span><\/span><\/p>\n<p class=\"mobile-undersized-upper\"><span class=\"mobile-undersized-upper\"><span dir=\"auto\">Winogrona:<\/span><span dir=\"auto\">\u00a0100% Pinot Noir<\/span><\/span><\/p>\n<p class=\"mobile-undersized-upper\"><span class=\"mobile-undersized-upper\"><span dir=\"auto\">Gleba:<\/span><span dir=\"auto\">\u00a0wapie\u0144 gliniasty<\/span><\/span><\/p>\n<p class=\"mobile-undersized-upper\"><span class=\"mobile-undersized-upper\"><span dir=\"auto\">Kolor:<\/span><span dir=\"auto\">\u00a0rubinowo-czerwony\u00a0<\/span><\/span><\/p>\n<p class=\"mobile-undersized-upper\"><span class=\"mobile-undersized-upper\"><span dir=\"auto\">Aromat\u00a0<\/span><span dir=\"auto\">:<\/span><span dir=\"auto\">\u00a0Wykwintny i elegancki, owocowo-kwiatowy, pikantne nuty lukrecji, truskawek i wi\u015bni\u00a0\u00a0<\/span><\/span><\/p>\n<p class=\"mobile-undersized-upper\"><span class=\"mobile-undersized-upper\"><span dir=\"auto\">Smak:<\/span><span dir=\"auto\">\u00a0Przyjemna kwasowo\u015b\u0107 i taniny, kt\u00f3re nadaj\u0105 winu elegancj\u0119, wi\u015bnia, malina i truskawka.\u00a0\u00a0<\/span><\/span><\/p>\n<p class=\"mobile-undersized-upper\"><span class=\"mobile-undersized-upper\"><span dir=\"auto\">Temperatura serwowania:<\/span><span dir=\"auto\">\u00a016 &#8211; 17 \u00b0<\/span><\/span><\/p>\n<p class=\"mobile-undersized-upper\"><span class=\"mobile-undersized-upper\"><span dir=\"auto\">Zawarto\u015b\u0107 cukru:\u00a0\u00a0<\/span><span dir=\"auto\">1,3 g\/<\/span><\/span><\/p>\n<p><span class=\"mobile-undersized-upper\"><span dir=\"auto\">Dobrze komponuje si\u0119 z:<\/span><span dir=\"auto\">\u00a0makaronem z truflami, kaczk\u0105, dojrza\u0142ymi serami. Doskona\u0142e jako wino towarzysz\u0105ce.\u00a0<\/span><\/span><\/p>\n","protected":false},"excerpt":{"rendered":"<p>Cimento dowodzi, jak pragnienie i determinacja mog\u0105 przynie\u015b\u0107 co\u015b nieoczekiwanego i zaskakuj\u0105cego, gdy wykorzysta si\u0119 zaawansowane, nowoczesne umiej\u0119tno\u015bci zawodowe. Do realizacji swojego ambitnego projektu Luigi Merendelli wybra\u0142 dw\u00f3ch partner\u00f3w o najwy\u017cszych kompetencjach (enologa Mauro Monicchiego i agronomk\u0119 Laur\u0119 Bernini). Wraz z nimi pod\u0105\u017ca\u0142 rygorystyczn\u0105 \u015bcie\u017ck\u0105, kt\u00f3ra trwa\u0142a wiele lat, wymaga\u0142a cierpliwo\u015bci i szacunku dla czasu, jakiego wymaga natura, aby stworzy\u0107 rodzaj enologicznego \u201ecudu\u201d, kt\u00f3ry niewielu uwa\u017ca\u0142o za mo\u017cliwy. Udanym symbolem d\u0142ugiego procesu, wymagaj\u0105cego ogromnych zasob\u00f3w i zaanga\u017cowania, jest jednoszczepowe Cimento Pinot Noir. Wyzwanie Luigiego Merendelliego dobrze podsumowuje nazwa tego wspania\u0142ego wina \u2013 \u201ecimento\u201d oznacza po w\u0142osku \u201ewyzwanie\u201d \u2013 oraz etykieta zaprojektowana przez Studio Doni &amp; Associati, zaczerpni\u0119ta z zabytkowego druku, na kt\u00f3rym dw\u00f3ch eleganckich szermierzy staje naprzeciw siebie.<\/p>\n","protected":false},"featured_media":1219,"comment_status":"closed","ping_status":"closed","template":"","meta":[],"product_brand":[],"product_cat":[1337,18,19],"product_tag":[737,1401,1340,499,321],"class_list":{"0":"post-1169","1":"product","2":"type-product","3":"status-publish","4":"has-post-thumbnail","6":"product_cat-umbria","7":"product_cat-wina","8":"product_cat-wlochy-wina","9":"product_tag-czerwone","10":"product_tag-la-palerna","11":"product_tag-umbria","12":"product_tag-wlochy","13":"product_tag-wytrawne","15":"first","16":"instock","17":"shipping-taxable","18":"purchasable","19":"product-type-simple"},"yoast_head":"<!-- This site is optimized with the Yoast SEO plugin v26.9 - https:\/\/yoast.com\/product\/yoast-seo-wordpress\/ -->\n<title>WIN LA PALERNA IGT Pinot Nero Cimento BIO 0,75l 13,5% - B2B MVGD PL<\/title>\n<meta name=\"robots\" content=\"index, follow, max-snippet:-1, max-image-preview:large, max-video-preview:-1\" \/>\n<link rel=\"canonical\" href=\"https:\/\/b2b.mvgd.pl\/index.php\/produkt\/win-la-palerna-igt-pinot-nero-cimento-bio-075l-135\/\" \/>\n<meta property=\"og:locale\" content=\"pl_PL\" \/>\n<meta property=\"og:type\" content=\"article\" \/>\n<meta property=\"og:title\" content=\"WIN LA PALERNA IGT Pinot Nero Cimento BIO 0,75l 13,5% - B2B MVGD PL\" \/>\n<meta property=\"og:description\" content=\"Cimento dowodzi, jak pragnienie i determinacja mog\u0105 przynie\u015b\u0107 co\u015b nieoczekiwanego i zaskakuj\u0105cego, gdy wykorzysta si\u0119 zaawansowane, nowoczesne umiej\u0119tno\u015bci zawodowe. Do realizacji swojego ambitnego projektu Luigi Merendelli wybra\u0142 dw\u00f3ch partner\u00f3w o najwy\u017cszych kompetencjach (enologa Mauro Monicchiego i agronomk\u0119 Laur\u0119 Bernini). Wraz z nimi pod\u0105\u017ca\u0142 rygorystyczn\u0105 \u015bcie\u017ck\u0105, kt\u00f3ra trwa\u0142a wiele lat, wymaga\u0142a cierpliwo\u015bci i szacunku dla czasu, jakiego wymaga natura, aby stworzy\u0107 rodzaj enologicznego \u201ecudu\u201d, kt\u00f3ry niewielu uwa\u017ca\u0142o za mo\u017cliwy. Udanym symbolem d\u0142ugiego procesu, wymagaj\u0105cego ogromnych zasob\u00f3w i zaanga\u017cowania, jest jednoszczepowe Cimento Pinot Noir. Wyzwanie Luigiego Merendelliego dobrze podsumowuje nazwa tego wspania\u0142ego wina \u2013 \u201ecimento\u201d oznacza po w\u0142osku \u201ewyzwanie\u201d \u2013 oraz etykieta zaprojektowana przez Studio Doni &amp; Associati, zaczerpni\u0119ta z zabytkowego druku, na kt\u00f3rym dw\u00f3ch eleganckich szermierzy staje naprzeciw siebie.\" \/>\n<meta property=\"og:url\" content=\"https:\/\/b2b.mvgd.pl\/index.php\/produkt\/win-la-palerna-igt-pinot-nero-cimento-bio-075l-135\/\" \/>\n<meta property=\"og:site_name\" content=\"B2B MVGD PL\" \/>\n<meta property=\"article:modified_time\" content=\"2026-02-16T19:07:01+00:00\" \/>\n<meta name=\"twitter:card\" content=\"summary_large_image\" \/>\n<script type=\"application\/ld+json\" class=\"yoast-schema-graph\">{\"@context\":\"https:\/\/schema.org\",\"@graph\":[{\"@type\":\"WebPage\",\"@id\":\"https:\/\/b2b.mvgd.pl\/index.php\/produkt\/win-la-palerna-igt-pinot-nero-cimento-bio-075l-135\/\",\"url\":\"https:\/\/b2b.mvgd.pl\/index.php\/produkt\/win-la-palerna-igt-pinot-nero-cimento-bio-075l-135\/\",\"name\":\"WIN LA PALERNA IGT Pinot Nero Cimento BIO 0,75l 13,5% - B2B MVGD PL\",\"isPartOf\":{\"@id\":\"https:\/\/b2b.mvgd.pl\/#website\"},\"primaryImageOfPage\":{\"@id\":\"https:\/\/b2b.mvgd.pl\/index.php\/produkt\/win-la-palerna-igt-pinot-nero-cimento-bio-075l-135\/#primaryimage\"},\"image\":{\"@id\":\"https:\/\/b2b.mvgd.pl\/index.php\/produkt\/win-la-palerna-igt-pinot-nero-cimento-bio-075l-135\/#primaryimage\"},\"thumbnailUrl\":\"https:\/\/b2b.mvgd.pl\/wp-content\/uploads\/2026\/02\/LA-PALERNA.png\",\"datePublished\":\"2026-02-16T19:05:48+00:00\",\"dateModified\":\"2026-02-16T19:07:01+00:00\",\"breadcrumb\":{\"@id\":\"https:\/\/b2b.mvgd.pl\/index.php\/produkt\/win-la-palerna-igt-pinot-nero-cimento-bio-075l-135\/#breadcrumb\"},\"inLanguage\":\"pl-PL\",\"potentialAction\":[{\"@type\":\"ReadAction\",\"target\":[\"https:\/\/b2b.mvgd.pl\/index.php\/produkt\/win-la-palerna-igt-pinot-nero-cimento-bio-075l-135\/\"]}]},{\"@type\":\"ImageObject\",\"inLanguage\":\"pl-PL\",\"@id\":\"https:\/\/b2b.mvgd.pl\/index.php\/produkt\/win-la-palerna-igt-pinot-nero-cimento-bio-075l-135\/#primaryimage\",\"url\":\"https:\/\/b2b.mvgd.pl\/wp-content\/uploads\/2026\/02\/LA-PALERNA.png\",\"contentUrl\":\"https:\/\/b2b.mvgd.pl\/wp-content\/uploads\/2026\/02\/LA-PALERNA.png\",\"width\":900,\"height\":1200},{\"@type\":\"BreadcrumbList\",\"@id\":\"https:\/\/b2b.mvgd.pl\/index.php\/produkt\/win-la-palerna-igt-pinot-nero-cimento-bio-075l-135\/#breadcrumb\",\"itemListElement\":[{\"@type\":\"ListItem\",\"position\":1,\"name\":\"Strona g\u0142\u00f3wna\",\"item\":\"https:\/\/b2b.mvgd.pl\/\"},{\"@type\":\"ListItem\",\"position\":2,\"name\":\"Shop\",\"item\":\"https:\/\/b2b.mvgd.pl\/index.php\/shop\/\"},{\"@type\":\"ListItem\",\"position\":3,\"name\":\"WIN LA PALERNA IGT Pinot Nero Cimento BIO 0,75l 13,5%\"}]},{\"@type\":\"WebSite\",\"@id\":\"https:\/\/b2b.mvgd.pl\/#website\",\"url\":\"https:\/\/b2b.mvgd.pl\/\",\"name\":\"B2B MVGD PL\",\"description\":\"\",\"potentialAction\":[{\"@type\":\"SearchAction\",\"target\":{\"@type\":\"EntryPoint\",\"urlTemplate\":\"https:\/\/b2b.mvgd.pl\/?s={search_term_string}\"},\"query-input\":{\"@type\":\"PropertyValueSpecification\",\"valueRequired\":true,\"valueName\":\"search_term_string\"}}],\"inLanguage\":\"pl-PL\"}]}<\/script>\n<!-- \/ Yoast SEO plugin. -->","yoast_head_json":{"title":"WIN LA PALERNA IGT Pinot Nero Cimento BIO 0,75l 13,5% - B2B MVGD PL","robots":{"index":"index","follow":"follow","max-snippet":"max-snippet:-1","max-image-preview":"max-image-preview:large","max-video-preview":"max-video-preview:-1"},"canonical":"https:\/\/b2b.mvgd.pl\/index.php\/produkt\/win-la-palerna-igt-pinot-nero-cimento-bio-075l-135\/","og_locale":"pl_PL","og_type":"article","og_title":"WIN LA PALERNA IGT Pinot Nero Cimento BIO 0,75l 13,5% - B2B MVGD PL","og_description":"Cimento dowodzi, jak pragnienie i determinacja mog\u0105 przynie\u015b\u0107 co\u015b nieoczekiwanego i zaskakuj\u0105cego, gdy wykorzysta si\u0119 zaawansowane, nowoczesne umiej\u0119tno\u015bci zawodowe. Do realizacji swojego ambitnego projektu Luigi Merendelli wybra\u0142 dw\u00f3ch partner\u00f3w o najwy\u017cszych kompetencjach (enologa Mauro Monicchiego i agronomk\u0119 Laur\u0119 Bernini). Wraz z nimi pod\u0105\u017ca\u0142 rygorystyczn\u0105 \u015bcie\u017ck\u0105, kt\u00f3ra trwa\u0142a wiele lat, wymaga\u0142a cierpliwo\u015bci i szacunku dla czasu, jakiego wymaga natura, aby stworzy\u0107 rodzaj enologicznego \u201ecudu\u201d, kt\u00f3ry niewielu uwa\u017ca\u0142o za mo\u017cliwy. Udanym symbolem d\u0142ugiego procesu, wymagaj\u0105cego ogromnych zasob\u00f3w i zaanga\u017cowania, jest jednoszczepowe Cimento Pinot Noir. Wyzwanie Luigiego Merendelliego dobrze podsumowuje nazwa tego wspania\u0142ego wina \u2013 \u201ecimento\u201d oznacza po w\u0142osku \u201ewyzwanie\u201d \u2013 oraz etykieta zaprojektowana przez Studio Doni &amp; Associati, zaczerpni\u0119ta z zabytkowego druku, na kt\u00f3rym dw\u00f3ch eleganckich szermierzy staje naprzeciw siebie.","og_url":"https:\/\/b2b.mvgd.pl\/index.php\/produkt\/win-la-palerna-igt-pinot-nero-cimento-bio-075l-135\/","og_site_name":"B2B MVGD PL","article_modified_time":"2026-02-16T19:07:01+00:00","twitter_card":"summary_large_image","schema":{"@context":"https:\/\/schema.org","@graph":[{"@type":"WebPage","@id":"https:\/\/b2b.mvgd.pl\/index.php\/produkt\/win-la-palerna-igt-pinot-nero-cimento-bio-075l-135\/","url":"https:\/\/b2b.mvgd.pl\/index.php\/produkt\/win-la-palerna-igt-pinot-nero-cimento-bio-075l-135\/","name":"WIN LA PALERNA IGT Pinot Nero Cimento BIO 0,75l 13,5% - B2B MVGD PL","isPartOf":{"@id":"https:\/\/b2b.mvgd.pl\/#website"},"primaryImageOfPage":{"@id":"https:\/\/b2b.mvgd.pl\/index.php\/produkt\/win-la-palerna-igt-pinot-nero-cimento-bio-075l-135\/#primaryimage"},"image":{"@id":"https:\/\/b2b.mvgd.pl\/index.php\/produkt\/win-la-palerna-igt-pinot-nero-cimento-bio-075l-135\/#primaryimage"},"thumbnailUrl":"https:\/\/b2b.mvgd.pl\/wp-content\/uploads\/2026\/02\/LA-PALERNA.png","datePublished":"2026-02-16T19:05:48+00:00","dateModified":"2026-02-16T19:07:01+00:00","breadcrumb":{"@id":"https:\/\/b2b.mvgd.pl\/index.php\/produkt\/win-la-palerna-igt-pinot-nero-cimento-bio-075l-135\/#breadcrumb"},"inLanguage":"pl-PL","potentialAction":[{"@type":"ReadAction","target":["https:\/\/b2b.mvgd.pl\/index.php\/produkt\/win-la-palerna-igt-pinot-nero-cimento-bio-075l-135\/"]}]},{"@type":"ImageObject","inLanguage":"pl-PL","@id":"https:\/\/b2b.mvgd.pl\/index.php\/produkt\/win-la-palerna-igt-pinot-nero-cimento-bio-075l-135\/#primaryimage","url":"https:\/\/b2b.mvgd.pl\/wp-content\/uploads\/2026\/02\/LA-PALERNA.png","contentUrl":"https:\/\/b2b.mvgd.pl\/wp-content\/uploads\/2026\/02\/LA-PALERNA.png","width":900,"height":1200},{"@type":"BreadcrumbList","@id":"https:\/\/b2b.mvgd.pl\/index.php\/produkt\/win-la-palerna-igt-pinot-nero-cimento-bio-075l-135\/#breadcrumb","itemListElement":[{"@type":"ListItem","position":1,"name":"Strona g\u0142\u00f3wna","item":"https:\/\/b2b.mvgd.pl\/"},{"@type":"ListItem","position":2,"name":"Shop","item":"https:\/\/b2b.mvgd.pl\/index.php\/shop\/"},{"@type":"ListItem","position":3,"name":"WIN LA PALERNA IGT Pinot Nero Cimento BIO 0,75l 13,5%"}]},{"@type":"WebSite","@id":"https:\/\/b2b.mvgd.pl\/#website","url":"https:\/\/b2b.mvgd.pl\/","name":"B2B MVGD PL","description":"","potentialAction":[{"@type":"SearchAction","target":{"@type":"EntryPoint","urlTemplate":"https:\/\/b2b.mvgd.pl\/?s={search_term_string}"},"query-input":{"@type":"PropertyValueSpecification","valueRequired":true,"valueName":"search_term_string"}}],"inLanguage":"pl-PL"}]}},"jetpack_sharing_enabled":true,"_links":{"self":[{"href":"https:\/\/b2b.mvgd.pl\/index.php\/wp-json\/wp\/v2\/product\/1169","targetHints":{"allow":["GET"]}}],"collection":[{"href":"https:\/\/b2b.mvgd.pl\/index.php\/wp-json\/wp\/v2\/product"}],"about":[{"href":"https:\/\/b2b.mvgd.pl\/index.php\/wp-json\/wp\/v2\/types\/product"}],"replies":[{"embeddable":true,"href":"https:\/\/b2b.mvgd.pl\/index.php\/wp-json\/wp\/v2\/comments?post=1169"}],"version-history":[{"count":0,"href":"https:\/\/b2b.mvgd.pl\/index.php\/wp-json\/wp\/v2\/product\/1169\/revisions"}],"wp:featuredmedia":[{"embeddable":true,"href":"https:\/\/b2b.mvgd.pl\/index.php\/wp-json\/wp\/v2\/media\/1219"}],"wp:attachment":[{"href":"https:\/\/b2b.mvgd.pl\/index.php\/wp-json\/wp\/v2\/media?parent=1169"}],"wp:term":[{"taxonomy":"product_brand","embeddable":true,"href":"https:\/\/b2b.mvgd.pl\/index.php\/wp-json\/wp\/v2\/product_brand?post=1169"},{"taxonomy":"product_cat","embeddable":true,"href":"https:\/\/b2b.mvgd.pl\/index.php\/wp-json\/wp\/v2\/product_cat?post=1169"},{"taxonomy":"product_tag","embeddable":true,"href":"https:\/\/b2b.mvgd.pl\/index.php\/wp-json\/wp\/v2\/product_tag?post=1169"}],"curies":[{"name":"wp","href":"https:\/\/api.w.org\/{rel}","templated":true}]}}