{"id":1157,"date":"2026-02-16T19:05:17","date_gmt":"2026-02-16T19:05:17","guid":{"rendered":"https:\/\/b2b.mvgd.pl\/?post_type=product&#038;p=1157"},"modified":"2026-02-16T19:06:46","modified_gmt":"2026-02-16T19:06:46","slug":"la-palerna-vsq-nudo-di-palerna-075l12","status":"publish","type":"product","link":"https:\/\/b2b.mvgd.pl\/index.php\/produkt\/la-palerna-vsq-nudo-di-palerna-075l12\/","title":{"rendered":"LA PALERNA VSQ Nudo di Palerna 0,75l12%"},"content":{"rendered":"<p>Klasyfikacja: VSQ Brut pas dos\u00e9<\/p>\n<p>Kolor: S\u0142omkowy z delikatnymi miedzianymi refleksami, b\u0142yszcz\u0105cy.<\/p>\n<p>B\u0105belki: Liczne, delikatne i trwa\u0142e. Zapach: Delikatny i elegancki. Owocowy, z nutami kwa\u015bnej porzeczki i malin, sk\u00f3rki chleba, minera\u0142\u00f3w.<\/p>\n<p>Smak: pikantny, \u015bwie\u017cy, z powracaj\u0105cymi nutami czerwonych owoc\u00f3w z bukietu, pe\u0142ny w ustach, bardzo przyjemny, d\u0142ugi finisz.<\/p>\n<p>Podawanie Temperatura serwowania: 4 &#8211; 6\u00b0<\/p>\n","protected":false},"excerpt":{"rendered":"<p>To wy\u0142\u0105cznie Pinot Nero w ca\u0142ej swojej naturalnej prawdzie. Metoda klasyczna produkcji tego czystego wina metod\u0105 bia\u0142ego musuj\u0105cego z czarnych winogron okaza\u0142a si\u0119 sukcesem. NUDO to wino musuj\u0105ce, kt\u00f3re wzbudza pasj\u0119, o cennym perlage i wyrafinowanym smaku, przeznaczone dla tych, kt\u00f3rzy ceni\u0105 sobie \u015bwie\u017ce i musuj\u0105ce, ale jednocze\u015bnie eleganckie trunki. Idealne jako aperitif, NUDO mo\u017ce towarzyszy\u0107 ca\u0142emu posi\u0142kowi, dodaj\u0105c mu werwy i lekko\u015bci, a tak\u017ce doskonale nadaje si\u0119 do \u015bwi\u0119towania uroczystych chwil.<\/p>\n","protected":false},"featured_media":1214,"comment_status":"closed","ping_status":"closed","template":"","meta":[],"product_brand":[],"product_cat":[1337,18,19],"product_tag":[757,1401,1340,499,321],"class_list":{"0":"post-1157","1":"product","2":"type-product","3":"status-publish","4":"has-post-thumbnail","6":"product_cat-umbria","7":"product_cat-wina","8":"product_cat-wlochy-wina","9":"product_tag-biale","10":"product_tag-la-palerna","11":"product_tag-umbria","12":"product_tag-wlochy","13":"product_tag-wytrawne","15":"first","16":"instock","17":"shipping-taxable","18":"purchasable","19":"product-type-simple"},"yoast_head":"<!-- This site is optimized with the Yoast SEO plugin v26.9 - https:\/\/yoast.com\/product\/yoast-seo-wordpress\/ -->\n<title>LA PALERNA VSQ Nudo di Palerna 0,75l12% - B2B MVGD PL<\/title>\n<meta name=\"robots\" content=\"index, follow, max-snippet:-1, max-image-preview:large, max-video-preview:-1\" \/>\n<link rel=\"canonical\" href=\"https:\/\/b2b.mvgd.pl\/index.php\/produkt\/la-palerna-vsq-nudo-di-palerna-075l12\/\" \/>\n<meta property=\"og:locale\" content=\"pl_PL\" \/>\n<meta property=\"og:type\" content=\"article\" \/>\n<meta property=\"og:title\" content=\"LA PALERNA VSQ Nudo di Palerna 0,75l12% - B2B MVGD PL\" \/>\n<meta property=\"og:description\" content=\"To wy\u0142\u0105cznie Pinot Nero w ca\u0142ej swojej naturalnej prawdzie. Metoda klasyczna produkcji tego czystego wina metod\u0105 bia\u0142ego musuj\u0105cego z czarnych winogron okaza\u0142a si\u0119 sukcesem. NUDO to wino musuj\u0105ce, kt\u00f3re wzbudza pasj\u0119, o cennym perlage i wyrafinowanym smaku, przeznaczone dla tych, kt\u00f3rzy ceni\u0105 sobie \u015bwie\u017ce i musuj\u0105ce, ale jednocze\u015bnie eleganckie trunki. Idealne jako aperitif, NUDO mo\u017ce towarzyszy\u0107 ca\u0142emu posi\u0142kowi, dodaj\u0105c mu werwy i lekko\u015bci, a tak\u017ce doskonale nadaje si\u0119 do \u015bwi\u0119towania uroczystych chwil.\" \/>\n<meta property=\"og:url\" content=\"https:\/\/b2b.mvgd.pl\/index.php\/produkt\/la-palerna-vsq-nudo-di-palerna-075l12\/\" \/>\n<meta property=\"og:site_name\" content=\"B2B MVGD PL\" \/>\n<meta property=\"article:modified_time\" content=\"2026-02-16T19:06:46+00:00\" \/>\n<meta name=\"twitter:card\" content=\"summary_large_image\" \/>\n<script type=\"application\/ld+json\" class=\"yoast-schema-graph\">{\"@context\":\"https:\/\/schema.org\",\"@graph\":[{\"@type\":\"WebPage\",\"@id\":\"https:\/\/b2b.mvgd.pl\/index.php\/produkt\/la-palerna-vsq-nudo-di-palerna-075l12\/\",\"url\":\"https:\/\/b2b.mvgd.pl\/index.php\/produkt\/la-palerna-vsq-nudo-di-palerna-075l12\/\",\"name\":\"LA PALERNA VSQ Nudo di Palerna 0,75l12% - B2B MVGD PL\",\"isPartOf\":{\"@id\":\"https:\/\/b2b.mvgd.pl\/#website\"},\"primaryImageOfPage\":{\"@id\":\"https:\/\/b2b.mvgd.pl\/index.php\/produkt\/la-palerna-vsq-nudo-di-palerna-075l12\/#primaryimage\"},\"image\":{\"@id\":\"https:\/\/b2b.mvgd.pl\/index.php\/produkt\/la-palerna-vsq-nudo-di-palerna-075l12\/#primaryimage\"},\"thumbnailUrl\":\"https:\/\/b2b.mvgd.pl\/wp-content\/uploads\/2026\/02\/Nudo-di-Palerna.png\",\"datePublished\":\"2026-02-16T19:05:17+00:00\",\"dateModified\":\"2026-02-16T19:06:46+00:00\",\"breadcrumb\":{\"@id\":\"https:\/\/b2b.mvgd.pl\/index.php\/produkt\/la-palerna-vsq-nudo-di-palerna-075l12\/#breadcrumb\"},\"inLanguage\":\"pl-PL\",\"potentialAction\":[{\"@type\":\"ReadAction\",\"target\":[\"https:\/\/b2b.mvgd.pl\/index.php\/produkt\/la-palerna-vsq-nudo-di-palerna-075l12\/\"]}]},{\"@type\":\"ImageObject\",\"inLanguage\":\"pl-PL\",\"@id\":\"https:\/\/b2b.mvgd.pl\/index.php\/produkt\/la-palerna-vsq-nudo-di-palerna-075l12\/#primaryimage\",\"url\":\"https:\/\/b2b.mvgd.pl\/wp-content\/uploads\/2026\/02\/Nudo-di-Palerna.png\",\"contentUrl\":\"https:\/\/b2b.mvgd.pl\/wp-content\/uploads\/2026\/02\/Nudo-di-Palerna.png\",\"width\":900,\"height\":1200},{\"@type\":\"BreadcrumbList\",\"@id\":\"https:\/\/b2b.mvgd.pl\/index.php\/produkt\/la-palerna-vsq-nudo-di-palerna-075l12\/#breadcrumb\",\"itemListElement\":[{\"@type\":\"ListItem\",\"position\":1,\"name\":\"Strona g\u0142\u00f3wna\",\"item\":\"https:\/\/b2b.mvgd.pl\/\"},{\"@type\":\"ListItem\",\"position\":2,\"name\":\"Shop\",\"item\":\"https:\/\/b2b.mvgd.pl\/index.php\/shop\/\"},{\"@type\":\"ListItem\",\"position\":3,\"name\":\"LA PALERNA VSQ Nudo di Palerna 0,75l12%\"}]},{\"@type\":\"WebSite\",\"@id\":\"https:\/\/b2b.mvgd.pl\/#website\",\"url\":\"https:\/\/b2b.mvgd.pl\/\",\"name\":\"B2B MVGD PL\",\"description\":\"\",\"potentialAction\":[{\"@type\":\"SearchAction\",\"target\":{\"@type\":\"EntryPoint\",\"urlTemplate\":\"https:\/\/b2b.mvgd.pl\/?s={search_term_string}\"},\"query-input\":{\"@type\":\"PropertyValueSpecification\",\"valueRequired\":true,\"valueName\":\"search_term_string\"}}],\"inLanguage\":\"pl-PL\"}]}<\/script>\n<!-- \/ Yoast SEO plugin. -->","yoast_head_json":{"title":"LA PALERNA VSQ Nudo di Palerna 0,75l12% - B2B MVGD PL","robots":{"index":"index","follow":"follow","max-snippet":"max-snippet:-1","max-image-preview":"max-image-preview:large","max-video-preview":"max-video-preview:-1"},"canonical":"https:\/\/b2b.mvgd.pl\/index.php\/produkt\/la-palerna-vsq-nudo-di-palerna-075l12\/","og_locale":"pl_PL","og_type":"article","og_title":"LA PALERNA VSQ Nudo di Palerna 0,75l12% - B2B MVGD PL","og_description":"To wy\u0142\u0105cznie Pinot Nero w ca\u0142ej swojej naturalnej prawdzie. Metoda klasyczna produkcji tego czystego wina metod\u0105 bia\u0142ego musuj\u0105cego z czarnych winogron okaza\u0142a si\u0119 sukcesem. NUDO to wino musuj\u0105ce, kt\u00f3re wzbudza pasj\u0119, o cennym perlage i wyrafinowanym smaku, przeznaczone dla tych, kt\u00f3rzy ceni\u0105 sobie \u015bwie\u017ce i musuj\u0105ce, ale jednocze\u015bnie eleganckie trunki. Idealne jako aperitif, NUDO mo\u017ce towarzyszy\u0107 ca\u0142emu posi\u0142kowi, dodaj\u0105c mu werwy i lekko\u015bci, a tak\u017ce doskonale nadaje si\u0119 do \u015bwi\u0119towania uroczystych chwil.","og_url":"https:\/\/b2b.mvgd.pl\/index.php\/produkt\/la-palerna-vsq-nudo-di-palerna-075l12\/","og_site_name":"B2B MVGD PL","article_modified_time":"2026-02-16T19:06:46+00:00","twitter_card":"summary_large_image","schema":{"@context":"https:\/\/schema.org","@graph":[{"@type":"WebPage","@id":"https:\/\/b2b.mvgd.pl\/index.php\/produkt\/la-palerna-vsq-nudo-di-palerna-075l12\/","url":"https:\/\/b2b.mvgd.pl\/index.php\/produkt\/la-palerna-vsq-nudo-di-palerna-075l12\/","name":"LA PALERNA VSQ Nudo di Palerna 0,75l12% - B2B MVGD PL","isPartOf":{"@id":"https:\/\/b2b.mvgd.pl\/#website"},"primaryImageOfPage":{"@id":"https:\/\/b2b.mvgd.pl\/index.php\/produkt\/la-palerna-vsq-nudo-di-palerna-075l12\/#primaryimage"},"image":{"@id":"https:\/\/b2b.mvgd.pl\/index.php\/produkt\/la-palerna-vsq-nudo-di-palerna-075l12\/#primaryimage"},"thumbnailUrl":"https:\/\/b2b.mvgd.pl\/wp-content\/uploads\/2026\/02\/Nudo-di-Palerna.png","datePublished":"2026-02-16T19:05:17+00:00","dateModified":"2026-02-16T19:06:46+00:00","breadcrumb":{"@id":"https:\/\/b2b.mvgd.pl\/index.php\/produkt\/la-palerna-vsq-nudo-di-palerna-075l12\/#breadcrumb"},"inLanguage":"pl-PL","potentialAction":[{"@type":"ReadAction","target":["https:\/\/b2b.mvgd.pl\/index.php\/produkt\/la-palerna-vsq-nudo-di-palerna-075l12\/"]}]},{"@type":"ImageObject","inLanguage":"pl-PL","@id":"https:\/\/b2b.mvgd.pl\/index.php\/produkt\/la-palerna-vsq-nudo-di-palerna-075l12\/#primaryimage","url":"https:\/\/b2b.mvgd.pl\/wp-content\/uploads\/2026\/02\/Nudo-di-Palerna.png","contentUrl":"https:\/\/b2b.mvgd.pl\/wp-content\/uploads\/2026\/02\/Nudo-di-Palerna.png","width":900,"height":1200},{"@type":"BreadcrumbList","@id":"https:\/\/b2b.mvgd.pl\/index.php\/produkt\/la-palerna-vsq-nudo-di-palerna-075l12\/#breadcrumb","itemListElement":[{"@type":"ListItem","position":1,"name":"Strona g\u0142\u00f3wna","item":"https:\/\/b2b.mvgd.pl\/"},{"@type":"ListItem","position":2,"name":"Shop","item":"https:\/\/b2b.mvgd.pl\/index.php\/shop\/"},{"@type":"ListItem","position":3,"name":"LA PALERNA VSQ Nudo di Palerna 0,75l12%"}]},{"@type":"WebSite","@id":"https:\/\/b2b.mvgd.pl\/#website","url":"https:\/\/b2b.mvgd.pl\/","name":"B2B MVGD PL","description":"","potentialAction":[{"@type":"SearchAction","target":{"@type":"EntryPoint","urlTemplate":"https:\/\/b2b.mvgd.pl\/?s={search_term_string}"},"query-input":{"@type":"PropertyValueSpecification","valueRequired":true,"valueName":"search_term_string"}}],"inLanguage":"pl-PL"}]}},"jetpack_sharing_enabled":true,"_links":{"self":[{"href":"https:\/\/b2b.mvgd.pl\/index.php\/wp-json\/wp\/v2\/product\/1157","targetHints":{"allow":["GET"]}}],"collection":[{"href":"https:\/\/b2b.mvgd.pl\/index.php\/wp-json\/wp\/v2\/product"}],"about":[{"href":"https:\/\/b2b.mvgd.pl\/index.php\/wp-json\/wp\/v2\/types\/product"}],"replies":[{"embeddable":true,"href":"https:\/\/b2b.mvgd.pl\/index.php\/wp-json\/wp\/v2\/comments?post=1157"}],"version-history":[{"count":0,"href":"https:\/\/b2b.mvgd.pl\/index.php\/wp-json\/wp\/v2\/product\/1157\/revisions"}],"wp:featuredmedia":[{"embeddable":true,"href":"https:\/\/b2b.mvgd.pl\/index.php\/wp-json\/wp\/v2\/media\/1214"}],"wp:attachment":[{"href":"https:\/\/b2b.mvgd.pl\/index.php\/wp-json\/wp\/v2\/media?parent=1157"}],"wp:term":[{"taxonomy":"product_brand","embeddable":true,"href":"https:\/\/b2b.mvgd.pl\/index.php\/wp-json\/wp\/v2\/product_brand?post=1157"},{"taxonomy":"product_cat","embeddable":true,"href":"https:\/\/b2b.mvgd.pl\/index.php\/wp-json\/wp\/v2\/product_cat?post=1157"},{"taxonomy":"product_tag","embeddable":true,"href":"https:\/\/b2b.mvgd.pl\/index.php\/wp-json\/wp\/v2\/product_tag?post=1157"}],"curies":[{"name":"wp","href":"https:\/\/api.w.org\/{rel}","templated":true}]}}