{"id":1155,"date":"2026-02-16T19:05:17","date_gmt":"2026-02-16T19:05:17","guid":{"rendered":"https:\/\/b2b.mvgd.pl\/?post_type=product&#038;p=1155"},"modified":"2026-02-16T19:06:41","modified_gmt":"2026-02-16T19:06:41","slug":"montefalco-rosso-doc-2019","status":"publish","type":"product","link":"https:\/\/b2b.mvgd.pl\/index.php\/produkt\/montefalco-rosso-doc-2019\/","title":{"rendered":"Montefalco Rosso DOC 2019"},"content":{"rendered":"<p>Wino o g\u0142\u0119bokiej, intensywnej i nieodgadnionej rubinowej barwie, charakteryzuje si\u0119 bogatym i z\u0142o\u017conym bukietem, kt\u00f3ry otwiera si\u0119 nutami dojrza\u0142ych czerwonych i czarnych jag\u00f3d, a nast\u0119pnie przechodzi w trzeciorz\u0119dowe aromaty cynamonu i czekolady. Na podniebieniu jest pe\u0142ne i eleganckie, o bogatej strukturze, g\u0119ste i o doskona\u0142ej budowie, zr\u00f3wnowa\u017cone aksamitnymi taninami.<br \/>\nIdealnie komponuje si\u0119 z czerwonymi mi\u0119sami i pieczeniami, ale tak\u017ce z w\u0119dlinami i dojrza\u0142ymi serami.<\/p>\n","protected":false},"excerpt":{"rendered":"<p>Wino o g\u0142\u0119bokiej, intensywnej i nieodgadnionej rubinowej barwie, charakteryzuje si\u0119 bogatym i z\u0142o\u017conym bukietem, kt\u00f3ry otwiera si\u0119 nutami dojrza\u0142ych czerwonych i czarnych jag\u00f3d, a nast\u0119pnie przechodzi w trzeciorz\u0119dowe aromaty cynamonu i czekolady. Na podniebieniu jest pe\u0142ne i eleganckie, o bogatej strukturze, g\u0119ste i o doskona\u0142ej budowie, zr\u00f3wnowa\u017cone aksamitnymi taninami.<br \/>\nIdealnie komponuje si\u0119 z czerwonymi mi\u0119sami i pieczeniami, ale tak\u017ce z w\u0119dlinami i dojrza\u0142ymi serami.<\/p>\n","protected":false},"featured_media":1212,"comment_status":"closed","ping_status":"closed","template":"","meta":[],"product_brand":[],"product_cat":[1337,18,19],"product_tag":[737,1339,1340,499],"class_list":{"0":"post-1155","1":"product","2":"type-product","3":"status-publish","4":"has-post-thumbnail","6":"product_cat-umbria","7":"product_cat-wina","8":"product_cat-wlochy-wina","9":"product_tag-czerwone","10":"product_tag-perticaia","11":"product_tag-umbria","12":"product_tag-wlochy","14":"first","15":"instock","16":"shipping-taxable","17":"purchasable","18":"product-type-simple"},"yoast_head":"<!-- This site is optimized with the Yoast SEO plugin v26.9 - https:\/\/yoast.com\/product\/yoast-seo-wordpress\/ -->\n<title>Montefalco Rosso DOC 2019 - B2B MVGD PL<\/title>\n<meta name=\"robots\" content=\"index, follow, max-snippet:-1, max-image-preview:large, max-video-preview:-1\" \/>\n<link rel=\"canonical\" href=\"https:\/\/b2b.mvgd.pl\/index.php\/produkt\/montefalco-rosso-doc-2019\/\" \/>\n<meta property=\"og:locale\" content=\"pl_PL\" \/>\n<meta property=\"og:type\" content=\"article\" \/>\n<meta property=\"og:title\" content=\"Montefalco Rosso DOC 2019 - B2B MVGD PL\" \/>\n<meta property=\"og:description\" content=\"Wino o g\u0142\u0119bokiej, intensywnej i nieodgadnionej rubinowej barwie, charakteryzuje si\u0119 bogatym i z\u0142o\u017conym bukietem, kt\u00f3ry otwiera si\u0119 nutami dojrza\u0142ych czerwonych i czarnych jag\u00f3d, a nast\u0119pnie przechodzi w trzeciorz\u0119dowe aromaty cynamonu i czekolady. Na podniebieniu jest pe\u0142ne i eleganckie, o bogatej strukturze, g\u0119ste i o doskona\u0142ej budowie, zr\u00f3wnowa\u017cone aksamitnymi taninami. Idealnie komponuje si\u0119 z czerwonymi mi\u0119sami i pieczeniami, ale tak\u017ce z w\u0119dlinami i dojrza\u0142ymi serami.\" \/>\n<meta property=\"og:url\" content=\"https:\/\/b2b.mvgd.pl\/index.php\/produkt\/montefalco-rosso-doc-2019\/\" \/>\n<meta property=\"og:site_name\" content=\"B2B MVGD PL\" \/>\n<meta property=\"article:modified_time\" content=\"2026-02-16T19:06:41+00:00\" \/>\n<meta name=\"twitter:card\" content=\"summary_large_image\" \/>\n<script type=\"application\/ld+json\" class=\"yoast-schema-graph\">{\"@context\":\"https:\/\/schema.org\",\"@graph\":[{\"@type\":\"WebPage\",\"@id\":\"https:\/\/b2b.mvgd.pl\/index.php\/produkt\/montefalco-rosso-doc-2019\/\",\"url\":\"https:\/\/b2b.mvgd.pl\/index.php\/produkt\/montefalco-rosso-doc-2019\/\",\"name\":\"Montefalco Rosso DOC 2019 - B2B MVGD PL\",\"isPartOf\":{\"@id\":\"https:\/\/b2b.mvgd.pl\/#website\"},\"primaryImageOfPage\":{\"@id\":\"https:\/\/b2b.mvgd.pl\/index.php\/produkt\/montefalco-rosso-doc-2019\/#primaryimage\"},\"image\":{\"@id\":\"https:\/\/b2b.mvgd.pl\/index.php\/produkt\/montefalco-rosso-doc-2019\/#primaryimage\"},\"thumbnailUrl\":\"https:\/\/b2b.mvgd.pl\/wp-content\/uploads\/2026\/02\/WIN-MONTEFALCO-rosso-DOC-2019-075l-145.png\",\"datePublished\":\"2026-02-16T19:05:17+00:00\",\"dateModified\":\"2026-02-16T19:06:41+00:00\",\"breadcrumb\":{\"@id\":\"https:\/\/b2b.mvgd.pl\/index.php\/produkt\/montefalco-rosso-doc-2019\/#breadcrumb\"},\"inLanguage\":\"pl-PL\",\"potentialAction\":[{\"@type\":\"ReadAction\",\"target\":[\"https:\/\/b2b.mvgd.pl\/index.php\/produkt\/montefalco-rosso-doc-2019\/\"]}]},{\"@type\":\"ImageObject\",\"inLanguage\":\"pl-PL\",\"@id\":\"https:\/\/b2b.mvgd.pl\/index.php\/produkt\/montefalco-rosso-doc-2019\/#primaryimage\",\"url\":\"https:\/\/b2b.mvgd.pl\/wp-content\/uploads\/2026\/02\/WIN-MONTEFALCO-rosso-DOC-2019-075l-145.png\",\"contentUrl\":\"https:\/\/b2b.mvgd.pl\/wp-content\/uploads\/2026\/02\/WIN-MONTEFALCO-rosso-DOC-2019-075l-145.png\",\"width\":900,\"height\":1200},{\"@type\":\"BreadcrumbList\",\"@id\":\"https:\/\/b2b.mvgd.pl\/index.php\/produkt\/montefalco-rosso-doc-2019\/#breadcrumb\",\"itemListElement\":[{\"@type\":\"ListItem\",\"position\":1,\"name\":\"Strona g\u0142\u00f3wna\",\"item\":\"https:\/\/b2b.mvgd.pl\/\"},{\"@type\":\"ListItem\",\"position\":2,\"name\":\"Shop\",\"item\":\"https:\/\/b2b.mvgd.pl\/index.php\/shop\/\"},{\"@type\":\"ListItem\",\"position\":3,\"name\":\"Montefalco Rosso DOC 2019\"}]},{\"@type\":\"WebSite\",\"@id\":\"https:\/\/b2b.mvgd.pl\/#website\",\"url\":\"https:\/\/b2b.mvgd.pl\/\",\"name\":\"B2B MVGD PL\",\"description\":\"\",\"potentialAction\":[{\"@type\":\"SearchAction\",\"target\":{\"@type\":\"EntryPoint\",\"urlTemplate\":\"https:\/\/b2b.mvgd.pl\/?s={search_term_string}\"},\"query-input\":{\"@type\":\"PropertyValueSpecification\",\"valueRequired\":true,\"valueName\":\"search_term_string\"}}],\"inLanguage\":\"pl-PL\"}]}<\/script>\n<!-- \/ Yoast SEO plugin. -->","yoast_head_json":{"title":"Montefalco Rosso DOC 2019 - B2B MVGD PL","robots":{"index":"index","follow":"follow","max-snippet":"max-snippet:-1","max-image-preview":"max-image-preview:large","max-video-preview":"max-video-preview:-1"},"canonical":"https:\/\/b2b.mvgd.pl\/index.php\/produkt\/montefalco-rosso-doc-2019\/","og_locale":"pl_PL","og_type":"article","og_title":"Montefalco Rosso DOC 2019 - B2B MVGD PL","og_description":"Wino o g\u0142\u0119bokiej, intensywnej i nieodgadnionej rubinowej barwie, charakteryzuje si\u0119 bogatym i z\u0142o\u017conym bukietem, kt\u00f3ry otwiera si\u0119 nutami dojrza\u0142ych czerwonych i czarnych jag\u00f3d, a nast\u0119pnie przechodzi w trzeciorz\u0119dowe aromaty cynamonu i czekolady. Na podniebieniu jest pe\u0142ne i eleganckie, o bogatej strukturze, g\u0119ste i o doskona\u0142ej budowie, zr\u00f3wnowa\u017cone aksamitnymi taninami. Idealnie komponuje si\u0119 z czerwonymi mi\u0119sami i pieczeniami, ale tak\u017ce z w\u0119dlinami i dojrza\u0142ymi serami.","og_url":"https:\/\/b2b.mvgd.pl\/index.php\/produkt\/montefalco-rosso-doc-2019\/","og_site_name":"B2B MVGD PL","article_modified_time":"2026-02-16T19:06:41+00:00","twitter_card":"summary_large_image","schema":{"@context":"https:\/\/schema.org","@graph":[{"@type":"WebPage","@id":"https:\/\/b2b.mvgd.pl\/index.php\/produkt\/montefalco-rosso-doc-2019\/","url":"https:\/\/b2b.mvgd.pl\/index.php\/produkt\/montefalco-rosso-doc-2019\/","name":"Montefalco Rosso DOC 2019 - B2B MVGD PL","isPartOf":{"@id":"https:\/\/b2b.mvgd.pl\/#website"},"primaryImageOfPage":{"@id":"https:\/\/b2b.mvgd.pl\/index.php\/produkt\/montefalco-rosso-doc-2019\/#primaryimage"},"image":{"@id":"https:\/\/b2b.mvgd.pl\/index.php\/produkt\/montefalco-rosso-doc-2019\/#primaryimage"},"thumbnailUrl":"https:\/\/b2b.mvgd.pl\/wp-content\/uploads\/2026\/02\/WIN-MONTEFALCO-rosso-DOC-2019-075l-145.png","datePublished":"2026-02-16T19:05:17+00:00","dateModified":"2026-02-16T19:06:41+00:00","breadcrumb":{"@id":"https:\/\/b2b.mvgd.pl\/index.php\/produkt\/montefalco-rosso-doc-2019\/#breadcrumb"},"inLanguage":"pl-PL","potentialAction":[{"@type":"ReadAction","target":["https:\/\/b2b.mvgd.pl\/index.php\/produkt\/montefalco-rosso-doc-2019\/"]}]},{"@type":"ImageObject","inLanguage":"pl-PL","@id":"https:\/\/b2b.mvgd.pl\/index.php\/produkt\/montefalco-rosso-doc-2019\/#primaryimage","url":"https:\/\/b2b.mvgd.pl\/wp-content\/uploads\/2026\/02\/WIN-MONTEFALCO-rosso-DOC-2019-075l-145.png","contentUrl":"https:\/\/b2b.mvgd.pl\/wp-content\/uploads\/2026\/02\/WIN-MONTEFALCO-rosso-DOC-2019-075l-145.png","width":900,"height":1200},{"@type":"BreadcrumbList","@id":"https:\/\/b2b.mvgd.pl\/index.php\/produkt\/montefalco-rosso-doc-2019\/#breadcrumb","itemListElement":[{"@type":"ListItem","position":1,"name":"Strona g\u0142\u00f3wna","item":"https:\/\/b2b.mvgd.pl\/"},{"@type":"ListItem","position":2,"name":"Shop","item":"https:\/\/b2b.mvgd.pl\/index.php\/shop\/"},{"@type":"ListItem","position":3,"name":"Montefalco Rosso DOC 2019"}]},{"@type":"WebSite","@id":"https:\/\/b2b.mvgd.pl\/#website","url":"https:\/\/b2b.mvgd.pl\/","name":"B2B MVGD PL","description":"","potentialAction":[{"@type":"SearchAction","target":{"@type":"EntryPoint","urlTemplate":"https:\/\/b2b.mvgd.pl\/?s={search_term_string}"},"query-input":{"@type":"PropertyValueSpecification","valueRequired":true,"valueName":"search_term_string"}}],"inLanguage":"pl-PL"}]}},"jetpack_sharing_enabled":true,"_links":{"self":[{"href":"https:\/\/b2b.mvgd.pl\/index.php\/wp-json\/wp\/v2\/product\/1155","targetHints":{"allow":["GET"]}}],"collection":[{"href":"https:\/\/b2b.mvgd.pl\/index.php\/wp-json\/wp\/v2\/product"}],"about":[{"href":"https:\/\/b2b.mvgd.pl\/index.php\/wp-json\/wp\/v2\/types\/product"}],"replies":[{"embeddable":true,"href":"https:\/\/b2b.mvgd.pl\/index.php\/wp-json\/wp\/v2\/comments?post=1155"}],"version-history":[{"count":0,"href":"https:\/\/b2b.mvgd.pl\/index.php\/wp-json\/wp\/v2\/product\/1155\/revisions"}],"wp:featuredmedia":[{"embeddable":true,"href":"https:\/\/b2b.mvgd.pl\/index.php\/wp-json\/wp\/v2\/media\/1212"}],"wp:attachment":[{"href":"https:\/\/b2b.mvgd.pl\/index.php\/wp-json\/wp\/v2\/media?parent=1155"}],"wp:term":[{"taxonomy":"product_brand","embeddable":true,"href":"https:\/\/b2b.mvgd.pl\/index.php\/wp-json\/wp\/v2\/product_brand?post=1155"},{"taxonomy":"product_cat","embeddable":true,"href":"https:\/\/b2b.mvgd.pl\/index.php\/wp-json\/wp\/v2\/product_cat?post=1155"},{"taxonomy":"product_tag","embeddable":true,"href":"https:\/\/b2b.mvgd.pl\/index.php\/wp-json\/wp\/v2\/product_tag?post=1155"}],"curies":[{"name":"wp","href":"https:\/\/api.w.org\/{rel}","templated":true}]}}