{"id":1154,"date":"2026-02-16T19:05:17","date_gmt":"2026-02-16T19:05:17","guid":{"rendered":"https:\/\/b2b.mvgd.pl\/?post_type=product&#038;p=1154"},"modified":"2026-02-16T19:06:33","modified_gmt":"2026-02-16T19:06:33","slug":"win-unmaredivino-su-mere-cannonau-riserva-2018-075l-175","status":"publish","type":"product","link":"https:\/\/b2b.mvgd.pl\/index.php\/produkt\/win-unmaredivino-su-mere-cannonau-riserva-2018-075l-175\/","title":{"rendered":"WIN UNMAREDIVINO Su Mere Cannonau Riserva 2018 0,75l 17,5%"},"content":{"rendered":"<p>Kolor: Su M\u00e8re 2015 ma pi\u0119kny ciemny rubinowy kolor, intensywny, a jednocze\u015bnie jasny, z bardziej br\u0105zow\u0105 nut\u0105 na brzegach paznokcia.<\/p>\n<p>Bukiet: W nosie jest z\u0142o\u017cony i strukturalny. Wino ma wiele warstw ciemnych owoc\u00f3w jagodowych, przypominaj\u0105cych p\u00f3\u017ano dojrzewaj\u0105ce morele, nuty le\u015bnej ziemi, mokrego tytoniu i lukrecji. Czarny pieprz i go\u017adziki dodaj\u0105 z\u0142o\u017cono\u015bci mocnemu i uwodzicielskiemu bukietowi. G\u0142\u0119bokie, cudownie skoncentrowane owoce s\u0105 przeplatane eleganckimi nutami d\u0119bu i pikantnymi akcentami, tworz\u0105c bogaty smak z mi\u0119kkimi taninami i d\u0142ugim, wytrawnym finiszem.<\/p>\n<p>Smak: Pe\u0142ny, na sw\u00f3j spos\u00f3b \u015bwie\u017cy, z d\u0142ugim finiszem. Alkohol dodaje mu ciep\u0142a, przenosz\u0105c doznania smakowe na wy\u017cszy poziom.<\/p>\n<p>Temperatura serwowania: 18\u00b0 \u2013 20\u00b0 C<\/p>\n<p>Potrawy o bogatej strukturze wymagaj\u0105 intensywnego i wa\u017cnego wina! Su M\u00e8re mo\u017cna \u0142\u0105czy\u0107 z wyszukanymi daniami g\u0142\u00f3wnymi, dziczyzn\u0105, truflami, kaczk\u0105. Idealnie pasuje do czerwonych mi\u0119s, potrawek, da\u0144 duszonych i wszystkich potraw gotowanych na wolnym ogniu. Zaskakuj\u0105ce po\u0142\u0105czenie z czekolad\u0105.<\/p>\n","protected":false},"excerpt":{"rendered":"<p data-start=\"334\" data-end=\"407\">SU MERE Cannonau di Sardegna doc, Riserva. G\u0142\u0119bokie, cudownie skoncentrowane owoce przeplataj\u0105 si\u0119 w tym winie z eleganckimi nutami d\u0119bu i s\u0142onymi akcentami, tworz\u0105c mi\u0119kkie podniebienie, z delikatnymi taninami i d\u0142ugim, wytrawnym finiszem. Zaskakuj\u0105co pe\u0142ne i jednocze\u015bnie \u015bwie\u017ce.<\/p>\n","protected":false},"featured_media":1202,"comment_status":"closed","ping_status":"closed","template":"","meta":[],"product_brand":[],"product_cat":[1383,18,19],"product_tag":[737,903,1384,1385,499],"class_list":{"0":"post-1154","1":"product","2":"type-product","3":"status-publish","4":"has-post-thumbnail","6":"product_cat-sardynia","7":"product_cat-wina","8":"product_cat-wlochy-wina","9":"product_tag-czerwone","10":"product_tag-polwytrawne","11":"product_tag-sardynia","12":"product_tag-unmaredivino","13":"product_tag-wlochy","15":"first","16":"instock","17":"shipping-taxable","18":"purchasable","19":"product-type-simple"},"yoast_head":"<!-- This site is optimized with the Yoast SEO plugin v26.9 - https:\/\/yoast.com\/product\/yoast-seo-wordpress\/ -->\n<title>WIN UNMAREDIVINO Su Mere Cannonau Riserva 2018 0,75l 17,5% - B2B MVGD PL<\/title>\n<meta name=\"robots\" content=\"index, follow, max-snippet:-1, max-image-preview:large, max-video-preview:-1\" \/>\n<link rel=\"canonical\" href=\"https:\/\/b2b.mvgd.pl\/index.php\/produkt\/win-unmaredivino-su-mere-cannonau-riserva-2018-075l-175\/\" \/>\n<meta property=\"og:locale\" content=\"pl_PL\" \/>\n<meta property=\"og:type\" content=\"article\" \/>\n<meta property=\"og:title\" content=\"WIN UNMAREDIVINO Su Mere Cannonau Riserva 2018 0,75l 17,5% - B2B MVGD PL\" \/>\n<meta property=\"og:description\" content=\"SU MERE Cannonau di Sardegna doc, Riserva. G\u0142\u0119bokie, cudownie skoncentrowane owoce przeplataj\u0105 si\u0119 w tym winie z eleganckimi nutami d\u0119bu i s\u0142onymi akcentami, tworz\u0105c mi\u0119kkie podniebienie, z delikatnymi taninami i d\u0142ugim, wytrawnym finiszem. Zaskakuj\u0105co pe\u0142ne i jednocze\u015bnie \u015bwie\u017ce.\" \/>\n<meta property=\"og:url\" content=\"https:\/\/b2b.mvgd.pl\/index.php\/produkt\/win-unmaredivino-su-mere-cannonau-riserva-2018-075l-175\/\" \/>\n<meta property=\"og:site_name\" content=\"B2B MVGD PL\" \/>\n<meta property=\"article:modified_time\" content=\"2026-02-16T19:06:33+00:00\" \/>\n<meta name=\"twitter:card\" content=\"summary_large_image\" \/>\n<meta name=\"twitter:label1\" content=\"Szacowany czas czytania\" \/>\n\t<meta name=\"twitter:data1\" content=\"1 minuta\" \/>\n<script type=\"application\/ld+json\" class=\"yoast-schema-graph\">{\"@context\":\"https:\/\/schema.org\",\"@graph\":[{\"@type\":\"WebPage\",\"@id\":\"https:\/\/b2b.mvgd.pl\/index.php\/produkt\/win-unmaredivino-su-mere-cannonau-riserva-2018-075l-175\/\",\"url\":\"https:\/\/b2b.mvgd.pl\/index.php\/produkt\/win-unmaredivino-su-mere-cannonau-riserva-2018-075l-175\/\",\"name\":\"WIN UNMAREDIVINO Su Mere Cannonau Riserva 2018 0,75l 17,5% - B2B MVGD PL\",\"isPartOf\":{\"@id\":\"https:\/\/b2b.mvgd.pl\/#website\"},\"primaryImageOfPage\":{\"@id\":\"https:\/\/b2b.mvgd.pl\/index.php\/produkt\/win-unmaredivino-su-mere-cannonau-riserva-2018-075l-175\/#primaryimage\"},\"image\":{\"@id\":\"https:\/\/b2b.mvgd.pl\/index.php\/produkt\/win-unmaredivino-su-mere-cannonau-riserva-2018-075l-175\/#primaryimage\"},\"thumbnailUrl\":\"https:\/\/b2b.mvgd.pl\/wp-content\/uploads\/2026\/02\/WIN-UNMAREDIVINO-Su-Mere-Cannonau-Riserva-2018-075l-175.png\",\"datePublished\":\"2026-02-16T19:05:17+00:00\",\"dateModified\":\"2026-02-16T19:06:33+00:00\",\"breadcrumb\":{\"@id\":\"https:\/\/b2b.mvgd.pl\/index.php\/produkt\/win-unmaredivino-su-mere-cannonau-riserva-2018-075l-175\/#breadcrumb\"},\"inLanguage\":\"pl-PL\",\"potentialAction\":[{\"@type\":\"ReadAction\",\"target\":[\"https:\/\/b2b.mvgd.pl\/index.php\/produkt\/win-unmaredivino-su-mere-cannonau-riserva-2018-075l-175\/\"]}]},{\"@type\":\"ImageObject\",\"inLanguage\":\"pl-PL\",\"@id\":\"https:\/\/b2b.mvgd.pl\/index.php\/produkt\/win-unmaredivino-su-mere-cannonau-riserva-2018-075l-175\/#primaryimage\",\"url\":\"https:\/\/b2b.mvgd.pl\/wp-content\/uploads\/2026\/02\/WIN-UNMAREDIVINO-Su-Mere-Cannonau-Riserva-2018-075l-175.png\",\"contentUrl\":\"https:\/\/b2b.mvgd.pl\/wp-content\/uploads\/2026\/02\/WIN-UNMAREDIVINO-Su-Mere-Cannonau-Riserva-2018-075l-175.png\",\"width\":900,\"height\":1200},{\"@type\":\"BreadcrumbList\",\"@id\":\"https:\/\/b2b.mvgd.pl\/index.php\/produkt\/win-unmaredivino-su-mere-cannonau-riserva-2018-075l-175\/#breadcrumb\",\"itemListElement\":[{\"@type\":\"ListItem\",\"position\":1,\"name\":\"Strona g\u0142\u00f3wna\",\"item\":\"https:\/\/b2b.mvgd.pl\/\"},{\"@type\":\"ListItem\",\"position\":2,\"name\":\"Shop\",\"item\":\"https:\/\/b2b.mvgd.pl\/index.php\/shop\/\"},{\"@type\":\"ListItem\",\"position\":3,\"name\":\"WIN UNMAREDIVINO Su Mere Cannonau Riserva 2018 0,75l 17,5%\"}]},{\"@type\":\"WebSite\",\"@id\":\"https:\/\/b2b.mvgd.pl\/#website\",\"url\":\"https:\/\/b2b.mvgd.pl\/\",\"name\":\"B2B MVGD PL\",\"description\":\"\",\"potentialAction\":[{\"@type\":\"SearchAction\",\"target\":{\"@type\":\"EntryPoint\",\"urlTemplate\":\"https:\/\/b2b.mvgd.pl\/?s={search_term_string}\"},\"query-input\":{\"@type\":\"PropertyValueSpecification\",\"valueRequired\":true,\"valueName\":\"search_term_string\"}}],\"inLanguage\":\"pl-PL\"}]}<\/script>\n<!-- \/ Yoast SEO plugin. -->","yoast_head_json":{"title":"WIN UNMAREDIVINO Su Mere Cannonau Riserva 2018 0,75l 17,5% - B2B MVGD PL","robots":{"index":"index","follow":"follow","max-snippet":"max-snippet:-1","max-image-preview":"max-image-preview:large","max-video-preview":"max-video-preview:-1"},"canonical":"https:\/\/b2b.mvgd.pl\/index.php\/produkt\/win-unmaredivino-su-mere-cannonau-riserva-2018-075l-175\/","og_locale":"pl_PL","og_type":"article","og_title":"WIN UNMAREDIVINO Su Mere Cannonau Riserva 2018 0,75l 17,5% - B2B MVGD PL","og_description":"SU MERE Cannonau di Sardegna doc, Riserva. G\u0142\u0119bokie, cudownie skoncentrowane owoce przeplataj\u0105 si\u0119 w tym winie z eleganckimi nutami d\u0119bu i s\u0142onymi akcentami, tworz\u0105c mi\u0119kkie podniebienie, z delikatnymi taninami i d\u0142ugim, wytrawnym finiszem. Zaskakuj\u0105co pe\u0142ne i jednocze\u015bnie \u015bwie\u017ce.","og_url":"https:\/\/b2b.mvgd.pl\/index.php\/produkt\/win-unmaredivino-su-mere-cannonau-riserva-2018-075l-175\/","og_site_name":"B2B MVGD PL","article_modified_time":"2026-02-16T19:06:33+00:00","twitter_card":"summary_large_image","twitter_misc":{"Szacowany czas czytania":"1 minuta"},"schema":{"@context":"https:\/\/schema.org","@graph":[{"@type":"WebPage","@id":"https:\/\/b2b.mvgd.pl\/index.php\/produkt\/win-unmaredivino-su-mere-cannonau-riserva-2018-075l-175\/","url":"https:\/\/b2b.mvgd.pl\/index.php\/produkt\/win-unmaredivino-su-mere-cannonau-riserva-2018-075l-175\/","name":"WIN UNMAREDIVINO Su Mere Cannonau Riserva 2018 0,75l 17,5% - B2B MVGD PL","isPartOf":{"@id":"https:\/\/b2b.mvgd.pl\/#website"},"primaryImageOfPage":{"@id":"https:\/\/b2b.mvgd.pl\/index.php\/produkt\/win-unmaredivino-su-mere-cannonau-riserva-2018-075l-175\/#primaryimage"},"image":{"@id":"https:\/\/b2b.mvgd.pl\/index.php\/produkt\/win-unmaredivino-su-mere-cannonau-riserva-2018-075l-175\/#primaryimage"},"thumbnailUrl":"https:\/\/b2b.mvgd.pl\/wp-content\/uploads\/2026\/02\/WIN-UNMAREDIVINO-Su-Mere-Cannonau-Riserva-2018-075l-175.png","datePublished":"2026-02-16T19:05:17+00:00","dateModified":"2026-02-16T19:06:33+00:00","breadcrumb":{"@id":"https:\/\/b2b.mvgd.pl\/index.php\/produkt\/win-unmaredivino-su-mere-cannonau-riserva-2018-075l-175\/#breadcrumb"},"inLanguage":"pl-PL","potentialAction":[{"@type":"ReadAction","target":["https:\/\/b2b.mvgd.pl\/index.php\/produkt\/win-unmaredivino-su-mere-cannonau-riserva-2018-075l-175\/"]}]},{"@type":"ImageObject","inLanguage":"pl-PL","@id":"https:\/\/b2b.mvgd.pl\/index.php\/produkt\/win-unmaredivino-su-mere-cannonau-riserva-2018-075l-175\/#primaryimage","url":"https:\/\/b2b.mvgd.pl\/wp-content\/uploads\/2026\/02\/WIN-UNMAREDIVINO-Su-Mere-Cannonau-Riserva-2018-075l-175.png","contentUrl":"https:\/\/b2b.mvgd.pl\/wp-content\/uploads\/2026\/02\/WIN-UNMAREDIVINO-Su-Mere-Cannonau-Riserva-2018-075l-175.png","width":900,"height":1200},{"@type":"BreadcrumbList","@id":"https:\/\/b2b.mvgd.pl\/index.php\/produkt\/win-unmaredivino-su-mere-cannonau-riserva-2018-075l-175\/#breadcrumb","itemListElement":[{"@type":"ListItem","position":1,"name":"Strona g\u0142\u00f3wna","item":"https:\/\/b2b.mvgd.pl\/"},{"@type":"ListItem","position":2,"name":"Shop","item":"https:\/\/b2b.mvgd.pl\/index.php\/shop\/"},{"@type":"ListItem","position":3,"name":"WIN UNMAREDIVINO Su Mere Cannonau Riserva 2018 0,75l 17,5%"}]},{"@type":"WebSite","@id":"https:\/\/b2b.mvgd.pl\/#website","url":"https:\/\/b2b.mvgd.pl\/","name":"B2B MVGD PL","description":"","potentialAction":[{"@type":"SearchAction","target":{"@type":"EntryPoint","urlTemplate":"https:\/\/b2b.mvgd.pl\/?s={search_term_string}"},"query-input":{"@type":"PropertyValueSpecification","valueRequired":true,"valueName":"search_term_string"}}],"inLanguage":"pl-PL"}]}},"jetpack_sharing_enabled":true,"_links":{"self":[{"href":"https:\/\/b2b.mvgd.pl\/index.php\/wp-json\/wp\/v2\/product\/1154","targetHints":{"allow":["GET"]}}],"collection":[{"href":"https:\/\/b2b.mvgd.pl\/index.php\/wp-json\/wp\/v2\/product"}],"about":[{"href":"https:\/\/b2b.mvgd.pl\/index.php\/wp-json\/wp\/v2\/types\/product"}],"replies":[{"embeddable":true,"href":"https:\/\/b2b.mvgd.pl\/index.php\/wp-json\/wp\/v2\/comments?post=1154"}],"version-history":[{"count":0,"href":"https:\/\/b2b.mvgd.pl\/index.php\/wp-json\/wp\/v2\/product\/1154\/revisions"}],"wp:featuredmedia":[{"embeddable":true,"href":"https:\/\/b2b.mvgd.pl\/index.php\/wp-json\/wp\/v2\/media\/1202"}],"wp:attachment":[{"href":"https:\/\/b2b.mvgd.pl\/index.php\/wp-json\/wp\/v2\/media?parent=1154"}],"wp:term":[{"taxonomy":"product_brand","embeddable":true,"href":"https:\/\/b2b.mvgd.pl\/index.php\/wp-json\/wp\/v2\/product_brand?post=1154"},{"taxonomy":"product_cat","embeddable":true,"href":"https:\/\/b2b.mvgd.pl\/index.php\/wp-json\/wp\/v2\/product_cat?post=1154"},{"taxonomy":"product_tag","embeddable":true,"href":"https:\/\/b2b.mvgd.pl\/index.php\/wp-json\/wp\/v2\/product_tag?post=1154"}],"curies":[{"name":"wp","href":"https:\/\/api.w.org\/{rel}","templated":true}]}}