{"id":1153,"date":"2026-02-16T19:05:17","date_gmt":"2026-02-16T19:05:17","guid":{"rendered":"https:\/\/b2b.mvgd.pl\/?post_type=product&#038;p=1153"},"modified":"2026-02-16T19:06:31","modified_gmt":"2026-02-16T19:06:31","slug":"win-unmaredivino-oltremare-colli-del-limbara-2018-075l-155","status":"publish","type":"product","link":"https:\/\/b2b.mvgd.pl\/index.php\/produkt\/win-unmaredivino-oltremare-colli-del-limbara-2018-075l-155\/","title":{"rendered":"WIN UNMAREDIVINO Oltremare Colli Del Limbara 2018 0,75l 15,5"},"content":{"rendered":"<p>Kolor: Granatowy z fioletowymi refleksami.<\/p>\n<p>Bukiet: Bukiet przypomina konfitur\u0119 z je\u017cyn i ma\u0142ych czerwonych owoc\u00f3w, runo le\u015bne i nuty mi\u0119towe.<\/p>\n<p>Smak: W ustach jest okr\u0105g\u0142e, mimo \u017ce wyczuwalne s\u0105 delikatne taniny, kt\u00f3re wspieraj\u0105 wa\u017cn\u0105 struktur\u0119 produktu.<\/p>\n<p>Temperatura serwowania: 14\u00b0 \u2013 18\u00b0 C<\/p>\n<p>Grillowane czerwone mi\u0119so, dzik, koza, pikantne dania i p\u00f3\u0142dojrza\u0142e sery.<\/p>\n<p>Obszar pochodzenia: Berchidda (Sassari) Region Monte Acuto Sardynia \u2013 W\u0142ochy<\/p>\n<p>Gleba i uprawa: Rozpad granitu \u2013 Guyot i zmodyfikowana uprawa alberello.<\/p>\n","protected":false},"excerpt":{"rendered":"<p data-start=\"334\" data-end=\"407\">OLTREMARE Rosso dei Colli del Limbara IGT jest okr\u0105g\u0142e w smaku, mimo \u017ce wyczuwalne s\u0105 delikatne taniny, kt\u00f3re wspieraj\u0105 wa\u017cn\u0105 struktur\u0119 produktu.<\/p>\n","protected":false},"featured_media":1201,"comment_status":"closed","ping_status":"closed","template":"","meta":[],"product_brand":[],"product_cat":[1383,18,19],"product_tag":[737,1384,1385,499,321],"class_list":{"0":"post-1153","1":"product","2":"type-product","3":"status-publish","4":"has-post-thumbnail","6":"product_cat-sardynia","7":"product_cat-wina","8":"product_cat-wlochy-wina","9":"product_tag-czerwone","10":"product_tag-sardynia","11":"product_tag-unmaredivino","12":"product_tag-wlochy","13":"product_tag-wytrawne","15":"first","16":"instock","17":"shipping-taxable","18":"purchasable","19":"product-type-simple"},"yoast_head":"<!-- This site is optimized with the Yoast SEO plugin v26.9 - https:\/\/yoast.com\/product\/yoast-seo-wordpress\/ -->\n<title>WIN UNMAREDIVINO Oltremare Colli Del Limbara 2018 0,75l 15,5 - B2B MVGD PL<\/title>\n<meta name=\"robots\" content=\"index, follow, max-snippet:-1, max-image-preview:large, max-video-preview:-1\" \/>\n<link rel=\"canonical\" href=\"https:\/\/b2b.mvgd.pl\/index.php\/produkt\/win-unmaredivino-oltremare-colli-del-limbara-2018-075l-155\/\" \/>\n<meta property=\"og:locale\" content=\"pl_PL\" \/>\n<meta property=\"og:type\" content=\"article\" \/>\n<meta property=\"og:title\" content=\"WIN UNMAREDIVINO Oltremare Colli Del Limbara 2018 0,75l 15,5 - B2B MVGD PL\" \/>\n<meta property=\"og:description\" content=\"OLTREMARE Rosso dei Colli del Limbara IGT jest okr\u0105g\u0142e w smaku, mimo \u017ce wyczuwalne s\u0105 delikatne taniny, kt\u00f3re wspieraj\u0105 wa\u017cn\u0105 struktur\u0119 produktu.\" \/>\n<meta property=\"og:url\" content=\"https:\/\/b2b.mvgd.pl\/index.php\/produkt\/win-unmaredivino-oltremare-colli-del-limbara-2018-075l-155\/\" \/>\n<meta property=\"og:site_name\" content=\"B2B MVGD PL\" \/>\n<meta property=\"article:modified_time\" content=\"2026-02-16T19:06:31+00:00\" \/>\n<meta name=\"twitter:card\" content=\"summary_large_image\" \/>\n<script type=\"application\/ld+json\" class=\"yoast-schema-graph\">{\"@context\":\"https:\/\/schema.org\",\"@graph\":[{\"@type\":\"WebPage\",\"@id\":\"https:\/\/b2b.mvgd.pl\/index.php\/produkt\/win-unmaredivino-oltremare-colli-del-limbara-2018-075l-155\/\",\"url\":\"https:\/\/b2b.mvgd.pl\/index.php\/produkt\/win-unmaredivino-oltremare-colli-del-limbara-2018-075l-155\/\",\"name\":\"WIN UNMAREDIVINO Oltremare Colli Del Limbara 2018 0,75l 15,5 - B2B MVGD PL\",\"isPartOf\":{\"@id\":\"https:\/\/b2b.mvgd.pl\/#website\"},\"primaryImageOfPage\":{\"@id\":\"https:\/\/b2b.mvgd.pl\/index.php\/produkt\/win-unmaredivino-oltremare-colli-del-limbara-2018-075l-155\/#primaryimage\"},\"image\":{\"@id\":\"https:\/\/b2b.mvgd.pl\/index.php\/produkt\/win-unmaredivino-oltremare-colli-del-limbara-2018-075l-155\/#primaryimage\"},\"thumbnailUrl\":\"https:\/\/b2b.mvgd.pl\/wp-content\/uploads\/2026\/02\/WIN-UNMAREDIVINO-Oltremare-Colli-Del-Limbara-2018-075l-155.png\",\"datePublished\":\"2026-02-16T19:05:17+00:00\",\"dateModified\":\"2026-02-16T19:06:31+00:00\",\"breadcrumb\":{\"@id\":\"https:\/\/b2b.mvgd.pl\/index.php\/produkt\/win-unmaredivino-oltremare-colli-del-limbara-2018-075l-155\/#breadcrumb\"},\"inLanguage\":\"pl-PL\",\"potentialAction\":[{\"@type\":\"ReadAction\",\"target\":[\"https:\/\/b2b.mvgd.pl\/index.php\/produkt\/win-unmaredivino-oltremare-colli-del-limbara-2018-075l-155\/\"]}]},{\"@type\":\"ImageObject\",\"inLanguage\":\"pl-PL\",\"@id\":\"https:\/\/b2b.mvgd.pl\/index.php\/produkt\/win-unmaredivino-oltremare-colli-del-limbara-2018-075l-155\/#primaryimage\",\"url\":\"https:\/\/b2b.mvgd.pl\/wp-content\/uploads\/2026\/02\/WIN-UNMAREDIVINO-Oltremare-Colli-Del-Limbara-2018-075l-155.png\",\"contentUrl\":\"https:\/\/b2b.mvgd.pl\/wp-content\/uploads\/2026\/02\/WIN-UNMAREDIVINO-Oltremare-Colli-Del-Limbara-2018-075l-155.png\",\"width\":900,\"height\":1200},{\"@type\":\"BreadcrumbList\",\"@id\":\"https:\/\/b2b.mvgd.pl\/index.php\/produkt\/win-unmaredivino-oltremare-colli-del-limbara-2018-075l-155\/#breadcrumb\",\"itemListElement\":[{\"@type\":\"ListItem\",\"position\":1,\"name\":\"Strona g\u0142\u00f3wna\",\"item\":\"https:\/\/b2b.mvgd.pl\/\"},{\"@type\":\"ListItem\",\"position\":2,\"name\":\"Shop\",\"item\":\"https:\/\/b2b.mvgd.pl\/index.php\/shop\/\"},{\"@type\":\"ListItem\",\"position\":3,\"name\":\"WIN UNMAREDIVINO Oltremare Colli Del Limbara 2018 0,75l 15,5\"}]},{\"@type\":\"WebSite\",\"@id\":\"https:\/\/b2b.mvgd.pl\/#website\",\"url\":\"https:\/\/b2b.mvgd.pl\/\",\"name\":\"B2B MVGD PL\",\"description\":\"\",\"potentialAction\":[{\"@type\":\"SearchAction\",\"target\":{\"@type\":\"EntryPoint\",\"urlTemplate\":\"https:\/\/b2b.mvgd.pl\/?s={search_term_string}\"},\"query-input\":{\"@type\":\"PropertyValueSpecification\",\"valueRequired\":true,\"valueName\":\"search_term_string\"}}],\"inLanguage\":\"pl-PL\"}]}<\/script>\n<!-- \/ Yoast SEO plugin. -->","yoast_head_json":{"title":"WIN UNMAREDIVINO Oltremare Colli Del Limbara 2018 0,75l 15,5 - B2B MVGD PL","robots":{"index":"index","follow":"follow","max-snippet":"max-snippet:-1","max-image-preview":"max-image-preview:large","max-video-preview":"max-video-preview:-1"},"canonical":"https:\/\/b2b.mvgd.pl\/index.php\/produkt\/win-unmaredivino-oltremare-colli-del-limbara-2018-075l-155\/","og_locale":"pl_PL","og_type":"article","og_title":"WIN UNMAREDIVINO Oltremare Colli Del Limbara 2018 0,75l 15,5 - B2B MVGD PL","og_description":"OLTREMARE Rosso dei Colli del Limbara IGT jest okr\u0105g\u0142e w smaku, mimo \u017ce wyczuwalne s\u0105 delikatne taniny, kt\u00f3re wspieraj\u0105 wa\u017cn\u0105 struktur\u0119 produktu.","og_url":"https:\/\/b2b.mvgd.pl\/index.php\/produkt\/win-unmaredivino-oltremare-colli-del-limbara-2018-075l-155\/","og_site_name":"B2B MVGD PL","article_modified_time":"2026-02-16T19:06:31+00:00","twitter_card":"summary_large_image","schema":{"@context":"https:\/\/schema.org","@graph":[{"@type":"WebPage","@id":"https:\/\/b2b.mvgd.pl\/index.php\/produkt\/win-unmaredivino-oltremare-colli-del-limbara-2018-075l-155\/","url":"https:\/\/b2b.mvgd.pl\/index.php\/produkt\/win-unmaredivino-oltremare-colli-del-limbara-2018-075l-155\/","name":"WIN UNMAREDIVINO Oltremare Colli Del Limbara 2018 0,75l 15,5 - B2B MVGD PL","isPartOf":{"@id":"https:\/\/b2b.mvgd.pl\/#website"},"primaryImageOfPage":{"@id":"https:\/\/b2b.mvgd.pl\/index.php\/produkt\/win-unmaredivino-oltremare-colli-del-limbara-2018-075l-155\/#primaryimage"},"image":{"@id":"https:\/\/b2b.mvgd.pl\/index.php\/produkt\/win-unmaredivino-oltremare-colli-del-limbara-2018-075l-155\/#primaryimage"},"thumbnailUrl":"https:\/\/b2b.mvgd.pl\/wp-content\/uploads\/2026\/02\/WIN-UNMAREDIVINO-Oltremare-Colli-Del-Limbara-2018-075l-155.png","datePublished":"2026-02-16T19:05:17+00:00","dateModified":"2026-02-16T19:06:31+00:00","breadcrumb":{"@id":"https:\/\/b2b.mvgd.pl\/index.php\/produkt\/win-unmaredivino-oltremare-colli-del-limbara-2018-075l-155\/#breadcrumb"},"inLanguage":"pl-PL","potentialAction":[{"@type":"ReadAction","target":["https:\/\/b2b.mvgd.pl\/index.php\/produkt\/win-unmaredivino-oltremare-colli-del-limbara-2018-075l-155\/"]}]},{"@type":"ImageObject","inLanguage":"pl-PL","@id":"https:\/\/b2b.mvgd.pl\/index.php\/produkt\/win-unmaredivino-oltremare-colli-del-limbara-2018-075l-155\/#primaryimage","url":"https:\/\/b2b.mvgd.pl\/wp-content\/uploads\/2026\/02\/WIN-UNMAREDIVINO-Oltremare-Colli-Del-Limbara-2018-075l-155.png","contentUrl":"https:\/\/b2b.mvgd.pl\/wp-content\/uploads\/2026\/02\/WIN-UNMAREDIVINO-Oltremare-Colli-Del-Limbara-2018-075l-155.png","width":900,"height":1200},{"@type":"BreadcrumbList","@id":"https:\/\/b2b.mvgd.pl\/index.php\/produkt\/win-unmaredivino-oltremare-colli-del-limbara-2018-075l-155\/#breadcrumb","itemListElement":[{"@type":"ListItem","position":1,"name":"Strona g\u0142\u00f3wna","item":"https:\/\/b2b.mvgd.pl\/"},{"@type":"ListItem","position":2,"name":"Shop","item":"https:\/\/b2b.mvgd.pl\/index.php\/shop\/"},{"@type":"ListItem","position":3,"name":"WIN UNMAREDIVINO Oltremare Colli Del Limbara 2018 0,75l 15,5"}]},{"@type":"WebSite","@id":"https:\/\/b2b.mvgd.pl\/#website","url":"https:\/\/b2b.mvgd.pl\/","name":"B2B MVGD PL","description":"","potentialAction":[{"@type":"SearchAction","target":{"@type":"EntryPoint","urlTemplate":"https:\/\/b2b.mvgd.pl\/?s={search_term_string}"},"query-input":{"@type":"PropertyValueSpecification","valueRequired":true,"valueName":"search_term_string"}}],"inLanguage":"pl-PL"}]}},"jetpack_sharing_enabled":true,"_links":{"self":[{"href":"https:\/\/b2b.mvgd.pl\/index.php\/wp-json\/wp\/v2\/product\/1153","targetHints":{"allow":["GET"]}}],"collection":[{"href":"https:\/\/b2b.mvgd.pl\/index.php\/wp-json\/wp\/v2\/product"}],"about":[{"href":"https:\/\/b2b.mvgd.pl\/index.php\/wp-json\/wp\/v2\/types\/product"}],"replies":[{"embeddable":true,"href":"https:\/\/b2b.mvgd.pl\/index.php\/wp-json\/wp\/v2\/comments?post=1153"}],"version-history":[{"count":0,"href":"https:\/\/b2b.mvgd.pl\/index.php\/wp-json\/wp\/v2\/product\/1153\/revisions"}],"wp:featuredmedia":[{"embeddable":true,"href":"https:\/\/b2b.mvgd.pl\/index.php\/wp-json\/wp\/v2\/media\/1201"}],"wp:attachment":[{"href":"https:\/\/b2b.mvgd.pl\/index.php\/wp-json\/wp\/v2\/media?parent=1153"}],"wp:term":[{"taxonomy":"product_brand","embeddable":true,"href":"https:\/\/b2b.mvgd.pl\/index.php\/wp-json\/wp\/v2\/product_brand?post=1153"},{"taxonomy":"product_cat","embeddable":true,"href":"https:\/\/b2b.mvgd.pl\/index.php\/wp-json\/wp\/v2\/product_cat?post=1153"},{"taxonomy":"product_tag","embeddable":true,"href":"https:\/\/b2b.mvgd.pl\/index.php\/wp-json\/wp\/v2\/product_tag?post=1153"}],"curies":[{"name":"wp","href":"https:\/\/api.w.org\/{rel}","templated":true}]}}