{"id":1143,"date":"2026-02-16T19:04:48","date_gmt":"2026-02-16T19:04:48","guid":{"rendered":"https:\/\/b2b.mvgd.pl\/?post_type=product&#038;p=1143"},"modified":"2026-02-16T19:06:24","modified_gmt":"2026-02-16T19:06:24","slug":"win-unmaredivino-rose-colli-del-limbara-igt-2023-075l-13-2","status":"publish","type":"product","link":"https:\/\/b2b.mvgd.pl\/index.php\/produkt\/win-unmaredivino-rose-colli-del-limbara-igt-2023-075l-13-2\/","title":{"rendered":"WIN UNMAREDIVINO Rose&#8217; Colli Del Limbara Igt 2023 0,75l 13%"},"content":{"rendered":"<p data-start=\"334\" data-end=\"407\">Kolor: S\u0142omkowy z jasnozielonymi refleksami.<\/p>\n<p data-start=\"334\" data-end=\"407\">Bukiet: Przypomina winogrona, \u015br\u00f3dziemnomorsk\u0105 ro\u015blinno\u015b\u0107, jab\u0142ka golden, bia\u0142e brzoskwinie, \u017c\u00f3\u0142te kwiaty, takie jak janowiec i dzikie kwiaty. Jest to wino o oryginalnym charakterze.<\/p>\n<p data-start=\"334\" data-end=\"407\">Smak: Wyrazisty, mi\u0119kki i otulaj\u0105cy, o\u017cywiony dynamicznym, \u015bwie\u017cym i pikantnym akcentem, kt\u00f3ry nadaje mu r\u00f3wnowag\u0119 i elegancj\u0119; d\u0142ugo utrzymuje si\u0119 w ustach s\u0142ony posmak. Temperatura serwowania: 8\u00b0 \u2013 10\u00b0 C<\/p>\n<p data-start=\"334\" data-end=\"407\">Pierwsze dania z ma\u0142\u017cami, skorupiakami i rybami. Homar z pomidorami, cebul\u0105 i oliw\u0105 z oliwek extra virgin. Zupy warzywne doprawione owocow\u0105 oliw\u0105 z oliwek extra virgin. Doskona\u0142e po\u0142\u0105czenie z zup\u0105 berchiddese. \u015awie\u017ce i mi\u0119kkie sery kozie i krowie.<\/p>\n<p data-start=\"334\" data-end=\"407\">Obszar pochodzenia: Berchidda (Sassari) Miejscowo\u015b\u0107 \u201eSu Crabileddu\u201d Sardynia \u2013 W\u0142ochy<\/p>\n<p data-start=\"334\" data-end=\"407\">Gleba i uprawa: Rozpad granitu Niska szpalerowa uprawa typu guyot<\/p>\n","protected":false},"excerpt":{"rendered":"<p data-start=\"334\" data-end=\"407\">BIANCOSMERALDO Vermentino di Gallura Superiore DOCG charakteryzuje si\u0119 wytrawnym, ciep\u0142ym i \u0142agodnym smakiem, pikantnym z przyjemn\u0105 \u015bwie\u017co\u015bci\u0105. W ustach wyczuwalna jest naturalna d\u0142ugotrwa\u0142a trwa\u0142o\u015b\u0107.<\/p>\n","protected":false},"featured_media":1198,"comment_status":"closed","ping_status":"closed","template":"","meta":[],"product_brand":[],"product_cat":[1383,18,19],"product_tag":[757,1384,1385,577,499,321],"class_list":{"0":"post-1143","1":"product","2":"type-product","3":"status-publish","4":"has-post-thumbnail","6":"product_cat-sardynia","7":"product_cat-wina","8":"product_cat-wlochy-wina","9":"product_tag-biale","10":"product_tag-sardynia","11":"product_tag-unmaredivino","12":"product_tag-wino-biale","13":"product_tag-wlochy","14":"product_tag-wytrawne","16":"first","17":"instock","18":"shipping-taxable","19":"purchasable","20":"product-type-simple"},"yoast_head":"<!-- This site is optimized with the Yoast SEO plugin v26.9 - https:\/\/yoast.com\/product\/yoast-seo-wordpress\/ -->\n<title>WIN UNMAREDIVINO Rose&#039; Colli Del Limbara Igt 2023 0,75l 13% - B2B MVGD PL<\/title>\n<meta name=\"robots\" content=\"index, follow, max-snippet:-1, max-image-preview:large, max-video-preview:-1\" \/>\n<link rel=\"canonical\" href=\"https:\/\/b2b.mvgd.pl\/index.php\/produkt\/win-unmaredivino-rose-colli-del-limbara-igt-2023-075l-13-2\/\" \/>\n<meta property=\"og:locale\" content=\"pl_PL\" \/>\n<meta property=\"og:type\" content=\"article\" \/>\n<meta property=\"og:title\" content=\"WIN UNMAREDIVINO Rose&#039; Colli Del Limbara Igt 2023 0,75l 13% - B2B MVGD PL\" \/>\n<meta property=\"og:description\" content=\"BIANCOSMERALDO Vermentino di Gallura Superiore DOCG charakteryzuje si\u0119 wytrawnym, ciep\u0142ym i \u0142agodnym smakiem, pikantnym z przyjemn\u0105 \u015bwie\u017co\u015bci\u0105. W ustach wyczuwalna jest naturalna d\u0142ugotrwa\u0142a trwa\u0142o\u015b\u0107.\" \/>\n<meta property=\"og:url\" content=\"https:\/\/b2b.mvgd.pl\/index.php\/produkt\/win-unmaredivino-rose-colli-del-limbara-igt-2023-075l-13-2\/\" \/>\n<meta property=\"og:site_name\" content=\"B2B MVGD PL\" \/>\n<meta property=\"article:modified_time\" content=\"2026-02-16T19:06:24+00:00\" \/>\n<meta name=\"twitter:card\" content=\"summary_large_image\" \/>\n<meta name=\"twitter:label1\" content=\"Szacowany czas czytania\" \/>\n\t<meta name=\"twitter:data1\" content=\"1 minuta\" \/>\n<script type=\"application\/ld+json\" class=\"yoast-schema-graph\">{\"@context\":\"https:\/\/schema.org\",\"@graph\":[{\"@type\":\"WebPage\",\"@id\":\"https:\/\/b2b.mvgd.pl\/index.php\/produkt\/win-unmaredivino-rose-colli-del-limbara-igt-2023-075l-13-2\/\",\"url\":\"https:\/\/b2b.mvgd.pl\/index.php\/produkt\/win-unmaredivino-rose-colli-del-limbara-igt-2023-075l-13-2\/\",\"name\":\"WIN UNMAREDIVINO Rose' Colli Del Limbara Igt 2023 0,75l 13% - B2B MVGD PL\",\"isPartOf\":{\"@id\":\"https:\/\/b2b.mvgd.pl\/#website\"},\"primaryImageOfPage\":{\"@id\":\"https:\/\/b2b.mvgd.pl\/index.php\/produkt\/win-unmaredivino-rose-colli-del-limbara-igt-2023-075l-13-2\/#primaryimage\"},\"image\":{\"@id\":\"https:\/\/b2b.mvgd.pl\/index.php\/produkt\/win-unmaredivino-rose-colli-del-limbara-igt-2023-075l-13-2\/#primaryimage\"},\"thumbnailUrl\":\"https:\/\/b2b.mvgd.pl\/wp-content\/uploads\/2026\/02\/WIN-UNMAREDIVINO-Vermentino-Docg-Superiore-2023-075l-14.png\",\"datePublished\":\"2026-02-16T19:04:48+00:00\",\"dateModified\":\"2026-02-16T19:06:24+00:00\",\"breadcrumb\":{\"@id\":\"https:\/\/b2b.mvgd.pl\/index.php\/produkt\/win-unmaredivino-rose-colli-del-limbara-igt-2023-075l-13-2\/#breadcrumb\"},\"inLanguage\":\"pl-PL\",\"potentialAction\":[{\"@type\":\"ReadAction\",\"target\":[\"https:\/\/b2b.mvgd.pl\/index.php\/produkt\/win-unmaredivino-rose-colli-del-limbara-igt-2023-075l-13-2\/\"]}]},{\"@type\":\"ImageObject\",\"inLanguage\":\"pl-PL\",\"@id\":\"https:\/\/b2b.mvgd.pl\/index.php\/produkt\/win-unmaredivino-rose-colli-del-limbara-igt-2023-075l-13-2\/#primaryimage\",\"url\":\"https:\/\/b2b.mvgd.pl\/wp-content\/uploads\/2026\/02\/WIN-UNMAREDIVINO-Vermentino-Docg-Superiore-2023-075l-14.png\",\"contentUrl\":\"https:\/\/b2b.mvgd.pl\/wp-content\/uploads\/2026\/02\/WIN-UNMAREDIVINO-Vermentino-Docg-Superiore-2023-075l-14.png\",\"width\":900,\"height\":1200},{\"@type\":\"BreadcrumbList\",\"@id\":\"https:\/\/b2b.mvgd.pl\/index.php\/produkt\/win-unmaredivino-rose-colli-del-limbara-igt-2023-075l-13-2\/#breadcrumb\",\"itemListElement\":[{\"@type\":\"ListItem\",\"position\":1,\"name\":\"Strona g\u0142\u00f3wna\",\"item\":\"https:\/\/b2b.mvgd.pl\/\"},{\"@type\":\"ListItem\",\"position\":2,\"name\":\"Shop\",\"item\":\"https:\/\/b2b.mvgd.pl\/index.php\/shop\/\"},{\"@type\":\"ListItem\",\"position\":3,\"name\":\"WIN UNMAREDIVINO Rose&#8217; Colli Del Limbara Igt 2023 0,75l 13%\"}]},{\"@type\":\"WebSite\",\"@id\":\"https:\/\/b2b.mvgd.pl\/#website\",\"url\":\"https:\/\/b2b.mvgd.pl\/\",\"name\":\"B2B MVGD PL\",\"description\":\"\",\"potentialAction\":[{\"@type\":\"SearchAction\",\"target\":{\"@type\":\"EntryPoint\",\"urlTemplate\":\"https:\/\/b2b.mvgd.pl\/?s={search_term_string}\"},\"query-input\":{\"@type\":\"PropertyValueSpecification\",\"valueRequired\":true,\"valueName\":\"search_term_string\"}}],\"inLanguage\":\"pl-PL\"}]}<\/script>\n<!-- \/ Yoast SEO plugin. -->","yoast_head_json":{"title":"WIN UNMAREDIVINO Rose' Colli Del Limbara Igt 2023 0,75l 13% - B2B MVGD PL","robots":{"index":"index","follow":"follow","max-snippet":"max-snippet:-1","max-image-preview":"max-image-preview:large","max-video-preview":"max-video-preview:-1"},"canonical":"https:\/\/b2b.mvgd.pl\/index.php\/produkt\/win-unmaredivino-rose-colli-del-limbara-igt-2023-075l-13-2\/","og_locale":"pl_PL","og_type":"article","og_title":"WIN UNMAREDIVINO Rose' Colli Del Limbara Igt 2023 0,75l 13% - B2B MVGD PL","og_description":"BIANCOSMERALDO Vermentino di Gallura Superiore DOCG charakteryzuje si\u0119 wytrawnym, ciep\u0142ym i \u0142agodnym smakiem, pikantnym z przyjemn\u0105 \u015bwie\u017co\u015bci\u0105. W ustach wyczuwalna jest naturalna d\u0142ugotrwa\u0142a trwa\u0142o\u015b\u0107.","og_url":"https:\/\/b2b.mvgd.pl\/index.php\/produkt\/win-unmaredivino-rose-colli-del-limbara-igt-2023-075l-13-2\/","og_site_name":"B2B MVGD PL","article_modified_time":"2026-02-16T19:06:24+00:00","twitter_card":"summary_large_image","twitter_misc":{"Szacowany czas czytania":"1 minuta"},"schema":{"@context":"https:\/\/schema.org","@graph":[{"@type":"WebPage","@id":"https:\/\/b2b.mvgd.pl\/index.php\/produkt\/win-unmaredivino-rose-colli-del-limbara-igt-2023-075l-13-2\/","url":"https:\/\/b2b.mvgd.pl\/index.php\/produkt\/win-unmaredivino-rose-colli-del-limbara-igt-2023-075l-13-2\/","name":"WIN UNMAREDIVINO Rose' Colli Del Limbara Igt 2023 0,75l 13% - B2B MVGD PL","isPartOf":{"@id":"https:\/\/b2b.mvgd.pl\/#website"},"primaryImageOfPage":{"@id":"https:\/\/b2b.mvgd.pl\/index.php\/produkt\/win-unmaredivino-rose-colli-del-limbara-igt-2023-075l-13-2\/#primaryimage"},"image":{"@id":"https:\/\/b2b.mvgd.pl\/index.php\/produkt\/win-unmaredivino-rose-colli-del-limbara-igt-2023-075l-13-2\/#primaryimage"},"thumbnailUrl":"https:\/\/b2b.mvgd.pl\/wp-content\/uploads\/2026\/02\/WIN-UNMAREDIVINO-Vermentino-Docg-Superiore-2023-075l-14.png","datePublished":"2026-02-16T19:04:48+00:00","dateModified":"2026-02-16T19:06:24+00:00","breadcrumb":{"@id":"https:\/\/b2b.mvgd.pl\/index.php\/produkt\/win-unmaredivino-rose-colli-del-limbara-igt-2023-075l-13-2\/#breadcrumb"},"inLanguage":"pl-PL","potentialAction":[{"@type":"ReadAction","target":["https:\/\/b2b.mvgd.pl\/index.php\/produkt\/win-unmaredivino-rose-colli-del-limbara-igt-2023-075l-13-2\/"]}]},{"@type":"ImageObject","inLanguage":"pl-PL","@id":"https:\/\/b2b.mvgd.pl\/index.php\/produkt\/win-unmaredivino-rose-colli-del-limbara-igt-2023-075l-13-2\/#primaryimage","url":"https:\/\/b2b.mvgd.pl\/wp-content\/uploads\/2026\/02\/WIN-UNMAREDIVINO-Vermentino-Docg-Superiore-2023-075l-14.png","contentUrl":"https:\/\/b2b.mvgd.pl\/wp-content\/uploads\/2026\/02\/WIN-UNMAREDIVINO-Vermentino-Docg-Superiore-2023-075l-14.png","width":900,"height":1200},{"@type":"BreadcrumbList","@id":"https:\/\/b2b.mvgd.pl\/index.php\/produkt\/win-unmaredivino-rose-colli-del-limbara-igt-2023-075l-13-2\/#breadcrumb","itemListElement":[{"@type":"ListItem","position":1,"name":"Strona g\u0142\u00f3wna","item":"https:\/\/b2b.mvgd.pl\/"},{"@type":"ListItem","position":2,"name":"Shop","item":"https:\/\/b2b.mvgd.pl\/index.php\/shop\/"},{"@type":"ListItem","position":3,"name":"WIN UNMAREDIVINO Rose&#8217; Colli Del Limbara Igt 2023 0,75l 13%"}]},{"@type":"WebSite","@id":"https:\/\/b2b.mvgd.pl\/#website","url":"https:\/\/b2b.mvgd.pl\/","name":"B2B MVGD PL","description":"","potentialAction":[{"@type":"SearchAction","target":{"@type":"EntryPoint","urlTemplate":"https:\/\/b2b.mvgd.pl\/?s={search_term_string}"},"query-input":{"@type":"PropertyValueSpecification","valueRequired":true,"valueName":"search_term_string"}}],"inLanguage":"pl-PL"}]}},"jetpack_sharing_enabled":true,"_links":{"self":[{"href":"https:\/\/b2b.mvgd.pl\/index.php\/wp-json\/wp\/v2\/product\/1143","targetHints":{"allow":["GET"]}}],"collection":[{"href":"https:\/\/b2b.mvgd.pl\/index.php\/wp-json\/wp\/v2\/product"}],"about":[{"href":"https:\/\/b2b.mvgd.pl\/index.php\/wp-json\/wp\/v2\/types\/product"}],"replies":[{"embeddable":true,"href":"https:\/\/b2b.mvgd.pl\/index.php\/wp-json\/wp\/v2\/comments?post=1143"}],"version-history":[{"count":0,"href":"https:\/\/b2b.mvgd.pl\/index.php\/wp-json\/wp\/v2\/product\/1143\/revisions"}],"wp:featuredmedia":[{"embeddable":true,"href":"https:\/\/b2b.mvgd.pl\/index.php\/wp-json\/wp\/v2\/media\/1198"}],"wp:attachment":[{"href":"https:\/\/b2b.mvgd.pl\/index.php\/wp-json\/wp\/v2\/media?parent=1143"}],"wp:term":[{"taxonomy":"product_brand","embeddable":true,"href":"https:\/\/b2b.mvgd.pl\/index.php\/wp-json\/wp\/v2\/product_brand?post=1143"},{"taxonomy":"product_cat","embeddable":true,"href":"https:\/\/b2b.mvgd.pl\/index.php\/wp-json\/wp\/v2\/product_cat?post=1143"},{"taxonomy":"product_tag","embeddable":true,"href":"https:\/\/b2b.mvgd.pl\/index.php\/wp-json\/wp\/v2\/product_tag?post=1143"}],"curies":[{"name":"wp","href":"https:\/\/api.w.org\/{rel}","templated":true}]}}