{"id":1142,"date":"2026-02-16T19:04:48","date_gmt":"2026-02-16T19:04:48","guid":{"rendered":"https:\/\/b2b.mvgd.pl\/?post_type=product&#038;p=1142"},"modified":"2026-02-16T19:06:21","modified_gmt":"2026-02-16T19:06:21","slug":"win-unmaredivino-rose-colli-del-limbara-igt-2023-075l-13","status":"publish","type":"product","link":"https:\/\/b2b.mvgd.pl\/index.php\/produkt\/win-unmaredivino-rose-colli-del-limbara-igt-2023-075l-13\/","title":{"rendered":"WIN UNMAREDIVINO Rose&#8217; Colli Del Limbara Igt 2023 0,75l 13%"},"content":{"rendered":"<p data-start=\"334\" data-end=\"407\">Kolor: Koralowy r\u00f3\u017c z \u017cywymi refleksami.<\/p>\n<p data-start=\"334\" data-end=\"407\">Bukiet: Bogaty w subtelne nuty kwiatowe i intensywne aromaty owocowe przypominaj\u0105ce ma\u0142e owoce le\u015bne, granat i bia\u0142\u0105 brzoskwini\u0119.<\/p>\n<p data-start=\"334\" data-end=\"407\">Smak: Wyrazisty, mi\u0119kki i otulaj\u0105cy, o\u017cywiony dynamicznym akcentem \u015bwie\u017co\u015bci i pikantno\u015bci, kt\u00f3ry nadaje mu r\u00f3wnowag\u0119 i elegancj\u0119; d\u0142ugo utrzymuje si\u0119 w ustach, pozostawiaj\u0105c s\u0142ony posmak.<\/p>\n<p data-start=\"334\" data-end=\"407\">Temperatura serwowania: 8\u00b0 \u2013 12\u00b0 C<\/p>\n<p data-start=\"334\" data-end=\"407\">Doskona\u0142e jako aperitif, \u015bwietnie komponuje si\u0119 z grzankami, tapas, tempur\u0105 i w\u0119dlinami na desce; przyjemnie \u0142\u0105czy si\u0119 r\u00f3wnie\u017c z zupami rybnymi i warzywnymi; idealne do \u201esuppa cuata\u201d z Gallury.<\/p>\n<p data-start=\"334\" data-end=\"407\">Obszar pochodzenia: Berchidda (Sassari) Miejscowo\u015b\u0107 \u201eSu Crabileddu\u201d Sardynia \u2013 W\u0142ochy<\/p>\n<p data-start=\"334\" data-end=\"407\">Gleba i uprawa: Granitowa, piaszczysta Drzewko i niska szpaler<\/p>\n","protected":false},"excerpt":{"rendered":"<p data-start=\"334\" data-end=\"407\">Ros\u00e9 di Terra e Mare Colli del Limbara IGT ma zdecydowany, mi\u0119kki i otulaj\u0105cy smak, o\u017cywiony dynamiczn\u0105 nut\u0105 \u015bwie\u017co\u015bci i pikantno\u015bci, kt\u00f3ra nadaje mu r\u00f3wnowag\u0119 i elegancj\u0119; d\u0142ugo utrzymuje si\u0119 w ustach s\u0142ony posmak.<\/p>\n","protected":false},"featured_media":1197,"comment_status":"closed","ping_status":"closed","template":"","meta":[],"product_brand":[],"product_cat":[1383,18,19],"product_tag":[959,1384,1385,499,321],"class_list":{"0":"post-1142","1":"product","2":"type-product","3":"status-publish","4":"has-post-thumbnail","6":"product_cat-sardynia","7":"product_cat-wina","8":"product_cat-wlochy-wina","9":"product_tag-rozowe","10":"product_tag-sardynia","11":"product_tag-unmaredivino","12":"product_tag-wlochy","13":"product_tag-wytrawne","15":"first","16":"instock","17":"shipping-taxable","18":"purchasable","19":"product-type-simple"},"yoast_head":"<!-- This site is optimized with the Yoast SEO plugin v26.9 - https:\/\/yoast.com\/product\/yoast-seo-wordpress\/ -->\n<title>WIN UNMAREDIVINO Rose&#039; Colli Del Limbara Igt 2023 0,75l 13% - B2B MVGD PL<\/title>\n<meta name=\"robots\" content=\"index, follow, max-snippet:-1, max-image-preview:large, max-video-preview:-1\" \/>\n<link rel=\"canonical\" href=\"https:\/\/b2b.mvgd.pl\/index.php\/produkt\/win-unmaredivino-rose-colli-del-limbara-igt-2023-075l-13\/\" \/>\n<meta property=\"og:locale\" content=\"pl_PL\" \/>\n<meta property=\"og:type\" content=\"article\" \/>\n<meta property=\"og:title\" content=\"WIN UNMAREDIVINO Rose&#039; Colli Del Limbara Igt 2023 0,75l 13% - B2B MVGD PL\" \/>\n<meta property=\"og:description\" content=\"Ros\u00e9 di Terra e Mare Colli del Limbara IGT ma zdecydowany, mi\u0119kki i otulaj\u0105cy smak, o\u017cywiony dynamiczn\u0105 nut\u0105 \u015bwie\u017co\u015bci i pikantno\u015bci, kt\u00f3ra nadaje mu r\u00f3wnowag\u0119 i elegancj\u0119; d\u0142ugo utrzymuje si\u0119 w ustach s\u0142ony posmak.\" \/>\n<meta property=\"og:url\" content=\"https:\/\/b2b.mvgd.pl\/index.php\/produkt\/win-unmaredivino-rose-colli-del-limbara-igt-2023-075l-13\/\" \/>\n<meta property=\"og:site_name\" content=\"B2B MVGD PL\" \/>\n<meta property=\"article:modified_time\" content=\"2026-02-16T19:06:21+00:00\" \/>\n<meta name=\"twitter:card\" content=\"summary_large_image\" \/>\n<meta name=\"twitter:label1\" content=\"Szacowany czas czytania\" \/>\n\t<meta name=\"twitter:data1\" content=\"1 minuta\" \/>\n<script type=\"application\/ld+json\" class=\"yoast-schema-graph\">{\"@context\":\"https:\/\/schema.org\",\"@graph\":[{\"@type\":\"WebPage\",\"@id\":\"https:\/\/b2b.mvgd.pl\/index.php\/produkt\/win-unmaredivino-rose-colli-del-limbara-igt-2023-075l-13\/\",\"url\":\"https:\/\/b2b.mvgd.pl\/index.php\/produkt\/win-unmaredivino-rose-colli-del-limbara-igt-2023-075l-13\/\",\"name\":\"WIN UNMAREDIVINO Rose' Colli Del Limbara Igt 2023 0,75l 13% - B2B MVGD PL\",\"isPartOf\":{\"@id\":\"https:\/\/b2b.mvgd.pl\/#website\"},\"primaryImageOfPage\":{\"@id\":\"https:\/\/b2b.mvgd.pl\/index.php\/produkt\/win-unmaredivino-rose-colli-del-limbara-igt-2023-075l-13\/#primaryimage\"},\"image\":{\"@id\":\"https:\/\/b2b.mvgd.pl\/index.php\/produkt\/win-unmaredivino-rose-colli-del-limbara-igt-2023-075l-13\/#primaryimage\"},\"thumbnailUrl\":\"https:\/\/b2b.mvgd.pl\/wp-content\/uploads\/2026\/02\/WIN-UNMAREDIVINO-Rose-Colli-Del-Limbara-Igt-2023-075l-13.png\",\"datePublished\":\"2026-02-16T19:04:48+00:00\",\"dateModified\":\"2026-02-16T19:06:21+00:00\",\"breadcrumb\":{\"@id\":\"https:\/\/b2b.mvgd.pl\/index.php\/produkt\/win-unmaredivino-rose-colli-del-limbara-igt-2023-075l-13\/#breadcrumb\"},\"inLanguage\":\"pl-PL\",\"potentialAction\":[{\"@type\":\"ReadAction\",\"target\":[\"https:\/\/b2b.mvgd.pl\/index.php\/produkt\/win-unmaredivino-rose-colli-del-limbara-igt-2023-075l-13\/\"]}]},{\"@type\":\"ImageObject\",\"inLanguage\":\"pl-PL\",\"@id\":\"https:\/\/b2b.mvgd.pl\/index.php\/produkt\/win-unmaredivino-rose-colli-del-limbara-igt-2023-075l-13\/#primaryimage\",\"url\":\"https:\/\/b2b.mvgd.pl\/wp-content\/uploads\/2026\/02\/WIN-UNMAREDIVINO-Rose-Colli-Del-Limbara-Igt-2023-075l-13.png\",\"contentUrl\":\"https:\/\/b2b.mvgd.pl\/wp-content\/uploads\/2026\/02\/WIN-UNMAREDIVINO-Rose-Colli-Del-Limbara-Igt-2023-075l-13.png\",\"width\":900,\"height\":1200},{\"@type\":\"BreadcrumbList\",\"@id\":\"https:\/\/b2b.mvgd.pl\/index.php\/produkt\/win-unmaredivino-rose-colli-del-limbara-igt-2023-075l-13\/#breadcrumb\",\"itemListElement\":[{\"@type\":\"ListItem\",\"position\":1,\"name\":\"Strona g\u0142\u00f3wna\",\"item\":\"https:\/\/b2b.mvgd.pl\/\"},{\"@type\":\"ListItem\",\"position\":2,\"name\":\"Shop\",\"item\":\"https:\/\/b2b.mvgd.pl\/index.php\/shop\/\"},{\"@type\":\"ListItem\",\"position\":3,\"name\":\"WIN UNMAREDIVINO Rose&#8217; Colli Del Limbara Igt 2023 0,75l 13%\"}]},{\"@type\":\"WebSite\",\"@id\":\"https:\/\/b2b.mvgd.pl\/#website\",\"url\":\"https:\/\/b2b.mvgd.pl\/\",\"name\":\"B2B MVGD PL\",\"description\":\"\",\"potentialAction\":[{\"@type\":\"SearchAction\",\"target\":{\"@type\":\"EntryPoint\",\"urlTemplate\":\"https:\/\/b2b.mvgd.pl\/?s={search_term_string}\"},\"query-input\":{\"@type\":\"PropertyValueSpecification\",\"valueRequired\":true,\"valueName\":\"search_term_string\"}}],\"inLanguage\":\"pl-PL\"}]}<\/script>\n<!-- \/ Yoast SEO plugin. -->","yoast_head_json":{"title":"WIN UNMAREDIVINO Rose' Colli Del Limbara Igt 2023 0,75l 13% - B2B MVGD PL","robots":{"index":"index","follow":"follow","max-snippet":"max-snippet:-1","max-image-preview":"max-image-preview:large","max-video-preview":"max-video-preview:-1"},"canonical":"https:\/\/b2b.mvgd.pl\/index.php\/produkt\/win-unmaredivino-rose-colli-del-limbara-igt-2023-075l-13\/","og_locale":"pl_PL","og_type":"article","og_title":"WIN UNMAREDIVINO Rose' Colli Del Limbara Igt 2023 0,75l 13% - B2B MVGD PL","og_description":"Ros\u00e9 di Terra e Mare Colli del Limbara IGT ma zdecydowany, mi\u0119kki i otulaj\u0105cy smak, o\u017cywiony dynamiczn\u0105 nut\u0105 \u015bwie\u017co\u015bci i pikantno\u015bci, kt\u00f3ra nadaje mu r\u00f3wnowag\u0119 i elegancj\u0119; d\u0142ugo utrzymuje si\u0119 w ustach s\u0142ony posmak.","og_url":"https:\/\/b2b.mvgd.pl\/index.php\/produkt\/win-unmaredivino-rose-colli-del-limbara-igt-2023-075l-13\/","og_site_name":"B2B MVGD PL","article_modified_time":"2026-02-16T19:06:21+00:00","twitter_card":"summary_large_image","twitter_misc":{"Szacowany czas czytania":"1 minuta"},"schema":{"@context":"https:\/\/schema.org","@graph":[{"@type":"WebPage","@id":"https:\/\/b2b.mvgd.pl\/index.php\/produkt\/win-unmaredivino-rose-colli-del-limbara-igt-2023-075l-13\/","url":"https:\/\/b2b.mvgd.pl\/index.php\/produkt\/win-unmaredivino-rose-colli-del-limbara-igt-2023-075l-13\/","name":"WIN UNMAREDIVINO Rose' Colli Del Limbara Igt 2023 0,75l 13% - B2B MVGD PL","isPartOf":{"@id":"https:\/\/b2b.mvgd.pl\/#website"},"primaryImageOfPage":{"@id":"https:\/\/b2b.mvgd.pl\/index.php\/produkt\/win-unmaredivino-rose-colli-del-limbara-igt-2023-075l-13\/#primaryimage"},"image":{"@id":"https:\/\/b2b.mvgd.pl\/index.php\/produkt\/win-unmaredivino-rose-colli-del-limbara-igt-2023-075l-13\/#primaryimage"},"thumbnailUrl":"https:\/\/b2b.mvgd.pl\/wp-content\/uploads\/2026\/02\/WIN-UNMAREDIVINO-Rose-Colli-Del-Limbara-Igt-2023-075l-13.png","datePublished":"2026-02-16T19:04:48+00:00","dateModified":"2026-02-16T19:06:21+00:00","breadcrumb":{"@id":"https:\/\/b2b.mvgd.pl\/index.php\/produkt\/win-unmaredivino-rose-colli-del-limbara-igt-2023-075l-13\/#breadcrumb"},"inLanguage":"pl-PL","potentialAction":[{"@type":"ReadAction","target":["https:\/\/b2b.mvgd.pl\/index.php\/produkt\/win-unmaredivino-rose-colli-del-limbara-igt-2023-075l-13\/"]}]},{"@type":"ImageObject","inLanguage":"pl-PL","@id":"https:\/\/b2b.mvgd.pl\/index.php\/produkt\/win-unmaredivino-rose-colli-del-limbara-igt-2023-075l-13\/#primaryimage","url":"https:\/\/b2b.mvgd.pl\/wp-content\/uploads\/2026\/02\/WIN-UNMAREDIVINO-Rose-Colli-Del-Limbara-Igt-2023-075l-13.png","contentUrl":"https:\/\/b2b.mvgd.pl\/wp-content\/uploads\/2026\/02\/WIN-UNMAREDIVINO-Rose-Colli-Del-Limbara-Igt-2023-075l-13.png","width":900,"height":1200},{"@type":"BreadcrumbList","@id":"https:\/\/b2b.mvgd.pl\/index.php\/produkt\/win-unmaredivino-rose-colli-del-limbara-igt-2023-075l-13\/#breadcrumb","itemListElement":[{"@type":"ListItem","position":1,"name":"Strona g\u0142\u00f3wna","item":"https:\/\/b2b.mvgd.pl\/"},{"@type":"ListItem","position":2,"name":"Shop","item":"https:\/\/b2b.mvgd.pl\/index.php\/shop\/"},{"@type":"ListItem","position":3,"name":"WIN UNMAREDIVINO Rose&#8217; Colli Del Limbara Igt 2023 0,75l 13%"}]},{"@type":"WebSite","@id":"https:\/\/b2b.mvgd.pl\/#website","url":"https:\/\/b2b.mvgd.pl\/","name":"B2B MVGD PL","description":"","potentialAction":[{"@type":"SearchAction","target":{"@type":"EntryPoint","urlTemplate":"https:\/\/b2b.mvgd.pl\/?s={search_term_string}"},"query-input":{"@type":"PropertyValueSpecification","valueRequired":true,"valueName":"search_term_string"}}],"inLanguage":"pl-PL"}]}},"jetpack_sharing_enabled":true,"_links":{"self":[{"href":"https:\/\/b2b.mvgd.pl\/index.php\/wp-json\/wp\/v2\/product\/1142","targetHints":{"allow":["GET"]}}],"collection":[{"href":"https:\/\/b2b.mvgd.pl\/index.php\/wp-json\/wp\/v2\/product"}],"about":[{"href":"https:\/\/b2b.mvgd.pl\/index.php\/wp-json\/wp\/v2\/types\/product"}],"replies":[{"embeddable":true,"href":"https:\/\/b2b.mvgd.pl\/index.php\/wp-json\/wp\/v2\/comments?post=1142"}],"version-history":[{"count":0,"href":"https:\/\/b2b.mvgd.pl\/index.php\/wp-json\/wp\/v2\/product\/1142\/revisions"}],"wp:featuredmedia":[{"embeddable":true,"href":"https:\/\/b2b.mvgd.pl\/index.php\/wp-json\/wp\/v2\/media\/1197"}],"wp:attachment":[{"href":"https:\/\/b2b.mvgd.pl\/index.php\/wp-json\/wp\/v2\/media?parent=1142"}],"wp:term":[{"taxonomy":"product_brand","embeddable":true,"href":"https:\/\/b2b.mvgd.pl\/index.php\/wp-json\/wp\/v2\/product_brand?post=1142"},{"taxonomy":"product_cat","embeddable":true,"href":"https:\/\/b2b.mvgd.pl\/index.php\/wp-json\/wp\/v2\/product_cat?post=1142"},{"taxonomy":"product_tag","embeddable":true,"href":"https:\/\/b2b.mvgd.pl\/index.php\/wp-json\/wp\/v2\/product_tag?post=1142"}],"curies":[{"name":"wp","href":"https:\/\/api.w.org\/{rel}","templated":true}]}}