{"id":1112,"date":"2026-02-16T19:04:00","date_gmt":"2026-02-16T19:04:00","guid":{"rendered":"https:\/\/b2b.mvgd.pl\/?post_type=product&#038;p=1112"},"modified":"2026-02-16T19:05:33","modified_gmt":"2026-02-16T19:05:33","slug":"tamnavulin-port-cask-edition-07l","status":"publish","type":"product","link":"https:\/\/b2b.mvgd.pl\/index.php\/produkt\/tamnavulin-port-cask-edition-07l\/","title":{"rendered":"Tamnavulin Port Cask Edition 0,7l"},"content":{"rendered":"<p>Kolor: G\u0142\u0119boki mahoniowy.<\/p>\n<p>Aromat: Dojrza\u0142e czerwone jagody, \u015bliwki, ciemna czekolada, syrop r\u00f3\u017cany, s\u0142odkie ciastko i przyprawa pomara\u0144czowa.<\/p>\n<p>Smak: Bogate nuty gruszek w miodzie, kompotu jagodowego, suszonych owoc\u00f3w i kremowego karmelu, zako\u0144czone orzechowym finiszem<\/p>\n","protected":false},"excerpt":{"rendered":"<p>Whisky single malt o wysokiej jako\u015bci, kt\u00f3ra dojrzewa w dw\u00f3ch rodzajach beczek. \u0141\u0105cz\u0105c w ten spos\u00f3b dwa profile smakowe, otrzymujemy jedn\u0105 \u0142agodn\u0105, s\u0142odk\u0105 i owocow\u0105 kompozycj\u0119. Aby podkre\u015bli\u0107 te aromaty, Tamnavulin Port Cask Edition zosta\u0142a dodatkowo wzbogacona dojrzewaniem w beczkach po Tawny Porto z Doliny Douro w p\u00f3\u0142nocnej Portugalii, tworz\u0105c wykwintne uzupe\u0142nienie w linii Tamnavulin.<\/p>\n","protected":false},"featured_media":1162,"comment_status":"open","ping_status":"closed","template":"","meta":[],"product_brand":[],"product_cat":[344,316],"product_tag":[1357,1358,960],"class_list":{"0":"post-1112","1":"product","2":"type-product","3":"status-publish","4":"has-post-thumbnail","6":"product_cat-single-malt","7":"product_cat-whisky","8":"product_tag-port-cask","9":"product_tag-szkocja","10":"product_tag-tamnavulin","12":"first","13":"instock","14":"shipping-taxable","15":"purchasable","16":"product-type-simple"},"yoast_head":"<!-- This site is optimized with the Yoast SEO plugin v26.9 - https:\/\/yoast.com\/product\/yoast-seo-wordpress\/ -->\n<title>Tamnavulin Port Cask Edition 0,7l - B2B MVGD PL<\/title>\n<meta name=\"robots\" content=\"index, follow, max-snippet:-1, max-image-preview:large, max-video-preview:-1\" \/>\n<link rel=\"canonical\" href=\"https:\/\/b2b.mvgd.pl\/index.php\/produkt\/tamnavulin-port-cask-edition-07l\/\" \/>\n<meta property=\"og:locale\" content=\"pl_PL\" \/>\n<meta property=\"og:type\" content=\"article\" \/>\n<meta property=\"og:title\" content=\"Tamnavulin Port Cask Edition 0,7l - B2B MVGD PL\" \/>\n<meta property=\"og:description\" content=\"Whisky single malt o wysokiej jako\u015bci, kt\u00f3ra dojrzewa w dw\u00f3ch rodzajach beczek. \u0141\u0105cz\u0105c w ten spos\u00f3b dwa profile smakowe, otrzymujemy jedn\u0105 \u0142agodn\u0105, s\u0142odk\u0105 i owocow\u0105 kompozycj\u0119. Aby podkre\u015bli\u0107 te aromaty, Tamnavulin Port Cask Edition zosta\u0142a dodatkowo wzbogacona dojrzewaniem w beczkach po Tawny Porto z Doliny Douro w p\u00f3\u0142nocnej Portugalii, tworz\u0105c wykwintne uzupe\u0142nienie w linii Tamnavulin.\" \/>\n<meta property=\"og:url\" content=\"https:\/\/b2b.mvgd.pl\/index.php\/produkt\/tamnavulin-port-cask-edition-07l\/\" \/>\n<meta property=\"og:site_name\" content=\"B2B MVGD PL\" \/>\n<meta property=\"article:modified_time\" content=\"2026-02-16T19:05:33+00:00\" \/>\n<meta name=\"twitter:card\" content=\"summary_large_image\" \/>\n<script type=\"application\/ld+json\" class=\"yoast-schema-graph\">{\"@context\":\"https:\/\/schema.org\",\"@graph\":[{\"@type\":\"WebPage\",\"@id\":\"https:\/\/b2b.mvgd.pl\/index.php\/produkt\/tamnavulin-port-cask-edition-07l\/\",\"url\":\"https:\/\/b2b.mvgd.pl\/index.php\/produkt\/tamnavulin-port-cask-edition-07l\/\",\"name\":\"Tamnavulin Port Cask Edition 0,7l - B2B MVGD PL\",\"isPartOf\":{\"@id\":\"https:\/\/b2b.mvgd.pl\/#website\"},\"primaryImageOfPage\":{\"@id\":\"https:\/\/b2b.mvgd.pl\/index.php\/produkt\/tamnavulin-port-cask-edition-07l\/#primaryimage\"},\"image\":{\"@id\":\"https:\/\/b2b.mvgd.pl\/index.php\/produkt\/tamnavulin-port-cask-edition-07l\/#primaryimage\"},\"thumbnailUrl\":\"https:\/\/b2b.mvgd.pl\/wp-content\/uploads\/2026\/02\/PORT-CASK.png\",\"datePublished\":\"2026-02-16T19:04:00+00:00\",\"dateModified\":\"2026-02-16T19:05:33+00:00\",\"breadcrumb\":{\"@id\":\"https:\/\/b2b.mvgd.pl\/index.php\/produkt\/tamnavulin-port-cask-edition-07l\/#breadcrumb\"},\"inLanguage\":\"pl-PL\",\"potentialAction\":[{\"@type\":\"ReadAction\",\"target\":[\"https:\/\/b2b.mvgd.pl\/index.php\/produkt\/tamnavulin-port-cask-edition-07l\/\"]}]},{\"@type\":\"ImageObject\",\"inLanguage\":\"pl-PL\",\"@id\":\"https:\/\/b2b.mvgd.pl\/index.php\/produkt\/tamnavulin-port-cask-edition-07l\/#primaryimage\",\"url\":\"https:\/\/b2b.mvgd.pl\/wp-content\/uploads\/2026\/02\/PORT-CASK.png\",\"contentUrl\":\"https:\/\/b2b.mvgd.pl\/wp-content\/uploads\/2026\/02\/PORT-CASK.png\",\"width\":900,\"height\":1200},{\"@type\":\"BreadcrumbList\",\"@id\":\"https:\/\/b2b.mvgd.pl\/index.php\/produkt\/tamnavulin-port-cask-edition-07l\/#breadcrumb\",\"itemListElement\":[{\"@type\":\"ListItem\",\"position\":1,\"name\":\"Strona g\u0142\u00f3wna\",\"item\":\"https:\/\/b2b.mvgd.pl\/\"},{\"@type\":\"ListItem\",\"position\":2,\"name\":\"Shop\",\"item\":\"https:\/\/b2b.mvgd.pl\/index.php\/shop\/\"},{\"@type\":\"ListItem\",\"position\":3,\"name\":\"Tamnavulin Port Cask Edition 0,7l\"}]},{\"@type\":\"WebSite\",\"@id\":\"https:\/\/b2b.mvgd.pl\/#website\",\"url\":\"https:\/\/b2b.mvgd.pl\/\",\"name\":\"B2B MVGD PL\",\"description\":\"\",\"potentialAction\":[{\"@type\":\"SearchAction\",\"target\":{\"@type\":\"EntryPoint\",\"urlTemplate\":\"https:\/\/b2b.mvgd.pl\/?s={search_term_string}\"},\"query-input\":{\"@type\":\"PropertyValueSpecification\",\"valueRequired\":true,\"valueName\":\"search_term_string\"}}],\"inLanguage\":\"pl-PL\"}]}<\/script>\n<!-- \/ Yoast SEO plugin. -->","yoast_head_json":{"title":"Tamnavulin Port Cask Edition 0,7l - B2B MVGD PL","robots":{"index":"index","follow":"follow","max-snippet":"max-snippet:-1","max-image-preview":"max-image-preview:large","max-video-preview":"max-video-preview:-1"},"canonical":"https:\/\/b2b.mvgd.pl\/index.php\/produkt\/tamnavulin-port-cask-edition-07l\/","og_locale":"pl_PL","og_type":"article","og_title":"Tamnavulin Port Cask Edition 0,7l - B2B MVGD PL","og_description":"Whisky single malt o wysokiej jako\u015bci, kt\u00f3ra dojrzewa w dw\u00f3ch rodzajach beczek. \u0141\u0105cz\u0105c w ten spos\u00f3b dwa profile smakowe, otrzymujemy jedn\u0105 \u0142agodn\u0105, s\u0142odk\u0105 i owocow\u0105 kompozycj\u0119. Aby podkre\u015bli\u0107 te aromaty, Tamnavulin Port Cask Edition zosta\u0142a dodatkowo wzbogacona dojrzewaniem w beczkach po Tawny Porto z Doliny Douro w p\u00f3\u0142nocnej Portugalii, tworz\u0105c wykwintne uzupe\u0142nienie w linii Tamnavulin.","og_url":"https:\/\/b2b.mvgd.pl\/index.php\/produkt\/tamnavulin-port-cask-edition-07l\/","og_site_name":"B2B MVGD PL","article_modified_time":"2026-02-16T19:05:33+00:00","twitter_card":"summary_large_image","schema":{"@context":"https:\/\/schema.org","@graph":[{"@type":"WebPage","@id":"https:\/\/b2b.mvgd.pl\/index.php\/produkt\/tamnavulin-port-cask-edition-07l\/","url":"https:\/\/b2b.mvgd.pl\/index.php\/produkt\/tamnavulin-port-cask-edition-07l\/","name":"Tamnavulin Port Cask Edition 0,7l - B2B MVGD PL","isPartOf":{"@id":"https:\/\/b2b.mvgd.pl\/#website"},"primaryImageOfPage":{"@id":"https:\/\/b2b.mvgd.pl\/index.php\/produkt\/tamnavulin-port-cask-edition-07l\/#primaryimage"},"image":{"@id":"https:\/\/b2b.mvgd.pl\/index.php\/produkt\/tamnavulin-port-cask-edition-07l\/#primaryimage"},"thumbnailUrl":"https:\/\/b2b.mvgd.pl\/wp-content\/uploads\/2026\/02\/PORT-CASK.png","datePublished":"2026-02-16T19:04:00+00:00","dateModified":"2026-02-16T19:05:33+00:00","breadcrumb":{"@id":"https:\/\/b2b.mvgd.pl\/index.php\/produkt\/tamnavulin-port-cask-edition-07l\/#breadcrumb"},"inLanguage":"pl-PL","potentialAction":[{"@type":"ReadAction","target":["https:\/\/b2b.mvgd.pl\/index.php\/produkt\/tamnavulin-port-cask-edition-07l\/"]}]},{"@type":"ImageObject","inLanguage":"pl-PL","@id":"https:\/\/b2b.mvgd.pl\/index.php\/produkt\/tamnavulin-port-cask-edition-07l\/#primaryimage","url":"https:\/\/b2b.mvgd.pl\/wp-content\/uploads\/2026\/02\/PORT-CASK.png","contentUrl":"https:\/\/b2b.mvgd.pl\/wp-content\/uploads\/2026\/02\/PORT-CASK.png","width":900,"height":1200},{"@type":"BreadcrumbList","@id":"https:\/\/b2b.mvgd.pl\/index.php\/produkt\/tamnavulin-port-cask-edition-07l\/#breadcrumb","itemListElement":[{"@type":"ListItem","position":1,"name":"Strona g\u0142\u00f3wna","item":"https:\/\/b2b.mvgd.pl\/"},{"@type":"ListItem","position":2,"name":"Shop","item":"https:\/\/b2b.mvgd.pl\/index.php\/shop\/"},{"@type":"ListItem","position":3,"name":"Tamnavulin Port Cask Edition 0,7l"}]},{"@type":"WebSite","@id":"https:\/\/b2b.mvgd.pl\/#website","url":"https:\/\/b2b.mvgd.pl\/","name":"B2B MVGD PL","description":"","potentialAction":[{"@type":"SearchAction","target":{"@type":"EntryPoint","urlTemplate":"https:\/\/b2b.mvgd.pl\/?s={search_term_string}"},"query-input":{"@type":"PropertyValueSpecification","valueRequired":true,"valueName":"search_term_string"}}],"inLanguage":"pl-PL"}]}},"jetpack_sharing_enabled":true,"_links":{"self":[{"href":"https:\/\/b2b.mvgd.pl\/index.php\/wp-json\/wp\/v2\/product\/1112","targetHints":{"allow":["GET"]}}],"collection":[{"href":"https:\/\/b2b.mvgd.pl\/index.php\/wp-json\/wp\/v2\/product"}],"about":[{"href":"https:\/\/b2b.mvgd.pl\/index.php\/wp-json\/wp\/v2\/types\/product"}],"replies":[{"embeddable":true,"href":"https:\/\/b2b.mvgd.pl\/index.php\/wp-json\/wp\/v2\/comments?post=1112"}],"version-history":[{"count":0,"href":"https:\/\/b2b.mvgd.pl\/index.php\/wp-json\/wp\/v2\/product\/1112\/revisions"}],"wp:featuredmedia":[{"embeddable":true,"href":"https:\/\/b2b.mvgd.pl\/index.php\/wp-json\/wp\/v2\/media\/1162"}],"wp:attachment":[{"href":"https:\/\/b2b.mvgd.pl\/index.php\/wp-json\/wp\/v2\/media?parent=1112"}],"wp:term":[{"taxonomy":"product_brand","embeddable":true,"href":"https:\/\/b2b.mvgd.pl\/index.php\/wp-json\/wp\/v2\/product_brand?post=1112"},{"taxonomy":"product_cat","embeddable":true,"href":"https:\/\/b2b.mvgd.pl\/index.php\/wp-json\/wp\/v2\/product_cat?post=1112"},{"taxonomy":"product_tag","embeddable":true,"href":"https:\/\/b2b.mvgd.pl\/index.php\/wp-json\/wp\/v2\/product_tag?post=1112"}],"curies":[{"name":"wp","href":"https:\/\/api.w.org\/{rel}","templated":true}]}}