{"id":1097,"date":"2026-02-16T19:03:37","date_gmt":"2026-02-16T19:03:37","guid":{"rendered":"https:\/\/b2b.mvgd.pl\/?post_type=product&#038;p=1097"},"modified":"2026-02-16T19:05:00","modified_gmt":"2026-02-16T19:05:00","slug":"terre-di-sera-bianco-vino-ditalia-115-075","status":"publish","type":"product","link":"https:\/\/b2b.mvgd.pl\/index.php\/produkt\/terre-di-sera-bianco-vino-ditalia-115-075\/","title":{"rendered":"Terre di Sera bianco Vino d&#8217;Italia 11,5% 0,75"},"content":{"rendered":"<p>Lekkie, bia\u0142e wino kategorii Vino d&#8217;Italia. Ta podstawowa kategoria wskazuje na m\u0142ody, \u015bwie\u017cy charakter wina, przeznaczonego do szybkiego spo\u017cycia. Produkcja skupia si\u0119 na zachowaniu owocowo\u015bci i prostoty.<\/p>\n<p>Aromat: Prosty i \u015bwie\u017cy, z nutami cytrus\u00f3w (cytryna) i zielonych jab\u0142ek.<\/p>\n<p>Smak: Lekki, orze\u017awiaj\u0105cy i wytrawny. Dominuj\u0105 proste smaki owoc\u00f3w cytrusowych z czystym, kr\u00f3tkim finiszem.<\/p>\n<p>Dopasowanie kulinarne: Idealne jako lekki aperitif, do sa\u0142atek, lekkich przek\u0105sek lub samodzielnie jako wino do ugaszenia pragnienia.<\/p>\n<p>Temperatura serwowania: 8-10\u00b0C<\/p>\n<p>Napowietrzanie: Nie wymaga. Charakter: Proste, nieskomplikowane i \u0142atwe w piciu wino na co dzie\u0144.<\/p>\n","protected":false},"excerpt":{"rendered":"<p>Lekkie i \u015bwie\u017ce bia\u0142e wino Vino d&#8217;Italia. Cytrusowe i orze\u017awiaj\u0105ce, idealne na codzienny posi\u0142ek lub jako aperitif.<\/p>\n","protected":false},"featured_media":1148,"comment_status":"open","ping_status":"closed","template":"","meta":[],"product_brand":[],"product_cat":[971,18,19],"product_tag":[1335,757,903,1317,1336,577,499],"class_list":{"0":"post-1097","1":"product","2":"type-product","3":"status-publish","4":"has-post-thumbnail","6":"product_cat-abruzja","7":"product_cat-wina","8":"product_cat-wlochy-wina","9":"product_tag-abruzja","10":"product_tag-biale","11":"product_tag-polwytrawne","12":"product_tag-progetti-agricoli","13":"product_tag-vdi","14":"product_tag-wino-biale","15":"product_tag-wlochy","17":"first","18":"instock","19":"shipping-taxable","20":"purchasable","21":"product-type-simple"},"yoast_head":"<!-- This site is optimized with the Yoast SEO plugin v26.9 - https:\/\/yoast.com\/product\/yoast-seo-wordpress\/ -->\n<title>Terre di Sera bianco Vino d&#039;Italia 11,5% 0,75 - B2B MVGD PL<\/title>\n<meta name=\"robots\" content=\"index, follow, max-snippet:-1, max-image-preview:large, max-video-preview:-1\" \/>\n<link rel=\"canonical\" href=\"https:\/\/b2b.mvgd.pl\/index.php\/produkt\/terre-di-sera-bianco-vino-ditalia-115-075\/\" \/>\n<meta property=\"og:locale\" content=\"pl_PL\" \/>\n<meta property=\"og:type\" content=\"article\" \/>\n<meta property=\"og:title\" content=\"Terre di Sera bianco Vino d&#039;Italia 11,5% 0,75 - B2B MVGD PL\" \/>\n<meta property=\"og:description\" content=\"Lekkie i \u015bwie\u017ce bia\u0142e wino Vino d&#039;Italia. Cytrusowe i orze\u017awiaj\u0105ce, idealne na codzienny posi\u0142ek lub jako aperitif.\" \/>\n<meta property=\"og:url\" content=\"https:\/\/b2b.mvgd.pl\/index.php\/produkt\/terre-di-sera-bianco-vino-ditalia-115-075\/\" \/>\n<meta property=\"og:site_name\" content=\"B2B MVGD PL\" \/>\n<meta property=\"article:modified_time\" content=\"2026-02-16T19:05:00+00:00\" \/>\n<meta name=\"twitter:card\" content=\"summary_large_image\" \/>\n<meta name=\"twitter:label1\" content=\"Szacowany czas czytania\" \/>\n\t<meta name=\"twitter:data1\" content=\"1 minuta\" \/>\n<script type=\"application\/ld+json\" class=\"yoast-schema-graph\">{\"@context\":\"https:\/\/schema.org\",\"@graph\":[{\"@type\":\"WebPage\",\"@id\":\"https:\/\/b2b.mvgd.pl\/index.php\/produkt\/terre-di-sera-bianco-vino-ditalia-115-075\/\",\"url\":\"https:\/\/b2b.mvgd.pl\/index.php\/produkt\/terre-di-sera-bianco-vino-ditalia-115-075\/\",\"name\":\"Terre di Sera bianco Vino d'Italia 11,5% 0,75 - B2B MVGD PL\",\"isPartOf\":{\"@id\":\"https:\/\/b2b.mvgd.pl\/#website\"},\"primaryImageOfPage\":{\"@id\":\"https:\/\/b2b.mvgd.pl\/index.php\/produkt\/terre-di-sera-bianco-vino-ditalia-115-075\/#primaryimage\"},\"image\":{\"@id\":\"https:\/\/b2b.mvgd.pl\/index.php\/produkt\/terre-di-sera-bianco-vino-ditalia-115-075\/#primaryimage\"},\"thumbnailUrl\":\"https:\/\/b2b.mvgd.pl\/wp-content\/uploads\/2026\/02\/Terre-di-Sera-bianco-Vino-dItalia-115-075.png\",\"datePublished\":\"2026-02-16T19:03:37+00:00\",\"dateModified\":\"2026-02-16T19:05:00+00:00\",\"breadcrumb\":{\"@id\":\"https:\/\/b2b.mvgd.pl\/index.php\/produkt\/terre-di-sera-bianco-vino-ditalia-115-075\/#breadcrumb\"},\"inLanguage\":\"pl-PL\",\"potentialAction\":[{\"@type\":\"ReadAction\",\"target\":[\"https:\/\/b2b.mvgd.pl\/index.php\/produkt\/terre-di-sera-bianco-vino-ditalia-115-075\/\"]}]},{\"@type\":\"ImageObject\",\"inLanguage\":\"pl-PL\",\"@id\":\"https:\/\/b2b.mvgd.pl\/index.php\/produkt\/terre-di-sera-bianco-vino-ditalia-115-075\/#primaryimage\",\"url\":\"https:\/\/b2b.mvgd.pl\/wp-content\/uploads\/2026\/02\/Terre-di-Sera-bianco-Vino-dItalia-115-075.png\",\"contentUrl\":\"https:\/\/b2b.mvgd.pl\/wp-content\/uploads\/2026\/02\/Terre-di-Sera-bianco-Vino-dItalia-115-075.png\",\"width\":900,\"height\":1200},{\"@type\":\"BreadcrumbList\",\"@id\":\"https:\/\/b2b.mvgd.pl\/index.php\/produkt\/terre-di-sera-bianco-vino-ditalia-115-075\/#breadcrumb\",\"itemListElement\":[{\"@type\":\"ListItem\",\"position\":1,\"name\":\"Strona g\u0142\u00f3wna\",\"item\":\"https:\/\/b2b.mvgd.pl\/\"},{\"@type\":\"ListItem\",\"position\":2,\"name\":\"Shop\",\"item\":\"https:\/\/b2b.mvgd.pl\/index.php\/shop\/\"},{\"@type\":\"ListItem\",\"position\":3,\"name\":\"Terre di Sera bianco Vino d&#8217;Italia 11,5% 0,75\"}]},{\"@type\":\"WebSite\",\"@id\":\"https:\/\/b2b.mvgd.pl\/#website\",\"url\":\"https:\/\/b2b.mvgd.pl\/\",\"name\":\"B2B MVGD PL\",\"description\":\"\",\"potentialAction\":[{\"@type\":\"SearchAction\",\"target\":{\"@type\":\"EntryPoint\",\"urlTemplate\":\"https:\/\/b2b.mvgd.pl\/?s={search_term_string}\"},\"query-input\":{\"@type\":\"PropertyValueSpecification\",\"valueRequired\":true,\"valueName\":\"search_term_string\"}}],\"inLanguage\":\"pl-PL\"}]}<\/script>\n<!-- \/ Yoast SEO plugin. -->","yoast_head_json":{"title":"Terre di Sera bianco Vino d'Italia 11,5% 0,75 - B2B MVGD PL","robots":{"index":"index","follow":"follow","max-snippet":"max-snippet:-1","max-image-preview":"max-image-preview:large","max-video-preview":"max-video-preview:-1"},"canonical":"https:\/\/b2b.mvgd.pl\/index.php\/produkt\/terre-di-sera-bianco-vino-ditalia-115-075\/","og_locale":"pl_PL","og_type":"article","og_title":"Terre di Sera bianco Vino d'Italia 11,5% 0,75 - B2B MVGD PL","og_description":"Lekkie i \u015bwie\u017ce bia\u0142e wino Vino d'Italia. Cytrusowe i orze\u017awiaj\u0105ce, idealne na codzienny posi\u0142ek lub jako aperitif.","og_url":"https:\/\/b2b.mvgd.pl\/index.php\/produkt\/terre-di-sera-bianco-vino-ditalia-115-075\/","og_site_name":"B2B MVGD PL","article_modified_time":"2026-02-16T19:05:00+00:00","twitter_card":"summary_large_image","twitter_misc":{"Szacowany czas czytania":"1 minuta"},"schema":{"@context":"https:\/\/schema.org","@graph":[{"@type":"WebPage","@id":"https:\/\/b2b.mvgd.pl\/index.php\/produkt\/terre-di-sera-bianco-vino-ditalia-115-075\/","url":"https:\/\/b2b.mvgd.pl\/index.php\/produkt\/terre-di-sera-bianco-vino-ditalia-115-075\/","name":"Terre di Sera bianco Vino d'Italia 11,5% 0,75 - B2B MVGD PL","isPartOf":{"@id":"https:\/\/b2b.mvgd.pl\/#website"},"primaryImageOfPage":{"@id":"https:\/\/b2b.mvgd.pl\/index.php\/produkt\/terre-di-sera-bianco-vino-ditalia-115-075\/#primaryimage"},"image":{"@id":"https:\/\/b2b.mvgd.pl\/index.php\/produkt\/terre-di-sera-bianco-vino-ditalia-115-075\/#primaryimage"},"thumbnailUrl":"https:\/\/b2b.mvgd.pl\/wp-content\/uploads\/2026\/02\/Terre-di-Sera-bianco-Vino-dItalia-115-075.png","datePublished":"2026-02-16T19:03:37+00:00","dateModified":"2026-02-16T19:05:00+00:00","breadcrumb":{"@id":"https:\/\/b2b.mvgd.pl\/index.php\/produkt\/terre-di-sera-bianco-vino-ditalia-115-075\/#breadcrumb"},"inLanguage":"pl-PL","potentialAction":[{"@type":"ReadAction","target":["https:\/\/b2b.mvgd.pl\/index.php\/produkt\/terre-di-sera-bianco-vino-ditalia-115-075\/"]}]},{"@type":"ImageObject","inLanguage":"pl-PL","@id":"https:\/\/b2b.mvgd.pl\/index.php\/produkt\/terre-di-sera-bianco-vino-ditalia-115-075\/#primaryimage","url":"https:\/\/b2b.mvgd.pl\/wp-content\/uploads\/2026\/02\/Terre-di-Sera-bianco-Vino-dItalia-115-075.png","contentUrl":"https:\/\/b2b.mvgd.pl\/wp-content\/uploads\/2026\/02\/Terre-di-Sera-bianco-Vino-dItalia-115-075.png","width":900,"height":1200},{"@type":"BreadcrumbList","@id":"https:\/\/b2b.mvgd.pl\/index.php\/produkt\/terre-di-sera-bianco-vino-ditalia-115-075\/#breadcrumb","itemListElement":[{"@type":"ListItem","position":1,"name":"Strona g\u0142\u00f3wna","item":"https:\/\/b2b.mvgd.pl\/"},{"@type":"ListItem","position":2,"name":"Shop","item":"https:\/\/b2b.mvgd.pl\/index.php\/shop\/"},{"@type":"ListItem","position":3,"name":"Terre di Sera bianco Vino d&#8217;Italia 11,5% 0,75"}]},{"@type":"WebSite","@id":"https:\/\/b2b.mvgd.pl\/#website","url":"https:\/\/b2b.mvgd.pl\/","name":"B2B MVGD PL","description":"","potentialAction":[{"@type":"SearchAction","target":{"@type":"EntryPoint","urlTemplate":"https:\/\/b2b.mvgd.pl\/?s={search_term_string}"},"query-input":{"@type":"PropertyValueSpecification","valueRequired":true,"valueName":"search_term_string"}}],"inLanguage":"pl-PL"}]}},"jetpack_sharing_enabled":true,"_links":{"self":[{"href":"https:\/\/b2b.mvgd.pl\/index.php\/wp-json\/wp\/v2\/product\/1097","targetHints":{"allow":["GET"]}}],"collection":[{"href":"https:\/\/b2b.mvgd.pl\/index.php\/wp-json\/wp\/v2\/product"}],"about":[{"href":"https:\/\/b2b.mvgd.pl\/index.php\/wp-json\/wp\/v2\/types\/product"}],"replies":[{"embeddable":true,"href":"https:\/\/b2b.mvgd.pl\/index.php\/wp-json\/wp\/v2\/comments?post=1097"}],"version-history":[{"count":0,"href":"https:\/\/b2b.mvgd.pl\/index.php\/wp-json\/wp\/v2\/product\/1097\/revisions"}],"wp:featuredmedia":[{"embeddable":true,"href":"https:\/\/b2b.mvgd.pl\/index.php\/wp-json\/wp\/v2\/media\/1148"}],"wp:attachment":[{"href":"https:\/\/b2b.mvgd.pl\/index.php\/wp-json\/wp\/v2\/media?parent=1097"}],"wp:term":[{"taxonomy":"product_brand","embeddable":true,"href":"https:\/\/b2b.mvgd.pl\/index.php\/wp-json\/wp\/v2\/product_brand?post=1097"},{"taxonomy":"product_cat","embeddable":true,"href":"https:\/\/b2b.mvgd.pl\/index.php\/wp-json\/wp\/v2\/product_cat?post=1097"},{"taxonomy":"product_tag","embeddable":true,"href":"https:\/\/b2b.mvgd.pl\/index.php\/wp-json\/wp\/v2\/product_tag?post=1097"}],"curies":[{"name":"wp","href":"https:\/\/api.w.org\/{rel}","templated":true}]}}