{"id":1089,"date":"2026-02-16T19:03:08","date_gmt":"2026-02-16T19:03:08","guid":{"rendered":"https:\/\/b2b.mvgd.pl\/?post_type=product&#038;p=1089"},"modified":"2026-02-16T19:04:54","modified_gmt":"2026-02-16T19:04:54","slug":"capo-zafferano-appassimento-075l-145","status":"publish","type":"product","link":"https:\/\/b2b.mvgd.pl\/index.php\/produkt\/capo-zafferano-appassimento-075l-145\/","title":{"rendered":"Capo Zafferano Appassimento 0,75l 14,5%"},"content":{"rendered":"<article class=\"text-token-text-primary w-full focus:outline-none scroll-mt-[calc(var(--header-height)+min(200px,max(70px,20svh)))]\" dir=\"auto\" data-testid=\"conversation-turn-302\" data-scroll-anchor=\"true\" data-turn=\"assistant\">\n<div class=\"text-base my-auto mx-auto pb-10 [--thread-content-margin:--spacing(4)] @[37rem]:[--thread-content-margin:--spacing(6)] @[72rem]:[--thread-content-margin:--spacing(16)] px-(--thread-content-margin)\">\n<div class=\"[--thread-content-max-width:32rem] @[34rem]:[--thread-content-max-width:40rem] @[64rem]:[--thread-content-max-width:48rem] mx-auto max-w-(--thread-content-max-width) flex-1 group\/turn-messages focus-visible:outline-hidden relative flex w-full min-w-0 flex-col agent-turn\">\n<div class=\"flex max-w-full flex-col grow\">\n<div class=\"min-h-8 text-message relative flex w-full flex-col items-end gap-2 text-start break-words whitespace-normal [.text-message+&amp;]:mt-5\" dir=\"auto\" data-message-author-role=\"assistant\" data-message-id=\"020de48d-4bf9-4c57-864d-2d0b023c83c4\" data-message-model-slug=\"gpt-4o\">\n<div class=\"flex w-full flex-col gap-1 empty:hidden first:pt-[3px]\">\n<div class=\"markdown prose dark:prose-invert w-full break-words dark\">\n<p class=\"ds-markdown-paragraph\">Czerwone wino w stylu &#8222;Appassimento&#8221;, wytwarzane z cz\u0119\u015bciowo podsuszonych winogron (prawdopodobnie Primitivo i Negroamaro) w regionie Apulia. Proces podsuszania koncentruje cukry i aromaty, co daje wino o wi\u0119kszej g\u0142\u0119bi, cia\u0142o i wy\u017cszej alkoholowo\u015bci. Le\u017cakowanie w d\u0119bowych beczkach nadaje mu ostatecznej z\u0142o\u017cono\u015bci i struktury.<\/p>\n<p class=\"ds-markdown-paragraph\">Aromat: Bardzo intensywny i bogaty, z nutami suszonych \u015bliwek, wi\u015bni w likierze, czekolady, tytoniu i pra\u017conych przypraw.<\/p>\n<p class=\"ds-markdown-paragraph\">Smak: Niezwykle pe\u0142ne, g\u0119ste i aksamitne, o wysokiej, ale dobrze zintegrowanej alkoholowo\u015bci. Smaki kompotu z czerwonych owoc\u00f3w, gorzkiej czekolady i karmelu. D\u0142ugi, rozgrzewaj\u0105cy i lekko taninowy finisz.<\/p>\n<p class=\"ds-markdown-paragraph\">Dopasowanie kulinarne: Danie z dziczyzny, pieczona jagni\u0119cina, dojrza\u0142e sery ple\u015bniowe, mi\u0119sne rag\u00f9 oraz intensywne dania kuchni w\u0142oskiej.<\/p>\n<p class=\"ds-markdown-paragraph\">Temperatura serwowania: 16-18\u00b0C<\/p>\n<p class=\"ds-markdown-paragraph\">Napowietrzanie: Konieczne (1 godzina lub d\u0142u\u017cej).<\/p>\n<p class=\"ds-markdown-paragraph\">Charakter: Bogate, ekstraktywne i esencjonalne wino, b\u0119d\u0105ce wizyt\u00f3wk\u0105 po\u0142udniowow\u0142oskiego stylu.<\/p>\n<\/div>\n<\/div>\n<\/div>\n<\/div>\n<\/div>\n<\/div>\n<\/article>\n","protected":false},"excerpt":{"rendered":"<div class=\"dad65929\">\n<div class=\"_4f9bf79 d7dc56a8 _43c05b5\">\n<div class=\"ds-message _63c77b1\">\n<div class=\"ds-markdown\">\n<p class=\"ds-markdown-paragraph\">Apulijski Appassimento z podsuszonych winogron. Ekstremalnie skoncentrowany, z smakami suszonych owoc\u00f3w i czekolady. Na specjalne okazje.<\/p>\n<\/div>\n<\/div>\n<\/div>\n<\/div>\n","protected":false},"featured_media":1146,"comment_status":"closed","ping_status":"closed","template":"","meta":[],"product_brand":[],"product_cat":[734,18,19],"product_tag":[1320,737,738,1319,320,499,321],"class_list":{"0":"post-1089","1":"product","2":"type-product","3":"status-publish","4":"has-post-thumbnail","6":"product_cat-puglia","7":"product_cat-wina","8":"product_cat-wlochy-wina","9":"product_tag-capo-zafferano","10":"product_tag-czerwone","11":"product_tag-puglia","12":"product_tag-puliga","13":"product_tag-wino","14":"product_tag-wlochy","15":"product_tag-wytrawne","17":"first","18":"instock","19":"shipping-taxable","20":"purchasable","21":"product-type-simple"},"yoast_head":"<!-- This site is optimized with the Yoast SEO plugin v26.9 - https:\/\/yoast.com\/product\/yoast-seo-wordpress\/ -->\n<title>Capo Zafferano Appassimento 0,75l 14,5% - B2B MVGD PL<\/title>\n<meta name=\"robots\" content=\"index, follow, max-snippet:-1, max-image-preview:large, max-video-preview:-1\" \/>\n<link rel=\"canonical\" href=\"https:\/\/b2b.mvgd.pl\/index.php\/produkt\/capo-zafferano-appassimento-075l-145\/\" \/>\n<meta property=\"og:locale\" content=\"pl_PL\" \/>\n<meta property=\"og:type\" content=\"article\" \/>\n<meta property=\"og:title\" content=\"Capo Zafferano Appassimento 0,75l 14,5% - B2B MVGD PL\" \/>\n<meta property=\"og:description\" content=\"Apulijski Appassimento z podsuszonych winogron. Ekstremalnie skoncentrowany, z smakami suszonych owoc\u00f3w i czekolady. Na specjalne okazje.\" \/>\n<meta property=\"og:url\" content=\"https:\/\/b2b.mvgd.pl\/index.php\/produkt\/capo-zafferano-appassimento-075l-145\/\" \/>\n<meta property=\"og:site_name\" content=\"B2B MVGD PL\" \/>\n<meta property=\"article:modified_time\" content=\"2026-02-16T19:04:54+00:00\" \/>\n<meta name=\"twitter:card\" content=\"summary_large_image\" \/>\n<meta name=\"twitter:label1\" content=\"Szacowany czas czytania\" \/>\n\t<meta name=\"twitter:data1\" content=\"1 minuta\" \/>\n<script type=\"application\/ld+json\" class=\"yoast-schema-graph\">{\"@context\":\"https:\/\/schema.org\",\"@graph\":[{\"@type\":\"WebPage\",\"@id\":\"https:\/\/b2b.mvgd.pl\/index.php\/produkt\/capo-zafferano-appassimento-075l-145\/\",\"url\":\"https:\/\/b2b.mvgd.pl\/index.php\/produkt\/capo-zafferano-appassimento-075l-145\/\",\"name\":\"Capo Zafferano Appassimento 0,75l 14,5% - B2B MVGD PL\",\"isPartOf\":{\"@id\":\"https:\/\/b2b.mvgd.pl\/#website\"},\"primaryImageOfPage\":{\"@id\":\"https:\/\/b2b.mvgd.pl\/index.php\/produkt\/capo-zafferano-appassimento-075l-145\/#primaryimage\"},\"image\":{\"@id\":\"https:\/\/b2b.mvgd.pl\/index.php\/produkt\/capo-zafferano-appassimento-075l-145\/#primaryimage\"},\"thumbnailUrl\":\"https:\/\/b2b.mvgd.pl\/wp-content\/uploads\/2026\/02\/Capo-Zafferano-Primitivo-di-Manduria-075l-145-.png\",\"datePublished\":\"2026-02-16T19:03:08+00:00\",\"dateModified\":\"2026-02-16T19:04:54+00:00\",\"breadcrumb\":{\"@id\":\"https:\/\/b2b.mvgd.pl\/index.php\/produkt\/capo-zafferano-appassimento-075l-145\/#breadcrumb\"},\"inLanguage\":\"pl-PL\",\"potentialAction\":[{\"@type\":\"ReadAction\",\"target\":[\"https:\/\/b2b.mvgd.pl\/index.php\/produkt\/capo-zafferano-appassimento-075l-145\/\"]}]},{\"@type\":\"ImageObject\",\"inLanguage\":\"pl-PL\",\"@id\":\"https:\/\/b2b.mvgd.pl\/index.php\/produkt\/capo-zafferano-appassimento-075l-145\/#primaryimage\",\"url\":\"https:\/\/b2b.mvgd.pl\/wp-content\/uploads\/2026\/02\/Capo-Zafferano-Primitivo-di-Manduria-075l-145-.png\",\"contentUrl\":\"https:\/\/b2b.mvgd.pl\/wp-content\/uploads\/2026\/02\/Capo-Zafferano-Primitivo-di-Manduria-075l-145-.png\",\"width\":900,\"height\":1200},{\"@type\":\"BreadcrumbList\",\"@id\":\"https:\/\/b2b.mvgd.pl\/index.php\/produkt\/capo-zafferano-appassimento-075l-145\/#breadcrumb\",\"itemListElement\":[{\"@type\":\"ListItem\",\"position\":1,\"name\":\"Strona g\u0142\u00f3wna\",\"item\":\"https:\/\/b2b.mvgd.pl\/\"},{\"@type\":\"ListItem\",\"position\":2,\"name\":\"Shop\",\"item\":\"https:\/\/b2b.mvgd.pl\/index.php\/shop\/\"},{\"@type\":\"ListItem\",\"position\":3,\"name\":\"Capo Zafferano Appassimento 0,75l 14,5%\"}]},{\"@type\":\"WebSite\",\"@id\":\"https:\/\/b2b.mvgd.pl\/#website\",\"url\":\"https:\/\/b2b.mvgd.pl\/\",\"name\":\"B2B MVGD PL\",\"description\":\"\",\"potentialAction\":[{\"@type\":\"SearchAction\",\"target\":{\"@type\":\"EntryPoint\",\"urlTemplate\":\"https:\/\/b2b.mvgd.pl\/?s={search_term_string}\"},\"query-input\":{\"@type\":\"PropertyValueSpecification\",\"valueRequired\":true,\"valueName\":\"search_term_string\"}}],\"inLanguage\":\"pl-PL\"}]}<\/script>\n<!-- \/ Yoast SEO plugin. -->","yoast_head_json":{"title":"Capo Zafferano Appassimento 0,75l 14,5% - B2B MVGD PL","robots":{"index":"index","follow":"follow","max-snippet":"max-snippet:-1","max-image-preview":"max-image-preview:large","max-video-preview":"max-video-preview:-1"},"canonical":"https:\/\/b2b.mvgd.pl\/index.php\/produkt\/capo-zafferano-appassimento-075l-145\/","og_locale":"pl_PL","og_type":"article","og_title":"Capo Zafferano Appassimento 0,75l 14,5% - B2B MVGD PL","og_description":"Apulijski Appassimento z podsuszonych winogron. Ekstremalnie skoncentrowany, z smakami suszonych owoc\u00f3w i czekolady. Na specjalne okazje.","og_url":"https:\/\/b2b.mvgd.pl\/index.php\/produkt\/capo-zafferano-appassimento-075l-145\/","og_site_name":"B2B MVGD PL","article_modified_time":"2026-02-16T19:04:54+00:00","twitter_card":"summary_large_image","twitter_misc":{"Szacowany czas czytania":"1 minuta"},"schema":{"@context":"https:\/\/schema.org","@graph":[{"@type":"WebPage","@id":"https:\/\/b2b.mvgd.pl\/index.php\/produkt\/capo-zafferano-appassimento-075l-145\/","url":"https:\/\/b2b.mvgd.pl\/index.php\/produkt\/capo-zafferano-appassimento-075l-145\/","name":"Capo Zafferano Appassimento 0,75l 14,5% - B2B MVGD PL","isPartOf":{"@id":"https:\/\/b2b.mvgd.pl\/#website"},"primaryImageOfPage":{"@id":"https:\/\/b2b.mvgd.pl\/index.php\/produkt\/capo-zafferano-appassimento-075l-145\/#primaryimage"},"image":{"@id":"https:\/\/b2b.mvgd.pl\/index.php\/produkt\/capo-zafferano-appassimento-075l-145\/#primaryimage"},"thumbnailUrl":"https:\/\/b2b.mvgd.pl\/wp-content\/uploads\/2026\/02\/Capo-Zafferano-Primitivo-di-Manduria-075l-145-.png","datePublished":"2026-02-16T19:03:08+00:00","dateModified":"2026-02-16T19:04:54+00:00","breadcrumb":{"@id":"https:\/\/b2b.mvgd.pl\/index.php\/produkt\/capo-zafferano-appassimento-075l-145\/#breadcrumb"},"inLanguage":"pl-PL","potentialAction":[{"@type":"ReadAction","target":["https:\/\/b2b.mvgd.pl\/index.php\/produkt\/capo-zafferano-appassimento-075l-145\/"]}]},{"@type":"ImageObject","inLanguage":"pl-PL","@id":"https:\/\/b2b.mvgd.pl\/index.php\/produkt\/capo-zafferano-appassimento-075l-145\/#primaryimage","url":"https:\/\/b2b.mvgd.pl\/wp-content\/uploads\/2026\/02\/Capo-Zafferano-Primitivo-di-Manduria-075l-145-.png","contentUrl":"https:\/\/b2b.mvgd.pl\/wp-content\/uploads\/2026\/02\/Capo-Zafferano-Primitivo-di-Manduria-075l-145-.png","width":900,"height":1200},{"@type":"BreadcrumbList","@id":"https:\/\/b2b.mvgd.pl\/index.php\/produkt\/capo-zafferano-appassimento-075l-145\/#breadcrumb","itemListElement":[{"@type":"ListItem","position":1,"name":"Strona g\u0142\u00f3wna","item":"https:\/\/b2b.mvgd.pl\/"},{"@type":"ListItem","position":2,"name":"Shop","item":"https:\/\/b2b.mvgd.pl\/index.php\/shop\/"},{"@type":"ListItem","position":3,"name":"Capo Zafferano Appassimento 0,75l 14,5%"}]},{"@type":"WebSite","@id":"https:\/\/b2b.mvgd.pl\/#website","url":"https:\/\/b2b.mvgd.pl\/","name":"B2B MVGD PL","description":"","potentialAction":[{"@type":"SearchAction","target":{"@type":"EntryPoint","urlTemplate":"https:\/\/b2b.mvgd.pl\/?s={search_term_string}"},"query-input":{"@type":"PropertyValueSpecification","valueRequired":true,"valueName":"search_term_string"}}],"inLanguage":"pl-PL"}]}},"jetpack_sharing_enabled":true,"_links":{"self":[{"href":"https:\/\/b2b.mvgd.pl\/index.php\/wp-json\/wp\/v2\/product\/1089","targetHints":{"allow":["GET"]}}],"collection":[{"href":"https:\/\/b2b.mvgd.pl\/index.php\/wp-json\/wp\/v2\/product"}],"about":[{"href":"https:\/\/b2b.mvgd.pl\/index.php\/wp-json\/wp\/v2\/types\/product"}],"replies":[{"embeddable":true,"href":"https:\/\/b2b.mvgd.pl\/index.php\/wp-json\/wp\/v2\/comments?post=1089"}],"version-history":[{"count":0,"href":"https:\/\/b2b.mvgd.pl\/index.php\/wp-json\/wp\/v2\/product\/1089\/revisions"}],"wp:featuredmedia":[{"embeddable":true,"href":"https:\/\/b2b.mvgd.pl\/index.php\/wp-json\/wp\/v2\/media\/1146"}],"wp:attachment":[{"href":"https:\/\/b2b.mvgd.pl\/index.php\/wp-json\/wp\/v2\/media?parent=1089"}],"wp:term":[{"taxonomy":"product_brand","embeddable":true,"href":"https:\/\/b2b.mvgd.pl\/index.php\/wp-json\/wp\/v2\/product_brand?post=1089"},{"taxonomy":"product_cat","embeddable":true,"href":"https:\/\/b2b.mvgd.pl\/index.php\/wp-json\/wp\/v2\/product_cat?post=1089"},{"taxonomy":"product_tag","embeddable":true,"href":"https:\/\/b2b.mvgd.pl\/index.php\/wp-json\/wp\/v2\/product_tag?post=1089"}],"curies":[{"name":"wp","href":"https:\/\/api.w.org\/{rel}","templated":true}]}}