{"id":1085,"date":"2026-02-16T19:03:07","date_gmt":"2026-02-16T19:03:07","guid":{"rendered":"https:\/\/b2b.mvgd.pl\/?post_type=product&#038;p=1085"},"modified":"2026-02-16T19:04:41","modified_gmt":"2026-02-16T19:04:41","slug":"mario-del-conte-fiano-075l-13","status":"publish","type":"product","link":"https:\/\/b2b.mvgd.pl\/index.php\/produkt\/mario-del-conte-fiano-075l-13\/","title":{"rendered":"Mario del Conte Fiano 0,75l 13%"},"content":{"rendered":"<article class=\"text-token-text-primary w-full focus:outline-none scroll-mt-[calc(var(--header-height)+min(200px,max(70px,20svh)))]\" dir=\"auto\" data-testid=\"conversation-turn-302\" data-scroll-anchor=\"true\" data-turn=\"assistant\">\n<div class=\"text-base my-auto mx-auto pb-10 [--thread-content-margin:--spacing(4)] @[37rem]:[--thread-content-margin:--spacing(6)] @[72rem]:[--thread-content-margin:--spacing(16)] px-(--thread-content-margin)\">\n<div class=\"[--thread-content-max-width:32rem] @[34rem]:[--thread-content-max-width:40rem] @[64rem]:[--thread-content-max-width:48rem] mx-auto max-w-(--thread-content-max-width) flex-1 group\/turn-messages focus-visible:outline-hidden relative flex w-full min-w-0 flex-col agent-turn\">\n<div class=\"flex max-w-full flex-col grow\">\n<div class=\"min-h-8 text-message relative flex w-full flex-col items-end gap-2 text-start break-words whitespace-normal [.text-message+&amp;]:mt-5\" dir=\"auto\" data-message-author-role=\"assistant\" data-message-id=\"020de48d-4bf9-4c57-864d-2d0b023c83c4\" data-message-model-slug=\"gpt-4o\">\n<div class=\"flex w-full flex-col gap-1 empty:hidden first:pt-[3px]\">\n<div class=\"markdown prose dark:prose-invert w-full break-words dark\">\n<p class=\"ds-markdown-paragraph\">Opis: Eleganckie bia\u0142e wino wytwarzane ze szczepu Fiano, uprawianego w Apulii. Fermentacja i dojrzewanie w stalowych zbiornikach pozwalaj\u0105 zachowa\u0107 \u015bwie\u017co\u015b\u0107 i czysto\u015b\u0107 aromatu, podkre\u015blaj\u0105c mineralny charakter wina.<\/p>\n<p class=\"ds-markdown-paragraph\">Aromat: Intensywny i finezyjny, z nutami dojrza\u0142ych gruszek, brzoskwi\u0144 bia\u0142ych, kwiat\u00f3w akacji i charakterystyczn\u0105 nut\u0105 migda\u0142\u00f3w i miodu.<\/p>\n<p class=\"ds-markdown-paragraph\">Smak: Wytrawny, o dobrej strukturze i kremowej teksturze, z \u017cyw\u0105 kwasowo\u015bci\u0105 zapewniaj\u0105c\u0105 doskona\u0142\u0105 r\u00f3wnowag\u0119. Smaki owoc\u00f3w pestkowych i mineralne prowadz\u0105 do d\u0142ugiego, czystego finiszu.<\/p>\n<p class=\"ds-markdown-paragraph\">Dopasowanie kulinarne: Idealne do da\u0144 rybnych i owoc\u00f3w morza, risotto z warzywami, bia\u0142ych mi\u0119s i \u0142agodnych ser\u00f3w.<\/p>\n<p class=\"ds-markdown-paragraph\">Temperatura serwowania: 10-12\u00b0C<\/p>\n<p class=\"ds-markdown-paragraph\">Napowietrzanie: Nie wymaga.<\/p>\n<p class=\"ds-markdown-paragraph\">Charakter: \u015awie\u017ce, eleganckie i z\u0142o\u017cone bia\u0142e wino o wyra\u017anym charakterze.<\/p>\n<\/div>\n<\/div>\n<\/div>\n<\/div>\n<\/div>\n<\/div>\n<\/article>\n","protected":false},"excerpt":{"rendered":"<div class=\"dad65929\">\n<div class=\"_4f9bf79 d7dc56a8 _43c05b5\">\n<div class=\"ds-message _63c77b1\">\n<div class=\"ds-markdown\">\n<p class=\"ds-markdown-paragraph\">Fiano z Apulii. Eleganckie i mineralne, z nutami gruszki i migda\u0142\u00f3w. Doskona\u0142e do owoc\u00f3w morza i ryb.<\/p>\n<\/div>\n<\/div>\n<\/div>\n<\/div>\n","protected":false},"featured_media":1135,"comment_status":"closed","ping_status":"closed","template":"","meta":[],"product_brand":[],"product_cat":[734,18,19],"product_tag":[757,1318,1317,1319,320,577,321],"class_list":{"0":"post-1085","1":"product","2":"type-product","3":"status-publish","4":"has-post-thumbnail","6":"product_cat-puglia","7":"product_cat-wina","8":"product_cat-wlochy-wina","9":"product_tag-biale","10":"product_tag-mario-del-conte","11":"product_tag-progetti-agricoli","12":"product_tag-puliga","13":"product_tag-wino","14":"product_tag-wino-biale","15":"product_tag-wytrawne","17":"first","18":"instock","19":"shipping-taxable","20":"purchasable","21":"product-type-simple"},"yoast_head":"<!-- This site is optimized with the Yoast SEO plugin v26.9 - https:\/\/yoast.com\/product\/yoast-seo-wordpress\/ -->\n<title>Mario del Conte Fiano 0,75l 13% - B2B MVGD PL<\/title>\n<meta name=\"robots\" content=\"index, follow, max-snippet:-1, max-image-preview:large, max-video-preview:-1\" \/>\n<link rel=\"canonical\" href=\"https:\/\/b2b.mvgd.pl\/index.php\/produkt\/mario-del-conte-fiano-075l-13\/\" \/>\n<meta property=\"og:locale\" content=\"pl_PL\" \/>\n<meta property=\"og:type\" content=\"article\" \/>\n<meta property=\"og:title\" content=\"Mario del Conte Fiano 0,75l 13% - B2B MVGD PL\" \/>\n<meta property=\"og:description\" content=\"Fiano z Apulii. Eleganckie i mineralne, z nutami gruszki i migda\u0142\u00f3w. Doskona\u0142e do owoc\u00f3w morza i ryb.\" \/>\n<meta property=\"og:url\" content=\"https:\/\/b2b.mvgd.pl\/index.php\/produkt\/mario-del-conte-fiano-075l-13\/\" \/>\n<meta property=\"og:site_name\" content=\"B2B MVGD PL\" \/>\n<meta property=\"article:modified_time\" content=\"2026-02-16T19:04:41+00:00\" \/>\n<meta name=\"twitter:card\" content=\"summary_large_image\" \/>\n<meta name=\"twitter:label1\" content=\"Szacowany czas czytania\" \/>\n\t<meta name=\"twitter:data1\" content=\"1 minuta\" \/>\n<script type=\"application\/ld+json\" class=\"yoast-schema-graph\">{\"@context\":\"https:\/\/schema.org\",\"@graph\":[{\"@type\":\"WebPage\",\"@id\":\"https:\/\/b2b.mvgd.pl\/index.php\/produkt\/mario-del-conte-fiano-075l-13\/\",\"url\":\"https:\/\/b2b.mvgd.pl\/index.php\/produkt\/mario-del-conte-fiano-075l-13\/\",\"name\":\"Mario del Conte Fiano 0,75l 13% - B2B MVGD PL\",\"isPartOf\":{\"@id\":\"https:\/\/b2b.mvgd.pl\/#website\"},\"primaryImageOfPage\":{\"@id\":\"https:\/\/b2b.mvgd.pl\/index.php\/produkt\/mario-del-conte-fiano-075l-13\/#primaryimage\"},\"image\":{\"@id\":\"https:\/\/b2b.mvgd.pl\/index.php\/produkt\/mario-del-conte-fiano-075l-13\/#primaryimage\"},\"thumbnailUrl\":\"https:\/\/b2b.mvgd.pl\/wp-content\/uploads\/2026\/02\/Mario-del-Conte-Fiano-075l-13.png\",\"datePublished\":\"2026-02-16T19:03:07+00:00\",\"dateModified\":\"2026-02-16T19:04:41+00:00\",\"breadcrumb\":{\"@id\":\"https:\/\/b2b.mvgd.pl\/index.php\/produkt\/mario-del-conte-fiano-075l-13\/#breadcrumb\"},\"inLanguage\":\"pl-PL\",\"potentialAction\":[{\"@type\":\"ReadAction\",\"target\":[\"https:\/\/b2b.mvgd.pl\/index.php\/produkt\/mario-del-conte-fiano-075l-13\/\"]}]},{\"@type\":\"ImageObject\",\"inLanguage\":\"pl-PL\",\"@id\":\"https:\/\/b2b.mvgd.pl\/index.php\/produkt\/mario-del-conte-fiano-075l-13\/#primaryimage\",\"url\":\"https:\/\/b2b.mvgd.pl\/wp-content\/uploads\/2026\/02\/Mario-del-Conte-Fiano-075l-13.png\",\"contentUrl\":\"https:\/\/b2b.mvgd.pl\/wp-content\/uploads\/2026\/02\/Mario-del-Conte-Fiano-075l-13.png\",\"width\":900,\"height\":1200},{\"@type\":\"BreadcrumbList\",\"@id\":\"https:\/\/b2b.mvgd.pl\/index.php\/produkt\/mario-del-conte-fiano-075l-13\/#breadcrumb\",\"itemListElement\":[{\"@type\":\"ListItem\",\"position\":1,\"name\":\"Strona g\u0142\u00f3wna\",\"item\":\"https:\/\/b2b.mvgd.pl\/\"},{\"@type\":\"ListItem\",\"position\":2,\"name\":\"Shop\",\"item\":\"https:\/\/b2b.mvgd.pl\/index.php\/shop\/\"},{\"@type\":\"ListItem\",\"position\":3,\"name\":\"Mario del Conte Fiano 0,75l 13%\"}]},{\"@type\":\"WebSite\",\"@id\":\"https:\/\/b2b.mvgd.pl\/#website\",\"url\":\"https:\/\/b2b.mvgd.pl\/\",\"name\":\"B2B MVGD PL\",\"description\":\"\",\"potentialAction\":[{\"@type\":\"SearchAction\",\"target\":{\"@type\":\"EntryPoint\",\"urlTemplate\":\"https:\/\/b2b.mvgd.pl\/?s={search_term_string}\"},\"query-input\":{\"@type\":\"PropertyValueSpecification\",\"valueRequired\":true,\"valueName\":\"search_term_string\"}}],\"inLanguage\":\"pl-PL\"}]}<\/script>\n<!-- \/ Yoast SEO plugin. -->","yoast_head_json":{"title":"Mario del Conte Fiano 0,75l 13% - B2B MVGD PL","robots":{"index":"index","follow":"follow","max-snippet":"max-snippet:-1","max-image-preview":"max-image-preview:large","max-video-preview":"max-video-preview:-1"},"canonical":"https:\/\/b2b.mvgd.pl\/index.php\/produkt\/mario-del-conte-fiano-075l-13\/","og_locale":"pl_PL","og_type":"article","og_title":"Mario del Conte Fiano 0,75l 13% - B2B MVGD PL","og_description":"Fiano z Apulii. Eleganckie i mineralne, z nutami gruszki i migda\u0142\u00f3w. Doskona\u0142e do owoc\u00f3w morza i ryb.","og_url":"https:\/\/b2b.mvgd.pl\/index.php\/produkt\/mario-del-conte-fiano-075l-13\/","og_site_name":"B2B MVGD PL","article_modified_time":"2026-02-16T19:04:41+00:00","twitter_card":"summary_large_image","twitter_misc":{"Szacowany czas czytania":"1 minuta"},"schema":{"@context":"https:\/\/schema.org","@graph":[{"@type":"WebPage","@id":"https:\/\/b2b.mvgd.pl\/index.php\/produkt\/mario-del-conte-fiano-075l-13\/","url":"https:\/\/b2b.mvgd.pl\/index.php\/produkt\/mario-del-conte-fiano-075l-13\/","name":"Mario del Conte Fiano 0,75l 13% - B2B MVGD PL","isPartOf":{"@id":"https:\/\/b2b.mvgd.pl\/#website"},"primaryImageOfPage":{"@id":"https:\/\/b2b.mvgd.pl\/index.php\/produkt\/mario-del-conte-fiano-075l-13\/#primaryimage"},"image":{"@id":"https:\/\/b2b.mvgd.pl\/index.php\/produkt\/mario-del-conte-fiano-075l-13\/#primaryimage"},"thumbnailUrl":"https:\/\/b2b.mvgd.pl\/wp-content\/uploads\/2026\/02\/Mario-del-Conte-Fiano-075l-13.png","datePublished":"2026-02-16T19:03:07+00:00","dateModified":"2026-02-16T19:04:41+00:00","breadcrumb":{"@id":"https:\/\/b2b.mvgd.pl\/index.php\/produkt\/mario-del-conte-fiano-075l-13\/#breadcrumb"},"inLanguage":"pl-PL","potentialAction":[{"@type":"ReadAction","target":["https:\/\/b2b.mvgd.pl\/index.php\/produkt\/mario-del-conte-fiano-075l-13\/"]}]},{"@type":"ImageObject","inLanguage":"pl-PL","@id":"https:\/\/b2b.mvgd.pl\/index.php\/produkt\/mario-del-conte-fiano-075l-13\/#primaryimage","url":"https:\/\/b2b.mvgd.pl\/wp-content\/uploads\/2026\/02\/Mario-del-Conte-Fiano-075l-13.png","contentUrl":"https:\/\/b2b.mvgd.pl\/wp-content\/uploads\/2026\/02\/Mario-del-Conte-Fiano-075l-13.png","width":900,"height":1200},{"@type":"BreadcrumbList","@id":"https:\/\/b2b.mvgd.pl\/index.php\/produkt\/mario-del-conte-fiano-075l-13\/#breadcrumb","itemListElement":[{"@type":"ListItem","position":1,"name":"Strona g\u0142\u00f3wna","item":"https:\/\/b2b.mvgd.pl\/"},{"@type":"ListItem","position":2,"name":"Shop","item":"https:\/\/b2b.mvgd.pl\/index.php\/shop\/"},{"@type":"ListItem","position":3,"name":"Mario del Conte Fiano 0,75l 13%"}]},{"@type":"WebSite","@id":"https:\/\/b2b.mvgd.pl\/#website","url":"https:\/\/b2b.mvgd.pl\/","name":"B2B MVGD PL","description":"","potentialAction":[{"@type":"SearchAction","target":{"@type":"EntryPoint","urlTemplate":"https:\/\/b2b.mvgd.pl\/?s={search_term_string}"},"query-input":{"@type":"PropertyValueSpecification","valueRequired":true,"valueName":"search_term_string"}}],"inLanguage":"pl-PL"}]}},"jetpack_sharing_enabled":true,"_links":{"self":[{"href":"https:\/\/b2b.mvgd.pl\/index.php\/wp-json\/wp\/v2\/product\/1085","targetHints":{"allow":["GET"]}}],"collection":[{"href":"https:\/\/b2b.mvgd.pl\/index.php\/wp-json\/wp\/v2\/product"}],"about":[{"href":"https:\/\/b2b.mvgd.pl\/index.php\/wp-json\/wp\/v2\/types\/product"}],"replies":[{"embeddable":true,"href":"https:\/\/b2b.mvgd.pl\/index.php\/wp-json\/wp\/v2\/comments?post=1085"}],"version-history":[{"count":0,"href":"https:\/\/b2b.mvgd.pl\/index.php\/wp-json\/wp\/v2\/product\/1085\/revisions"}],"wp:featuredmedia":[{"embeddable":true,"href":"https:\/\/b2b.mvgd.pl\/index.php\/wp-json\/wp\/v2\/media\/1135"}],"wp:attachment":[{"href":"https:\/\/b2b.mvgd.pl\/index.php\/wp-json\/wp\/v2\/media?parent=1085"}],"wp:term":[{"taxonomy":"product_brand","embeddable":true,"href":"https:\/\/b2b.mvgd.pl\/index.php\/wp-json\/wp\/v2\/product_brand?post=1085"},{"taxonomy":"product_cat","embeddable":true,"href":"https:\/\/b2b.mvgd.pl\/index.php\/wp-json\/wp\/v2\/product_cat?post=1085"},{"taxonomy":"product_tag","embeddable":true,"href":"https:\/\/b2b.mvgd.pl\/index.php\/wp-json\/wp\/v2\/product_tag?post=1085"}],"curies":[{"name":"wp","href":"https:\/\/api.w.org\/{rel}","templated":true}]}}