{"id":1084,"date":"2026-02-16T19:03:07","date_gmt":"2026-02-16T19:03:07","guid":{"rendered":"https:\/\/b2b.mvgd.pl\/?post_type=product&#038;p=1084"},"modified":"2026-02-16T19:04:38","modified_gmt":"2026-02-16T19:04:38","slug":"prosecco-nino-ardevi-prosecco-brut-rose-doc-075l-11","status":"publish","type":"product","link":"https:\/\/b2b.mvgd.pl\/index.php\/produkt\/prosecco-nino-ardevi-prosecco-brut-rose-doc-075l-11\/","title":{"rendered":"PROSECCO NINO ARDEVI Prosecco brut rose DOC 0,75l 11%"},"content":{"rendered":"<p>Opis: Prosecco Ros\u00e9 DOC musuj\u0105ce, wytwarzane metod\u0105 Charmat. Powstaje z winogron Glera (co najmniej 85%) i Pinot Nero (10-15%), co nadaje mu charakterystycznej r\u00f3\u017cowej barwy. Wino jest typu Brut, co oznacza, \u017ce jest wytrawne, z nisk\u0105 zawarto\u015bci\u0105 cukru resztkowego, podkre\u015blaj\u0105c\u0105 jego \u015bwie\u017co\u015b\u0107.<\/p>\n<p>Aromat: \u015awie\u017cy i intensywny, zdominowany przez zapach czerwonych owoc\u00f3w jagodowych, takich jak truskawka i malina, z lekk\u0105 cytrusow\u0105 nut\u0105 i eleganck\u0105 kwiatowo\u015bci\u0105.<\/p>\n<p>Smak: Lekkie, chrupkie i orze\u017awiaj\u0105ce, z wyra\u017an\u0105, rze\u015bk\u0105 kwasowo\u015bci\u0105. Delikatne musowanie, smaki czerwonych jag\u00f3d i grejpfruta. Czysty, elegancki finisz.<\/p>\n<p>Dopasowanie kulinarne: Idealny aperitif, doskona\u0142y do lekkich przystawek, sa\u0142atek, owoc\u00f3w morza, sushi oraz deser\u00f3w owocowych. Temperatura serwowania: 6-8\u00b0C<\/p>\n<p>Napowietrzanie: Nie wymaga.<\/p>\n<p>Charakter: Elegancki, modny i bardzo drinkable Prosecco Ros\u00e9. Perfekcyjne wino na codzienne przyjemno\u015bci i spotkania towarzyskie.<\/p>\n","protected":false},"excerpt":{"rendered":"<p>Musuj\u0105ce Prosecco Ros\u00e9 DOC o r\u00f3\u017cowej barwie i \u015bwie\u017cym, jagodowym aromacie. Lekkie, wytrawne i orze\u017awiaj\u0105ce. Idealne na aperitif i lekkie dania.<\/p>\n","protected":false},"featured_media":1134,"comment_status":"open","ping_status":"closed","template":"","meta":[],"product_brand":[],"product_cat":[16,17],"product_tag":[1317,959,760,684,499],"class_list":{"0":"post-1084","1":"product","2":"type-product","3":"status-publish","4":"has-post-thumbnail","6":"product_cat-wina-musujace","7":"product_cat-wlochy","8":"product_tag-progetti-agricoli","9":"product_tag-rozowe","10":"product_tag-veneto","11":"product_tag-wino-musujace","12":"product_tag-wlochy","14":"first","15":"instock","16":"shipping-taxable","17":"purchasable","18":"product-type-simple"},"yoast_head":"<!-- This site is optimized with the Yoast SEO plugin v26.9 - https:\/\/yoast.com\/product\/yoast-seo-wordpress\/ -->\n<title>PROSECCO NINO ARDEVI Prosecco brut rose DOC 0,75l 11% - B2B MVGD PL<\/title>\n<meta name=\"robots\" content=\"index, follow, max-snippet:-1, max-image-preview:large, max-video-preview:-1\" \/>\n<link rel=\"canonical\" href=\"https:\/\/b2b.mvgd.pl\/index.php\/produkt\/prosecco-nino-ardevi-prosecco-brut-rose-doc-075l-11\/\" \/>\n<meta property=\"og:locale\" content=\"pl_PL\" \/>\n<meta property=\"og:type\" content=\"article\" \/>\n<meta property=\"og:title\" content=\"PROSECCO NINO ARDEVI Prosecco brut rose DOC 0,75l 11% - B2B MVGD PL\" \/>\n<meta property=\"og:description\" content=\"Musuj\u0105ce Prosecco Ros\u00e9 DOC o r\u00f3\u017cowej barwie i \u015bwie\u017cym, jagodowym aromacie. Lekkie, wytrawne i orze\u017awiaj\u0105ce. Idealne na aperitif i lekkie dania.\" \/>\n<meta property=\"og:url\" content=\"https:\/\/b2b.mvgd.pl\/index.php\/produkt\/prosecco-nino-ardevi-prosecco-brut-rose-doc-075l-11\/\" \/>\n<meta property=\"og:site_name\" content=\"B2B MVGD PL\" \/>\n<meta property=\"article:modified_time\" content=\"2026-02-16T19:04:38+00:00\" \/>\n<meta name=\"twitter:card\" content=\"summary_large_image\" \/>\n<meta name=\"twitter:label1\" content=\"Szacowany czas czytania\" \/>\n\t<meta name=\"twitter:data1\" content=\"1 minuta\" \/>\n<script type=\"application\/ld+json\" class=\"yoast-schema-graph\">{\"@context\":\"https:\/\/schema.org\",\"@graph\":[{\"@type\":\"WebPage\",\"@id\":\"https:\/\/b2b.mvgd.pl\/index.php\/produkt\/prosecco-nino-ardevi-prosecco-brut-rose-doc-075l-11\/\",\"url\":\"https:\/\/b2b.mvgd.pl\/index.php\/produkt\/prosecco-nino-ardevi-prosecco-brut-rose-doc-075l-11\/\",\"name\":\"PROSECCO NINO ARDEVI Prosecco brut rose DOC 0,75l 11% - B2B MVGD PL\",\"isPartOf\":{\"@id\":\"https:\/\/b2b.mvgd.pl\/#website\"},\"primaryImageOfPage\":{\"@id\":\"https:\/\/b2b.mvgd.pl\/index.php\/produkt\/prosecco-nino-ardevi-prosecco-brut-rose-doc-075l-11\/#primaryimage\"},\"image\":{\"@id\":\"https:\/\/b2b.mvgd.pl\/index.php\/produkt\/prosecco-nino-ardevi-prosecco-brut-rose-doc-075l-11\/#primaryimage\"},\"thumbnailUrl\":\"https:\/\/b2b.mvgd.pl\/wp-content\/uploads\/2026\/02\/PROSECCO-NINO-ARDEVI-Prosecco-brut-rose-DOC-075l-11.png\",\"datePublished\":\"2026-02-16T19:03:07+00:00\",\"dateModified\":\"2026-02-16T19:04:38+00:00\",\"breadcrumb\":{\"@id\":\"https:\/\/b2b.mvgd.pl\/index.php\/produkt\/prosecco-nino-ardevi-prosecco-brut-rose-doc-075l-11\/#breadcrumb\"},\"inLanguage\":\"pl-PL\",\"potentialAction\":[{\"@type\":\"ReadAction\",\"target\":[\"https:\/\/b2b.mvgd.pl\/index.php\/produkt\/prosecco-nino-ardevi-prosecco-brut-rose-doc-075l-11\/\"]}]},{\"@type\":\"ImageObject\",\"inLanguage\":\"pl-PL\",\"@id\":\"https:\/\/b2b.mvgd.pl\/index.php\/produkt\/prosecco-nino-ardevi-prosecco-brut-rose-doc-075l-11\/#primaryimage\",\"url\":\"https:\/\/b2b.mvgd.pl\/wp-content\/uploads\/2026\/02\/PROSECCO-NINO-ARDEVI-Prosecco-brut-rose-DOC-075l-11.png\",\"contentUrl\":\"https:\/\/b2b.mvgd.pl\/wp-content\/uploads\/2026\/02\/PROSECCO-NINO-ARDEVI-Prosecco-brut-rose-DOC-075l-11.png\",\"width\":900,\"height\":1200},{\"@type\":\"BreadcrumbList\",\"@id\":\"https:\/\/b2b.mvgd.pl\/index.php\/produkt\/prosecco-nino-ardevi-prosecco-brut-rose-doc-075l-11\/#breadcrumb\",\"itemListElement\":[{\"@type\":\"ListItem\",\"position\":1,\"name\":\"Strona g\u0142\u00f3wna\",\"item\":\"https:\/\/b2b.mvgd.pl\/\"},{\"@type\":\"ListItem\",\"position\":2,\"name\":\"Shop\",\"item\":\"https:\/\/b2b.mvgd.pl\/index.php\/shop\/\"},{\"@type\":\"ListItem\",\"position\":3,\"name\":\"PROSECCO NINO ARDEVI Prosecco brut rose DOC 0,75l 11%\"}]},{\"@type\":\"WebSite\",\"@id\":\"https:\/\/b2b.mvgd.pl\/#website\",\"url\":\"https:\/\/b2b.mvgd.pl\/\",\"name\":\"B2B MVGD PL\",\"description\":\"\",\"potentialAction\":[{\"@type\":\"SearchAction\",\"target\":{\"@type\":\"EntryPoint\",\"urlTemplate\":\"https:\/\/b2b.mvgd.pl\/?s={search_term_string}\"},\"query-input\":{\"@type\":\"PropertyValueSpecification\",\"valueRequired\":true,\"valueName\":\"search_term_string\"}}],\"inLanguage\":\"pl-PL\"}]}<\/script>\n<!-- \/ Yoast SEO plugin. -->","yoast_head_json":{"title":"PROSECCO NINO ARDEVI Prosecco brut rose DOC 0,75l 11% - B2B MVGD PL","robots":{"index":"index","follow":"follow","max-snippet":"max-snippet:-1","max-image-preview":"max-image-preview:large","max-video-preview":"max-video-preview:-1"},"canonical":"https:\/\/b2b.mvgd.pl\/index.php\/produkt\/prosecco-nino-ardevi-prosecco-brut-rose-doc-075l-11\/","og_locale":"pl_PL","og_type":"article","og_title":"PROSECCO NINO ARDEVI Prosecco brut rose DOC 0,75l 11% - B2B MVGD PL","og_description":"Musuj\u0105ce Prosecco Ros\u00e9 DOC o r\u00f3\u017cowej barwie i \u015bwie\u017cym, jagodowym aromacie. Lekkie, wytrawne i orze\u017awiaj\u0105ce. Idealne na aperitif i lekkie dania.","og_url":"https:\/\/b2b.mvgd.pl\/index.php\/produkt\/prosecco-nino-ardevi-prosecco-brut-rose-doc-075l-11\/","og_site_name":"B2B MVGD PL","article_modified_time":"2026-02-16T19:04:38+00:00","twitter_card":"summary_large_image","twitter_misc":{"Szacowany czas czytania":"1 minuta"},"schema":{"@context":"https:\/\/schema.org","@graph":[{"@type":"WebPage","@id":"https:\/\/b2b.mvgd.pl\/index.php\/produkt\/prosecco-nino-ardevi-prosecco-brut-rose-doc-075l-11\/","url":"https:\/\/b2b.mvgd.pl\/index.php\/produkt\/prosecco-nino-ardevi-prosecco-brut-rose-doc-075l-11\/","name":"PROSECCO NINO ARDEVI Prosecco brut rose DOC 0,75l 11% - B2B MVGD PL","isPartOf":{"@id":"https:\/\/b2b.mvgd.pl\/#website"},"primaryImageOfPage":{"@id":"https:\/\/b2b.mvgd.pl\/index.php\/produkt\/prosecco-nino-ardevi-prosecco-brut-rose-doc-075l-11\/#primaryimage"},"image":{"@id":"https:\/\/b2b.mvgd.pl\/index.php\/produkt\/prosecco-nino-ardevi-prosecco-brut-rose-doc-075l-11\/#primaryimage"},"thumbnailUrl":"https:\/\/b2b.mvgd.pl\/wp-content\/uploads\/2026\/02\/PROSECCO-NINO-ARDEVI-Prosecco-brut-rose-DOC-075l-11.png","datePublished":"2026-02-16T19:03:07+00:00","dateModified":"2026-02-16T19:04:38+00:00","breadcrumb":{"@id":"https:\/\/b2b.mvgd.pl\/index.php\/produkt\/prosecco-nino-ardevi-prosecco-brut-rose-doc-075l-11\/#breadcrumb"},"inLanguage":"pl-PL","potentialAction":[{"@type":"ReadAction","target":["https:\/\/b2b.mvgd.pl\/index.php\/produkt\/prosecco-nino-ardevi-prosecco-brut-rose-doc-075l-11\/"]}]},{"@type":"ImageObject","inLanguage":"pl-PL","@id":"https:\/\/b2b.mvgd.pl\/index.php\/produkt\/prosecco-nino-ardevi-prosecco-brut-rose-doc-075l-11\/#primaryimage","url":"https:\/\/b2b.mvgd.pl\/wp-content\/uploads\/2026\/02\/PROSECCO-NINO-ARDEVI-Prosecco-brut-rose-DOC-075l-11.png","contentUrl":"https:\/\/b2b.mvgd.pl\/wp-content\/uploads\/2026\/02\/PROSECCO-NINO-ARDEVI-Prosecco-brut-rose-DOC-075l-11.png","width":900,"height":1200},{"@type":"BreadcrumbList","@id":"https:\/\/b2b.mvgd.pl\/index.php\/produkt\/prosecco-nino-ardevi-prosecco-brut-rose-doc-075l-11\/#breadcrumb","itemListElement":[{"@type":"ListItem","position":1,"name":"Strona g\u0142\u00f3wna","item":"https:\/\/b2b.mvgd.pl\/"},{"@type":"ListItem","position":2,"name":"Shop","item":"https:\/\/b2b.mvgd.pl\/index.php\/shop\/"},{"@type":"ListItem","position":3,"name":"PROSECCO NINO ARDEVI Prosecco brut rose DOC 0,75l 11%"}]},{"@type":"WebSite","@id":"https:\/\/b2b.mvgd.pl\/#website","url":"https:\/\/b2b.mvgd.pl\/","name":"B2B MVGD PL","description":"","potentialAction":[{"@type":"SearchAction","target":{"@type":"EntryPoint","urlTemplate":"https:\/\/b2b.mvgd.pl\/?s={search_term_string}"},"query-input":{"@type":"PropertyValueSpecification","valueRequired":true,"valueName":"search_term_string"}}],"inLanguage":"pl-PL"}]}},"jetpack_sharing_enabled":true,"_links":{"self":[{"href":"https:\/\/b2b.mvgd.pl\/index.php\/wp-json\/wp\/v2\/product\/1084","targetHints":{"allow":["GET"]}}],"collection":[{"href":"https:\/\/b2b.mvgd.pl\/index.php\/wp-json\/wp\/v2\/product"}],"about":[{"href":"https:\/\/b2b.mvgd.pl\/index.php\/wp-json\/wp\/v2\/types\/product"}],"replies":[{"embeddable":true,"href":"https:\/\/b2b.mvgd.pl\/index.php\/wp-json\/wp\/v2\/comments?post=1084"}],"version-history":[{"count":0,"href":"https:\/\/b2b.mvgd.pl\/index.php\/wp-json\/wp\/v2\/product\/1084\/revisions"}],"wp:featuredmedia":[{"embeddable":true,"href":"https:\/\/b2b.mvgd.pl\/index.php\/wp-json\/wp\/v2\/media\/1134"}],"wp:attachment":[{"href":"https:\/\/b2b.mvgd.pl\/index.php\/wp-json\/wp\/v2\/media?parent=1084"}],"wp:term":[{"taxonomy":"product_brand","embeddable":true,"href":"https:\/\/b2b.mvgd.pl\/index.php\/wp-json\/wp\/v2\/product_brand?post=1084"},{"taxonomy":"product_cat","embeddable":true,"href":"https:\/\/b2b.mvgd.pl\/index.php\/wp-json\/wp\/v2\/product_cat?post=1084"},{"taxonomy":"product_tag","embeddable":true,"href":"https:\/\/b2b.mvgd.pl\/index.php\/wp-json\/wp\/v2\/product_tag?post=1084"}],"curies":[{"name":"wp","href":"https:\/\/api.w.org\/{rel}","templated":true}]}}