{"id":1076,"date":"2026-02-16T19:02:46","date_gmt":"2026-02-16T19:02:46","guid":{"rendered":"https:\/\/b2b.mvgd.pl\/?post_type=product&#038;p=1076"},"modified":"2026-02-16T19:04:33","modified_gmt":"2026-02-16T19:04:33","slug":"col-de-mar-venezia-doc-spumante-extra-dry-075l-115","status":"publish","type":"product","link":"https:\/\/b2b.mvgd.pl\/index.php\/produkt\/col-de-mar-venezia-doc-spumante-extra-dry-075l-115\/","title":{"rendered":"Col de Mar Venezia DOC Spumante Extra Dry 0,75l 11,5%"},"content":{"rendered":"<article class=\"text-token-text-primary w-full focus:outline-none scroll-mt-[calc(var(--header-height)+min(200px,max(70px,20svh)))]\" dir=\"auto\" data-testid=\"conversation-turn-302\" data-scroll-anchor=\"true\" data-turn=\"assistant\">\n<div class=\"text-base my-auto mx-auto pb-10 [--thread-content-margin:--spacing(4)] @[37rem]:[--thread-content-margin:--spacing(6)] @[72rem]:[--thread-content-margin:--spacing(16)] px-(--thread-content-margin)\">\n<div class=\"[--thread-content-max-width:32rem] @[34rem]:[--thread-content-max-width:40rem] @[64rem]:[--thread-content-max-width:48rem] mx-auto max-w-(--thread-content-max-width) flex-1 group\/turn-messages focus-visible:outline-hidden relative flex w-full min-w-0 flex-col agent-turn\">\n<div class=\"flex max-w-full flex-col grow\">\n<div class=\"min-h-8 text-message relative flex w-full flex-col items-end gap-2 text-start break-words whitespace-normal [.text-message+&amp;]:mt-5\" dir=\"auto\" data-message-author-role=\"assistant\" data-message-id=\"020de48d-4bf9-4c57-864d-2d0b023c83c4\" data-message-model-slug=\"gpt-4o\">\n<div class=\"flex w-full flex-col gap-1 empty:hidden first:pt-[3px]\">\n<div class=\"markdown prose dark:prose-invert w-full break-words dark\">\n<p class=\"ds-markdown-paragraph\">Opis: Musuj\u0105ce wino (Spumante) z apelacji Venezia DOC, wytwarzane ze szczepu Glera. Powstaje metod\u0105 Charmat, gdzie wt\u00f3rna fermentacja odbywa si\u0119 w zbiornikach ci\u015bnieniowych, co nadaje mu delikatnych, stale rosn\u0105cych b\u0105belk\u00f3w. Styl Extra Dry oznacza wyczuwaln\u0105, przyjemn\u0105 i r\u00f3wnowa\u017c\u0105c\u0105 s\u0142odycz.<\/p>\n<p class=\"ds-markdown-paragraph\">Aromat: Intensywny i owocowy, z nutami dojrza\u0142ych gruszek, brzoskwi\u0144 bia\u0142ych, melona i kwiat\u00f3w akacji.<\/p>\n<p class=\"ds-markdown-paragraph\">Smak: Aksamitnie musuj\u0105ce, o \u015brednim ciele i g\u0142adkiej teksturze. \u017bywa kwasowo\u015b\u0107 jest doskonale zr\u00f3wnowa\u017cona przez odrobin\u0119 s\u0142odyczy, co daje wra\u017cenie soczysto\u015bci. Smaki owoc\u00f3w pestkowych i miodu. D\u0142ugi, przyjemny finisz.<\/p>\n<p class=\"ds-markdown-paragraph\">Dopasowanie kulinarne: Uniwersalne; doskona\u0142e jako aperitif, do owoc\u00f3w morza, lekkich deser\u00f3w (np. ciasto z owocami) lub samodzielnie.<\/p>\n<p class=\"ds-markdown-paragraph\">Temperatura serwowania: 6-8\u00b0C Napowietrzanie: Nie wymaga.<\/p>\n<p class=\"ds-markdown-paragraph\">Charakter: Przyjemne, owocowe i wszechstronne musuj\u0105ce wino, kt\u00f3re zachwyca swoj\u0105 g\u0142adko\u015bci\u0105 i soczysto\u015bci\u0105.<\/p>\n<\/div>\n<\/div>\n<\/div>\n<\/div>\n<\/div>\n<\/div>\n<\/article>\n","protected":false},"excerpt":{"rendered":"<div class=\"dad65929\">\n<div class=\"_4f9bf79 d7dc56a8 _43c05b5\">\n<div class=\"ds-message _63c77b1\">\n<div class=\"ds-markdown\">\n<div class=\"ds-message _63c77b1\">\n<div class=\"ds-markdown\">\n<p class=\"ds-markdown-paragraph\">Skr\u00f3cony opis: W\u0142oskie Spumante Extra Dry o g\u0142adkiej, musuj\u0105cej teksturze i soczystym smaku dojrza\u0142ych gruszek i brzoskwi\u0144. Idealne na przyj\u0119cia i jako aperitif.<\/p>\n<\/div>\n<\/div>\n<\/div>\n<\/div>\n<\/div>\n<\/div>\n","protected":false},"featured_media":1133,"comment_status":"closed","ping_status":"closed","template":"","meta":[],"product_brand":[],"product_cat":[16,17],"product_tag":[757,1293,731,684],"class_list":{"0":"post-1076","1":"product","2":"type-product","3":"status-publish","4":"has-post-thumbnail","6":"product_cat-wina-musujace","7":"product_cat-wlochy","8":"product_tag-biale","9":"product_tag-col-de-mar","10":"product_tag-musujace","11":"product_tag-wino-musujace","13":"first","14":"instock","15":"shipping-taxable","16":"purchasable","17":"product-type-simple"},"yoast_head":"<!-- This site is optimized with the Yoast SEO plugin v26.9 - https:\/\/yoast.com\/product\/yoast-seo-wordpress\/ -->\n<title>Col de Mar Venezia DOC Spumante Extra Dry 0,75l 11,5% - B2B MVGD PL<\/title>\n<meta name=\"robots\" content=\"index, follow, max-snippet:-1, max-image-preview:large, max-video-preview:-1\" \/>\n<link rel=\"canonical\" href=\"https:\/\/b2b.mvgd.pl\/index.php\/produkt\/col-de-mar-venezia-doc-spumante-extra-dry-075l-115\/\" \/>\n<meta property=\"og:locale\" content=\"pl_PL\" \/>\n<meta property=\"og:type\" content=\"article\" \/>\n<meta property=\"og:title\" content=\"Col de Mar Venezia DOC Spumante Extra Dry 0,75l 11,5% - B2B MVGD PL\" \/>\n<meta property=\"og:description\" content=\"Skr\u00f3cony opis: W\u0142oskie Spumante Extra Dry o g\u0142adkiej, musuj\u0105cej teksturze i soczystym smaku dojrza\u0142ych gruszek i brzoskwi\u0144. Idealne na przyj\u0119cia i jako aperitif.\" \/>\n<meta property=\"og:url\" content=\"https:\/\/b2b.mvgd.pl\/index.php\/produkt\/col-de-mar-venezia-doc-spumante-extra-dry-075l-115\/\" \/>\n<meta property=\"og:site_name\" content=\"B2B MVGD PL\" \/>\n<meta property=\"article:modified_time\" content=\"2026-02-16T19:04:33+00:00\" \/>\n<meta name=\"twitter:card\" content=\"summary_large_image\" \/>\n<meta name=\"twitter:label1\" content=\"Szacowany czas czytania\" \/>\n\t<meta name=\"twitter:data1\" content=\"1 minuta\" \/>\n<script type=\"application\/ld+json\" class=\"yoast-schema-graph\">{\"@context\":\"https:\/\/schema.org\",\"@graph\":[{\"@type\":\"WebPage\",\"@id\":\"https:\/\/b2b.mvgd.pl\/index.php\/produkt\/col-de-mar-venezia-doc-spumante-extra-dry-075l-115\/\",\"url\":\"https:\/\/b2b.mvgd.pl\/index.php\/produkt\/col-de-mar-venezia-doc-spumante-extra-dry-075l-115\/\",\"name\":\"Col de Mar Venezia DOC Spumante Extra Dry 0,75l 11,5% - B2B MVGD PL\",\"isPartOf\":{\"@id\":\"https:\/\/b2b.mvgd.pl\/#website\"},\"primaryImageOfPage\":{\"@id\":\"https:\/\/b2b.mvgd.pl\/index.php\/produkt\/col-de-mar-venezia-doc-spumante-extra-dry-075l-115\/#primaryimage\"},\"image\":{\"@id\":\"https:\/\/b2b.mvgd.pl\/index.php\/produkt\/col-de-mar-venezia-doc-spumante-extra-dry-075l-115\/#primaryimage\"},\"thumbnailUrl\":\"https:\/\/b2b.mvgd.pl\/wp-content\/uploads\/2026\/02\/Col-de-Mar-Venezia-DOC-Spumante-Extra-Dry-075l-115.png\",\"datePublished\":\"2026-02-16T19:02:46+00:00\",\"dateModified\":\"2026-02-16T19:04:33+00:00\",\"breadcrumb\":{\"@id\":\"https:\/\/b2b.mvgd.pl\/index.php\/produkt\/col-de-mar-venezia-doc-spumante-extra-dry-075l-115\/#breadcrumb\"},\"inLanguage\":\"pl-PL\",\"potentialAction\":[{\"@type\":\"ReadAction\",\"target\":[\"https:\/\/b2b.mvgd.pl\/index.php\/produkt\/col-de-mar-venezia-doc-spumante-extra-dry-075l-115\/\"]}]},{\"@type\":\"ImageObject\",\"inLanguage\":\"pl-PL\",\"@id\":\"https:\/\/b2b.mvgd.pl\/index.php\/produkt\/col-de-mar-venezia-doc-spumante-extra-dry-075l-115\/#primaryimage\",\"url\":\"https:\/\/b2b.mvgd.pl\/wp-content\/uploads\/2026\/02\/Col-de-Mar-Venezia-DOC-Spumante-Extra-Dry-075l-115.png\",\"contentUrl\":\"https:\/\/b2b.mvgd.pl\/wp-content\/uploads\/2026\/02\/Col-de-Mar-Venezia-DOC-Spumante-Extra-Dry-075l-115.png\",\"width\":900,\"height\":1200},{\"@type\":\"BreadcrumbList\",\"@id\":\"https:\/\/b2b.mvgd.pl\/index.php\/produkt\/col-de-mar-venezia-doc-spumante-extra-dry-075l-115\/#breadcrumb\",\"itemListElement\":[{\"@type\":\"ListItem\",\"position\":1,\"name\":\"Strona g\u0142\u00f3wna\",\"item\":\"https:\/\/b2b.mvgd.pl\/\"},{\"@type\":\"ListItem\",\"position\":2,\"name\":\"Shop\",\"item\":\"https:\/\/b2b.mvgd.pl\/index.php\/shop\/\"},{\"@type\":\"ListItem\",\"position\":3,\"name\":\"Col de Mar Venezia DOC Spumante Extra Dry 0,75l 11,5%\"}]},{\"@type\":\"WebSite\",\"@id\":\"https:\/\/b2b.mvgd.pl\/#website\",\"url\":\"https:\/\/b2b.mvgd.pl\/\",\"name\":\"B2B MVGD PL\",\"description\":\"\",\"potentialAction\":[{\"@type\":\"SearchAction\",\"target\":{\"@type\":\"EntryPoint\",\"urlTemplate\":\"https:\/\/b2b.mvgd.pl\/?s={search_term_string}\"},\"query-input\":{\"@type\":\"PropertyValueSpecification\",\"valueRequired\":true,\"valueName\":\"search_term_string\"}}],\"inLanguage\":\"pl-PL\"}]}<\/script>\n<!-- \/ Yoast SEO plugin. -->","yoast_head_json":{"title":"Col de Mar Venezia DOC Spumante Extra Dry 0,75l 11,5% - B2B MVGD PL","robots":{"index":"index","follow":"follow","max-snippet":"max-snippet:-1","max-image-preview":"max-image-preview:large","max-video-preview":"max-video-preview:-1"},"canonical":"https:\/\/b2b.mvgd.pl\/index.php\/produkt\/col-de-mar-venezia-doc-spumante-extra-dry-075l-115\/","og_locale":"pl_PL","og_type":"article","og_title":"Col de Mar Venezia DOC Spumante Extra Dry 0,75l 11,5% - B2B MVGD PL","og_description":"Skr\u00f3cony opis: W\u0142oskie Spumante Extra Dry o g\u0142adkiej, musuj\u0105cej teksturze i soczystym smaku dojrza\u0142ych gruszek i brzoskwi\u0144. Idealne na przyj\u0119cia i jako aperitif.","og_url":"https:\/\/b2b.mvgd.pl\/index.php\/produkt\/col-de-mar-venezia-doc-spumante-extra-dry-075l-115\/","og_site_name":"B2B MVGD PL","article_modified_time":"2026-02-16T19:04:33+00:00","twitter_card":"summary_large_image","twitter_misc":{"Szacowany czas czytania":"1 minuta"},"schema":{"@context":"https:\/\/schema.org","@graph":[{"@type":"WebPage","@id":"https:\/\/b2b.mvgd.pl\/index.php\/produkt\/col-de-mar-venezia-doc-spumante-extra-dry-075l-115\/","url":"https:\/\/b2b.mvgd.pl\/index.php\/produkt\/col-de-mar-venezia-doc-spumante-extra-dry-075l-115\/","name":"Col de Mar Venezia DOC Spumante Extra Dry 0,75l 11,5% - B2B MVGD PL","isPartOf":{"@id":"https:\/\/b2b.mvgd.pl\/#website"},"primaryImageOfPage":{"@id":"https:\/\/b2b.mvgd.pl\/index.php\/produkt\/col-de-mar-venezia-doc-spumante-extra-dry-075l-115\/#primaryimage"},"image":{"@id":"https:\/\/b2b.mvgd.pl\/index.php\/produkt\/col-de-mar-venezia-doc-spumante-extra-dry-075l-115\/#primaryimage"},"thumbnailUrl":"https:\/\/b2b.mvgd.pl\/wp-content\/uploads\/2026\/02\/Col-de-Mar-Venezia-DOC-Spumante-Extra-Dry-075l-115.png","datePublished":"2026-02-16T19:02:46+00:00","dateModified":"2026-02-16T19:04:33+00:00","breadcrumb":{"@id":"https:\/\/b2b.mvgd.pl\/index.php\/produkt\/col-de-mar-venezia-doc-spumante-extra-dry-075l-115\/#breadcrumb"},"inLanguage":"pl-PL","potentialAction":[{"@type":"ReadAction","target":["https:\/\/b2b.mvgd.pl\/index.php\/produkt\/col-de-mar-venezia-doc-spumante-extra-dry-075l-115\/"]}]},{"@type":"ImageObject","inLanguage":"pl-PL","@id":"https:\/\/b2b.mvgd.pl\/index.php\/produkt\/col-de-mar-venezia-doc-spumante-extra-dry-075l-115\/#primaryimage","url":"https:\/\/b2b.mvgd.pl\/wp-content\/uploads\/2026\/02\/Col-de-Mar-Venezia-DOC-Spumante-Extra-Dry-075l-115.png","contentUrl":"https:\/\/b2b.mvgd.pl\/wp-content\/uploads\/2026\/02\/Col-de-Mar-Venezia-DOC-Spumante-Extra-Dry-075l-115.png","width":900,"height":1200},{"@type":"BreadcrumbList","@id":"https:\/\/b2b.mvgd.pl\/index.php\/produkt\/col-de-mar-venezia-doc-spumante-extra-dry-075l-115\/#breadcrumb","itemListElement":[{"@type":"ListItem","position":1,"name":"Strona g\u0142\u00f3wna","item":"https:\/\/b2b.mvgd.pl\/"},{"@type":"ListItem","position":2,"name":"Shop","item":"https:\/\/b2b.mvgd.pl\/index.php\/shop\/"},{"@type":"ListItem","position":3,"name":"Col de Mar Venezia DOC Spumante Extra Dry 0,75l 11,5%"}]},{"@type":"WebSite","@id":"https:\/\/b2b.mvgd.pl\/#website","url":"https:\/\/b2b.mvgd.pl\/","name":"B2B MVGD PL","description":"","potentialAction":[{"@type":"SearchAction","target":{"@type":"EntryPoint","urlTemplate":"https:\/\/b2b.mvgd.pl\/?s={search_term_string}"},"query-input":{"@type":"PropertyValueSpecification","valueRequired":true,"valueName":"search_term_string"}}],"inLanguage":"pl-PL"}]}},"jetpack_sharing_enabled":true,"_links":{"self":[{"href":"https:\/\/b2b.mvgd.pl\/index.php\/wp-json\/wp\/v2\/product\/1076","targetHints":{"allow":["GET"]}}],"collection":[{"href":"https:\/\/b2b.mvgd.pl\/index.php\/wp-json\/wp\/v2\/product"}],"about":[{"href":"https:\/\/b2b.mvgd.pl\/index.php\/wp-json\/wp\/v2\/types\/product"}],"replies":[{"embeddable":true,"href":"https:\/\/b2b.mvgd.pl\/index.php\/wp-json\/wp\/v2\/comments?post=1076"}],"version-history":[{"count":0,"href":"https:\/\/b2b.mvgd.pl\/index.php\/wp-json\/wp\/v2\/product\/1076\/revisions"}],"wp:featuredmedia":[{"embeddable":true,"href":"https:\/\/b2b.mvgd.pl\/index.php\/wp-json\/wp\/v2\/media\/1133"}],"wp:attachment":[{"href":"https:\/\/b2b.mvgd.pl\/index.php\/wp-json\/wp\/v2\/media?parent=1076"}],"wp:term":[{"taxonomy":"product_brand","embeddable":true,"href":"https:\/\/b2b.mvgd.pl\/index.php\/wp-json\/wp\/v2\/product_brand?post=1076"},{"taxonomy":"product_cat","embeddable":true,"href":"https:\/\/b2b.mvgd.pl\/index.php\/wp-json\/wp\/v2\/product_cat?post=1076"},{"taxonomy":"product_tag","embeddable":true,"href":"https:\/\/b2b.mvgd.pl\/index.php\/wp-json\/wp\/v2\/product_tag?post=1076"}],"curies":[{"name":"wp","href":"https:\/\/api.w.org\/{rel}","templated":true}]}}