{"id":1075,"date":"2026-02-16T19:02:45","date_gmt":"2026-02-16T19:02:45","guid":{"rendered":"https:\/\/b2b.mvgd.pl\/?post_type=product&#038;p=1075"},"modified":"2026-02-16T19:04:30","modified_gmt":"2026-02-16T19:04:30","slug":"col-de-mar-prosecco-superiore-frizzante-doc-rib-075l-115","status":"publish","type":"product","link":"https:\/\/b2b.mvgd.pl\/index.php\/produkt\/col-de-mar-prosecco-superiore-frizzante-doc-rib-075l-115\/","title":{"rendered":"Col de Mar Prosecco Superiore Frizzante DOC RIB 0,75l 11,5%"},"content":{"rendered":"<article class=\"text-token-text-primary w-full focus:outline-none scroll-mt-[calc(var(--header-height)+min(200px,max(70px,20svh)))]\" dir=\"auto\" data-testid=\"conversation-turn-302\" data-scroll-anchor=\"true\" data-turn=\"assistant\">\n<div class=\"text-base my-auto mx-auto pb-10 [--thread-content-margin:--spacing(4)] @[37rem]:[--thread-content-margin:--spacing(6)] @[72rem]:[--thread-content-margin:--spacing(16)] px-(--thread-content-margin)\">\n<div class=\"[--thread-content-max-width:32rem] @[34rem]:[--thread-content-max-width:40rem] @[64rem]:[--thread-content-max-width:48rem] mx-auto max-w-(--thread-content-max-width) flex-1 group\/turn-messages focus-visible:outline-hidden relative flex w-full min-w-0 flex-col agent-turn\">\n<div class=\"flex max-w-full flex-col grow\">\n<div class=\"min-h-8 text-message relative flex w-full flex-col items-end gap-2 text-start break-words whitespace-normal [.text-message+&amp;]:mt-5\" dir=\"auto\" data-message-author-role=\"assistant\" data-message-id=\"020de48d-4bf9-4c57-864d-2d0b023c83c4\" data-message-model-slug=\"gpt-4o\">\n<div class=\"flex w-full flex-col gap-1 empty:hidden first:pt-[3px]\">\n<div class=\"markdown prose dark:prose-invert w-full break-words dark\">\n<p class=\"ds-markdown-paragraph\">Lekko musuj\u0105ce (frizzante) Prosecco DOC wytworzone w 100% ze szczepu Glera. Butelkowane jako &#8222;RIB&#8221; (Refermentazione in Bottiglia), co oznacza, \u017ce wt\u00f3rna fermentacja, tworz\u0105ca delikatne b\u0105belki, zachodzi naturalnie w butelce. Wino charakteryzuje si\u0119 ni\u017cszym ci\u015bnieniem ni\u017c wino spumante, co daje l\u017cejsz\u0105, bardziej orze\u017awiaj\u0105c\u0105 perlisto\u015b\u0107.<\/p>\n<p class=\"ds-markdown-paragraph\">Aromat: Bezpo\u015bredni i bardzo \u015bwie\u017cy, z dominuj\u0105cymi nutami zielonego jab\u0142ka, bia\u0142ych kwiat\u00f3w i cytryny.<\/p>\n<p class=\"ds-markdown-paragraph\">Smak: Lekkie, delikatnie musuj\u0105ce i niezwykle orze\u017awiaj\u0105ce. Dominuj\u0105 proste, czyste smaki jab\u0142ka i cytrus\u00f3w, z kr\u00f3tkim, chrupkim finiszem. Niska zawarto\u015b\u0107 cukru podkre\u015bla jego rze\u015bko\u015b\u0107.<\/p>\n<p class=\"ds-markdown-paragraph\">Dopasowanie kulinarne: Doskona\u0142e jako lekki aperitif, do przek\u0105sek, kanapek, a tak\u017ce do \u015bniada\u0144 i brunch\u00f3w.<\/p>\n<p class=\"ds-markdown-paragraph\">Temperatura serwowania: 6-8\u00b0C Napowietrzanie: Nie wymaga.<\/p>\n<p class=\"ds-markdown-paragraph\">Charakter: Nieformalne, \u0142atwe w piciu, orze\u017awiaj\u0105ce wino na codzie\u0144. Mniej formalne od wersji spumante.<\/p>\n<\/div>\n<\/div>\n<\/div>\n<\/div>\n<\/div>\n<\/div>\n<\/article>\n","protected":false},"excerpt":{"rendered":"<div class=\"dad65929\">\n<div class=\"_4f9bf79 d7dc56a8 _43c05b5\">\n<div class=\"ds-message _63c77b1\">\n<div class=\"ds-markdown\">\n<div class=\"ds-message _63c77b1\">\n<div class=\"ds-markdown\">\n<p class=\"ds-markdown-paragraph\">Skr\u00f3cony opis: Lekko musuj\u0105ce Prosecco Frizzante, refermentowane w butelce. \u015awie\u017ce, proste i niezwykle orze\u017awiaj\u0105ce. Idealne na lekki aperitif i spotkania z przyjaci\u00f3\u0142mi.<\/p>\n<\/div>\n<\/div>\n<\/div>\n<\/div>\n<\/div>\n<\/div>\n","protected":false},"featured_media":1132,"comment_status":"closed","ping_status":"closed","template":"","meta":[],"product_brand":[],"product_cat":[16,17],"product_tag":[757,1293,731,684],"class_list":{"0":"post-1075","1":"product","2":"type-product","3":"status-publish","4":"has-post-thumbnail","6":"product_cat-wina-musujace","7":"product_cat-wlochy","8":"product_tag-biale","9":"product_tag-col-de-mar","10":"product_tag-musujace","11":"product_tag-wino-musujace","13":"first","14":"instock","15":"shipping-taxable","16":"purchasable","17":"product-type-simple"},"yoast_head":"<!-- This site is optimized with the Yoast SEO plugin v26.9 - https:\/\/yoast.com\/product\/yoast-seo-wordpress\/ -->\n<title>Col de Mar Prosecco Superiore Frizzante DOC RIB 0,75l 11,5% - B2B MVGD PL<\/title>\n<meta name=\"robots\" content=\"index, follow, max-snippet:-1, max-image-preview:large, max-video-preview:-1\" \/>\n<link rel=\"canonical\" href=\"https:\/\/b2b.mvgd.pl\/index.php\/produkt\/col-de-mar-prosecco-superiore-frizzante-doc-rib-075l-115\/\" \/>\n<meta property=\"og:locale\" content=\"pl_PL\" \/>\n<meta property=\"og:type\" content=\"article\" \/>\n<meta property=\"og:title\" content=\"Col de Mar Prosecco Superiore Frizzante DOC RIB 0,75l 11,5% - B2B MVGD PL\" \/>\n<meta property=\"og:description\" content=\"Skr\u00f3cony opis: Lekko musuj\u0105ce Prosecco Frizzante, refermentowane w butelce. \u015awie\u017ce, proste i niezwykle orze\u017awiaj\u0105ce. Idealne na lekki aperitif i spotkania z przyjaci\u00f3\u0142mi.\" \/>\n<meta property=\"og:url\" content=\"https:\/\/b2b.mvgd.pl\/index.php\/produkt\/col-de-mar-prosecco-superiore-frizzante-doc-rib-075l-115\/\" \/>\n<meta property=\"og:site_name\" content=\"B2B MVGD PL\" \/>\n<meta property=\"article:modified_time\" content=\"2026-02-16T19:04:30+00:00\" \/>\n<meta name=\"twitter:card\" content=\"summary_large_image\" \/>\n<meta name=\"twitter:label1\" content=\"Szacowany czas czytania\" \/>\n\t<meta name=\"twitter:data1\" content=\"1 minuta\" \/>\n<script type=\"application\/ld+json\" class=\"yoast-schema-graph\">{\"@context\":\"https:\/\/schema.org\",\"@graph\":[{\"@type\":\"WebPage\",\"@id\":\"https:\/\/b2b.mvgd.pl\/index.php\/produkt\/col-de-mar-prosecco-superiore-frizzante-doc-rib-075l-115\/\",\"url\":\"https:\/\/b2b.mvgd.pl\/index.php\/produkt\/col-de-mar-prosecco-superiore-frizzante-doc-rib-075l-115\/\",\"name\":\"Col de Mar Prosecco Superiore Frizzante DOC RIB 0,75l 11,5% - B2B MVGD PL\",\"isPartOf\":{\"@id\":\"https:\/\/b2b.mvgd.pl\/#website\"},\"primaryImageOfPage\":{\"@id\":\"https:\/\/b2b.mvgd.pl\/index.php\/produkt\/col-de-mar-prosecco-superiore-frizzante-doc-rib-075l-115\/#primaryimage\"},\"image\":{\"@id\":\"https:\/\/b2b.mvgd.pl\/index.php\/produkt\/col-de-mar-prosecco-superiore-frizzante-doc-rib-075l-115\/#primaryimage\"},\"thumbnailUrl\":\"https:\/\/b2b.mvgd.pl\/wp-content\/uploads\/2026\/02\/Col-de-Mar-Prosecco-Superiore-Frizzante-DOC-RIB-075l-115-1.png\",\"datePublished\":\"2026-02-16T19:02:45+00:00\",\"dateModified\":\"2026-02-16T19:04:30+00:00\",\"breadcrumb\":{\"@id\":\"https:\/\/b2b.mvgd.pl\/index.php\/produkt\/col-de-mar-prosecco-superiore-frizzante-doc-rib-075l-115\/#breadcrumb\"},\"inLanguage\":\"pl-PL\",\"potentialAction\":[{\"@type\":\"ReadAction\",\"target\":[\"https:\/\/b2b.mvgd.pl\/index.php\/produkt\/col-de-mar-prosecco-superiore-frizzante-doc-rib-075l-115\/\"]}]},{\"@type\":\"ImageObject\",\"inLanguage\":\"pl-PL\",\"@id\":\"https:\/\/b2b.mvgd.pl\/index.php\/produkt\/col-de-mar-prosecco-superiore-frizzante-doc-rib-075l-115\/#primaryimage\",\"url\":\"https:\/\/b2b.mvgd.pl\/wp-content\/uploads\/2026\/02\/Col-de-Mar-Prosecco-Superiore-Frizzante-DOC-RIB-075l-115-1.png\",\"contentUrl\":\"https:\/\/b2b.mvgd.pl\/wp-content\/uploads\/2026\/02\/Col-de-Mar-Prosecco-Superiore-Frizzante-DOC-RIB-075l-115-1.png\",\"width\":900,\"height\":1200},{\"@type\":\"BreadcrumbList\",\"@id\":\"https:\/\/b2b.mvgd.pl\/index.php\/produkt\/col-de-mar-prosecco-superiore-frizzante-doc-rib-075l-115\/#breadcrumb\",\"itemListElement\":[{\"@type\":\"ListItem\",\"position\":1,\"name\":\"Strona g\u0142\u00f3wna\",\"item\":\"https:\/\/b2b.mvgd.pl\/\"},{\"@type\":\"ListItem\",\"position\":2,\"name\":\"Shop\",\"item\":\"https:\/\/b2b.mvgd.pl\/index.php\/shop\/\"},{\"@type\":\"ListItem\",\"position\":3,\"name\":\"Col de Mar Prosecco Superiore Frizzante DOC RIB 0,75l 11,5%\"}]},{\"@type\":\"WebSite\",\"@id\":\"https:\/\/b2b.mvgd.pl\/#website\",\"url\":\"https:\/\/b2b.mvgd.pl\/\",\"name\":\"B2B MVGD PL\",\"description\":\"\",\"potentialAction\":[{\"@type\":\"SearchAction\",\"target\":{\"@type\":\"EntryPoint\",\"urlTemplate\":\"https:\/\/b2b.mvgd.pl\/?s={search_term_string}\"},\"query-input\":{\"@type\":\"PropertyValueSpecification\",\"valueRequired\":true,\"valueName\":\"search_term_string\"}}],\"inLanguage\":\"pl-PL\"}]}<\/script>\n<!-- \/ Yoast SEO plugin. -->","yoast_head_json":{"title":"Col de Mar Prosecco Superiore Frizzante DOC RIB 0,75l 11,5% - B2B MVGD PL","robots":{"index":"index","follow":"follow","max-snippet":"max-snippet:-1","max-image-preview":"max-image-preview:large","max-video-preview":"max-video-preview:-1"},"canonical":"https:\/\/b2b.mvgd.pl\/index.php\/produkt\/col-de-mar-prosecco-superiore-frizzante-doc-rib-075l-115\/","og_locale":"pl_PL","og_type":"article","og_title":"Col de Mar Prosecco Superiore Frizzante DOC RIB 0,75l 11,5% - B2B MVGD PL","og_description":"Skr\u00f3cony opis: Lekko musuj\u0105ce Prosecco Frizzante, refermentowane w butelce. \u015awie\u017ce, proste i niezwykle orze\u017awiaj\u0105ce. Idealne na lekki aperitif i spotkania z przyjaci\u00f3\u0142mi.","og_url":"https:\/\/b2b.mvgd.pl\/index.php\/produkt\/col-de-mar-prosecco-superiore-frizzante-doc-rib-075l-115\/","og_site_name":"B2B MVGD PL","article_modified_time":"2026-02-16T19:04:30+00:00","twitter_card":"summary_large_image","twitter_misc":{"Szacowany czas czytania":"1 minuta"},"schema":{"@context":"https:\/\/schema.org","@graph":[{"@type":"WebPage","@id":"https:\/\/b2b.mvgd.pl\/index.php\/produkt\/col-de-mar-prosecco-superiore-frizzante-doc-rib-075l-115\/","url":"https:\/\/b2b.mvgd.pl\/index.php\/produkt\/col-de-mar-prosecco-superiore-frizzante-doc-rib-075l-115\/","name":"Col de Mar Prosecco Superiore Frizzante DOC RIB 0,75l 11,5% - B2B MVGD PL","isPartOf":{"@id":"https:\/\/b2b.mvgd.pl\/#website"},"primaryImageOfPage":{"@id":"https:\/\/b2b.mvgd.pl\/index.php\/produkt\/col-de-mar-prosecco-superiore-frizzante-doc-rib-075l-115\/#primaryimage"},"image":{"@id":"https:\/\/b2b.mvgd.pl\/index.php\/produkt\/col-de-mar-prosecco-superiore-frizzante-doc-rib-075l-115\/#primaryimage"},"thumbnailUrl":"https:\/\/b2b.mvgd.pl\/wp-content\/uploads\/2026\/02\/Col-de-Mar-Prosecco-Superiore-Frizzante-DOC-RIB-075l-115-1.png","datePublished":"2026-02-16T19:02:45+00:00","dateModified":"2026-02-16T19:04:30+00:00","breadcrumb":{"@id":"https:\/\/b2b.mvgd.pl\/index.php\/produkt\/col-de-mar-prosecco-superiore-frizzante-doc-rib-075l-115\/#breadcrumb"},"inLanguage":"pl-PL","potentialAction":[{"@type":"ReadAction","target":["https:\/\/b2b.mvgd.pl\/index.php\/produkt\/col-de-mar-prosecco-superiore-frizzante-doc-rib-075l-115\/"]}]},{"@type":"ImageObject","inLanguage":"pl-PL","@id":"https:\/\/b2b.mvgd.pl\/index.php\/produkt\/col-de-mar-prosecco-superiore-frizzante-doc-rib-075l-115\/#primaryimage","url":"https:\/\/b2b.mvgd.pl\/wp-content\/uploads\/2026\/02\/Col-de-Mar-Prosecco-Superiore-Frizzante-DOC-RIB-075l-115-1.png","contentUrl":"https:\/\/b2b.mvgd.pl\/wp-content\/uploads\/2026\/02\/Col-de-Mar-Prosecco-Superiore-Frizzante-DOC-RIB-075l-115-1.png","width":900,"height":1200},{"@type":"BreadcrumbList","@id":"https:\/\/b2b.mvgd.pl\/index.php\/produkt\/col-de-mar-prosecco-superiore-frizzante-doc-rib-075l-115\/#breadcrumb","itemListElement":[{"@type":"ListItem","position":1,"name":"Strona g\u0142\u00f3wna","item":"https:\/\/b2b.mvgd.pl\/"},{"@type":"ListItem","position":2,"name":"Shop","item":"https:\/\/b2b.mvgd.pl\/index.php\/shop\/"},{"@type":"ListItem","position":3,"name":"Col de Mar Prosecco Superiore Frizzante DOC RIB 0,75l 11,5%"}]},{"@type":"WebSite","@id":"https:\/\/b2b.mvgd.pl\/#website","url":"https:\/\/b2b.mvgd.pl\/","name":"B2B MVGD PL","description":"","potentialAction":[{"@type":"SearchAction","target":{"@type":"EntryPoint","urlTemplate":"https:\/\/b2b.mvgd.pl\/?s={search_term_string}"},"query-input":{"@type":"PropertyValueSpecification","valueRequired":true,"valueName":"search_term_string"}}],"inLanguage":"pl-PL"}]}},"jetpack_sharing_enabled":true,"_links":{"self":[{"href":"https:\/\/b2b.mvgd.pl\/index.php\/wp-json\/wp\/v2\/product\/1075","targetHints":{"allow":["GET"]}}],"collection":[{"href":"https:\/\/b2b.mvgd.pl\/index.php\/wp-json\/wp\/v2\/product"}],"about":[{"href":"https:\/\/b2b.mvgd.pl\/index.php\/wp-json\/wp\/v2\/types\/product"}],"replies":[{"embeddable":true,"href":"https:\/\/b2b.mvgd.pl\/index.php\/wp-json\/wp\/v2\/comments?post=1075"}],"version-history":[{"count":0,"href":"https:\/\/b2b.mvgd.pl\/index.php\/wp-json\/wp\/v2\/product\/1075\/revisions"}],"wp:featuredmedia":[{"embeddable":true,"href":"https:\/\/b2b.mvgd.pl\/index.php\/wp-json\/wp\/v2\/media\/1132"}],"wp:attachment":[{"href":"https:\/\/b2b.mvgd.pl\/index.php\/wp-json\/wp\/v2\/media?parent=1075"}],"wp:term":[{"taxonomy":"product_brand","embeddable":true,"href":"https:\/\/b2b.mvgd.pl\/index.php\/wp-json\/wp\/v2\/product_brand?post=1075"},{"taxonomy":"product_cat","embeddable":true,"href":"https:\/\/b2b.mvgd.pl\/index.php\/wp-json\/wp\/v2\/product_cat?post=1075"},{"taxonomy":"product_tag","embeddable":true,"href":"https:\/\/b2b.mvgd.pl\/index.php\/wp-json\/wp\/v2\/product_tag?post=1075"}],"curies":[{"name":"wp","href":"https:\/\/api.w.org\/{rel}","templated":true}]}}