{"id":1073,"date":"2026-02-16T19:02:45","date_gmt":"2026-02-16T19:02:45","guid":{"rendered":"https:\/\/b2b.mvgd.pl\/?post_type=product&#038;p=1073"},"modified":"2026-02-16T19:04:21","modified_gmt":"2026-02-16T19:04:21","slug":"col-de-mar-prosecco-doc-millesimato-extra-dry-075l-115","status":"publish","type":"product","link":"https:\/\/b2b.mvgd.pl\/index.php\/produkt\/col-de-mar-prosecco-doc-millesimato-extra-dry-075l-115\/","title":{"rendered":"Col de Mar Prosecco DOC Millesimato Extra Dry 0,75l 11,5%"},"content":{"rendered":"<article class=\"text-token-text-primary w-full focus:outline-none scroll-mt-[calc(var(--header-height)+min(200px,max(70px,20svh)))]\" dir=\"auto\" data-testid=\"conversation-turn-302\" data-scroll-anchor=\"true\" data-turn=\"assistant\">\n<div class=\"text-base my-auto mx-auto pb-10 [--thread-content-margin:--spacing(4)] @[37rem]:[--thread-content-margin:--spacing(6)] @[72rem]:[--thread-content-margin:--spacing(16)] px-(--thread-content-margin)\">\n<div class=\"[--thread-content-max-width:32rem] @[34rem]:[--thread-content-max-width:40rem] @[64rem]:[--thread-content-max-width:48rem] mx-auto max-w-(--thread-content-max-width) flex-1 group\/turn-messages focus-visible:outline-hidden relative flex w-full min-w-0 flex-col agent-turn\">\n<div class=\"flex max-w-full flex-col grow\">\n<div class=\"min-h-8 text-message relative flex w-full flex-col items-end gap-2 text-start break-words whitespace-normal [.text-message+&amp;]:mt-5\" dir=\"auto\" data-message-author-role=\"assistant\" data-message-id=\"020de48d-4bf9-4c57-864d-2d0b023c83c4\" data-message-model-slug=\"gpt-4o\">\n<div class=\"flex w-full flex-col gap-1 empty:hidden first:pt-[3px]\">\n<div class=\"markdown prose dark:prose-invert w-full break-words dark\">\n<p class=\"ds-markdown-paragraph\"><strong>Opis:<\/strong> Prosecco DOC Millesimato wytwarzane jest w 100% ze szczepu Glera. Powstaje metod\u0105 Charmat, gdzie wt\u00f3rna fermentacja zachodzi w zbiornikach ci\u015bnieniowych przez oko\u0142o 60-70 dni. Wino jest typu Extra Dry, co oznacza lekko wyczuwaln\u0105, przyjemn\u0105 s\u0142odycz.<br \/>\n<strong>Aromat:<\/strong>\u00a0\u015awie\u017cy i kwiatowy, z wyra\u017anymi nutami zielonego jab\u0142ka, gruszki, brzoskwini oraz akcentami bia\u0142ych kwiat\u00f3w i migda\u0142\u00f3w.<br \/>\n<strong>Smak:<\/strong>\u00a0Delikatnie musuj\u0105ce, o \u015brednim ciele i dobrze zr\u00f3wnowa\u017conym profilu \u2013 \u017cywa kwasowo\u015b\u0107 jest \u0142agodzona przez odrobin\u0119 naturalnej s\u0142odyczy. Smaki dojrza\u0142ych owoc\u00f3w pestkowych i cytrus\u00f3w. Czysty, orze\u017awiaj\u0105cy finisz.<br \/>\n<strong>Dopasowanie kulinarne:<\/strong>\u00a0Doskona\u0142e jako aperitif, a tak\u017ce do lekkich przystawek, sa\u0142atek, owoc\u00f3w morza i delikatnych da\u0144 z drobiu czy ryb.<br \/>\n<strong>Temperatura serwowania:<\/strong>\u00a06-8\u00b0C<br \/>\n<strong>Napowietrzanie:<\/strong>\u00a0Nie wymaga.<br \/>\n<strong>Charakter:<\/strong>\u00a0Klasyczne, bardzo przyjemne i uniwersalne Prosecco. Odpowiednie na ka\u017cd\u0105 okazj\u0119, od aperitifu po lekki posi\u0142ek.<\/p>\n<\/div>\n<\/div>\n<\/div>\n<\/div>\n<\/div>\n<\/div>\n<\/article>\n","protected":false},"excerpt":{"rendered":"<div class=\"dad65929\">\n<div class=\"_4f9bf79 d7dc56a8 _43c05b5\">\n<div class=\"ds-message _63c77b1\">\n<div class=\"ds-markdown\">\n<div class=\"ds-message _63c77b1\">\n<div class=\"ds-markdown\">\n<p class=\"ds-markdown-paragraph\">Musuj\u0105ce Prosecco DOC Extra Dry o \u015bwie\u017cym, owocowym aromacie. Delikatnie s\u0142odsze ni\u017c Brut, idealne na start wieczoru i lekkie dania.<\/p>\n<\/div>\n<\/div>\n<div class=\"ds-theme\"><\/div>\n<div class=\"ds-flex _0a3d93b\">\n<div class=\"ds-flex _965abe9 _54866f7\">\n<div class=\"_17e543b db183363\" role=\"button\"><\/div>\n<\/div>\n<\/div>\n<\/div>\n<\/div>\n<\/div>\n<\/div>\n<div class=\"_871cbca\"><\/div>\n","protected":false},"featured_media":1123,"comment_status":"closed","ping_status":"closed","template":"","meta":[],"product_brand":[],"product_cat":[20,18,19],"product_tag":[757,1293,731,684],"class_list":{"0":"post-1073","1":"product","2":"type-product","3":"status-publish","4":"has-post-thumbnail","6":"product_cat-veneto","7":"product_cat-wina","8":"product_cat-wlochy-wina","9":"product_tag-biale","10":"product_tag-col-de-mar","11":"product_tag-musujace","12":"product_tag-wino-musujace","14":"first","15":"instock","16":"shipping-taxable","17":"purchasable","18":"product-type-simple"},"yoast_head":"<!-- This site is optimized with the Yoast SEO plugin v26.9 - https:\/\/yoast.com\/product\/yoast-seo-wordpress\/ -->\n<title>Col de Mar Prosecco DOC Millesimato Extra Dry 0,75l 11,5% - B2B MVGD PL<\/title>\n<meta name=\"robots\" content=\"index, follow, max-snippet:-1, max-image-preview:large, max-video-preview:-1\" \/>\n<link rel=\"canonical\" href=\"https:\/\/b2b.mvgd.pl\/index.php\/produkt\/col-de-mar-prosecco-doc-millesimato-extra-dry-075l-115\/\" \/>\n<meta property=\"og:locale\" content=\"pl_PL\" \/>\n<meta property=\"og:type\" content=\"article\" \/>\n<meta property=\"og:title\" content=\"Col de Mar Prosecco DOC Millesimato Extra Dry 0,75l 11,5% - B2B MVGD PL\" \/>\n<meta property=\"og:description\" content=\"Musuj\u0105ce Prosecco DOC Extra Dry o \u015bwie\u017cym, owocowym aromacie. Delikatnie s\u0142odsze ni\u017c Brut, idealne na start wieczoru i lekkie dania.\" \/>\n<meta property=\"og:url\" content=\"https:\/\/b2b.mvgd.pl\/index.php\/produkt\/col-de-mar-prosecco-doc-millesimato-extra-dry-075l-115\/\" \/>\n<meta property=\"og:site_name\" content=\"B2B MVGD PL\" \/>\n<meta property=\"article:modified_time\" content=\"2026-02-16T19:04:21+00:00\" \/>\n<meta name=\"twitter:card\" content=\"summary_large_image\" \/>\n<meta name=\"twitter:label1\" content=\"Szacowany czas czytania\" \/>\n\t<meta name=\"twitter:data1\" content=\"1 minuta\" \/>\n<script type=\"application\/ld+json\" class=\"yoast-schema-graph\">{\"@context\":\"https:\/\/schema.org\",\"@graph\":[{\"@type\":\"WebPage\",\"@id\":\"https:\/\/b2b.mvgd.pl\/index.php\/produkt\/col-de-mar-prosecco-doc-millesimato-extra-dry-075l-115\/\",\"url\":\"https:\/\/b2b.mvgd.pl\/index.php\/produkt\/col-de-mar-prosecco-doc-millesimato-extra-dry-075l-115\/\",\"name\":\"Col de Mar Prosecco DOC Millesimato Extra Dry 0,75l 11,5% - B2B MVGD PL\",\"isPartOf\":{\"@id\":\"https:\/\/b2b.mvgd.pl\/#website\"},\"primaryImageOfPage\":{\"@id\":\"https:\/\/b2b.mvgd.pl\/index.php\/produkt\/col-de-mar-prosecco-doc-millesimato-extra-dry-075l-115\/#primaryimage\"},\"image\":{\"@id\":\"https:\/\/b2b.mvgd.pl\/index.php\/produkt\/col-de-mar-prosecco-doc-millesimato-extra-dry-075l-115\/#primaryimage\"},\"thumbnailUrl\":\"https:\/\/b2b.mvgd.pl\/wp-content\/uploads\/2026\/02\/Col-de-Mar-Prosecco-DOC-Millesimato-Extra-Dry-075l-115.png\",\"datePublished\":\"2026-02-16T19:02:45+00:00\",\"dateModified\":\"2026-02-16T19:04:21+00:00\",\"breadcrumb\":{\"@id\":\"https:\/\/b2b.mvgd.pl\/index.php\/produkt\/col-de-mar-prosecco-doc-millesimato-extra-dry-075l-115\/#breadcrumb\"},\"inLanguage\":\"pl-PL\",\"potentialAction\":[{\"@type\":\"ReadAction\",\"target\":[\"https:\/\/b2b.mvgd.pl\/index.php\/produkt\/col-de-mar-prosecco-doc-millesimato-extra-dry-075l-115\/\"]}]},{\"@type\":\"ImageObject\",\"inLanguage\":\"pl-PL\",\"@id\":\"https:\/\/b2b.mvgd.pl\/index.php\/produkt\/col-de-mar-prosecco-doc-millesimato-extra-dry-075l-115\/#primaryimage\",\"url\":\"https:\/\/b2b.mvgd.pl\/wp-content\/uploads\/2026\/02\/Col-de-Mar-Prosecco-DOC-Millesimato-Extra-Dry-075l-115.png\",\"contentUrl\":\"https:\/\/b2b.mvgd.pl\/wp-content\/uploads\/2026\/02\/Col-de-Mar-Prosecco-DOC-Millesimato-Extra-Dry-075l-115.png\",\"width\":900,\"height\":1200},{\"@type\":\"BreadcrumbList\",\"@id\":\"https:\/\/b2b.mvgd.pl\/index.php\/produkt\/col-de-mar-prosecco-doc-millesimato-extra-dry-075l-115\/#breadcrumb\",\"itemListElement\":[{\"@type\":\"ListItem\",\"position\":1,\"name\":\"Strona g\u0142\u00f3wna\",\"item\":\"https:\/\/b2b.mvgd.pl\/\"},{\"@type\":\"ListItem\",\"position\":2,\"name\":\"Shop\",\"item\":\"https:\/\/b2b.mvgd.pl\/index.php\/shop\/\"},{\"@type\":\"ListItem\",\"position\":3,\"name\":\"Col de Mar Prosecco DOC Millesimato Extra Dry 0,75l 11,5%\"}]},{\"@type\":\"WebSite\",\"@id\":\"https:\/\/b2b.mvgd.pl\/#website\",\"url\":\"https:\/\/b2b.mvgd.pl\/\",\"name\":\"B2B MVGD PL\",\"description\":\"\",\"potentialAction\":[{\"@type\":\"SearchAction\",\"target\":{\"@type\":\"EntryPoint\",\"urlTemplate\":\"https:\/\/b2b.mvgd.pl\/?s={search_term_string}\"},\"query-input\":{\"@type\":\"PropertyValueSpecification\",\"valueRequired\":true,\"valueName\":\"search_term_string\"}}],\"inLanguage\":\"pl-PL\"}]}<\/script>\n<!-- \/ Yoast SEO plugin. -->","yoast_head_json":{"title":"Col de Mar Prosecco DOC Millesimato Extra Dry 0,75l 11,5% - B2B MVGD PL","robots":{"index":"index","follow":"follow","max-snippet":"max-snippet:-1","max-image-preview":"max-image-preview:large","max-video-preview":"max-video-preview:-1"},"canonical":"https:\/\/b2b.mvgd.pl\/index.php\/produkt\/col-de-mar-prosecco-doc-millesimato-extra-dry-075l-115\/","og_locale":"pl_PL","og_type":"article","og_title":"Col de Mar Prosecco DOC Millesimato Extra Dry 0,75l 11,5% - B2B MVGD PL","og_description":"Musuj\u0105ce Prosecco DOC Extra Dry o \u015bwie\u017cym, owocowym aromacie. Delikatnie s\u0142odsze ni\u017c Brut, idealne na start wieczoru i lekkie dania.","og_url":"https:\/\/b2b.mvgd.pl\/index.php\/produkt\/col-de-mar-prosecco-doc-millesimato-extra-dry-075l-115\/","og_site_name":"B2B MVGD PL","article_modified_time":"2026-02-16T19:04:21+00:00","twitter_card":"summary_large_image","twitter_misc":{"Szacowany czas czytania":"1 minuta"},"schema":{"@context":"https:\/\/schema.org","@graph":[{"@type":"WebPage","@id":"https:\/\/b2b.mvgd.pl\/index.php\/produkt\/col-de-mar-prosecco-doc-millesimato-extra-dry-075l-115\/","url":"https:\/\/b2b.mvgd.pl\/index.php\/produkt\/col-de-mar-prosecco-doc-millesimato-extra-dry-075l-115\/","name":"Col de Mar Prosecco DOC Millesimato Extra Dry 0,75l 11,5% - B2B MVGD PL","isPartOf":{"@id":"https:\/\/b2b.mvgd.pl\/#website"},"primaryImageOfPage":{"@id":"https:\/\/b2b.mvgd.pl\/index.php\/produkt\/col-de-mar-prosecco-doc-millesimato-extra-dry-075l-115\/#primaryimage"},"image":{"@id":"https:\/\/b2b.mvgd.pl\/index.php\/produkt\/col-de-mar-prosecco-doc-millesimato-extra-dry-075l-115\/#primaryimage"},"thumbnailUrl":"https:\/\/b2b.mvgd.pl\/wp-content\/uploads\/2026\/02\/Col-de-Mar-Prosecco-DOC-Millesimato-Extra-Dry-075l-115.png","datePublished":"2026-02-16T19:02:45+00:00","dateModified":"2026-02-16T19:04:21+00:00","breadcrumb":{"@id":"https:\/\/b2b.mvgd.pl\/index.php\/produkt\/col-de-mar-prosecco-doc-millesimato-extra-dry-075l-115\/#breadcrumb"},"inLanguage":"pl-PL","potentialAction":[{"@type":"ReadAction","target":["https:\/\/b2b.mvgd.pl\/index.php\/produkt\/col-de-mar-prosecco-doc-millesimato-extra-dry-075l-115\/"]}]},{"@type":"ImageObject","inLanguage":"pl-PL","@id":"https:\/\/b2b.mvgd.pl\/index.php\/produkt\/col-de-mar-prosecco-doc-millesimato-extra-dry-075l-115\/#primaryimage","url":"https:\/\/b2b.mvgd.pl\/wp-content\/uploads\/2026\/02\/Col-de-Mar-Prosecco-DOC-Millesimato-Extra-Dry-075l-115.png","contentUrl":"https:\/\/b2b.mvgd.pl\/wp-content\/uploads\/2026\/02\/Col-de-Mar-Prosecco-DOC-Millesimato-Extra-Dry-075l-115.png","width":900,"height":1200},{"@type":"BreadcrumbList","@id":"https:\/\/b2b.mvgd.pl\/index.php\/produkt\/col-de-mar-prosecco-doc-millesimato-extra-dry-075l-115\/#breadcrumb","itemListElement":[{"@type":"ListItem","position":1,"name":"Strona g\u0142\u00f3wna","item":"https:\/\/b2b.mvgd.pl\/"},{"@type":"ListItem","position":2,"name":"Shop","item":"https:\/\/b2b.mvgd.pl\/index.php\/shop\/"},{"@type":"ListItem","position":3,"name":"Col de Mar Prosecco DOC Millesimato Extra Dry 0,75l 11,5%"}]},{"@type":"WebSite","@id":"https:\/\/b2b.mvgd.pl\/#website","url":"https:\/\/b2b.mvgd.pl\/","name":"B2B MVGD PL","description":"","potentialAction":[{"@type":"SearchAction","target":{"@type":"EntryPoint","urlTemplate":"https:\/\/b2b.mvgd.pl\/?s={search_term_string}"},"query-input":{"@type":"PropertyValueSpecification","valueRequired":true,"valueName":"search_term_string"}}],"inLanguage":"pl-PL"}]}},"jetpack_sharing_enabled":true,"_links":{"self":[{"href":"https:\/\/b2b.mvgd.pl\/index.php\/wp-json\/wp\/v2\/product\/1073","targetHints":{"allow":["GET"]}}],"collection":[{"href":"https:\/\/b2b.mvgd.pl\/index.php\/wp-json\/wp\/v2\/product"}],"about":[{"href":"https:\/\/b2b.mvgd.pl\/index.php\/wp-json\/wp\/v2\/types\/product"}],"replies":[{"embeddable":true,"href":"https:\/\/b2b.mvgd.pl\/index.php\/wp-json\/wp\/v2\/comments?post=1073"}],"version-history":[{"count":0,"href":"https:\/\/b2b.mvgd.pl\/index.php\/wp-json\/wp\/v2\/product\/1073\/revisions"}],"wp:featuredmedia":[{"embeddable":true,"href":"https:\/\/b2b.mvgd.pl\/index.php\/wp-json\/wp\/v2\/media\/1123"}],"wp:attachment":[{"href":"https:\/\/b2b.mvgd.pl\/index.php\/wp-json\/wp\/v2\/media?parent=1073"}],"wp:term":[{"taxonomy":"product_brand","embeddable":true,"href":"https:\/\/b2b.mvgd.pl\/index.php\/wp-json\/wp\/v2\/product_brand?post=1073"},{"taxonomy":"product_cat","embeddable":true,"href":"https:\/\/b2b.mvgd.pl\/index.php\/wp-json\/wp\/v2\/product_cat?post=1073"},{"taxonomy":"product_tag","embeddable":true,"href":"https:\/\/b2b.mvgd.pl\/index.php\/wp-json\/wp\/v2\/product_tag?post=1073"}],"curies":[{"name":"wp","href":"https:\/\/api.w.org\/{rel}","templated":true}]}}