{"id":1070,"date":"2026-02-16T19:02:45","date_gmt":"2026-02-16T19:02:45","guid":{"rendered":"https:\/\/b2b.mvgd.pl\/?post_type=product&#038;p=1070"},"modified":"2026-02-16T19:04:12","modified_gmt":"2026-02-16T19:04:12","slug":"antica-vinaia-ripasso-v-doc-superiore-075l-13","status":"publish","type":"product","link":"https:\/\/b2b.mvgd.pl\/index.php\/produkt\/antica-vinaia-ripasso-v-doc-superiore-075l-13\/","title":{"rendered":"Antica Vinaia Ripasso V. DOC Superiore 0,75l 13%"},"content":{"rendered":"<article class=\"text-token-text-primary w-full focus:outline-none scroll-mt-[calc(var(--header-height)+min(200px,max(70px,20svh)))]\" dir=\"auto\" data-testid=\"conversation-turn-302\" data-scroll-anchor=\"true\" data-turn=\"assistant\">\n<div class=\"text-base my-auto mx-auto pb-10 [--thread-content-margin:--spacing(4)] @[37rem]:[--thread-content-margin:--spacing(6)] @[72rem]:[--thread-content-margin:--spacing(16)] px-(--thread-content-margin)\">\n<div class=\"[--thread-content-max-width:32rem] @[34rem]:[--thread-content-max-width:40rem] @[64rem]:[--thread-content-max-width:48rem] mx-auto max-w-(--thread-content-max-width) flex-1 group\/turn-messages focus-visible:outline-hidden relative flex w-full min-w-0 flex-col agent-turn\">\n<div class=\"flex max-w-full flex-col grow\">\n<div class=\"min-h-8 text-message relative flex w-full flex-col items-end gap-2 text-start break-words whitespace-normal [.text-message+&amp;]:mt-5\" dir=\"auto\" data-message-author-role=\"assistant\" data-message-id=\"020de48d-4bf9-4c57-864d-2d0b023c83c4\" data-message-model-slug=\"gpt-4o\">\n<div class=\"flex w-full flex-col gap-1 empty:hidden first:pt-[3px]\">\n<div class=\"markdown prose dark:prose-invert w-full break-words dark\">\n<p class=\"ds-markdown-paragraph\"><strong>Opis:<\/strong>\u00a0Wino produkowane w sercu Valpolicelli z rodzimych szczep\u00f3w Corvina, Rondinella i Molinara. Powstaje w wyniku refermentacji m\u0142odego wina Valpolicella na wyt\u0142okach po Amarone (metoda Ripasso), a nast\u0119pnie dojrzewa w d\u0119bowych beczkach, co nadaje mu charakterystycznej z\u0142o\u017cono\u015bci i pe\u0142ni.<br \/>\n<strong>Aromat:<\/strong>\u00a0Intensywny, z nutami dojrza\u0142ych wi\u015bni i \u015bliwek, d\u017cemu morelowego, wanilii, czekolady i lekkich przypraw.<br \/>\n<strong>Smak:<\/strong>\u00a0G\u0119ste, o aksamitnej teksturze, mi\u0119kkich taninach i dobrze zr\u00f3wnowa\u017conej kwasowo\u015bci. Dominuj\u0105 smaki czerwonych owoc\u00f3w w konfiturze, wanilii i gorzkiej czekolady. D\u0142ugi, ciep\u0142y finisz.<br \/>\n<strong>Dopasowanie kulinarne:<\/strong>\u00a0Doskona\u0142e do pieczonej wo\u0142owiny, grillowanej jagni\u0119ciny, dziczyzny, mi\u0119snych zapiekanek i dojrza\u0142ych ser\u00f3w \u017c\u00f3\u0142tych.<br \/>\n<strong>Temperatura serwowania:<\/strong>\u00a016-18\u00b0C<br \/>\n<strong>Napowietrzanie:<\/strong>\u00a0Zalecane (oko\u0142o 30 minut).<br \/>\n<strong>Charakter:<\/strong>\u00a0Pe\u0142ne, eleganckie i strukturalne wino o typowym dla Ripasso bogatym profilu.<\/p>\n<\/div>\n<\/div>\n<\/div>\n<\/div>\n<\/div>\n<\/div>\n<\/article>\n","protected":false},"excerpt":{"rendered":"<div class=\"dad65929\">\n<div class=\"_4f9bf79 d7dc56a8 _43c05b5\">\n<div class=\"ds-message _63c77b1\">\n<div class=\"ds-markdown\">\n<p class=\"ds-markdown-paragraph\">Valpolicella Ripasso Superiore, kt\u00f3re \u0142\u0105czy intensywno\u015b\u0107 owoc\u00f3w z elegancj\u0105 drewna. Idealny wyb\u00f3r do intensywnych da\u0144 mi\u0119snych.<\/p>\n<\/div>\n<\/div>\n<div class=\"ds-theme\"><\/div>\n<div class=\"ds-flex _0a3d93b\">\n<div class=\"ds-flex _965abe9 _54866f7\">\n<div class=\"_17e543b db183363\" role=\"button\">\n<div class=\"_001e3bb\"><\/div>\n<div class=\"ds-icon\"><\/div>\n<\/div>\n<div class=\"_17e543b db183363\" role=\"button\">\n<div class=\"_001e3bb\"><\/div>\n<div class=\"ds-icon\"><\/div>\n<\/div>\n<div class=\"_17e543b db183363\" role=\"button\">\n<div class=\"_001e3bb\"><\/div>\n<div class=\"ds-icon\"><\/div>\n<\/div>\n<div class=\"_17e543b db183363\" role=\"button\">\n<div class=\"_001e3bb\"><\/div>\n<div class=\"ds-icon\"><\/div>\n<\/div>\n<div class=\"_17e543b db183363\" role=\"button\">\n<div class=\"_001e3bb\"><\/div>\n<div class=\"ds-icon\"><\/div>\n<\/div>\n<\/div>\n<div><\/div>\n<\/div>\n<\/div>\n<\/div>\n<div class=\"_871cbca\"><\/div>\n","protected":false},"featured_media":1120,"comment_status":"closed","ping_status":"closed","template":"","meta":[],"product_brand":[],"product_cat":[20,18,19],"product_tag":[737,760,320,499,321],"class_list":{"0":"post-1070","1":"product","2":"type-product","3":"status-publish","4":"has-post-thumbnail","6":"product_cat-veneto","7":"product_cat-wina","8":"product_cat-wlochy-wina","9":"product_tag-czerwone","10":"product_tag-veneto","11":"product_tag-wino","12":"product_tag-wlochy","13":"product_tag-wytrawne","15":"first","16":"instock","17":"shipping-taxable","18":"purchasable","19":"product-type-simple"},"yoast_head":"<!-- This site is optimized with the Yoast SEO plugin v26.9 - https:\/\/yoast.com\/product\/yoast-seo-wordpress\/ -->\n<title>Antica Vinaia Ripasso V. DOC Superiore 0,75l 13% - B2B MVGD PL<\/title>\n<meta name=\"robots\" content=\"index, follow, max-snippet:-1, max-image-preview:large, max-video-preview:-1\" \/>\n<link rel=\"canonical\" href=\"https:\/\/b2b.mvgd.pl\/index.php\/produkt\/antica-vinaia-ripasso-v-doc-superiore-075l-13\/\" \/>\n<meta property=\"og:locale\" content=\"pl_PL\" \/>\n<meta property=\"og:type\" content=\"article\" \/>\n<meta property=\"og:title\" content=\"Antica Vinaia Ripasso V. DOC Superiore 0,75l 13% - B2B MVGD PL\" \/>\n<meta property=\"og:description\" content=\"Valpolicella Ripasso Superiore, kt\u00f3re \u0142\u0105czy intensywno\u015b\u0107 owoc\u00f3w z elegancj\u0105 drewna. Idealny wyb\u00f3r do intensywnych da\u0144 mi\u0119snych.\" \/>\n<meta property=\"og:url\" content=\"https:\/\/b2b.mvgd.pl\/index.php\/produkt\/antica-vinaia-ripasso-v-doc-superiore-075l-13\/\" \/>\n<meta property=\"og:site_name\" content=\"B2B MVGD PL\" \/>\n<meta property=\"article:modified_time\" content=\"2026-02-16T19:04:12+00:00\" \/>\n<meta name=\"twitter:card\" content=\"summary_large_image\" \/>\n<meta name=\"twitter:label1\" content=\"Szacowany czas czytania\" \/>\n\t<meta name=\"twitter:data1\" content=\"1 minuta\" \/>\n<script type=\"application\/ld+json\" class=\"yoast-schema-graph\">{\"@context\":\"https:\/\/schema.org\",\"@graph\":[{\"@type\":\"WebPage\",\"@id\":\"https:\/\/b2b.mvgd.pl\/index.php\/produkt\/antica-vinaia-ripasso-v-doc-superiore-075l-13\/\",\"url\":\"https:\/\/b2b.mvgd.pl\/index.php\/produkt\/antica-vinaia-ripasso-v-doc-superiore-075l-13\/\",\"name\":\"Antica Vinaia Ripasso V. DOC Superiore 0,75l 13% - B2B MVGD PL\",\"isPartOf\":{\"@id\":\"https:\/\/b2b.mvgd.pl\/#website\"},\"primaryImageOfPage\":{\"@id\":\"https:\/\/b2b.mvgd.pl\/index.php\/produkt\/antica-vinaia-ripasso-v-doc-superiore-075l-13\/#primaryimage\"},\"image\":{\"@id\":\"https:\/\/b2b.mvgd.pl\/index.php\/produkt\/antica-vinaia-ripasso-v-doc-superiore-075l-13\/#primaryimage\"},\"thumbnailUrl\":\"https:\/\/b2b.mvgd.pl\/wp-content\/uploads\/2026\/02\/Antica-Vinaia-Ripasso-V.-DOC-Superiore.png\",\"datePublished\":\"2026-02-16T19:02:45+00:00\",\"dateModified\":\"2026-02-16T19:04:12+00:00\",\"breadcrumb\":{\"@id\":\"https:\/\/b2b.mvgd.pl\/index.php\/produkt\/antica-vinaia-ripasso-v-doc-superiore-075l-13\/#breadcrumb\"},\"inLanguage\":\"pl-PL\",\"potentialAction\":[{\"@type\":\"ReadAction\",\"target\":[\"https:\/\/b2b.mvgd.pl\/index.php\/produkt\/antica-vinaia-ripasso-v-doc-superiore-075l-13\/\"]}]},{\"@type\":\"ImageObject\",\"inLanguage\":\"pl-PL\",\"@id\":\"https:\/\/b2b.mvgd.pl\/index.php\/produkt\/antica-vinaia-ripasso-v-doc-superiore-075l-13\/#primaryimage\",\"url\":\"https:\/\/b2b.mvgd.pl\/wp-content\/uploads\/2026\/02\/Antica-Vinaia-Ripasso-V.-DOC-Superiore.png\",\"contentUrl\":\"https:\/\/b2b.mvgd.pl\/wp-content\/uploads\/2026\/02\/Antica-Vinaia-Ripasso-V.-DOC-Superiore.png\",\"width\":900,\"height\":1200},{\"@type\":\"BreadcrumbList\",\"@id\":\"https:\/\/b2b.mvgd.pl\/index.php\/produkt\/antica-vinaia-ripasso-v-doc-superiore-075l-13\/#breadcrumb\",\"itemListElement\":[{\"@type\":\"ListItem\",\"position\":1,\"name\":\"Strona g\u0142\u00f3wna\",\"item\":\"https:\/\/b2b.mvgd.pl\/\"},{\"@type\":\"ListItem\",\"position\":2,\"name\":\"Shop\",\"item\":\"https:\/\/b2b.mvgd.pl\/index.php\/shop\/\"},{\"@type\":\"ListItem\",\"position\":3,\"name\":\"Antica Vinaia Ripasso V. DOC Superiore 0,75l 13%\"}]},{\"@type\":\"WebSite\",\"@id\":\"https:\/\/b2b.mvgd.pl\/#website\",\"url\":\"https:\/\/b2b.mvgd.pl\/\",\"name\":\"B2B MVGD PL\",\"description\":\"\",\"potentialAction\":[{\"@type\":\"SearchAction\",\"target\":{\"@type\":\"EntryPoint\",\"urlTemplate\":\"https:\/\/b2b.mvgd.pl\/?s={search_term_string}\"},\"query-input\":{\"@type\":\"PropertyValueSpecification\",\"valueRequired\":true,\"valueName\":\"search_term_string\"}}],\"inLanguage\":\"pl-PL\"}]}<\/script>\n<!-- \/ Yoast SEO plugin. -->","yoast_head_json":{"title":"Antica Vinaia Ripasso V. DOC Superiore 0,75l 13% - B2B MVGD PL","robots":{"index":"index","follow":"follow","max-snippet":"max-snippet:-1","max-image-preview":"max-image-preview:large","max-video-preview":"max-video-preview:-1"},"canonical":"https:\/\/b2b.mvgd.pl\/index.php\/produkt\/antica-vinaia-ripasso-v-doc-superiore-075l-13\/","og_locale":"pl_PL","og_type":"article","og_title":"Antica Vinaia Ripasso V. DOC Superiore 0,75l 13% - B2B MVGD PL","og_description":"Valpolicella Ripasso Superiore, kt\u00f3re \u0142\u0105czy intensywno\u015b\u0107 owoc\u00f3w z elegancj\u0105 drewna. Idealny wyb\u00f3r do intensywnych da\u0144 mi\u0119snych.","og_url":"https:\/\/b2b.mvgd.pl\/index.php\/produkt\/antica-vinaia-ripasso-v-doc-superiore-075l-13\/","og_site_name":"B2B MVGD PL","article_modified_time":"2026-02-16T19:04:12+00:00","twitter_card":"summary_large_image","twitter_misc":{"Szacowany czas czytania":"1 minuta"},"schema":{"@context":"https:\/\/schema.org","@graph":[{"@type":"WebPage","@id":"https:\/\/b2b.mvgd.pl\/index.php\/produkt\/antica-vinaia-ripasso-v-doc-superiore-075l-13\/","url":"https:\/\/b2b.mvgd.pl\/index.php\/produkt\/antica-vinaia-ripasso-v-doc-superiore-075l-13\/","name":"Antica Vinaia Ripasso V. DOC Superiore 0,75l 13% - B2B MVGD PL","isPartOf":{"@id":"https:\/\/b2b.mvgd.pl\/#website"},"primaryImageOfPage":{"@id":"https:\/\/b2b.mvgd.pl\/index.php\/produkt\/antica-vinaia-ripasso-v-doc-superiore-075l-13\/#primaryimage"},"image":{"@id":"https:\/\/b2b.mvgd.pl\/index.php\/produkt\/antica-vinaia-ripasso-v-doc-superiore-075l-13\/#primaryimage"},"thumbnailUrl":"https:\/\/b2b.mvgd.pl\/wp-content\/uploads\/2026\/02\/Antica-Vinaia-Ripasso-V.-DOC-Superiore.png","datePublished":"2026-02-16T19:02:45+00:00","dateModified":"2026-02-16T19:04:12+00:00","breadcrumb":{"@id":"https:\/\/b2b.mvgd.pl\/index.php\/produkt\/antica-vinaia-ripasso-v-doc-superiore-075l-13\/#breadcrumb"},"inLanguage":"pl-PL","potentialAction":[{"@type":"ReadAction","target":["https:\/\/b2b.mvgd.pl\/index.php\/produkt\/antica-vinaia-ripasso-v-doc-superiore-075l-13\/"]}]},{"@type":"ImageObject","inLanguage":"pl-PL","@id":"https:\/\/b2b.mvgd.pl\/index.php\/produkt\/antica-vinaia-ripasso-v-doc-superiore-075l-13\/#primaryimage","url":"https:\/\/b2b.mvgd.pl\/wp-content\/uploads\/2026\/02\/Antica-Vinaia-Ripasso-V.-DOC-Superiore.png","contentUrl":"https:\/\/b2b.mvgd.pl\/wp-content\/uploads\/2026\/02\/Antica-Vinaia-Ripasso-V.-DOC-Superiore.png","width":900,"height":1200},{"@type":"BreadcrumbList","@id":"https:\/\/b2b.mvgd.pl\/index.php\/produkt\/antica-vinaia-ripasso-v-doc-superiore-075l-13\/#breadcrumb","itemListElement":[{"@type":"ListItem","position":1,"name":"Strona g\u0142\u00f3wna","item":"https:\/\/b2b.mvgd.pl\/"},{"@type":"ListItem","position":2,"name":"Shop","item":"https:\/\/b2b.mvgd.pl\/index.php\/shop\/"},{"@type":"ListItem","position":3,"name":"Antica Vinaia Ripasso V. DOC Superiore 0,75l 13%"}]},{"@type":"WebSite","@id":"https:\/\/b2b.mvgd.pl\/#website","url":"https:\/\/b2b.mvgd.pl\/","name":"B2B MVGD PL","description":"","potentialAction":[{"@type":"SearchAction","target":{"@type":"EntryPoint","urlTemplate":"https:\/\/b2b.mvgd.pl\/?s={search_term_string}"},"query-input":{"@type":"PropertyValueSpecification","valueRequired":true,"valueName":"search_term_string"}}],"inLanguage":"pl-PL"}]}},"jetpack_sharing_enabled":true,"_links":{"self":[{"href":"https:\/\/b2b.mvgd.pl\/index.php\/wp-json\/wp\/v2\/product\/1070","targetHints":{"allow":["GET"]}}],"collection":[{"href":"https:\/\/b2b.mvgd.pl\/index.php\/wp-json\/wp\/v2\/product"}],"about":[{"href":"https:\/\/b2b.mvgd.pl\/index.php\/wp-json\/wp\/v2\/types\/product"}],"replies":[{"embeddable":true,"href":"https:\/\/b2b.mvgd.pl\/index.php\/wp-json\/wp\/v2\/comments?post=1070"}],"version-history":[{"count":0,"href":"https:\/\/b2b.mvgd.pl\/index.php\/wp-json\/wp\/v2\/product\/1070\/revisions"}],"wp:featuredmedia":[{"embeddable":true,"href":"https:\/\/b2b.mvgd.pl\/index.php\/wp-json\/wp\/v2\/media\/1120"}],"wp:attachment":[{"href":"https:\/\/b2b.mvgd.pl\/index.php\/wp-json\/wp\/v2\/media?parent=1070"}],"wp:term":[{"taxonomy":"product_brand","embeddable":true,"href":"https:\/\/b2b.mvgd.pl\/index.php\/wp-json\/wp\/v2\/product_brand?post=1070"},{"taxonomy":"product_cat","embeddable":true,"href":"https:\/\/b2b.mvgd.pl\/index.php\/wp-json\/wp\/v2\/product_cat?post=1070"},{"taxonomy":"product_tag","embeddable":true,"href":"https:\/\/b2b.mvgd.pl\/index.php\/wp-json\/wp\/v2\/product_tag?post=1070"}],"curies":[{"name":"wp","href":"https:\/\/api.w.org\/{rel}","templated":true}]}}