{"id":1059,"date":"2026-02-16T19:02:20","date_gmt":"2026-02-16T19:02:20","guid":{"rendered":"https:\/\/b2b.mvgd.pl\/?post_type=product&#038;p=1059"},"modified":"2026-02-16T19:03:59","modified_gmt":"2026-02-16T19:03:59","slug":"villa-torre-lugana-075l-125","status":"publish","type":"product","link":"https:\/\/b2b.mvgd.pl\/index.php\/produkt\/villa-torre-lugana-075l-125\/","title":{"rendered":"VILLA TORRE Lugana 0,75l 12,5%"},"content":{"rendered":"<article class=\"text-token-text-primary w-full focus:outline-none scroll-mt-[calc(var(--header-height)+min(200px,max(70px,20svh)))]\" dir=\"auto\" data-testid=\"conversation-turn-302\" data-scroll-anchor=\"true\" data-turn=\"assistant\">\n<div class=\"text-base my-auto mx-auto pb-10 [--thread-content-margin:--spacing(4)] @[37rem]:[--thread-content-margin:--spacing(6)] @[72rem]:[--thread-content-margin:--spacing(16)] px-(--thread-content-margin)\">\n<div class=\"[--thread-content-max-width:32rem] @[34rem]:[--thread-content-max-width:40rem] @[64rem]:[--thread-content-max-width:48rem] mx-auto max-w-(--thread-content-max-width) flex-1 group\/turn-messages focus-visible:outline-hidden relative flex w-full min-w-0 flex-col agent-turn\">\n<div class=\"flex max-w-full flex-col grow\">\n<div class=\"min-h-8 text-message relative flex w-full flex-col items-end gap-2 text-start break-words whitespace-normal [.text-message+&amp;]:mt-5\" dir=\"auto\" data-message-author-role=\"assistant\" data-message-id=\"020de48d-4bf9-4c57-864d-2d0b023c83c4\" data-message-model-slug=\"gpt-4o\">\n<div class=\"flex w-full flex-col gap-1 empty:hidden first:pt-[3px]\">\n<div class=\"markdown prose dark:prose-invert w-full break-words dark\">\n<p class=\"ds-markdown-paragraph\">Wino produkowane przez winnic\u0119 Villa della Torre z szczepu Turbiana, charakterystycznego dla apelacji Lugana. Winnice po\u0142o\u017cone s\u0105 w okolicy jeziora Garda, co nadaje winu \u015bwie\u017co\u015bci i mineralno\u015bci. Fermentacja odbywa si\u0119 w kontrolowanej temperaturze w stalowych zbiornikach.<\/p>\n<p class=\"ds-markdown-paragraph\"><strong>Aromat: <\/strong>\u015awie\u017cy i intensywny, z dominant\u0105 owoc\u00f3w cytrusowych (cytryna, cedrat) i bia\u0142ych kwiat\u00f3w, z subtelnymi nutami zio\u0142owymi.<\/p>\n<p class=\"ds-markdown-paragraph\"><strong>Smak: <\/strong>Wytrawny, o dobrej strukturze i wyra\u017anej, orze\u017awiaj\u0105cej kwasowo\u015bci. W smaku dominuj\u0105 nuty cytrus\u00f3w i migda\u0142\u00f3w, z czystym, mineralnym finiszem.<\/p>\n<p class=\"ds-markdown-paragraph\"><strong>Dopasowanie kulinarne: <\/strong>Doskonale komponuje si\u0119 z przystawkami, daniami rybnymi z jeziora, risotto z rybami, bia\u0142ymi mi\u0119sami i m\u0142odymi serami.<\/p>\n<p class=\"ds-markdown-paragraph\"><strong>Temperatura serwowania:<\/strong>\u00a010-12\u00b0C<br \/>\n<strong>Napowietrzanie:<\/strong>\u00a0Nie wymaga.<\/p>\n<p class=\"ds-markdown-paragraph\"><strong>Charakter: <\/strong>Eleganckie, \u015bwie\u017ce i harmonijne wino, kt\u00f3re jest doskona\u0142\u0105 reprezentacj\u0105 swojego terroir.<\/p>\n<\/div>\n<\/div>\n<\/div>\n<\/div>\n<\/div>\n<\/div>\n<\/article>\n","protected":false},"excerpt":{"rendered":"<p data-start=\"318\" data-end=\"409\">Lugana DOC od Villa della Torre. \u015awie\u017ca i cytrusowa, z mineraln\u0105 nut\u0105. Idealna do da\u0144 rybnych i lekkich posi\u0142k\u00f3w w okolicy jeziora Garda.<\/p>\n","protected":false},"featured_media":1109,"comment_status":"closed","ping_status":"closed","template":"","meta":[],"product_brand":[],"product_cat":[20,18,19],"product_tag":[757,760,320,499,321],"class_list":{"0":"post-1059","1":"product","2":"type-product","3":"status-publish","4":"has-post-thumbnail","6":"product_cat-veneto","7":"product_cat-wina","8":"product_cat-wlochy-wina","9":"product_tag-biale","10":"product_tag-veneto","11":"product_tag-wino","12":"product_tag-wlochy","13":"product_tag-wytrawne","15":"first","16":"instock","17":"shipping-taxable","18":"purchasable","19":"product-type-simple"},"yoast_head":"<!-- This site is optimized with the Yoast SEO plugin v26.9 - https:\/\/yoast.com\/product\/yoast-seo-wordpress\/ -->\n<title>VILLA TORRE Lugana 0,75l 12,5% - B2B MVGD PL<\/title>\n<meta name=\"robots\" content=\"index, follow, max-snippet:-1, max-image-preview:large, max-video-preview:-1\" \/>\n<link rel=\"canonical\" href=\"https:\/\/b2b.mvgd.pl\/index.php\/produkt\/villa-torre-lugana-075l-125\/\" \/>\n<meta property=\"og:locale\" content=\"pl_PL\" \/>\n<meta property=\"og:type\" content=\"article\" \/>\n<meta property=\"og:title\" content=\"VILLA TORRE Lugana 0,75l 12,5% - B2B MVGD PL\" \/>\n<meta property=\"og:description\" content=\"Lugana DOC od Villa della Torre. \u015awie\u017ca i cytrusowa, z mineraln\u0105 nut\u0105. Idealna do da\u0144 rybnych i lekkich posi\u0142k\u00f3w w okolicy jeziora Garda.\" \/>\n<meta property=\"og:url\" content=\"https:\/\/b2b.mvgd.pl\/index.php\/produkt\/villa-torre-lugana-075l-125\/\" \/>\n<meta property=\"og:site_name\" content=\"B2B MVGD PL\" \/>\n<meta property=\"article:modified_time\" content=\"2026-02-16T19:03:59+00:00\" \/>\n<meta name=\"twitter:card\" content=\"summary_large_image\" \/>\n<meta name=\"twitter:label1\" content=\"Szacowany czas czytania\" \/>\n\t<meta name=\"twitter:data1\" content=\"1 minuta\" \/>\n<script type=\"application\/ld+json\" class=\"yoast-schema-graph\">{\"@context\":\"https:\/\/schema.org\",\"@graph\":[{\"@type\":\"WebPage\",\"@id\":\"https:\/\/b2b.mvgd.pl\/index.php\/produkt\/villa-torre-lugana-075l-125\/\",\"url\":\"https:\/\/b2b.mvgd.pl\/index.php\/produkt\/villa-torre-lugana-075l-125\/\",\"name\":\"VILLA TORRE Lugana 0,75l 12,5% - B2B MVGD PL\",\"isPartOf\":{\"@id\":\"https:\/\/b2b.mvgd.pl\/#website\"},\"primaryImageOfPage\":{\"@id\":\"https:\/\/b2b.mvgd.pl\/index.php\/produkt\/villa-torre-lugana-075l-125\/#primaryimage\"},\"image\":{\"@id\":\"https:\/\/b2b.mvgd.pl\/index.php\/produkt\/villa-torre-lugana-075l-125\/#primaryimage\"},\"thumbnailUrl\":\"https:\/\/b2b.mvgd.pl\/wp-content\/uploads\/2026\/02\/Lugana-Selva-del-Vescovo.png\",\"datePublished\":\"2026-02-16T19:02:20+00:00\",\"dateModified\":\"2026-02-16T19:03:59+00:00\",\"breadcrumb\":{\"@id\":\"https:\/\/b2b.mvgd.pl\/index.php\/produkt\/villa-torre-lugana-075l-125\/#breadcrumb\"},\"inLanguage\":\"pl-PL\",\"potentialAction\":[{\"@type\":\"ReadAction\",\"target\":[\"https:\/\/b2b.mvgd.pl\/index.php\/produkt\/villa-torre-lugana-075l-125\/\"]}]},{\"@type\":\"ImageObject\",\"inLanguage\":\"pl-PL\",\"@id\":\"https:\/\/b2b.mvgd.pl\/index.php\/produkt\/villa-torre-lugana-075l-125\/#primaryimage\",\"url\":\"https:\/\/b2b.mvgd.pl\/wp-content\/uploads\/2026\/02\/Lugana-Selva-del-Vescovo.png\",\"contentUrl\":\"https:\/\/b2b.mvgd.pl\/wp-content\/uploads\/2026\/02\/Lugana-Selva-del-Vescovo.png\",\"width\":900,\"height\":1200},{\"@type\":\"BreadcrumbList\",\"@id\":\"https:\/\/b2b.mvgd.pl\/index.php\/produkt\/villa-torre-lugana-075l-125\/#breadcrumb\",\"itemListElement\":[{\"@type\":\"ListItem\",\"position\":1,\"name\":\"Strona g\u0142\u00f3wna\",\"item\":\"https:\/\/b2b.mvgd.pl\/\"},{\"@type\":\"ListItem\",\"position\":2,\"name\":\"Shop\",\"item\":\"https:\/\/b2b.mvgd.pl\/index.php\/shop\/\"},{\"@type\":\"ListItem\",\"position\":3,\"name\":\"VILLA TORRE Lugana 0,75l 12,5%\"}]},{\"@type\":\"WebSite\",\"@id\":\"https:\/\/b2b.mvgd.pl\/#website\",\"url\":\"https:\/\/b2b.mvgd.pl\/\",\"name\":\"B2B MVGD PL\",\"description\":\"\",\"potentialAction\":[{\"@type\":\"SearchAction\",\"target\":{\"@type\":\"EntryPoint\",\"urlTemplate\":\"https:\/\/b2b.mvgd.pl\/?s={search_term_string}\"},\"query-input\":{\"@type\":\"PropertyValueSpecification\",\"valueRequired\":true,\"valueName\":\"search_term_string\"}}],\"inLanguage\":\"pl-PL\"}]}<\/script>\n<!-- \/ Yoast SEO plugin. -->","yoast_head_json":{"title":"VILLA TORRE Lugana 0,75l 12,5% - B2B MVGD PL","robots":{"index":"index","follow":"follow","max-snippet":"max-snippet:-1","max-image-preview":"max-image-preview:large","max-video-preview":"max-video-preview:-1"},"canonical":"https:\/\/b2b.mvgd.pl\/index.php\/produkt\/villa-torre-lugana-075l-125\/","og_locale":"pl_PL","og_type":"article","og_title":"VILLA TORRE Lugana 0,75l 12,5% - B2B MVGD PL","og_description":"Lugana DOC od Villa della Torre. \u015awie\u017ca i cytrusowa, z mineraln\u0105 nut\u0105. Idealna do da\u0144 rybnych i lekkich posi\u0142k\u00f3w w okolicy jeziora Garda.","og_url":"https:\/\/b2b.mvgd.pl\/index.php\/produkt\/villa-torre-lugana-075l-125\/","og_site_name":"B2B MVGD PL","article_modified_time":"2026-02-16T19:03:59+00:00","twitter_card":"summary_large_image","twitter_misc":{"Szacowany czas czytania":"1 minuta"},"schema":{"@context":"https:\/\/schema.org","@graph":[{"@type":"WebPage","@id":"https:\/\/b2b.mvgd.pl\/index.php\/produkt\/villa-torre-lugana-075l-125\/","url":"https:\/\/b2b.mvgd.pl\/index.php\/produkt\/villa-torre-lugana-075l-125\/","name":"VILLA TORRE Lugana 0,75l 12,5% - B2B MVGD PL","isPartOf":{"@id":"https:\/\/b2b.mvgd.pl\/#website"},"primaryImageOfPage":{"@id":"https:\/\/b2b.mvgd.pl\/index.php\/produkt\/villa-torre-lugana-075l-125\/#primaryimage"},"image":{"@id":"https:\/\/b2b.mvgd.pl\/index.php\/produkt\/villa-torre-lugana-075l-125\/#primaryimage"},"thumbnailUrl":"https:\/\/b2b.mvgd.pl\/wp-content\/uploads\/2026\/02\/Lugana-Selva-del-Vescovo.png","datePublished":"2026-02-16T19:02:20+00:00","dateModified":"2026-02-16T19:03:59+00:00","breadcrumb":{"@id":"https:\/\/b2b.mvgd.pl\/index.php\/produkt\/villa-torre-lugana-075l-125\/#breadcrumb"},"inLanguage":"pl-PL","potentialAction":[{"@type":"ReadAction","target":["https:\/\/b2b.mvgd.pl\/index.php\/produkt\/villa-torre-lugana-075l-125\/"]}]},{"@type":"ImageObject","inLanguage":"pl-PL","@id":"https:\/\/b2b.mvgd.pl\/index.php\/produkt\/villa-torre-lugana-075l-125\/#primaryimage","url":"https:\/\/b2b.mvgd.pl\/wp-content\/uploads\/2026\/02\/Lugana-Selva-del-Vescovo.png","contentUrl":"https:\/\/b2b.mvgd.pl\/wp-content\/uploads\/2026\/02\/Lugana-Selva-del-Vescovo.png","width":900,"height":1200},{"@type":"BreadcrumbList","@id":"https:\/\/b2b.mvgd.pl\/index.php\/produkt\/villa-torre-lugana-075l-125\/#breadcrumb","itemListElement":[{"@type":"ListItem","position":1,"name":"Strona g\u0142\u00f3wna","item":"https:\/\/b2b.mvgd.pl\/"},{"@type":"ListItem","position":2,"name":"Shop","item":"https:\/\/b2b.mvgd.pl\/index.php\/shop\/"},{"@type":"ListItem","position":3,"name":"VILLA TORRE Lugana 0,75l 12,5%"}]},{"@type":"WebSite","@id":"https:\/\/b2b.mvgd.pl\/#website","url":"https:\/\/b2b.mvgd.pl\/","name":"B2B MVGD PL","description":"","potentialAction":[{"@type":"SearchAction","target":{"@type":"EntryPoint","urlTemplate":"https:\/\/b2b.mvgd.pl\/?s={search_term_string}"},"query-input":{"@type":"PropertyValueSpecification","valueRequired":true,"valueName":"search_term_string"}}],"inLanguage":"pl-PL"}]}},"jetpack_sharing_enabled":true,"_links":{"self":[{"href":"https:\/\/b2b.mvgd.pl\/index.php\/wp-json\/wp\/v2\/product\/1059","targetHints":{"allow":["GET"]}}],"collection":[{"href":"https:\/\/b2b.mvgd.pl\/index.php\/wp-json\/wp\/v2\/product"}],"about":[{"href":"https:\/\/b2b.mvgd.pl\/index.php\/wp-json\/wp\/v2\/types\/product"}],"replies":[{"embeddable":true,"href":"https:\/\/b2b.mvgd.pl\/index.php\/wp-json\/wp\/v2\/comments?post=1059"}],"version-history":[{"count":0,"href":"https:\/\/b2b.mvgd.pl\/index.php\/wp-json\/wp\/v2\/product\/1059\/revisions"}],"wp:featuredmedia":[{"embeddable":true,"href":"https:\/\/b2b.mvgd.pl\/index.php\/wp-json\/wp\/v2\/media\/1109"}],"wp:attachment":[{"href":"https:\/\/b2b.mvgd.pl\/index.php\/wp-json\/wp\/v2\/media?parent=1059"}],"wp:term":[{"taxonomy":"product_brand","embeddable":true,"href":"https:\/\/b2b.mvgd.pl\/index.php\/wp-json\/wp\/v2\/product_brand?post=1059"},{"taxonomy":"product_cat","embeddable":true,"href":"https:\/\/b2b.mvgd.pl\/index.php\/wp-json\/wp\/v2\/product_cat?post=1059"},{"taxonomy":"product_tag","embeddable":true,"href":"https:\/\/b2b.mvgd.pl\/index.php\/wp-json\/wp\/v2\/product_tag?post=1059"}],"curies":[{"name":"wp","href":"https:\/\/api.w.org\/{rel}","templated":true}]}}