{"id":1044,"date":"2026-02-16T19:01:54","date_gmt":"2026-02-16T19:01:54","guid":{"rendered":"https:\/\/b2b.mvgd.pl\/?post_type=product&#038;p=1044"},"modified":"2026-02-16T19:03:25","modified_gmt":"2026-02-16T19:03:25","slug":"cremaschi-furlotti-reserva-carmenere-075l-135","status":"publish","type":"product","link":"https:\/\/b2b.mvgd.pl\/index.php\/produkt\/cremaschi-furlotti-reserva-carmenere-075l-135\/","title":{"rendered":"Cremaschi Furlotti Reserva Carmenere 0,75l 13,5%"},"content":{"rendered":"<article class=\"text-token-text-primary w-full focus:outline-none scroll-mt-[calc(var(--header-height)+min(200px,max(70px,20svh)))]\" dir=\"auto\" data-testid=\"conversation-turn-302\" data-scroll-anchor=\"true\" data-turn=\"assistant\">\n<div class=\"text-base my-auto mx-auto pb-10 [--thread-content-margin:--spacing(4)] @[37rem]:[--thread-content-margin:--spacing(6)] @[72rem]:[--thread-content-margin:--spacing(16)] px-(--thread-content-margin)\">\n<div class=\"[--thread-content-max-width:32rem] @[34rem]:[--thread-content-max-width:40rem] @[64rem]:[--thread-content-max-width:48rem] mx-auto max-w-(--thread-content-max-width) flex-1 group\/turn-messages focus-visible:outline-hidden relative flex w-full min-w-0 flex-col agent-turn\">\n<div class=\"flex max-w-full flex-col grow\">\n<div class=\"min-h-8 text-message relative flex w-full flex-col items-end gap-2 text-start break-words whitespace-normal [.text-message+&amp;]:mt-5\" dir=\"auto\" data-message-author-role=\"assistant\" data-message-id=\"020de48d-4bf9-4c57-864d-2d0b023c83c4\" data-message-model-slug=\"gpt-4o\">\n<div class=\"flex w-full flex-col gap-1 empty:hidden first:pt-[3px]\">\n<div class=\"markdown prose dark:prose-invert w-full break-words dark\">\n<p class=\"ds-markdown-paragraph\"><strong>Opis:<\/strong> Flagowy szczep Chile. Winogrona zbierane s\u0105 w optymalnym momencie dojrza\u0142o\u015bci. Fermentacja w stalowych zbiornikach, a nast\u0119pnie le\u017cakowanie przez 8-10 miesi\u0119cy w d\u0119bowych beczkach (cz\u0119\u015b\u0107 ameryka\u0144skiego, cz\u0119\u015b\u0107 francuskiego d\u0119bu), co nadaje winu z\u0142o\u017cono\u015bci i aksamitnych tanin.<\/p>\n<p class=\"ds-markdown-paragraph\"><strong>Aromat: <\/strong>Intensywne aromaty dojrza\u0142ych czerwonych owoc\u00f3w (czere\u015bnia, je\u017cyna), po\u0142\u0105czone z charakterystycznymi nutami pieprzu, czekolady, dymu i tytoniu.<\/p>\n<p class=\"ds-markdown-paragraph\"><strong>Smak: <\/strong>Wino o pe\u0142nym ciele, mi\u0119kkiej, g\u0142adkiej teksturze i dobrze zintegrowanych taninach. Smak bogaty, z nutami ciemnych owoc\u00f3w, czekolady i pieprzu. D\u0142ugi, elegancki finisz.<\/p>\n<p class=\"ds-markdown-paragraph\"><strong>Dopasowanie kulinarne: <\/strong>Idealne do pieczonej jagni\u0119ciny, grillowanej wo\u0142owiny, dziczyzny, dojrza\u0142ych ser\u00f3w i potraw z grzybami.<\/p>\n<p class=\"ds-markdown-paragraph\"><strong>Temperatura serwowania:<\/strong>\u00a016-18\u00b0C<br \/>\n<strong>Napowietrzanie:<\/strong>\u00a0Zalecane (30-60 minut przed podaniem).<\/p>\n<p class=\"ds-markdown-paragraph\"><strong>Charakter: <\/strong>Z\u0142o\u017cone, korzenne i eleganckie wino o typowym dla Carmen\u00e8re profilu. Ma potencja\u0142 dojrzewania.<\/p>\n<\/div>\n<\/div>\n<\/div>\n<\/div>\n<\/div>\n<\/div>\n<\/article>\n","protected":false},"excerpt":{"rendered":"<p data-start=\"2589\" data-end=\"2800\">Carmen\u00e8re z Doliny Curic\u00f3, le\u017cakowane w d\u0119bie. G\u0142\u0119bokie, z aksamitnymi taninami i aromatami czerwonych owoc\u00f3w, czekolady i pieprzu. Doskona\u0142e do czerwonego mi\u0119sa i dziczyzny.<\/p>\n","protected":false},"featured_media":1095,"comment_status":"closed","ping_status":"closed","template":"","meta":[],"product_brand":[],"product_cat":[1244],"product_tag":[1257,1245,737,321],"class_list":{"0":"post-1044","1":"product","2":"type-product","3":"status-publish","4":"has-post-thumbnail","6":"product_cat-chile","7":"product_tag-carmenere","8":"product_tag-chile","9":"product_tag-czerwone","10":"product_tag-wytrawne","12":"first","13":"instock","14":"shipping-taxable","15":"purchasable","16":"product-type-simple"},"yoast_head":"<!-- This site is optimized with the Yoast SEO plugin v26.9 - https:\/\/yoast.com\/product\/yoast-seo-wordpress\/ -->\n<title>Cremaschi Furlotti Reserva Carmenere 0,75l 13,5% - B2B MVGD PL<\/title>\n<meta name=\"robots\" content=\"index, follow, max-snippet:-1, max-image-preview:large, max-video-preview:-1\" \/>\n<link rel=\"canonical\" href=\"https:\/\/b2b.mvgd.pl\/index.php\/produkt\/cremaschi-furlotti-reserva-carmenere-075l-135\/\" \/>\n<meta property=\"og:locale\" content=\"pl_PL\" \/>\n<meta property=\"og:type\" content=\"article\" \/>\n<meta property=\"og:title\" content=\"Cremaschi Furlotti Reserva Carmenere 0,75l 13,5% - B2B MVGD PL\" \/>\n<meta property=\"og:description\" content=\"Carmen\u00e8re z Doliny Curic\u00f3, le\u017cakowane w d\u0119bie. G\u0142\u0119bokie, z aksamitnymi taninami i aromatami czerwonych owoc\u00f3w, czekolady i pieprzu. Doskona\u0142e do czerwonego mi\u0119sa i dziczyzny.\" \/>\n<meta property=\"og:url\" content=\"https:\/\/b2b.mvgd.pl\/index.php\/produkt\/cremaschi-furlotti-reserva-carmenere-075l-135\/\" \/>\n<meta property=\"og:site_name\" content=\"B2B MVGD PL\" \/>\n<meta property=\"article:modified_time\" content=\"2026-02-16T19:03:25+00:00\" \/>\n<meta name=\"twitter:card\" content=\"summary_large_image\" \/>\n<meta name=\"twitter:label1\" content=\"Szacowany czas czytania\" \/>\n\t<meta name=\"twitter:data1\" content=\"1 minuta\" \/>\n<script type=\"application\/ld+json\" class=\"yoast-schema-graph\">{\"@context\":\"https:\/\/schema.org\",\"@graph\":[{\"@type\":\"WebPage\",\"@id\":\"https:\/\/b2b.mvgd.pl\/index.php\/produkt\/cremaschi-furlotti-reserva-carmenere-075l-135\/\",\"url\":\"https:\/\/b2b.mvgd.pl\/index.php\/produkt\/cremaschi-furlotti-reserva-carmenere-075l-135\/\",\"name\":\"Cremaschi Furlotti Reserva Carmenere 0,75l 13,5% - B2B MVGD PL\",\"isPartOf\":{\"@id\":\"https:\/\/b2b.mvgd.pl\/#website\"},\"primaryImageOfPage\":{\"@id\":\"https:\/\/b2b.mvgd.pl\/index.php\/produkt\/cremaschi-furlotti-reserva-carmenere-075l-135\/#primaryimage\"},\"image\":{\"@id\":\"https:\/\/b2b.mvgd.pl\/index.php\/produkt\/cremaschi-furlotti-reserva-carmenere-075l-135\/#primaryimage\"},\"thumbnailUrl\":\"https:\/\/b2b.mvgd.pl\/wp-content\/uploads\/2026\/02\/Cremaschi-Furlotti-Reserva-Carmene.png\",\"datePublished\":\"2026-02-16T19:01:54+00:00\",\"dateModified\":\"2026-02-16T19:03:25+00:00\",\"breadcrumb\":{\"@id\":\"https:\/\/b2b.mvgd.pl\/index.php\/produkt\/cremaschi-furlotti-reserva-carmenere-075l-135\/#breadcrumb\"},\"inLanguage\":\"pl-PL\",\"potentialAction\":[{\"@type\":\"ReadAction\",\"target\":[\"https:\/\/b2b.mvgd.pl\/index.php\/produkt\/cremaschi-furlotti-reserva-carmenere-075l-135\/\"]}]},{\"@type\":\"ImageObject\",\"inLanguage\":\"pl-PL\",\"@id\":\"https:\/\/b2b.mvgd.pl\/index.php\/produkt\/cremaschi-furlotti-reserva-carmenere-075l-135\/#primaryimage\",\"url\":\"https:\/\/b2b.mvgd.pl\/wp-content\/uploads\/2026\/02\/Cremaschi-Furlotti-Reserva-Carmene.png\",\"contentUrl\":\"https:\/\/b2b.mvgd.pl\/wp-content\/uploads\/2026\/02\/Cremaschi-Furlotti-Reserva-Carmene.png\",\"width\":900,\"height\":1200},{\"@type\":\"BreadcrumbList\",\"@id\":\"https:\/\/b2b.mvgd.pl\/index.php\/produkt\/cremaschi-furlotti-reserva-carmenere-075l-135\/#breadcrumb\",\"itemListElement\":[{\"@type\":\"ListItem\",\"position\":1,\"name\":\"Strona g\u0142\u00f3wna\",\"item\":\"https:\/\/b2b.mvgd.pl\/\"},{\"@type\":\"ListItem\",\"position\":2,\"name\":\"Shop\",\"item\":\"https:\/\/b2b.mvgd.pl\/index.php\/shop\/\"},{\"@type\":\"ListItem\",\"position\":3,\"name\":\"Cremaschi Furlotti Reserva Carmenere 0,75l 13,5%\"}]},{\"@type\":\"WebSite\",\"@id\":\"https:\/\/b2b.mvgd.pl\/#website\",\"url\":\"https:\/\/b2b.mvgd.pl\/\",\"name\":\"B2B MVGD PL\",\"description\":\"\",\"potentialAction\":[{\"@type\":\"SearchAction\",\"target\":{\"@type\":\"EntryPoint\",\"urlTemplate\":\"https:\/\/b2b.mvgd.pl\/?s={search_term_string}\"},\"query-input\":{\"@type\":\"PropertyValueSpecification\",\"valueRequired\":true,\"valueName\":\"search_term_string\"}}],\"inLanguage\":\"pl-PL\"}]}<\/script>\n<!-- \/ Yoast SEO plugin. -->","yoast_head_json":{"title":"Cremaschi Furlotti Reserva Carmenere 0,75l 13,5% - B2B MVGD PL","robots":{"index":"index","follow":"follow","max-snippet":"max-snippet:-1","max-image-preview":"max-image-preview:large","max-video-preview":"max-video-preview:-1"},"canonical":"https:\/\/b2b.mvgd.pl\/index.php\/produkt\/cremaschi-furlotti-reserva-carmenere-075l-135\/","og_locale":"pl_PL","og_type":"article","og_title":"Cremaschi Furlotti Reserva Carmenere 0,75l 13,5% - B2B MVGD PL","og_description":"Carmen\u00e8re z Doliny Curic\u00f3, le\u017cakowane w d\u0119bie. G\u0142\u0119bokie, z aksamitnymi taninami i aromatami czerwonych owoc\u00f3w, czekolady i pieprzu. Doskona\u0142e do czerwonego mi\u0119sa i dziczyzny.","og_url":"https:\/\/b2b.mvgd.pl\/index.php\/produkt\/cremaschi-furlotti-reserva-carmenere-075l-135\/","og_site_name":"B2B MVGD PL","article_modified_time":"2026-02-16T19:03:25+00:00","twitter_card":"summary_large_image","twitter_misc":{"Szacowany czas czytania":"1 minuta"},"schema":{"@context":"https:\/\/schema.org","@graph":[{"@type":"WebPage","@id":"https:\/\/b2b.mvgd.pl\/index.php\/produkt\/cremaschi-furlotti-reserva-carmenere-075l-135\/","url":"https:\/\/b2b.mvgd.pl\/index.php\/produkt\/cremaschi-furlotti-reserva-carmenere-075l-135\/","name":"Cremaschi Furlotti Reserva Carmenere 0,75l 13,5% - B2B MVGD PL","isPartOf":{"@id":"https:\/\/b2b.mvgd.pl\/#website"},"primaryImageOfPage":{"@id":"https:\/\/b2b.mvgd.pl\/index.php\/produkt\/cremaschi-furlotti-reserva-carmenere-075l-135\/#primaryimage"},"image":{"@id":"https:\/\/b2b.mvgd.pl\/index.php\/produkt\/cremaschi-furlotti-reserva-carmenere-075l-135\/#primaryimage"},"thumbnailUrl":"https:\/\/b2b.mvgd.pl\/wp-content\/uploads\/2026\/02\/Cremaschi-Furlotti-Reserva-Carmene.png","datePublished":"2026-02-16T19:01:54+00:00","dateModified":"2026-02-16T19:03:25+00:00","breadcrumb":{"@id":"https:\/\/b2b.mvgd.pl\/index.php\/produkt\/cremaschi-furlotti-reserva-carmenere-075l-135\/#breadcrumb"},"inLanguage":"pl-PL","potentialAction":[{"@type":"ReadAction","target":["https:\/\/b2b.mvgd.pl\/index.php\/produkt\/cremaschi-furlotti-reserva-carmenere-075l-135\/"]}]},{"@type":"ImageObject","inLanguage":"pl-PL","@id":"https:\/\/b2b.mvgd.pl\/index.php\/produkt\/cremaschi-furlotti-reserva-carmenere-075l-135\/#primaryimage","url":"https:\/\/b2b.mvgd.pl\/wp-content\/uploads\/2026\/02\/Cremaschi-Furlotti-Reserva-Carmene.png","contentUrl":"https:\/\/b2b.mvgd.pl\/wp-content\/uploads\/2026\/02\/Cremaschi-Furlotti-Reserva-Carmene.png","width":900,"height":1200},{"@type":"BreadcrumbList","@id":"https:\/\/b2b.mvgd.pl\/index.php\/produkt\/cremaschi-furlotti-reserva-carmenere-075l-135\/#breadcrumb","itemListElement":[{"@type":"ListItem","position":1,"name":"Strona g\u0142\u00f3wna","item":"https:\/\/b2b.mvgd.pl\/"},{"@type":"ListItem","position":2,"name":"Shop","item":"https:\/\/b2b.mvgd.pl\/index.php\/shop\/"},{"@type":"ListItem","position":3,"name":"Cremaschi Furlotti Reserva Carmenere 0,75l 13,5%"}]},{"@type":"WebSite","@id":"https:\/\/b2b.mvgd.pl\/#website","url":"https:\/\/b2b.mvgd.pl\/","name":"B2B MVGD PL","description":"","potentialAction":[{"@type":"SearchAction","target":{"@type":"EntryPoint","urlTemplate":"https:\/\/b2b.mvgd.pl\/?s={search_term_string}"},"query-input":{"@type":"PropertyValueSpecification","valueRequired":true,"valueName":"search_term_string"}}],"inLanguage":"pl-PL"}]}},"jetpack_sharing_enabled":true,"_links":{"self":[{"href":"https:\/\/b2b.mvgd.pl\/index.php\/wp-json\/wp\/v2\/product\/1044","targetHints":{"allow":["GET"]}}],"collection":[{"href":"https:\/\/b2b.mvgd.pl\/index.php\/wp-json\/wp\/v2\/product"}],"about":[{"href":"https:\/\/b2b.mvgd.pl\/index.php\/wp-json\/wp\/v2\/types\/product"}],"replies":[{"embeddable":true,"href":"https:\/\/b2b.mvgd.pl\/index.php\/wp-json\/wp\/v2\/comments?post=1044"}],"version-history":[{"count":0,"href":"https:\/\/b2b.mvgd.pl\/index.php\/wp-json\/wp\/v2\/product\/1044\/revisions"}],"wp:featuredmedia":[{"embeddable":true,"href":"https:\/\/b2b.mvgd.pl\/index.php\/wp-json\/wp\/v2\/media\/1095"}],"wp:attachment":[{"href":"https:\/\/b2b.mvgd.pl\/index.php\/wp-json\/wp\/v2\/media?parent=1044"}],"wp:term":[{"taxonomy":"product_brand","embeddable":true,"href":"https:\/\/b2b.mvgd.pl\/index.php\/wp-json\/wp\/v2\/product_brand?post=1044"},{"taxonomy":"product_cat","embeddable":true,"href":"https:\/\/b2b.mvgd.pl\/index.php\/wp-json\/wp\/v2\/product_cat?post=1044"},{"taxonomy":"product_tag","embeddable":true,"href":"https:\/\/b2b.mvgd.pl\/index.php\/wp-json\/wp\/v2\/product_tag?post=1044"}],"curies":[{"name":"wp","href":"https:\/\/api.w.org\/{rel}","templated":true}]}}