{"id":1032,"date":"2026-02-16T19:01:31","date_gmt":"2026-02-16T19:01:31","guid":{"rendered":"https:\/\/b2b.mvgd.pl\/?post_type=product&#038;p=1032"},"modified":"2026-02-16T19:03:06","modified_gmt":"2026-02-16T19:03:06","slug":"harsanyi-tokaji-aszu-5-puttonyos-05l","status":"publish","type":"product","link":"https:\/\/b2b.mvgd.pl\/index.php\/produkt\/harsanyi-tokaji-aszu-5-puttonyos-05l\/","title":{"rendered":"Hars\u00e1nyi Tokaji Asz\u00fa 5 Puttonyos 0,5l"},"content":{"rendered":"<article class=\"text-token-text-primary w-full focus:outline-none scroll-mt-[calc(var(--header-height)+min(200px,max(70px,20svh)))]\" dir=\"auto\" data-testid=\"conversation-turn-302\" data-scroll-anchor=\"true\" data-turn=\"assistant\">\n<div class=\"text-base my-auto mx-auto pb-10 [--thread-content-margin:--spacing(4)] @[37rem]:[--thread-content-margin:--spacing(6)] @[72rem]:[--thread-content-margin:--spacing(16)] px-(--thread-content-margin)\">\n<div class=\"[--thread-content-max-width:32rem] @[34rem]:[--thread-content-max-width:40rem] @[64rem]:[--thread-content-max-width:48rem] mx-auto max-w-(--thread-content-max-width) flex-1 group\/turn-messages focus-visible:outline-hidden relative flex w-full min-w-0 flex-col agent-turn\">\n<div class=\"flex max-w-full flex-col grow\">\n<div class=\"min-h-8 text-message relative flex w-full flex-col items-end gap-2 text-start break-words whitespace-normal [.text-message+&amp;]:mt-5\" dir=\"auto\" data-message-author-role=\"assistant\" data-message-id=\"020de48d-4bf9-4c57-864d-2d0b023c83c4\" data-message-model-slug=\"gpt-4o\">\n<div class=\"flex w-full flex-col gap-1 empty:hidden first:pt-[3px]\">\n<div class=\"markdown prose dark:prose-invert w-full break-words dark\">\n<p data-start=\"1373\" data-end=\"1384\">Aromat: Charakteryzuje si\u0119 intensywnym bukietem s\u0142odkich aromat\u00f3w: miodu, kwiat\u00f3w (m.in. mi\u00f3d lipowy), suszonych owoc\u00f3w (morele, figi), sk\u00f3rki pomara\u0144czowej, karmelu i delikatnych nut przypraw.<\/p>\n<p data-start=\"1610\" data-end=\"1619\">Smak: W ustach wino jest s\u0142odkie, ale z wyra\u017an\u0105, orze\u017awiaj\u0105c\u0105 kwasowo\u015bci\u0105, kt\u00f3ra zapewnia doskona\u0142\u0105 r\u00f3wnowag\u0119. Wyczuwalne nuty to suszone owoce, mi\u00f3d, sk\u00f3rka cytrus\u00f3w \u2013 ca\u0142o\u015b\u0107 zamyka d\u0142ugim, pe\u0142nym finiszem.<\/p>\n<p data-start=\"1861\" data-end=\"1887\">Dopasowanie kulinarne: Rewelacyjnie komponuje si\u0119 z deserami, zw\u0142aszcza owocowymi czy kremowymi, a tak\u017ce z serami ple\u015bniowymi (np. Roquefort), foie gras, cr\u00e8me br\u00fbl\u00e9e oraz orzechami czy migda\u0142ami.<\/p>\n<p data-start=\"2101\" data-end=\"2128\">Temperatura serwowania: Zalecana temperatura to 11\u201313 \u00b0C.<\/p>\n<p data-start=\"2202\" data-end=\"2221\">Napowietrzanie: Zalecane jest lekkie napowietrzenie \u2013 minimum 30\u201360 minut przed podaniem (typowe dla win asz\u00fa).<\/p>\n<p data-start=\"2359\" data-end=\"2373\">Charakter: To wino o du\u017cym aromatycznym bogactwie, s\u0142odyczy i elegancji \u2013 klasyczne tokajskie Asz\u00fa ze zbalansowan\u0105 kwasowo\u015bci\u0105 i potencja\u0142em do dalszego dojrzewania.<\/p>\n<\/div>\n<\/div>\n<\/div>\n<\/div>\n<\/div>\n<\/div>\n<\/article>\n","protected":false},"excerpt":{"rendered":"<p data-start=\"2589\" data-end=\"2800\">Hars\u00e1nyi Tokaji Asz\u00fa 5 Puttonyos \u2013 s\u0142odkie, bia\u0142e wino z Tokaju o bogatym aromacie miodu, suszonych owoc\u00f3w i sk\u00f3rki pomara\u0144czowej. Zr\u00f3wnowa\u017cone kwasowo\u015bci\u0105, eleganckie, idealne do deser\u00f3w oraz ser\u00f3w ple\u015bniowych.<\/p>\n","protected":false},"featured_media":1083,"comment_status":"closed","ping_status":"closed","template":"","meta":[],"product_brand":[],"product_cat":[1241],"product_tag":[757,1242,1078,1243],"class_list":{"0":"post-1032","1":"product","2":"type-product","3":"status-publish","4":"has-post-thumbnail","6":"product_cat-wegry","7":"product_tag-biale","8":"product_tag-harsanyi-gabor-peter","9":"product_tag-slodkie","10":"product_tag-wegry","12":"first","13":"instock","14":"shipping-taxable","15":"purchasable","16":"product-type-simple"},"yoast_head":"<!-- This site is optimized with the Yoast SEO plugin v26.9 - https:\/\/yoast.com\/product\/yoast-seo-wordpress\/ -->\n<title>Hars\u00e1nyi Tokaji Asz\u00fa 5 Puttonyos 0,5l - B2B MVGD PL<\/title>\n<meta name=\"robots\" content=\"index, follow, max-snippet:-1, max-image-preview:large, max-video-preview:-1\" \/>\n<link rel=\"canonical\" href=\"https:\/\/b2b.mvgd.pl\/index.php\/produkt\/harsanyi-tokaji-aszu-5-puttonyos-05l\/\" \/>\n<meta property=\"og:locale\" content=\"pl_PL\" \/>\n<meta property=\"og:type\" content=\"article\" \/>\n<meta property=\"og:title\" content=\"Hars\u00e1nyi Tokaji Asz\u00fa 5 Puttonyos 0,5l - B2B MVGD PL\" \/>\n<meta property=\"og:description\" content=\"Hars\u00e1nyi Tokaji Asz\u00fa 5 Puttonyos \u2013 s\u0142odkie, bia\u0142e wino z Tokaju o bogatym aromacie miodu, suszonych owoc\u00f3w i sk\u00f3rki pomara\u0144czowej. Zr\u00f3wnowa\u017cone kwasowo\u015bci\u0105, eleganckie, idealne do deser\u00f3w oraz ser\u00f3w ple\u015bniowych.\" \/>\n<meta property=\"og:url\" content=\"https:\/\/b2b.mvgd.pl\/index.php\/produkt\/harsanyi-tokaji-aszu-5-puttonyos-05l\/\" \/>\n<meta property=\"og:site_name\" content=\"B2B MVGD PL\" \/>\n<meta property=\"article:modified_time\" content=\"2026-02-16T19:03:06+00:00\" \/>\n<meta name=\"twitter:card\" content=\"summary_large_image\" \/>\n<meta name=\"twitter:label1\" content=\"Szacowany czas czytania\" \/>\n\t<meta name=\"twitter:data1\" content=\"1 minuta\" \/>\n<script type=\"application\/ld+json\" class=\"yoast-schema-graph\">{\"@context\":\"https:\/\/schema.org\",\"@graph\":[{\"@type\":\"WebPage\",\"@id\":\"https:\/\/b2b.mvgd.pl\/index.php\/produkt\/harsanyi-tokaji-aszu-5-puttonyos-05l\/\",\"url\":\"https:\/\/b2b.mvgd.pl\/index.php\/produkt\/harsanyi-tokaji-aszu-5-puttonyos-05l\/\",\"name\":\"Hars\u00e1nyi Tokaji Asz\u00fa 5 Puttonyos 0,5l - B2B MVGD PL\",\"isPartOf\":{\"@id\":\"https:\/\/b2b.mvgd.pl\/#website\"},\"primaryImageOfPage\":{\"@id\":\"https:\/\/b2b.mvgd.pl\/index.php\/produkt\/harsanyi-tokaji-aszu-5-puttonyos-05l\/#primaryimage\"},\"image\":{\"@id\":\"https:\/\/b2b.mvgd.pl\/index.php\/produkt\/harsanyi-tokaji-aszu-5-puttonyos-05l\/#primaryimage\"},\"thumbnailUrl\":\"https:\/\/b2b.mvgd.pl\/wp-content\/uploads\/2026\/02\/Harsanyi-Tokaji-Aszu-5-Puttonyos-05l.png\",\"datePublished\":\"2026-02-16T19:01:31+00:00\",\"dateModified\":\"2026-02-16T19:03:06+00:00\",\"breadcrumb\":{\"@id\":\"https:\/\/b2b.mvgd.pl\/index.php\/produkt\/harsanyi-tokaji-aszu-5-puttonyos-05l\/#breadcrumb\"},\"inLanguage\":\"pl-PL\",\"potentialAction\":[{\"@type\":\"ReadAction\",\"target\":[\"https:\/\/b2b.mvgd.pl\/index.php\/produkt\/harsanyi-tokaji-aszu-5-puttonyos-05l\/\"]}]},{\"@type\":\"ImageObject\",\"inLanguage\":\"pl-PL\",\"@id\":\"https:\/\/b2b.mvgd.pl\/index.php\/produkt\/harsanyi-tokaji-aszu-5-puttonyos-05l\/#primaryimage\",\"url\":\"https:\/\/b2b.mvgd.pl\/wp-content\/uploads\/2026\/02\/Harsanyi-Tokaji-Aszu-5-Puttonyos-05l.png\",\"contentUrl\":\"https:\/\/b2b.mvgd.pl\/wp-content\/uploads\/2026\/02\/Harsanyi-Tokaji-Aszu-5-Puttonyos-05l.png\",\"width\":900,\"height\":1200},{\"@type\":\"BreadcrumbList\",\"@id\":\"https:\/\/b2b.mvgd.pl\/index.php\/produkt\/harsanyi-tokaji-aszu-5-puttonyos-05l\/#breadcrumb\",\"itemListElement\":[{\"@type\":\"ListItem\",\"position\":1,\"name\":\"Strona g\u0142\u00f3wna\",\"item\":\"https:\/\/b2b.mvgd.pl\/\"},{\"@type\":\"ListItem\",\"position\":2,\"name\":\"Shop\",\"item\":\"https:\/\/b2b.mvgd.pl\/index.php\/shop\/\"},{\"@type\":\"ListItem\",\"position\":3,\"name\":\"Hars\u00e1nyi Tokaji Asz\u00fa 5 Puttonyos 0,5l\"}]},{\"@type\":\"WebSite\",\"@id\":\"https:\/\/b2b.mvgd.pl\/#website\",\"url\":\"https:\/\/b2b.mvgd.pl\/\",\"name\":\"B2B MVGD PL\",\"description\":\"\",\"potentialAction\":[{\"@type\":\"SearchAction\",\"target\":{\"@type\":\"EntryPoint\",\"urlTemplate\":\"https:\/\/b2b.mvgd.pl\/?s={search_term_string}\"},\"query-input\":{\"@type\":\"PropertyValueSpecification\",\"valueRequired\":true,\"valueName\":\"search_term_string\"}}],\"inLanguage\":\"pl-PL\"}]}<\/script>\n<!-- \/ Yoast SEO plugin. -->","yoast_head_json":{"title":"Hars\u00e1nyi Tokaji Asz\u00fa 5 Puttonyos 0,5l - B2B MVGD PL","robots":{"index":"index","follow":"follow","max-snippet":"max-snippet:-1","max-image-preview":"max-image-preview:large","max-video-preview":"max-video-preview:-1"},"canonical":"https:\/\/b2b.mvgd.pl\/index.php\/produkt\/harsanyi-tokaji-aszu-5-puttonyos-05l\/","og_locale":"pl_PL","og_type":"article","og_title":"Hars\u00e1nyi Tokaji Asz\u00fa 5 Puttonyos 0,5l - B2B MVGD PL","og_description":"Hars\u00e1nyi Tokaji Asz\u00fa 5 Puttonyos \u2013 s\u0142odkie, bia\u0142e wino z Tokaju o bogatym aromacie miodu, suszonych owoc\u00f3w i sk\u00f3rki pomara\u0144czowej. Zr\u00f3wnowa\u017cone kwasowo\u015bci\u0105, eleganckie, idealne do deser\u00f3w oraz ser\u00f3w ple\u015bniowych.","og_url":"https:\/\/b2b.mvgd.pl\/index.php\/produkt\/harsanyi-tokaji-aszu-5-puttonyos-05l\/","og_site_name":"B2B MVGD PL","article_modified_time":"2026-02-16T19:03:06+00:00","twitter_card":"summary_large_image","twitter_misc":{"Szacowany czas czytania":"1 minuta"},"schema":{"@context":"https:\/\/schema.org","@graph":[{"@type":"WebPage","@id":"https:\/\/b2b.mvgd.pl\/index.php\/produkt\/harsanyi-tokaji-aszu-5-puttonyos-05l\/","url":"https:\/\/b2b.mvgd.pl\/index.php\/produkt\/harsanyi-tokaji-aszu-5-puttonyos-05l\/","name":"Hars\u00e1nyi Tokaji Asz\u00fa 5 Puttonyos 0,5l - B2B MVGD PL","isPartOf":{"@id":"https:\/\/b2b.mvgd.pl\/#website"},"primaryImageOfPage":{"@id":"https:\/\/b2b.mvgd.pl\/index.php\/produkt\/harsanyi-tokaji-aszu-5-puttonyos-05l\/#primaryimage"},"image":{"@id":"https:\/\/b2b.mvgd.pl\/index.php\/produkt\/harsanyi-tokaji-aszu-5-puttonyos-05l\/#primaryimage"},"thumbnailUrl":"https:\/\/b2b.mvgd.pl\/wp-content\/uploads\/2026\/02\/Harsanyi-Tokaji-Aszu-5-Puttonyos-05l.png","datePublished":"2026-02-16T19:01:31+00:00","dateModified":"2026-02-16T19:03:06+00:00","breadcrumb":{"@id":"https:\/\/b2b.mvgd.pl\/index.php\/produkt\/harsanyi-tokaji-aszu-5-puttonyos-05l\/#breadcrumb"},"inLanguage":"pl-PL","potentialAction":[{"@type":"ReadAction","target":["https:\/\/b2b.mvgd.pl\/index.php\/produkt\/harsanyi-tokaji-aszu-5-puttonyos-05l\/"]}]},{"@type":"ImageObject","inLanguage":"pl-PL","@id":"https:\/\/b2b.mvgd.pl\/index.php\/produkt\/harsanyi-tokaji-aszu-5-puttonyos-05l\/#primaryimage","url":"https:\/\/b2b.mvgd.pl\/wp-content\/uploads\/2026\/02\/Harsanyi-Tokaji-Aszu-5-Puttonyos-05l.png","contentUrl":"https:\/\/b2b.mvgd.pl\/wp-content\/uploads\/2026\/02\/Harsanyi-Tokaji-Aszu-5-Puttonyos-05l.png","width":900,"height":1200},{"@type":"BreadcrumbList","@id":"https:\/\/b2b.mvgd.pl\/index.php\/produkt\/harsanyi-tokaji-aszu-5-puttonyos-05l\/#breadcrumb","itemListElement":[{"@type":"ListItem","position":1,"name":"Strona g\u0142\u00f3wna","item":"https:\/\/b2b.mvgd.pl\/"},{"@type":"ListItem","position":2,"name":"Shop","item":"https:\/\/b2b.mvgd.pl\/index.php\/shop\/"},{"@type":"ListItem","position":3,"name":"Hars\u00e1nyi Tokaji Asz\u00fa 5 Puttonyos 0,5l"}]},{"@type":"WebSite","@id":"https:\/\/b2b.mvgd.pl\/#website","url":"https:\/\/b2b.mvgd.pl\/","name":"B2B MVGD PL","description":"","potentialAction":[{"@type":"SearchAction","target":{"@type":"EntryPoint","urlTemplate":"https:\/\/b2b.mvgd.pl\/?s={search_term_string}"},"query-input":{"@type":"PropertyValueSpecification","valueRequired":true,"valueName":"search_term_string"}}],"inLanguage":"pl-PL"}]}},"jetpack_sharing_enabled":true,"_links":{"self":[{"href":"https:\/\/b2b.mvgd.pl\/index.php\/wp-json\/wp\/v2\/product\/1032","targetHints":{"allow":["GET"]}}],"collection":[{"href":"https:\/\/b2b.mvgd.pl\/index.php\/wp-json\/wp\/v2\/product"}],"about":[{"href":"https:\/\/b2b.mvgd.pl\/index.php\/wp-json\/wp\/v2\/types\/product"}],"replies":[{"embeddable":true,"href":"https:\/\/b2b.mvgd.pl\/index.php\/wp-json\/wp\/v2\/comments?post=1032"}],"version-history":[{"count":0,"href":"https:\/\/b2b.mvgd.pl\/index.php\/wp-json\/wp\/v2\/product\/1032\/revisions"}],"wp:featuredmedia":[{"embeddable":true,"href":"https:\/\/b2b.mvgd.pl\/index.php\/wp-json\/wp\/v2\/media\/1083"}],"wp:attachment":[{"href":"https:\/\/b2b.mvgd.pl\/index.php\/wp-json\/wp\/v2\/media?parent=1032"}],"wp:term":[{"taxonomy":"product_brand","embeddable":true,"href":"https:\/\/b2b.mvgd.pl\/index.php\/wp-json\/wp\/v2\/product_brand?post=1032"},{"taxonomy":"product_cat","embeddable":true,"href":"https:\/\/b2b.mvgd.pl\/index.php\/wp-json\/wp\/v2\/product_cat?post=1032"},{"taxonomy":"product_tag","embeddable":true,"href":"https:\/\/b2b.mvgd.pl\/index.php\/wp-json\/wp\/v2\/product_tag?post=1032"}],"curies":[{"name":"wp","href":"https:\/\/api.w.org\/{rel}","templated":true}]}}