{"id":1031,"date":"2026-02-16T19:01:31","date_gmt":"2026-02-16T19:01:31","guid":{"rendered":"https:\/\/b2b.mvgd.pl\/?post_type=product&#038;p=1031"},"modified":"2026-02-16T19:03:02","modified_gmt":"2026-02-16T19:03:02","slug":"ca-delle-rose-moscato-dolce-spumante-075l","status":"publish","type":"product","link":"https:\/\/b2b.mvgd.pl\/index.php\/produkt\/ca-delle-rose-moscato-dolce-spumante-075l\/","title":{"rendered":"Ca\u2019 Delle Rose Moscato Dolce Spumante 0,75l"},"content":{"rendered":"<article class=\"text-token-text-primary w-full focus:outline-none scroll-mt-[calc(var(--header-height)+min(200px,max(70px,20svh)))]\" dir=\"auto\" data-testid=\"conversation-turn-302\" data-scroll-anchor=\"true\" data-turn=\"assistant\">\n<div class=\"text-base my-auto mx-auto pb-10 [--thread-content-margin:--spacing(4)] @[37rem]:[--thread-content-margin:--spacing(6)] @[72rem]:[--thread-content-margin:--spacing(16)] px-(--thread-content-margin)\">\n<div class=\"[--thread-content-max-width:32rem] @[34rem]:[--thread-content-max-width:40rem] @[64rem]:[--thread-content-max-width:48rem] mx-auto max-w-(--thread-content-max-width) flex-1 group\/turn-messages focus-visible:outline-hidden relative flex w-full min-w-0 flex-col agent-turn\">\n<div class=\"flex max-w-full flex-col grow\">\n<div class=\"min-h-8 text-message relative flex w-full flex-col items-end gap-2 text-start break-words whitespace-normal [.text-message+&amp;]:mt-5\" dir=\"auto\" data-message-author-role=\"assistant\" data-message-id=\"020de48d-4bf9-4c57-864d-2d0b023c83c4\" data-message-model-slug=\"gpt-4o\">\n<div class=\"flex w-full flex-col gap-1 empty:hidden first:pt-[3px]\">\n<div class=\"markdown prose dark:prose-invert w-full break-words dark\">\n<p data-start=\"2978\" data-end=\"3286\">Ca\u2019 Delle Rose Moscato Dolce Spumante to s\u0142odkie, musuj\u0105ce wino wytwarzane z odmiany Moscato Bianco. Charakteryzuje si\u0119 nisk\u0105 zawarto\u015bci\u0105 alkoholu i intensywnymi aromatami kwiat\u00f3w oraz owoc\u00f3w egzotycznych. Lekkie, przyjemnie s\u0142odkie i wyj\u0105tkowo aromatyczne \u2013 stworzone do deser\u00f3w i \u015bwi\u0119towania.<\/p>\n<p data-start=\"3288\" data-end=\"3369\"><strong data-start=\"3288\" data-end=\"3299\">Aromat: <\/strong>Intensywne nuty kwiat\u00f3w pomara\u0144czy, brzoskwini, moreli i sza\u0142wii.<\/p>\n<p data-start=\"3371\" data-end=\"3500\"><strong data-start=\"3371\" data-end=\"3380\">Smak: <\/strong>S\u0142odkie, lekkie, z delikatn\u0105 kwasowo\u015bci\u0105, kt\u00f3ra r\u00f3wnowa\u017cy s\u0142odycz. Drobne b\u0105belki dodaj\u0105 winu \u015bwie\u017co\u015bci i lekko\u015bci.<\/p>\n<p data-start=\"3502\" data-end=\"3617\"><strong data-start=\"3502\" data-end=\"3528\">Dopasowanie kulinarne: <\/strong>Idealne do deser\u00f3w, ciast z owocami, panna cotty, sernik\u00f3w, \u015bwie\u017cych owoc\u00f3w i lod\u00f3w.<\/p>\n<p data-start=\"3619\" data-end=\"3689\"><strong data-start=\"3619\" data-end=\"3646\">Temperatura serwowania:<\/strong> 6\u20138\u00b0C<br data-start=\"3652\" data-end=\"3655\" \/><strong data-start=\"3655\" data-end=\"3674\">Napowietrzanie:<\/strong> Nie wymagane<\/p>\n<p data-start=\"3691\" data-end=\"3819\"><strong data-start=\"3691\" data-end=\"3705\">Charakter: <\/strong>Aromatyczne, s\u0142odkie wino musuj\u0105ce o kwiatowo-owocowym bukiecie, doskona\u0142e jako deserowe zwie\u0144czenie posi\u0142ku.<\/p>\n<p data-start=\"3821\" data-end=\"3961\">\n<\/div>\n<\/div>\n<\/div>\n<\/div>\n<\/div>\n<\/div>\n<\/article>\n","protected":false},"excerpt":{"rendered":"<p data-start=\"2521\" data-end=\"2670\">S\u0142odkie, musuj\u0105ce Moscato z W\u0142och. Aromatyczne, kwiatowo-owocowe, lekkie i orze\u017awiaj\u0105ce. Idealne do deser\u00f3w i owoc\u00f3w.<\/p>\n","protected":false},"featured_media":1082,"comment_status":"closed","ping_status":"closed","template":"","meta":[],"product_brand":[],"product_cat":[20,19],"product_tag":[757,1240,1078,760,499],"class_list":{"0":"post-1031","1":"product","2":"type-product","3":"status-publish","4":"has-post-thumbnail","6":"product_cat-veneto","7":"product_cat-wlochy-wina","8":"product_tag-biale","9":"product_tag-domus-vini","10":"product_tag-slodkie","11":"product_tag-veneto","12":"product_tag-wlochy","14":"first","15":"instock","16":"shipping-taxable","17":"purchasable","18":"product-type-simple"},"yoast_head":"<!-- This site is optimized with the Yoast SEO plugin v26.9 - https:\/\/yoast.com\/product\/yoast-seo-wordpress\/ -->\n<title>Ca\u2019 Delle Rose Moscato Dolce Spumante 0,75l - B2B MVGD PL<\/title>\n<meta name=\"robots\" content=\"index, follow, max-snippet:-1, max-image-preview:large, max-video-preview:-1\" \/>\n<link rel=\"canonical\" href=\"https:\/\/b2b.mvgd.pl\/index.php\/produkt\/ca-delle-rose-moscato-dolce-spumante-075l\/\" \/>\n<meta property=\"og:locale\" content=\"pl_PL\" \/>\n<meta property=\"og:type\" content=\"article\" \/>\n<meta property=\"og:title\" content=\"Ca\u2019 Delle Rose Moscato Dolce Spumante 0,75l - B2B MVGD PL\" \/>\n<meta property=\"og:description\" content=\"S\u0142odkie, musuj\u0105ce Moscato z W\u0142och. Aromatyczne, kwiatowo-owocowe, lekkie i orze\u017awiaj\u0105ce. Idealne do deser\u00f3w i owoc\u00f3w.\" \/>\n<meta property=\"og:url\" content=\"https:\/\/b2b.mvgd.pl\/index.php\/produkt\/ca-delle-rose-moscato-dolce-spumante-075l\/\" \/>\n<meta property=\"og:site_name\" content=\"B2B MVGD PL\" \/>\n<meta property=\"article:modified_time\" content=\"2026-02-16T19:03:02+00:00\" \/>\n<meta name=\"twitter:card\" content=\"summary_large_image\" \/>\n<meta name=\"twitter:label1\" content=\"Szacowany czas czytania\" \/>\n\t<meta name=\"twitter:data1\" content=\"1 minuta\" \/>\n<script type=\"application\/ld+json\" class=\"yoast-schema-graph\">{\"@context\":\"https:\/\/schema.org\",\"@graph\":[{\"@type\":\"WebPage\",\"@id\":\"https:\/\/b2b.mvgd.pl\/index.php\/produkt\/ca-delle-rose-moscato-dolce-spumante-075l\/\",\"url\":\"https:\/\/b2b.mvgd.pl\/index.php\/produkt\/ca-delle-rose-moscato-dolce-spumante-075l\/\",\"name\":\"Ca\u2019 Delle Rose Moscato Dolce Spumante 0,75l - B2B MVGD PL\",\"isPartOf\":{\"@id\":\"https:\/\/b2b.mvgd.pl\/#website\"},\"primaryImageOfPage\":{\"@id\":\"https:\/\/b2b.mvgd.pl\/index.php\/produkt\/ca-delle-rose-moscato-dolce-spumante-075l\/#primaryimage\"},\"image\":{\"@id\":\"https:\/\/b2b.mvgd.pl\/index.php\/produkt\/ca-delle-rose-moscato-dolce-spumante-075l\/#primaryimage\"},\"thumbnailUrl\":\"https:\/\/b2b.mvgd.pl\/wp-content\/uploads\/2026\/02\/Ca-Delle-Rose-Moscato-Dolce-Spumante.png\",\"datePublished\":\"2026-02-16T19:01:31+00:00\",\"dateModified\":\"2026-02-16T19:03:02+00:00\",\"breadcrumb\":{\"@id\":\"https:\/\/b2b.mvgd.pl\/index.php\/produkt\/ca-delle-rose-moscato-dolce-spumante-075l\/#breadcrumb\"},\"inLanguage\":\"pl-PL\",\"potentialAction\":[{\"@type\":\"ReadAction\",\"target\":[\"https:\/\/b2b.mvgd.pl\/index.php\/produkt\/ca-delle-rose-moscato-dolce-spumante-075l\/\"]}]},{\"@type\":\"ImageObject\",\"inLanguage\":\"pl-PL\",\"@id\":\"https:\/\/b2b.mvgd.pl\/index.php\/produkt\/ca-delle-rose-moscato-dolce-spumante-075l\/#primaryimage\",\"url\":\"https:\/\/b2b.mvgd.pl\/wp-content\/uploads\/2026\/02\/Ca-Delle-Rose-Moscato-Dolce-Spumante.png\",\"contentUrl\":\"https:\/\/b2b.mvgd.pl\/wp-content\/uploads\/2026\/02\/Ca-Delle-Rose-Moscato-Dolce-Spumante.png\",\"width\":900,\"height\":1200},{\"@type\":\"BreadcrumbList\",\"@id\":\"https:\/\/b2b.mvgd.pl\/index.php\/produkt\/ca-delle-rose-moscato-dolce-spumante-075l\/#breadcrumb\",\"itemListElement\":[{\"@type\":\"ListItem\",\"position\":1,\"name\":\"Strona g\u0142\u00f3wna\",\"item\":\"https:\/\/b2b.mvgd.pl\/\"},{\"@type\":\"ListItem\",\"position\":2,\"name\":\"Shop\",\"item\":\"https:\/\/b2b.mvgd.pl\/index.php\/shop\/\"},{\"@type\":\"ListItem\",\"position\":3,\"name\":\"Ca\u2019 Delle Rose Moscato Dolce Spumante 0,75l\"}]},{\"@type\":\"WebSite\",\"@id\":\"https:\/\/b2b.mvgd.pl\/#website\",\"url\":\"https:\/\/b2b.mvgd.pl\/\",\"name\":\"B2B MVGD PL\",\"description\":\"\",\"potentialAction\":[{\"@type\":\"SearchAction\",\"target\":{\"@type\":\"EntryPoint\",\"urlTemplate\":\"https:\/\/b2b.mvgd.pl\/?s={search_term_string}\"},\"query-input\":{\"@type\":\"PropertyValueSpecification\",\"valueRequired\":true,\"valueName\":\"search_term_string\"}}],\"inLanguage\":\"pl-PL\"}]}<\/script>\n<!-- \/ Yoast SEO plugin. -->","yoast_head_json":{"title":"Ca\u2019 Delle Rose Moscato Dolce Spumante 0,75l - B2B MVGD PL","robots":{"index":"index","follow":"follow","max-snippet":"max-snippet:-1","max-image-preview":"max-image-preview:large","max-video-preview":"max-video-preview:-1"},"canonical":"https:\/\/b2b.mvgd.pl\/index.php\/produkt\/ca-delle-rose-moscato-dolce-spumante-075l\/","og_locale":"pl_PL","og_type":"article","og_title":"Ca\u2019 Delle Rose Moscato Dolce Spumante 0,75l - B2B MVGD PL","og_description":"S\u0142odkie, musuj\u0105ce Moscato z W\u0142och. Aromatyczne, kwiatowo-owocowe, lekkie i orze\u017awiaj\u0105ce. Idealne do deser\u00f3w i owoc\u00f3w.","og_url":"https:\/\/b2b.mvgd.pl\/index.php\/produkt\/ca-delle-rose-moscato-dolce-spumante-075l\/","og_site_name":"B2B MVGD PL","article_modified_time":"2026-02-16T19:03:02+00:00","twitter_card":"summary_large_image","twitter_misc":{"Szacowany czas czytania":"1 minuta"},"schema":{"@context":"https:\/\/schema.org","@graph":[{"@type":"WebPage","@id":"https:\/\/b2b.mvgd.pl\/index.php\/produkt\/ca-delle-rose-moscato-dolce-spumante-075l\/","url":"https:\/\/b2b.mvgd.pl\/index.php\/produkt\/ca-delle-rose-moscato-dolce-spumante-075l\/","name":"Ca\u2019 Delle Rose Moscato Dolce Spumante 0,75l - B2B MVGD PL","isPartOf":{"@id":"https:\/\/b2b.mvgd.pl\/#website"},"primaryImageOfPage":{"@id":"https:\/\/b2b.mvgd.pl\/index.php\/produkt\/ca-delle-rose-moscato-dolce-spumante-075l\/#primaryimage"},"image":{"@id":"https:\/\/b2b.mvgd.pl\/index.php\/produkt\/ca-delle-rose-moscato-dolce-spumante-075l\/#primaryimage"},"thumbnailUrl":"https:\/\/b2b.mvgd.pl\/wp-content\/uploads\/2026\/02\/Ca-Delle-Rose-Moscato-Dolce-Spumante.png","datePublished":"2026-02-16T19:01:31+00:00","dateModified":"2026-02-16T19:03:02+00:00","breadcrumb":{"@id":"https:\/\/b2b.mvgd.pl\/index.php\/produkt\/ca-delle-rose-moscato-dolce-spumante-075l\/#breadcrumb"},"inLanguage":"pl-PL","potentialAction":[{"@type":"ReadAction","target":["https:\/\/b2b.mvgd.pl\/index.php\/produkt\/ca-delle-rose-moscato-dolce-spumante-075l\/"]}]},{"@type":"ImageObject","inLanguage":"pl-PL","@id":"https:\/\/b2b.mvgd.pl\/index.php\/produkt\/ca-delle-rose-moscato-dolce-spumante-075l\/#primaryimage","url":"https:\/\/b2b.mvgd.pl\/wp-content\/uploads\/2026\/02\/Ca-Delle-Rose-Moscato-Dolce-Spumante.png","contentUrl":"https:\/\/b2b.mvgd.pl\/wp-content\/uploads\/2026\/02\/Ca-Delle-Rose-Moscato-Dolce-Spumante.png","width":900,"height":1200},{"@type":"BreadcrumbList","@id":"https:\/\/b2b.mvgd.pl\/index.php\/produkt\/ca-delle-rose-moscato-dolce-spumante-075l\/#breadcrumb","itemListElement":[{"@type":"ListItem","position":1,"name":"Strona g\u0142\u00f3wna","item":"https:\/\/b2b.mvgd.pl\/"},{"@type":"ListItem","position":2,"name":"Shop","item":"https:\/\/b2b.mvgd.pl\/index.php\/shop\/"},{"@type":"ListItem","position":3,"name":"Ca\u2019 Delle Rose Moscato Dolce Spumante 0,75l"}]},{"@type":"WebSite","@id":"https:\/\/b2b.mvgd.pl\/#website","url":"https:\/\/b2b.mvgd.pl\/","name":"B2B MVGD PL","description":"","potentialAction":[{"@type":"SearchAction","target":{"@type":"EntryPoint","urlTemplate":"https:\/\/b2b.mvgd.pl\/?s={search_term_string}"},"query-input":{"@type":"PropertyValueSpecification","valueRequired":true,"valueName":"search_term_string"}}],"inLanguage":"pl-PL"}]}},"jetpack_sharing_enabled":true,"_links":{"self":[{"href":"https:\/\/b2b.mvgd.pl\/index.php\/wp-json\/wp\/v2\/product\/1031","targetHints":{"allow":["GET"]}}],"collection":[{"href":"https:\/\/b2b.mvgd.pl\/index.php\/wp-json\/wp\/v2\/product"}],"about":[{"href":"https:\/\/b2b.mvgd.pl\/index.php\/wp-json\/wp\/v2\/types\/product"}],"replies":[{"embeddable":true,"href":"https:\/\/b2b.mvgd.pl\/index.php\/wp-json\/wp\/v2\/comments?post=1031"}],"version-history":[{"count":0,"href":"https:\/\/b2b.mvgd.pl\/index.php\/wp-json\/wp\/v2\/product\/1031\/revisions"}],"wp:featuredmedia":[{"embeddable":true,"href":"https:\/\/b2b.mvgd.pl\/index.php\/wp-json\/wp\/v2\/media\/1082"}],"wp:attachment":[{"href":"https:\/\/b2b.mvgd.pl\/index.php\/wp-json\/wp\/v2\/media?parent=1031"}],"wp:term":[{"taxonomy":"product_brand","embeddable":true,"href":"https:\/\/b2b.mvgd.pl\/index.php\/wp-json\/wp\/v2\/product_brand?post=1031"},{"taxonomy":"product_cat","embeddable":true,"href":"https:\/\/b2b.mvgd.pl\/index.php\/wp-json\/wp\/v2\/product_cat?post=1031"},{"taxonomy":"product_tag","embeddable":true,"href":"https:\/\/b2b.mvgd.pl\/index.php\/wp-json\/wp\/v2\/product_tag?post=1031"}],"curies":[{"name":"wp","href":"https:\/\/api.w.org\/{rel}","templated":true}]}}