{"id":1030,"date":"2026-02-16T19:01:30","date_gmt":"2026-02-16T19:01:30","guid":{"rendered":"https:\/\/b2b.mvgd.pl\/?post_type=product&#038;p=1030"},"modified":"2026-02-16T19:03:00","modified_gmt":"2026-02-16T19:03:00","slug":"cadelle-rose-ribolla-gialla-spumante-brut-075l","status":"publish","type":"product","link":"https:\/\/b2b.mvgd.pl\/index.php\/produkt\/cadelle-rose-ribolla-gialla-spumante-brut-075l\/","title":{"rendered":"Ca\u2019Delle Rose Ribolla Gialla Spumante Brut 0,75l"},"content":{"rendered":"<article class=\"text-token-text-primary w-full focus:outline-none scroll-mt-[calc(var(--header-height)+min(200px,max(70px,20svh)))]\" dir=\"auto\" data-testid=\"conversation-turn-302\" data-scroll-anchor=\"true\" data-turn=\"assistant\">\n<div class=\"text-base my-auto mx-auto pb-10 [--thread-content-margin:--spacing(4)] @[37rem]:[--thread-content-margin:--spacing(6)] @[72rem]:[--thread-content-margin:--spacing(16)] px-(--thread-content-margin)\">\n<div class=\"[--thread-content-max-width:32rem] @[34rem]:[--thread-content-max-width:40rem] @[64rem]:[--thread-content-max-width:48rem] mx-auto max-w-(--thread-content-max-width) flex-1 group\/turn-messages focus-visible:outline-hidden relative flex w-full min-w-0 flex-col agent-turn\">\n<div class=\"flex max-w-full flex-col grow\">\n<div class=\"min-h-8 text-message relative flex w-full flex-col items-end gap-2 text-start break-words whitespace-normal [.text-message+&amp;]:mt-5\" dir=\"auto\" data-message-author-role=\"assistant\" data-message-id=\"020de48d-4bf9-4c57-864d-2d0b023c83c4\" data-message-model-slug=\"gpt-4o\">\n<div class=\"flex w-full flex-col gap-1 empty:hidden first:pt-[3px]\">\n<div class=\"markdown prose dark:prose-invert w-full break-words dark\">\n<p data-start=\"1980\" data-end=\"2077\"><strong data-start=\"1980\" data-end=\"1991\">Aromat: <\/strong>Delikatny, kwiatowy bukiet z nutami bia\u0142ych kwiat\u00f3w, cytrus\u00f3w i zielonego jab\u0142ka.<\/p>\n<p data-start=\"2079\" data-end=\"2226\"><strong data-start=\"2079\" data-end=\"2088\">Smak: <\/strong>Lekkie, orze\u017awiaj\u0105ce, z przyjemn\u0105, drobn\u0105 perlisto\u015bci\u0105 i nutami cytrus\u00f3w oraz jab\u0142ek. Mineralne zako\u0144czenie podkre\u015bla elegancj\u0119 wina.<\/p>\n<p data-start=\"2228\" data-end=\"2339\"><strong data-start=\"2228\" data-end=\"2254\">Dopasowanie kulinarne: <\/strong>Idealne jako aperitif, do owoc\u00f3w morza, sushi, carpaccio z ryb, lekkich sa\u0142atek.<\/p>\n<p data-start=\"2341\" data-end=\"2411\"><strong data-start=\"2341\" data-end=\"2368\">Temperatura serwowania:<\/strong> 6\u20138\u00b0C<br data-start=\"2374\" data-end=\"2377\" \/><strong data-start=\"2377\" data-end=\"2396\">Napowietrzanie:<\/strong> Nie wymagane<\/p>\n<p data-start=\"2413\" data-end=\"2519\"><strong data-start=\"2413\" data-end=\"2427\">Charakter: <\/strong>\u015awie\u017ce, mineralne i eleganckie prosecco w stylu brut, idealne na spotkania towarzyskie.<\/p>\n<\/div>\n<\/div>\n<\/div>\n<\/div>\n<\/div>\n<\/div>\n<\/article>\n","protected":false},"excerpt":{"rendered":"<p data-start=\"2521\" data-end=\"2670\">Musuj\u0105ce wino z Ribolla Gialla. Orze\u017awiaj\u0105ce, kwiatowo-cytrusowe, o drobnych b\u0105belkach. Idealne na aperitif i do owoc\u00f3w morza.<\/p>\n","protected":false},"featured_media":1081,"comment_status":"closed","ping_status":"closed","template":"","meta":[],"product_brand":[],"product_cat":[20,19],"product_tag":[757,1240,760,499,321],"class_list":{"0":"post-1030","1":"product","2":"type-product","3":"status-publish","4":"has-post-thumbnail","6":"product_cat-veneto","7":"product_cat-wlochy-wina","8":"product_tag-biale","9":"product_tag-domus-vini","10":"product_tag-veneto","11":"product_tag-wlochy","12":"product_tag-wytrawne","14":"first","15":"instock","16":"shipping-taxable","17":"purchasable","18":"product-type-simple"},"yoast_head":"<!-- This site is optimized with the Yoast SEO plugin v26.9 - https:\/\/yoast.com\/product\/yoast-seo-wordpress\/ -->\n<title>Ca\u2019Delle Rose Ribolla Gialla Spumante Brut 0,75l - B2B MVGD PL<\/title>\n<meta name=\"robots\" content=\"index, follow, max-snippet:-1, max-image-preview:large, max-video-preview:-1\" \/>\n<link rel=\"canonical\" href=\"https:\/\/b2b.mvgd.pl\/index.php\/produkt\/cadelle-rose-ribolla-gialla-spumante-brut-075l\/\" \/>\n<meta property=\"og:locale\" content=\"pl_PL\" \/>\n<meta property=\"og:type\" content=\"article\" \/>\n<meta property=\"og:title\" content=\"Ca\u2019Delle Rose Ribolla Gialla Spumante Brut 0,75l - B2B MVGD PL\" \/>\n<meta property=\"og:description\" content=\"Musuj\u0105ce wino z Ribolla Gialla. Orze\u017awiaj\u0105ce, kwiatowo-cytrusowe, o drobnych b\u0105belkach. Idealne na aperitif i do owoc\u00f3w morza.\" \/>\n<meta property=\"og:url\" content=\"https:\/\/b2b.mvgd.pl\/index.php\/produkt\/cadelle-rose-ribolla-gialla-spumante-brut-075l\/\" \/>\n<meta property=\"og:site_name\" content=\"B2B MVGD PL\" \/>\n<meta property=\"article:modified_time\" content=\"2026-02-16T19:03:00+00:00\" \/>\n<meta name=\"twitter:card\" content=\"summary_large_image\" \/>\n<script type=\"application\/ld+json\" class=\"yoast-schema-graph\">{\"@context\":\"https:\/\/schema.org\",\"@graph\":[{\"@type\":\"WebPage\",\"@id\":\"https:\/\/b2b.mvgd.pl\/index.php\/produkt\/cadelle-rose-ribolla-gialla-spumante-brut-075l\/\",\"url\":\"https:\/\/b2b.mvgd.pl\/index.php\/produkt\/cadelle-rose-ribolla-gialla-spumante-brut-075l\/\",\"name\":\"Ca\u2019Delle Rose Ribolla Gialla Spumante Brut 0,75l - B2B MVGD PL\",\"isPartOf\":{\"@id\":\"https:\/\/b2b.mvgd.pl\/#website\"},\"primaryImageOfPage\":{\"@id\":\"https:\/\/b2b.mvgd.pl\/index.php\/produkt\/cadelle-rose-ribolla-gialla-spumante-brut-075l\/#primaryimage\"},\"image\":{\"@id\":\"https:\/\/b2b.mvgd.pl\/index.php\/produkt\/cadelle-rose-ribolla-gialla-spumante-brut-075l\/#primaryimage\"},\"thumbnailUrl\":\"https:\/\/b2b.mvgd.pl\/wp-content\/uploads\/2026\/02\/Ca-Delle-Rose-Ribolla-Gialla-Spumante-Brut.png\",\"datePublished\":\"2026-02-16T19:01:30+00:00\",\"dateModified\":\"2026-02-16T19:03:00+00:00\",\"breadcrumb\":{\"@id\":\"https:\/\/b2b.mvgd.pl\/index.php\/produkt\/cadelle-rose-ribolla-gialla-spumante-brut-075l\/#breadcrumb\"},\"inLanguage\":\"pl-PL\",\"potentialAction\":[{\"@type\":\"ReadAction\",\"target\":[\"https:\/\/b2b.mvgd.pl\/index.php\/produkt\/cadelle-rose-ribolla-gialla-spumante-brut-075l\/\"]}]},{\"@type\":\"ImageObject\",\"inLanguage\":\"pl-PL\",\"@id\":\"https:\/\/b2b.mvgd.pl\/index.php\/produkt\/cadelle-rose-ribolla-gialla-spumante-brut-075l\/#primaryimage\",\"url\":\"https:\/\/b2b.mvgd.pl\/wp-content\/uploads\/2026\/02\/Ca-Delle-Rose-Ribolla-Gialla-Spumante-Brut.png\",\"contentUrl\":\"https:\/\/b2b.mvgd.pl\/wp-content\/uploads\/2026\/02\/Ca-Delle-Rose-Ribolla-Gialla-Spumante-Brut.png\",\"width\":900,\"height\":1200},{\"@type\":\"BreadcrumbList\",\"@id\":\"https:\/\/b2b.mvgd.pl\/index.php\/produkt\/cadelle-rose-ribolla-gialla-spumante-brut-075l\/#breadcrumb\",\"itemListElement\":[{\"@type\":\"ListItem\",\"position\":1,\"name\":\"Strona g\u0142\u00f3wna\",\"item\":\"https:\/\/b2b.mvgd.pl\/\"},{\"@type\":\"ListItem\",\"position\":2,\"name\":\"Shop\",\"item\":\"https:\/\/b2b.mvgd.pl\/index.php\/shop\/\"},{\"@type\":\"ListItem\",\"position\":3,\"name\":\"Ca\u2019Delle Rose Ribolla Gialla Spumante Brut 0,75l\"}]},{\"@type\":\"WebSite\",\"@id\":\"https:\/\/b2b.mvgd.pl\/#website\",\"url\":\"https:\/\/b2b.mvgd.pl\/\",\"name\":\"B2B MVGD PL\",\"description\":\"\",\"potentialAction\":[{\"@type\":\"SearchAction\",\"target\":{\"@type\":\"EntryPoint\",\"urlTemplate\":\"https:\/\/b2b.mvgd.pl\/?s={search_term_string}\"},\"query-input\":{\"@type\":\"PropertyValueSpecification\",\"valueRequired\":true,\"valueName\":\"search_term_string\"}}],\"inLanguage\":\"pl-PL\"}]}<\/script>\n<!-- \/ Yoast SEO plugin. -->","yoast_head_json":{"title":"Ca\u2019Delle Rose Ribolla Gialla Spumante Brut 0,75l - B2B MVGD PL","robots":{"index":"index","follow":"follow","max-snippet":"max-snippet:-1","max-image-preview":"max-image-preview:large","max-video-preview":"max-video-preview:-1"},"canonical":"https:\/\/b2b.mvgd.pl\/index.php\/produkt\/cadelle-rose-ribolla-gialla-spumante-brut-075l\/","og_locale":"pl_PL","og_type":"article","og_title":"Ca\u2019Delle Rose Ribolla Gialla Spumante Brut 0,75l - B2B MVGD PL","og_description":"Musuj\u0105ce wino z Ribolla Gialla. Orze\u017awiaj\u0105ce, kwiatowo-cytrusowe, o drobnych b\u0105belkach. Idealne na aperitif i do owoc\u00f3w morza.","og_url":"https:\/\/b2b.mvgd.pl\/index.php\/produkt\/cadelle-rose-ribolla-gialla-spumante-brut-075l\/","og_site_name":"B2B MVGD PL","article_modified_time":"2026-02-16T19:03:00+00:00","twitter_card":"summary_large_image","schema":{"@context":"https:\/\/schema.org","@graph":[{"@type":"WebPage","@id":"https:\/\/b2b.mvgd.pl\/index.php\/produkt\/cadelle-rose-ribolla-gialla-spumante-brut-075l\/","url":"https:\/\/b2b.mvgd.pl\/index.php\/produkt\/cadelle-rose-ribolla-gialla-spumante-brut-075l\/","name":"Ca\u2019Delle Rose Ribolla Gialla Spumante Brut 0,75l - B2B MVGD PL","isPartOf":{"@id":"https:\/\/b2b.mvgd.pl\/#website"},"primaryImageOfPage":{"@id":"https:\/\/b2b.mvgd.pl\/index.php\/produkt\/cadelle-rose-ribolla-gialla-spumante-brut-075l\/#primaryimage"},"image":{"@id":"https:\/\/b2b.mvgd.pl\/index.php\/produkt\/cadelle-rose-ribolla-gialla-spumante-brut-075l\/#primaryimage"},"thumbnailUrl":"https:\/\/b2b.mvgd.pl\/wp-content\/uploads\/2026\/02\/Ca-Delle-Rose-Ribolla-Gialla-Spumante-Brut.png","datePublished":"2026-02-16T19:01:30+00:00","dateModified":"2026-02-16T19:03:00+00:00","breadcrumb":{"@id":"https:\/\/b2b.mvgd.pl\/index.php\/produkt\/cadelle-rose-ribolla-gialla-spumante-brut-075l\/#breadcrumb"},"inLanguage":"pl-PL","potentialAction":[{"@type":"ReadAction","target":["https:\/\/b2b.mvgd.pl\/index.php\/produkt\/cadelle-rose-ribolla-gialla-spumante-brut-075l\/"]}]},{"@type":"ImageObject","inLanguage":"pl-PL","@id":"https:\/\/b2b.mvgd.pl\/index.php\/produkt\/cadelle-rose-ribolla-gialla-spumante-brut-075l\/#primaryimage","url":"https:\/\/b2b.mvgd.pl\/wp-content\/uploads\/2026\/02\/Ca-Delle-Rose-Ribolla-Gialla-Spumante-Brut.png","contentUrl":"https:\/\/b2b.mvgd.pl\/wp-content\/uploads\/2026\/02\/Ca-Delle-Rose-Ribolla-Gialla-Spumante-Brut.png","width":900,"height":1200},{"@type":"BreadcrumbList","@id":"https:\/\/b2b.mvgd.pl\/index.php\/produkt\/cadelle-rose-ribolla-gialla-spumante-brut-075l\/#breadcrumb","itemListElement":[{"@type":"ListItem","position":1,"name":"Strona g\u0142\u00f3wna","item":"https:\/\/b2b.mvgd.pl\/"},{"@type":"ListItem","position":2,"name":"Shop","item":"https:\/\/b2b.mvgd.pl\/index.php\/shop\/"},{"@type":"ListItem","position":3,"name":"Ca\u2019Delle Rose Ribolla Gialla Spumante Brut 0,75l"}]},{"@type":"WebSite","@id":"https:\/\/b2b.mvgd.pl\/#website","url":"https:\/\/b2b.mvgd.pl\/","name":"B2B MVGD PL","description":"","potentialAction":[{"@type":"SearchAction","target":{"@type":"EntryPoint","urlTemplate":"https:\/\/b2b.mvgd.pl\/?s={search_term_string}"},"query-input":{"@type":"PropertyValueSpecification","valueRequired":true,"valueName":"search_term_string"}}],"inLanguage":"pl-PL"}]}},"jetpack_sharing_enabled":true,"_links":{"self":[{"href":"https:\/\/b2b.mvgd.pl\/index.php\/wp-json\/wp\/v2\/product\/1030","targetHints":{"allow":["GET"]}}],"collection":[{"href":"https:\/\/b2b.mvgd.pl\/index.php\/wp-json\/wp\/v2\/product"}],"about":[{"href":"https:\/\/b2b.mvgd.pl\/index.php\/wp-json\/wp\/v2\/types\/product"}],"replies":[{"embeddable":true,"href":"https:\/\/b2b.mvgd.pl\/index.php\/wp-json\/wp\/v2\/comments?post=1030"}],"version-history":[{"count":0,"href":"https:\/\/b2b.mvgd.pl\/index.php\/wp-json\/wp\/v2\/product\/1030\/revisions"}],"wp:featuredmedia":[{"embeddable":true,"href":"https:\/\/b2b.mvgd.pl\/index.php\/wp-json\/wp\/v2\/media\/1081"}],"wp:attachment":[{"href":"https:\/\/b2b.mvgd.pl\/index.php\/wp-json\/wp\/v2\/media?parent=1030"}],"wp:term":[{"taxonomy":"product_brand","embeddable":true,"href":"https:\/\/b2b.mvgd.pl\/index.php\/wp-json\/wp\/v2\/product_brand?post=1030"},{"taxonomy":"product_cat","embeddable":true,"href":"https:\/\/b2b.mvgd.pl\/index.php\/wp-json\/wp\/v2\/product_cat?post=1030"},{"taxonomy":"product_tag","embeddable":true,"href":"https:\/\/b2b.mvgd.pl\/index.php\/wp-json\/wp\/v2\/product_tag?post=1030"}],"curies":[{"name":"wp","href":"https:\/\/api.w.org\/{rel}","templated":true}]}}