{"id":103,"date":"2026-02-16T18:32:46","date_gmt":"2026-02-16T18:32:46","guid":{"rendered":"https:\/\/b2b.mvgd.pl\/?post_type=product&#038;p=103"},"modified":"2026-02-16T18:34:44","modified_gmt":"2026-02-16T18:34:44","slug":"stumbras-vodka-quince-01l-40","status":"publish","type":"product","link":"https:\/\/b2b.mvgd.pl\/index.php\/produkt\/stumbras-vodka-quince-01l-40\/","title":{"rendered":"Stumbras Vodka Quince 0,1l 40%"},"content":{"rendered":"","protected":false},"excerpt":{"rendered":"<p>STUMBRAS QUINCE to intryguj\u0105ca podr\u00f3\u017c do przesz\u0142o\u015bci. Inspiracj\u0105 do stworzenia w\u00f3dki o smaku pigwy by\u0142a tradycyjna receptura gospody\u0144 dawnych litewskich dwork\u00f3w. Wyr\u00f3\u017cnikami Stumbras Quince s\u0105 intensywny aromat dojrza\u0142ych owoc\u00f3w, orze\u017awiaj\u0105cy smak lata i z\u0142ocisty kolor. Walory te to efekt kluczowych dodatk\u00f3w \u2013 soku z pigwy i plasterk\u00f3w tego owocu, kt\u00f3ry nie bez powodu okre\u015bla si\u0119 mianem litewskiej cytryny.<\/p>\n","protected":false},"featured_media":165,"comment_status":"open","ping_status":"closed","template":"","meta":[],"product_brand":[],"product_cat":[118,148],"product_tag":[121,122,159,150],"class_list":{"0":"post-103","1":"product","2":"type-product","3":"status-publish","4":"has-post-thumbnail","6":"product_cat-wodka","7":"product_cat-wodki-smakowe","8":"product_tag-stumbras","9":"product_tag-wodka","10":"product_tag-wodka-pigwowa","11":"product_tag-wodka-smakowa","13":"first","14":"instock","15":"shipping-taxable","16":"purchasable","17":"product-type-simple"},"yoast_head":"<!-- This site is optimized with the Yoast SEO plugin v26.9 - https:\/\/yoast.com\/product\/yoast-seo-wordpress\/ -->\n<title>Stumbras Vodka Quince 0,1l 40% - B2B MVGD PL<\/title>\n<meta name=\"robots\" content=\"index, follow, max-snippet:-1, max-image-preview:large, max-video-preview:-1\" \/>\n<link rel=\"canonical\" href=\"https:\/\/b2b.mvgd.pl\/index.php\/produkt\/stumbras-vodka-quince-01l-40\/\" \/>\n<meta property=\"og:locale\" content=\"pl_PL\" \/>\n<meta property=\"og:type\" content=\"article\" \/>\n<meta property=\"og:title\" content=\"Stumbras Vodka Quince 0,1l 40% - B2B MVGD PL\" \/>\n<meta property=\"og:description\" content=\"STUMBRAS QUINCE to intryguj\u0105ca podr\u00f3\u017c do przesz\u0142o\u015bci. Inspiracj\u0105 do stworzenia w\u00f3dki o smaku pigwy by\u0142a tradycyjna receptura gospody\u0144 dawnych litewskich dwork\u00f3w. Wyr\u00f3\u017cnikami Stumbras Quince s\u0105 intensywny aromat dojrza\u0142ych owoc\u00f3w, orze\u017awiaj\u0105cy smak lata i z\u0142ocisty kolor. Walory te to efekt kluczowych dodatk\u00f3w \u2013 soku z pigwy i plasterk\u00f3w tego owocu, kt\u00f3ry nie bez powodu okre\u015bla si\u0119 mianem litewskiej cytryny.\" \/>\n<meta property=\"og:url\" content=\"https:\/\/b2b.mvgd.pl\/index.php\/produkt\/stumbras-vodka-quince-01l-40\/\" \/>\n<meta property=\"og:site_name\" content=\"B2B MVGD PL\" \/>\n<meta property=\"article:modified_time\" content=\"2026-02-16T18:34:44+00:00\" \/>\n<meta name=\"twitter:card\" content=\"summary_large_image\" \/>\n<script type=\"application\/ld+json\" class=\"yoast-schema-graph\">{\"@context\":\"https:\/\/schema.org\",\"@graph\":[{\"@type\":\"WebPage\",\"@id\":\"https:\/\/b2b.mvgd.pl\/index.php\/produkt\/stumbras-vodka-quince-01l-40\/\",\"url\":\"https:\/\/b2b.mvgd.pl\/index.php\/produkt\/stumbras-vodka-quince-01l-40\/\",\"name\":\"Stumbras Vodka Quince 0,1l 40% - B2B MVGD PL\",\"isPartOf\":{\"@id\":\"https:\/\/b2b.mvgd.pl\/#website\"},\"primaryImageOfPage\":{\"@id\":\"https:\/\/b2b.mvgd.pl\/index.php\/produkt\/stumbras-vodka-quince-01l-40\/#primaryimage\"},\"image\":{\"@id\":\"https:\/\/b2b.mvgd.pl\/index.php\/produkt\/stumbras-vodka-quince-01l-40\/#primaryimage\"},\"thumbnailUrl\":\"https:\/\/b2b.mvgd.pl\/wp-content\/uploads\/2026\/02\/PDESTX8503.png\",\"datePublished\":\"2026-02-16T18:32:46+00:00\",\"dateModified\":\"2026-02-16T18:34:44+00:00\",\"breadcrumb\":{\"@id\":\"https:\/\/b2b.mvgd.pl\/index.php\/produkt\/stumbras-vodka-quince-01l-40\/#breadcrumb\"},\"inLanguage\":\"pl-PL\",\"potentialAction\":[{\"@type\":\"ReadAction\",\"target\":[\"https:\/\/b2b.mvgd.pl\/index.php\/produkt\/stumbras-vodka-quince-01l-40\/\"]}]},{\"@type\":\"ImageObject\",\"inLanguage\":\"pl-PL\",\"@id\":\"https:\/\/b2b.mvgd.pl\/index.php\/produkt\/stumbras-vodka-quince-01l-40\/#primaryimage\",\"url\":\"https:\/\/b2b.mvgd.pl\/wp-content\/uploads\/2026\/02\/PDESTX8503.png\",\"contentUrl\":\"https:\/\/b2b.mvgd.pl\/wp-content\/uploads\/2026\/02\/PDESTX8503.png\",\"width\":900,\"height\":1200},{\"@type\":\"BreadcrumbList\",\"@id\":\"https:\/\/b2b.mvgd.pl\/index.php\/produkt\/stumbras-vodka-quince-01l-40\/#breadcrumb\",\"itemListElement\":[{\"@type\":\"ListItem\",\"position\":1,\"name\":\"Strona g\u0142\u00f3wna\",\"item\":\"https:\/\/b2b.mvgd.pl\/\"},{\"@type\":\"ListItem\",\"position\":2,\"name\":\"Shop\",\"item\":\"https:\/\/b2b.mvgd.pl\/index.php\/shop\/\"},{\"@type\":\"ListItem\",\"position\":3,\"name\":\"Stumbras Vodka Quince 0,1l 40%\"}]},{\"@type\":\"WebSite\",\"@id\":\"https:\/\/b2b.mvgd.pl\/#website\",\"url\":\"https:\/\/b2b.mvgd.pl\/\",\"name\":\"B2B MVGD PL\",\"description\":\"\",\"potentialAction\":[{\"@type\":\"SearchAction\",\"target\":{\"@type\":\"EntryPoint\",\"urlTemplate\":\"https:\/\/b2b.mvgd.pl\/?s={search_term_string}\"},\"query-input\":{\"@type\":\"PropertyValueSpecification\",\"valueRequired\":true,\"valueName\":\"search_term_string\"}}],\"inLanguage\":\"pl-PL\"}]}<\/script>\n<!-- \/ Yoast SEO plugin. -->","yoast_head_json":{"title":"Stumbras Vodka Quince 0,1l 40% - B2B MVGD PL","robots":{"index":"index","follow":"follow","max-snippet":"max-snippet:-1","max-image-preview":"max-image-preview:large","max-video-preview":"max-video-preview:-1"},"canonical":"https:\/\/b2b.mvgd.pl\/index.php\/produkt\/stumbras-vodka-quince-01l-40\/","og_locale":"pl_PL","og_type":"article","og_title":"Stumbras Vodka Quince 0,1l 40% - B2B MVGD PL","og_description":"STUMBRAS QUINCE to intryguj\u0105ca podr\u00f3\u017c do przesz\u0142o\u015bci. Inspiracj\u0105 do stworzenia w\u00f3dki o smaku pigwy by\u0142a tradycyjna receptura gospody\u0144 dawnych litewskich dwork\u00f3w. Wyr\u00f3\u017cnikami Stumbras Quince s\u0105 intensywny aromat dojrza\u0142ych owoc\u00f3w, orze\u017awiaj\u0105cy smak lata i z\u0142ocisty kolor. Walory te to efekt kluczowych dodatk\u00f3w \u2013 soku z pigwy i plasterk\u00f3w tego owocu, kt\u00f3ry nie bez powodu okre\u015bla si\u0119 mianem litewskiej cytryny.","og_url":"https:\/\/b2b.mvgd.pl\/index.php\/produkt\/stumbras-vodka-quince-01l-40\/","og_site_name":"B2B MVGD PL","article_modified_time":"2026-02-16T18:34:44+00:00","twitter_card":"summary_large_image","schema":{"@context":"https:\/\/schema.org","@graph":[{"@type":"WebPage","@id":"https:\/\/b2b.mvgd.pl\/index.php\/produkt\/stumbras-vodka-quince-01l-40\/","url":"https:\/\/b2b.mvgd.pl\/index.php\/produkt\/stumbras-vodka-quince-01l-40\/","name":"Stumbras Vodka Quince 0,1l 40% - B2B MVGD PL","isPartOf":{"@id":"https:\/\/b2b.mvgd.pl\/#website"},"primaryImageOfPage":{"@id":"https:\/\/b2b.mvgd.pl\/index.php\/produkt\/stumbras-vodka-quince-01l-40\/#primaryimage"},"image":{"@id":"https:\/\/b2b.mvgd.pl\/index.php\/produkt\/stumbras-vodka-quince-01l-40\/#primaryimage"},"thumbnailUrl":"https:\/\/b2b.mvgd.pl\/wp-content\/uploads\/2026\/02\/PDESTX8503.png","datePublished":"2026-02-16T18:32:46+00:00","dateModified":"2026-02-16T18:34:44+00:00","breadcrumb":{"@id":"https:\/\/b2b.mvgd.pl\/index.php\/produkt\/stumbras-vodka-quince-01l-40\/#breadcrumb"},"inLanguage":"pl-PL","potentialAction":[{"@type":"ReadAction","target":["https:\/\/b2b.mvgd.pl\/index.php\/produkt\/stumbras-vodka-quince-01l-40\/"]}]},{"@type":"ImageObject","inLanguage":"pl-PL","@id":"https:\/\/b2b.mvgd.pl\/index.php\/produkt\/stumbras-vodka-quince-01l-40\/#primaryimage","url":"https:\/\/b2b.mvgd.pl\/wp-content\/uploads\/2026\/02\/PDESTX8503.png","contentUrl":"https:\/\/b2b.mvgd.pl\/wp-content\/uploads\/2026\/02\/PDESTX8503.png","width":900,"height":1200},{"@type":"BreadcrumbList","@id":"https:\/\/b2b.mvgd.pl\/index.php\/produkt\/stumbras-vodka-quince-01l-40\/#breadcrumb","itemListElement":[{"@type":"ListItem","position":1,"name":"Strona g\u0142\u00f3wna","item":"https:\/\/b2b.mvgd.pl\/"},{"@type":"ListItem","position":2,"name":"Shop","item":"https:\/\/b2b.mvgd.pl\/index.php\/shop\/"},{"@type":"ListItem","position":3,"name":"Stumbras Vodka Quince 0,1l 40%"}]},{"@type":"WebSite","@id":"https:\/\/b2b.mvgd.pl\/#website","url":"https:\/\/b2b.mvgd.pl\/","name":"B2B MVGD PL","description":"","potentialAction":[{"@type":"SearchAction","target":{"@type":"EntryPoint","urlTemplate":"https:\/\/b2b.mvgd.pl\/?s={search_term_string}"},"query-input":{"@type":"PropertyValueSpecification","valueRequired":true,"valueName":"search_term_string"}}],"inLanguage":"pl-PL"}]}},"jetpack_sharing_enabled":true,"_links":{"self":[{"href":"https:\/\/b2b.mvgd.pl\/index.php\/wp-json\/wp\/v2\/product\/103","targetHints":{"allow":["GET"]}}],"collection":[{"href":"https:\/\/b2b.mvgd.pl\/index.php\/wp-json\/wp\/v2\/product"}],"about":[{"href":"https:\/\/b2b.mvgd.pl\/index.php\/wp-json\/wp\/v2\/types\/product"}],"replies":[{"embeddable":true,"href":"https:\/\/b2b.mvgd.pl\/index.php\/wp-json\/wp\/v2\/comments?post=103"}],"version-history":[{"count":0,"href":"https:\/\/b2b.mvgd.pl\/index.php\/wp-json\/wp\/v2\/product\/103\/revisions"}],"wp:featuredmedia":[{"embeddable":true,"href":"https:\/\/b2b.mvgd.pl\/index.php\/wp-json\/wp\/v2\/media\/165"}],"wp:attachment":[{"href":"https:\/\/b2b.mvgd.pl\/index.php\/wp-json\/wp\/v2\/media?parent=103"}],"wp:term":[{"taxonomy":"product_brand","embeddable":true,"href":"https:\/\/b2b.mvgd.pl\/index.php\/wp-json\/wp\/v2\/product_brand?post=103"},{"taxonomy":"product_cat","embeddable":true,"href":"https:\/\/b2b.mvgd.pl\/index.php\/wp-json\/wp\/v2\/product_cat?post=103"},{"taxonomy":"product_tag","embeddable":true,"href":"https:\/\/b2b.mvgd.pl\/index.php\/wp-json\/wp\/v2\/product_tag?post=103"}],"curies":[{"name":"wp","href":"https:\/\/api.w.org\/{rel}","templated":true}]}}