{"id":1016,"date":"2026-02-16T19:01:05","date_gmt":"2026-02-16T19:01:05","guid":{"rendered":"https:\/\/b2b.mvgd.pl\/?post_type=product&#038;p=1016"},"modified":"2026-02-16T19:02:37","modified_gmt":"2026-02-16T19:02:37","slug":"plantaranas-white-organic-wine-075l","status":"publish","type":"product","link":"https:\/\/b2b.mvgd.pl\/index.php\/produkt\/plantaranas-white-organic-wine-075l\/","title":{"rendered":"PlantaRanas White Organic Wine 0,75l"},"content":{"rendered":"<article class=\"text-token-text-primary w-full focus:outline-none scroll-mt-[calc(var(--header-height)+min(200px,max(70px,20svh)))]\" dir=\"auto\" data-testid=\"conversation-turn-302\" data-scroll-anchor=\"true\" data-turn=\"assistant\">\n<div class=\"text-base my-auto mx-auto pb-10 [--thread-content-margin:--spacing(4)] @[37rem]:[--thread-content-margin:--spacing(6)] @[72rem]:[--thread-content-margin:--spacing(16)] px-(--thread-content-margin)\">\n<div class=\"[--thread-content-max-width:32rem] @[34rem]:[--thread-content-max-width:40rem] @[64rem]:[--thread-content-max-width:48rem] mx-auto max-w-(--thread-content-max-width) flex-1 group\/turn-messages focus-visible:outline-hidden relative flex w-full min-w-0 flex-col agent-turn\">\n<div class=\"flex max-w-full flex-col grow\">\n<div class=\"min-h-8 text-message relative flex w-full flex-col items-end gap-2 text-start break-words whitespace-normal [.text-message+&amp;]:mt-5\" dir=\"auto\" data-message-author-role=\"assistant\" data-message-id=\"020de48d-4bf9-4c57-864d-2d0b023c83c4\" data-message-model-slug=\"gpt-4o\">\n<div class=\"flex w-full flex-col gap-1 empty:hidden first:pt-[3px]\">\n<div class=\"markdown prose dark:prose-invert w-full break-words dark\">\n<p data-start=\"375\" data-end=\"632\">PlantaRanas White Organic Wine to lekkie, ekologiczne wino z regionu Castilla, \u0142\u0105cz\u0105ce w sobie aromaty Macabeo i Sauvignon Blanc. Uprawiane na glebach gliniasto-wapiennych, fermentowane w stalowych zbiornikach, oferuje \u015bwie\u017ce i owocowe doznania.<\/p>\n<p data-start=\"634\" data-end=\"775\"><strong data-start=\"634\" data-end=\"645\">Aromat: <\/strong>Owocowy bukiet z nutami tropikalnych owoc\u00f3w, takich jak marakuja, grejpfrut i banan, z delikatnymi akcentami dojrza\u0142ych owoc\u00f3w.<\/p>\n<p data-start=\"634\" data-end=\"775\"><strong data-start=\"777\" data-end=\"786\">Smak:<\/strong>Lekka struktura, orze\u017awiaj\u0105ca kwasowo\u015b\u0107 i subtelna mineralno\u015b\u0107, z przyjemnym, czystym finiszem.<\/p>\n<p data-start=\"886\" data-end=\"1009\"><strong data-start=\"886\" data-end=\"912\">Dopasowanie kulinarne: <\/strong>Idealne do sa\u0142atek, owoc\u00f3w morza, grillowanych warzyw i lekkich da\u0144 kuchni \u015br\u00f3dziemnomorskiej.<\/p>\n<p data-start=\"886\" data-end=\"1009\"><strong data-start=\"1011\" data-end=\"1038\">Temperatura serwowania:<\/strong> 8\u201310\u00b0C<br data-start=\"1045\" data-end=\"1048\" \/><strong data-start=\"1048\" data-end=\"1067\">Napowietrzanie:<\/strong> Nie wymagane.<\/p>\n<\/div>\n<\/div>\n<\/div>\n<\/div>\n<\/div>\n<\/div>\n<\/article>\n","protected":false},"excerpt":{"rendered":"<p data-start=\"1174\" data-end=\"1314\">Ekologiczne, bia\u0142e wino z Hiszpanii, \u0142\u0105cz\u0105ce aromaty Macabeo i Sauvignon Blanc. Owocowe, lekkie, idealne na letnie dni.<\/p>\n","protected":false},"featured_media":1067,"comment_status":"closed","ping_status":"closed","template":"","meta":[],"product_brand":[],"product_cat":[242,255,18],"product_tag":[757,929,1222,1223,321],"class_list":{"0":"post-1016","1":"product","2":"type-product","3":"status-publish","4":"has-post-thumbnail","6":"product_cat-hiszpania","7":"product_cat-la-mancha","8":"product_cat-wina","9":"product_tag-biale","10":"product_tag-hiszpania","11":"product_tag-la-mancha","12":"product_tag-plantaranas","13":"product_tag-wytrawne","15":"first","16":"instock","17":"shipping-taxable","18":"purchasable","19":"product-type-simple"},"yoast_head":"<!-- This site is optimized with the Yoast SEO plugin v26.9 - https:\/\/yoast.com\/product\/yoast-seo-wordpress\/ -->\n<title>PlantaRanas White Organic Wine 0,75l - B2B MVGD PL<\/title>\n<meta name=\"robots\" content=\"index, follow, max-snippet:-1, max-image-preview:large, max-video-preview:-1\" \/>\n<link rel=\"canonical\" href=\"https:\/\/b2b.mvgd.pl\/index.php\/produkt\/plantaranas-white-organic-wine-075l\/\" \/>\n<meta property=\"og:locale\" content=\"pl_PL\" \/>\n<meta property=\"og:type\" content=\"article\" \/>\n<meta property=\"og:title\" content=\"PlantaRanas White Organic Wine 0,75l - B2B MVGD PL\" \/>\n<meta property=\"og:description\" content=\"Ekologiczne, bia\u0142e wino z Hiszpanii, \u0142\u0105cz\u0105ce aromaty Macabeo i Sauvignon Blanc. Owocowe, lekkie, idealne na letnie dni.\" \/>\n<meta property=\"og:url\" content=\"https:\/\/b2b.mvgd.pl\/index.php\/produkt\/plantaranas-white-organic-wine-075l\/\" \/>\n<meta property=\"og:site_name\" content=\"B2B MVGD PL\" \/>\n<meta property=\"article:modified_time\" content=\"2026-02-16T19:02:37+00:00\" \/>\n<meta name=\"twitter:card\" content=\"summary_large_image\" \/>\n<script type=\"application\/ld+json\" class=\"yoast-schema-graph\">{\"@context\":\"https:\/\/schema.org\",\"@graph\":[{\"@type\":\"WebPage\",\"@id\":\"https:\/\/b2b.mvgd.pl\/index.php\/produkt\/plantaranas-white-organic-wine-075l\/\",\"url\":\"https:\/\/b2b.mvgd.pl\/index.php\/produkt\/plantaranas-white-organic-wine-075l\/\",\"name\":\"PlantaRanas White Organic Wine 0,75l - B2B MVGD PL\",\"isPartOf\":{\"@id\":\"https:\/\/b2b.mvgd.pl\/#website\"},\"primaryImageOfPage\":{\"@id\":\"https:\/\/b2b.mvgd.pl\/index.php\/produkt\/plantaranas-white-organic-wine-075l\/#primaryimage\"},\"image\":{\"@id\":\"https:\/\/b2b.mvgd.pl\/index.php\/produkt\/plantaranas-white-organic-wine-075l\/#primaryimage\"},\"thumbnailUrl\":\"https:\/\/b2b.mvgd.pl\/wp-content\/uploads\/2026\/02\/PlantaRanas-White-Organic-Wine.png\",\"datePublished\":\"2026-02-16T19:01:05+00:00\",\"dateModified\":\"2026-02-16T19:02:37+00:00\",\"breadcrumb\":{\"@id\":\"https:\/\/b2b.mvgd.pl\/index.php\/produkt\/plantaranas-white-organic-wine-075l\/#breadcrumb\"},\"inLanguage\":\"pl-PL\",\"potentialAction\":[{\"@type\":\"ReadAction\",\"target\":[\"https:\/\/b2b.mvgd.pl\/index.php\/produkt\/plantaranas-white-organic-wine-075l\/\"]}]},{\"@type\":\"ImageObject\",\"inLanguage\":\"pl-PL\",\"@id\":\"https:\/\/b2b.mvgd.pl\/index.php\/produkt\/plantaranas-white-organic-wine-075l\/#primaryimage\",\"url\":\"https:\/\/b2b.mvgd.pl\/wp-content\/uploads\/2026\/02\/PlantaRanas-White-Organic-Wine.png\",\"contentUrl\":\"https:\/\/b2b.mvgd.pl\/wp-content\/uploads\/2026\/02\/PlantaRanas-White-Organic-Wine.png\",\"width\":900,\"height\":1200},{\"@type\":\"BreadcrumbList\",\"@id\":\"https:\/\/b2b.mvgd.pl\/index.php\/produkt\/plantaranas-white-organic-wine-075l\/#breadcrumb\",\"itemListElement\":[{\"@type\":\"ListItem\",\"position\":1,\"name\":\"Strona g\u0142\u00f3wna\",\"item\":\"https:\/\/b2b.mvgd.pl\/\"},{\"@type\":\"ListItem\",\"position\":2,\"name\":\"Shop\",\"item\":\"https:\/\/b2b.mvgd.pl\/index.php\/shop\/\"},{\"@type\":\"ListItem\",\"position\":3,\"name\":\"PlantaRanas White Organic Wine 0,75l\"}]},{\"@type\":\"WebSite\",\"@id\":\"https:\/\/b2b.mvgd.pl\/#website\",\"url\":\"https:\/\/b2b.mvgd.pl\/\",\"name\":\"B2B MVGD PL\",\"description\":\"\",\"potentialAction\":[{\"@type\":\"SearchAction\",\"target\":{\"@type\":\"EntryPoint\",\"urlTemplate\":\"https:\/\/b2b.mvgd.pl\/?s={search_term_string}\"},\"query-input\":{\"@type\":\"PropertyValueSpecification\",\"valueRequired\":true,\"valueName\":\"search_term_string\"}}],\"inLanguage\":\"pl-PL\"}]}<\/script>\n<!-- \/ Yoast SEO plugin. -->","yoast_head_json":{"title":"PlantaRanas White Organic Wine 0,75l - B2B MVGD PL","robots":{"index":"index","follow":"follow","max-snippet":"max-snippet:-1","max-image-preview":"max-image-preview:large","max-video-preview":"max-video-preview:-1"},"canonical":"https:\/\/b2b.mvgd.pl\/index.php\/produkt\/plantaranas-white-organic-wine-075l\/","og_locale":"pl_PL","og_type":"article","og_title":"PlantaRanas White Organic Wine 0,75l - B2B MVGD PL","og_description":"Ekologiczne, bia\u0142e wino z Hiszpanii, \u0142\u0105cz\u0105ce aromaty Macabeo i Sauvignon Blanc. Owocowe, lekkie, idealne na letnie dni.","og_url":"https:\/\/b2b.mvgd.pl\/index.php\/produkt\/plantaranas-white-organic-wine-075l\/","og_site_name":"B2B MVGD PL","article_modified_time":"2026-02-16T19:02:37+00:00","twitter_card":"summary_large_image","schema":{"@context":"https:\/\/schema.org","@graph":[{"@type":"WebPage","@id":"https:\/\/b2b.mvgd.pl\/index.php\/produkt\/plantaranas-white-organic-wine-075l\/","url":"https:\/\/b2b.mvgd.pl\/index.php\/produkt\/plantaranas-white-organic-wine-075l\/","name":"PlantaRanas White Organic Wine 0,75l - B2B MVGD PL","isPartOf":{"@id":"https:\/\/b2b.mvgd.pl\/#website"},"primaryImageOfPage":{"@id":"https:\/\/b2b.mvgd.pl\/index.php\/produkt\/plantaranas-white-organic-wine-075l\/#primaryimage"},"image":{"@id":"https:\/\/b2b.mvgd.pl\/index.php\/produkt\/plantaranas-white-organic-wine-075l\/#primaryimage"},"thumbnailUrl":"https:\/\/b2b.mvgd.pl\/wp-content\/uploads\/2026\/02\/PlantaRanas-White-Organic-Wine.png","datePublished":"2026-02-16T19:01:05+00:00","dateModified":"2026-02-16T19:02:37+00:00","breadcrumb":{"@id":"https:\/\/b2b.mvgd.pl\/index.php\/produkt\/plantaranas-white-organic-wine-075l\/#breadcrumb"},"inLanguage":"pl-PL","potentialAction":[{"@type":"ReadAction","target":["https:\/\/b2b.mvgd.pl\/index.php\/produkt\/plantaranas-white-organic-wine-075l\/"]}]},{"@type":"ImageObject","inLanguage":"pl-PL","@id":"https:\/\/b2b.mvgd.pl\/index.php\/produkt\/plantaranas-white-organic-wine-075l\/#primaryimage","url":"https:\/\/b2b.mvgd.pl\/wp-content\/uploads\/2026\/02\/PlantaRanas-White-Organic-Wine.png","contentUrl":"https:\/\/b2b.mvgd.pl\/wp-content\/uploads\/2026\/02\/PlantaRanas-White-Organic-Wine.png","width":900,"height":1200},{"@type":"BreadcrumbList","@id":"https:\/\/b2b.mvgd.pl\/index.php\/produkt\/plantaranas-white-organic-wine-075l\/#breadcrumb","itemListElement":[{"@type":"ListItem","position":1,"name":"Strona g\u0142\u00f3wna","item":"https:\/\/b2b.mvgd.pl\/"},{"@type":"ListItem","position":2,"name":"Shop","item":"https:\/\/b2b.mvgd.pl\/index.php\/shop\/"},{"@type":"ListItem","position":3,"name":"PlantaRanas White Organic Wine 0,75l"}]},{"@type":"WebSite","@id":"https:\/\/b2b.mvgd.pl\/#website","url":"https:\/\/b2b.mvgd.pl\/","name":"B2B MVGD PL","description":"","potentialAction":[{"@type":"SearchAction","target":{"@type":"EntryPoint","urlTemplate":"https:\/\/b2b.mvgd.pl\/?s={search_term_string}"},"query-input":{"@type":"PropertyValueSpecification","valueRequired":true,"valueName":"search_term_string"}}],"inLanguage":"pl-PL"}]}},"jetpack_sharing_enabled":true,"_links":{"self":[{"href":"https:\/\/b2b.mvgd.pl\/index.php\/wp-json\/wp\/v2\/product\/1016","targetHints":{"allow":["GET"]}}],"collection":[{"href":"https:\/\/b2b.mvgd.pl\/index.php\/wp-json\/wp\/v2\/product"}],"about":[{"href":"https:\/\/b2b.mvgd.pl\/index.php\/wp-json\/wp\/v2\/types\/product"}],"replies":[{"embeddable":true,"href":"https:\/\/b2b.mvgd.pl\/index.php\/wp-json\/wp\/v2\/comments?post=1016"}],"version-history":[{"count":0,"href":"https:\/\/b2b.mvgd.pl\/index.php\/wp-json\/wp\/v2\/product\/1016\/revisions"}],"wp:featuredmedia":[{"embeddable":true,"href":"https:\/\/b2b.mvgd.pl\/index.php\/wp-json\/wp\/v2\/media\/1067"}],"wp:attachment":[{"href":"https:\/\/b2b.mvgd.pl\/index.php\/wp-json\/wp\/v2\/media?parent=1016"}],"wp:term":[{"taxonomy":"product_brand","embeddable":true,"href":"https:\/\/b2b.mvgd.pl\/index.php\/wp-json\/wp\/v2\/product_brand?post=1016"},{"taxonomy":"product_cat","embeddable":true,"href":"https:\/\/b2b.mvgd.pl\/index.php\/wp-json\/wp\/v2\/product_cat?post=1016"},{"taxonomy":"product_tag","embeddable":true,"href":"https:\/\/b2b.mvgd.pl\/index.php\/wp-json\/wp\/v2\/product_tag?post=1016"}],"curies":[{"name":"wp","href":"https:\/\/api.w.org\/{rel}","templated":true}]}}