{"id":1006,"date":"2026-02-16T19:00:43","date_gmt":"2026-02-16T19:00:43","guid":{"rendered":"https:\/\/b2b.mvgd.pl\/?post_type=product&#038;p=1006"},"modified":"2026-02-16T19:02:26","modified_gmt":"2026-02-16T19:02:26","slug":"stanhope-kentucky-straight-rye-07l-4520","status":"publish","type":"product","link":"https:\/\/b2b.mvgd.pl\/index.php\/produkt\/stanhope-kentucky-straight-rye-07l-4520\/","title":{"rendered":"Stanhope Kentucky Straight Rye 0,7l 45,20%"},"content":{"rendered":"<p data-start=\"549\" data-end=\"631\"><span class=\"relative -mx-px my-[-0.2rem] rounded px-px py-[0.2rem] transition-colors duration-100 ease-in-out\"><strong data-start=\"0\" data-end=\"20\" data-is-only-node=\"\">Bukiet (aromat):<\/strong> Korzenny profil z aromatami \u015bwie\u017cego pieczywa \u017cytniego, bia\u0142ego pieprzu i imbiru, z czasem rozwija nuty d\u0119bu i subtelny zapach perfum.<\/span><\/p>\n<p data-start=\"634\" data-end=\"716\"><span class=\"relative -mx-px my-[-0.2rem] rounded px-px py-[0.2rem] transition-colors duration-100 ease-in-out\"><strong data-start=\"0\" data-end=\"9\" data-is-only-node=\"\">Smak:<\/strong> \u015arednie cia\u0142o. Dominuj\u0105 nuty pieprzowe po\u0142\u0105czone z ciep\u0142ymi przyprawami \u2014 cynamon, imbir, ga\u0142ka muszkato\u0142owa, z delikatn\u0105 s\u0142odycz\u0105 wanilii i mi\u0119tow\u0105 \u015bwie\u017co\u015bci\u0105.<\/span><\/p>\n<p data-start=\"719\" data-end=\"801\"><span class=\"relative -mx-px my-[-0.2rem] rounded px-px py-[0.2rem] transition-colors duration-100 ease-in-out\"><strong data-start=\"0\" data-end=\"11\" data-is-only-node=\"\">Finisz:<\/strong> \u015arednio d\u0142ugi, korzenny, z d\u0142ugo pozostaj\u0105cym t\u0142em pieprzu i mentolem.<\/span><\/p>\n","protected":false},"excerpt":{"rendered":"<div class=\"flex max-w-full flex-col grow\">\n<div class=\"min-h-8 text-message relative flex w-full flex-col items-end gap-2 text-start break-words whitespace-normal [.text-message+&amp;]:mt-5\" dir=\"auto\" data-message-author-role=\"assistant\" data-message-id=\"4f119958-33f0-473a-a7ff-e8066798ab77\" data-message-model-slug=\"gpt-5\">\n<div class=\"flex w-full flex-col gap-1 empty:hidden first:pt-[3px]\">\n<div class=\"markdown prose dark:prose-invert w-full break-words dark markdown-new-styling\">\n<p data-start=\"0\" data-end=\"420\" data-is-last-node=\"\" data-is-only-node=\"\">Rze\u015bka i korzenna Kentucky Straight Rye od Stanhope \u2013 95% \u017cyta w mash bill, pe\u0142na pikantno\u015bci, imbiru i mi\u0119ty, z niezwykle d\u0142ugim, orze\u017awiaj\u0105cym finiszem.<\/p>\n<\/div>\n<\/div>\n<\/div>\n<\/div>\n<div class=\"flex min-h-[46px] justify-start\"><\/div>\n","protected":false},"featured_media":1063,"comment_status":"open","ping_status":"closed","template":"","meta":[],"product_brand":[],"product_cat":[317,316],"product_tag":[],"class_list":{"0":"post-1006","1":"product","2":"type-product","3":"status-publish","4":"has-post-thumbnail","6":"product_cat-blended","7":"product_cat-whisky","9":"first","10":"instock","11":"shipping-taxable","12":"purchasable","13":"product-type-simple"},"yoast_head":"<!-- This site is optimized with the Yoast SEO plugin v26.9 - https:\/\/yoast.com\/product\/yoast-seo-wordpress\/ -->\n<title>Stanhope Kentucky Straight Rye 0,7l 45,20% - B2B MVGD PL<\/title>\n<meta name=\"robots\" content=\"index, follow, max-snippet:-1, max-image-preview:large, max-video-preview:-1\" \/>\n<link rel=\"canonical\" href=\"https:\/\/b2b.mvgd.pl\/index.php\/produkt\/stanhope-kentucky-straight-rye-07l-4520\/\" \/>\n<meta property=\"og:locale\" content=\"pl_PL\" \/>\n<meta property=\"og:type\" content=\"article\" \/>\n<meta property=\"og:title\" content=\"Stanhope Kentucky Straight Rye 0,7l 45,20% - B2B MVGD PL\" \/>\n<meta property=\"og:description\" content=\"Rze\u015bka i korzenna Kentucky Straight Rye od Stanhope \u2013 95% \u017cyta w mash bill, pe\u0142na pikantno\u015bci, imbiru i mi\u0119ty, z niezwykle d\u0142ugim, orze\u017awiaj\u0105cym finiszem.\" \/>\n<meta property=\"og:url\" content=\"https:\/\/b2b.mvgd.pl\/index.php\/produkt\/stanhope-kentucky-straight-rye-07l-4520\/\" \/>\n<meta property=\"og:site_name\" content=\"B2B MVGD PL\" \/>\n<meta property=\"article:modified_time\" content=\"2026-02-16T19:02:26+00:00\" \/>\n<meta name=\"twitter:card\" content=\"summary_large_image\" \/>\n<script type=\"application\/ld+json\" class=\"yoast-schema-graph\">{\"@context\":\"https:\/\/schema.org\",\"@graph\":[{\"@type\":\"WebPage\",\"@id\":\"https:\/\/b2b.mvgd.pl\/index.php\/produkt\/stanhope-kentucky-straight-rye-07l-4520\/\",\"url\":\"https:\/\/b2b.mvgd.pl\/index.php\/produkt\/stanhope-kentucky-straight-rye-07l-4520\/\",\"name\":\"Stanhope Kentucky Straight Rye 0,7l 45,20% - B2B MVGD PL\",\"isPartOf\":{\"@id\":\"https:\/\/b2b.mvgd.pl\/#website\"},\"primaryImageOfPage\":{\"@id\":\"https:\/\/b2b.mvgd.pl\/index.php\/produkt\/stanhope-kentucky-straight-rye-07l-4520\/#primaryimage\"},\"image\":{\"@id\":\"https:\/\/b2b.mvgd.pl\/index.php\/produkt\/stanhope-kentucky-straight-rye-07l-4520\/#primaryimage\"},\"thumbnailUrl\":\"https:\/\/b2b.mvgd.pl\/wp-content\/uploads\/2026\/02\/WERA-WINA-1.png\",\"datePublished\":\"2026-02-16T19:00:43+00:00\",\"dateModified\":\"2026-02-16T19:02:26+00:00\",\"breadcrumb\":{\"@id\":\"https:\/\/b2b.mvgd.pl\/index.php\/produkt\/stanhope-kentucky-straight-rye-07l-4520\/#breadcrumb\"},\"inLanguage\":\"pl-PL\",\"potentialAction\":[{\"@type\":\"ReadAction\",\"target\":[\"https:\/\/b2b.mvgd.pl\/index.php\/produkt\/stanhope-kentucky-straight-rye-07l-4520\/\"]}]},{\"@type\":\"ImageObject\",\"inLanguage\":\"pl-PL\",\"@id\":\"https:\/\/b2b.mvgd.pl\/index.php\/produkt\/stanhope-kentucky-straight-rye-07l-4520\/#primaryimage\",\"url\":\"https:\/\/b2b.mvgd.pl\/wp-content\/uploads\/2026\/02\/WERA-WINA-1.png\",\"contentUrl\":\"https:\/\/b2b.mvgd.pl\/wp-content\/uploads\/2026\/02\/WERA-WINA-1.png\",\"width\":900,\"height\":1200},{\"@type\":\"BreadcrumbList\",\"@id\":\"https:\/\/b2b.mvgd.pl\/index.php\/produkt\/stanhope-kentucky-straight-rye-07l-4520\/#breadcrumb\",\"itemListElement\":[{\"@type\":\"ListItem\",\"position\":1,\"name\":\"Strona g\u0142\u00f3wna\",\"item\":\"https:\/\/b2b.mvgd.pl\/\"},{\"@type\":\"ListItem\",\"position\":2,\"name\":\"Shop\",\"item\":\"https:\/\/b2b.mvgd.pl\/index.php\/shop\/\"},{\"@type\":\"ListItem\",\"position\":3,\"name\":\"Stanhope Kentucky Straight Rye 0,7l 45,20%\"}]},{\"@type\":\"WebSite\",\"@id\":\"https:\/\/b2b.mvgd.pl\/#website\",\"url\":\"https:\/\/b2b.mvgd.pl\/\",\"name\":\"B2B MVGD PL\",\"description\":\"\",\"potentialAction\":[{\"@type\":\"SearchAction\",\"target\":{\"@type\":\"EntryPoint\",\"urlTemplate\":\"https:\/\/b2b.mvgd.pl\/?s={search_term_string}\"},\"query-input\":{\"@type\":\"PropertyValueSpecification\",\"valueRequired\":true,\"valueName\":\"search_term_string\"}}],\"inLanguage\":\"pl-PL\"}]}<\/script>\n<!-- \/ Yoast SEO plugin. -->","yoast_head_json":{"title":"Stanhope Kentucky Straight Rye 0,7l 45,20% - B2B MVGD PL","robots":{"index":"index","follow":"follow","max-snippet":"max-snippet:-1","max-image-preview":"max-image-preview:large","max-video-preview":"max-video-preview:-1"},"canonical":"https:\/\/b2b.mvgd.pl\/index.php\/produkt\/stanhope-kentucky-straight-rye-07l-4520\/","og_locale":"pl_PL","og_type":"article","og_title":"Stanhope Kentucky Straight Rye 0,7l 45,20% - B2B MVGD PL","og_description":"Rze\u015bka i korzenna Kentucky Straight Rye od Stanhope \u2013 95% \u017cyta w mash bill, pe\u0142na pikantno\u015bci, imbiru i mi\u0119ty, z niezwykle d\u0142ugim, orze\u017awiaj\u0105cym finiszem.","og_url":"https:\/\/b2b.mvgd.pl\/index.php\/produkt\/stanhope-kentucky-straight-rye-07l-4520\/","og_site_name":"B2B MVGD PL","article_modified_time":"2026-02-16T19:02:26+00:00","twitter_card":"summary_large_image","schema":{"@context":"https:\/\/schema.org","@graph":[{"@type":"WebPage","@id":"https:\/\/b2b.mvgd.pl\/index.php\/produkt\/stanhope-kentucky-straight-rye-07l-4520\/","url":"https:\/\/b2b.mvgd.pl\/index.php\/produkt\/stanhope-kentucky-straight-rye-07l-4520\/","name":"Stanhope Kentucky Straight Rye 0,7l 45,20% - B2B MVGD PL","isPartOf":{"@id":"https:\/\/b2b.mvgd.pl\/#website"},"primaryImageOfPage":{"@id":"https:\/\/b2b.mvgd.pl\/index.php\/produkt\/stanhope-kentucky-straight-rye-07l-4520\/#primaryimage"},"image":{"@id":"https:\/\/b2b.mvgd.pl\/index.php\/produkt\/stanhope-kentucky-straight-rye-07l-4520\/#primaryimage"},"thumbnailUrl":"https:\/\/b2b.mvgd.pl\/wp-content\/uploads\/2026\/02\/WERA-WINA-1.png","datePublished":"2026-02-16T19:00:43+00:00","dateModified":"2026-02-16T19:02:26+00:00","breadcrumb":{"@id":"https:\/\/b2b.mvgd.pl\/index.php\/produkt\/stanhope-kentucky-straight-rye-07l-4520\/#breadcrumb"},"inLanguage":"pl-PL","potentialAction":[{"@type":"ReadAction","target":["https:\/\/b2b.mvgd.pl\/index.php\/produkt\/stanhope-kentucky-straight-rye-07l-4520\/"]}]},{"@type":"ImageObject","inLanguage":"pl-PL","@id":"https:\/\/b2b.mvgd.pl\/index.php\/produkt\/stanhope-kentucky-straight-rye-07l-4520\/#primaryimage","url":"https:\/\/b2b.mvgd.pl\/wp-content\/uploads\/2026\/02\/WERA-WINA-1.png","contentUrl":"https:\/\/b2b.mvgd.pl\/wp-content\/uploads\/2026\/02\/WERA-WINA-1.png","width":900,"height":1200},{"@type":"BreadcrumbList","@id":"https:\/\/b2b.mvgd.pl\/index.php\/produkt\/stanhope-kentucky-straight-rye-07l-4520\/#breadcrumb","itemListElement":[{"@type":"ListItem","position":1,"name":"Strona g\u0142\u00f3wna","item":"https:\/\/b2b.mvgd.pl\/"},{"@type":"ListItem","position":2,"name":"Shop","item":"https:\/\/b2b.mvgd.pl\/index.php\/shop\/"},{"@type":"ListItem","position":3,"name":"Stanhope Kentucky Straight Rye 0,7l 45,20%"}]},{"@type":"WebSite","@id":"https:\/\/b2b.mvgd.pl\/#website","url":"https:\/\/b2b.mvgd.pl\/","name":"B2B MVGD PL","description":"","potentialAction":[{"@type":"SearchAction","target":{"@type":"EntryPoint","urlTemplate":"https:\/\/b2b.mvgd.pl\/?s={search_term_string}"},"query-input":{"@type":"PropertyValueSpecification","valueRequired":true,"valueName":"search_term_string"}}],"inLanguage":"pl-PL"}]}},"jetpack_sharing_enabled":true,"_links":{"self":[{"href":"https:\/\/b2b.mvgd.pl\/index.php\/wp-json\/wp\/v2\/product\/1006","targetHints":{"allow":["GET"]}}],"collection":[{"href":"https:\/\/b2b.mvgd.pl\/index.php\/wp-json\/wp\/v2\/product"}],"about":[{"href":"https:\/\/b2b.mvgd.pl\/index.php\/wp-json\/wp\/v2\/types\/product"}],"replies":[{"embeddable":true,"href":"https:\/\/b2b.mvgd.pl\/index.php\/wp-json\/wp\/v2\/comments?post=1006"}],"version-history":[{"count":0,"href":"https:\/\/b2b.mvgd.pl\/index.php\/wp-json\/wp\/v2\/product\/1006\/revisions"}],"wp:featuredmedia":[{"embeddable":true,"href":"https:\/\/b2b.mvgd.pl\/index.php\/wp-json\/wp\/v2\/media\/1063"}],"wp:attachment":[{"href":"https:\/\/b2b.mvgd.pl\/index.php\/wp-json\/wp\/v2\/media?parent=1006"}],"wp:term":[{"taxonomy":"product_brand","embeddable":true,"href":"https:\/\/b2b.mvgd.pl\/index.php\/wp-json\/wp\/v2\/product_brand?post=1006"},{"taxonomy":"product_cat","embeddable":true,"href":"https:\/\/b2b.mvgd.pl\/index.php\/wp-json\/wp\/v2\/product_cat?post=1006"},{"taxonomy":"product_tag","embeddable":true,"href":"https:\/\/b2b.mvgd.pl\/index.php\/wp-json\/wp\/v2\/product_tag?post=1006"}],"curies":[{"name":"wp","href":"https:\/\/api.w.org\/{rel}","templated":true}]}}