{"id":1005,"date":"2026-02-16T19:00:42","date_gmt":"2026-02-16T19:00:42","guid":{"rendered":"https:\/\/b2b.mvgd.pl\/?post_type=product&#038;p=1005"},"modified":"2026-02-16T19:02:18","modified_gmt":"2026-02-16T19:02:18","slug":"stanhope-kentucky-straight-bourbon-07l-4480","status":"publish","type":"product","link":"https:\/\/b2b.mvgd.pl\/index.php\/produkt\/stanhope-kentucky-straight-bourbon-07l-4480\/","title":{"rendered":"Stanhope Kentucky Straight Bourbon 0,7l 44,80%"},"content":{"rendered":"<p data-start=\"790\" data-end=\"870\"><span class=\"relative -mx-px my-[-0.2rem] rounded px-px py-[0.2rem] transition-colors duration-100 ease-in-out\"><strong data-start=\"0\" data-end=\"10\" data-is-only-node=\"\">Aromat<\/strong>: Wanilia z subteln\u0105 nut\u0105 d\u0119bu oraz karmelu, z czasem pojawia si\u0119 zapach perfum i strugarek o\u0142\u00f3wkowych.<\/span><\/p>\n<p data-start=\"873\" data-end=\"953\"><span class=\"relative -mx-px my-[-0.2rem] rounded px-px py-[0.2rem] transition-colors duration-100 ease-in-out\"><strong data-start=\"0\" data-end=\"8\" data-is-only-node=\"\">Smak<\/strong>: \u015arednie cia\u0142o, s\u0142odko\u015b\u0107 przypominaj\u0105ca sztuczny s\u0142odzik, z nut\u0105 wanilii i gruszki, z delikatnym pieprzem. Ca\u0142o\u015b\u0107 nieco surowa.<\/span><\/p>\n<p data-start=\"956\" data-end=\"1036\"><span class=\"relative -mx-px my-[-0.2rem] rounded px-px py-[0.2rem] transition-colors duration-100 ease-in-out\"><strong data-start=\"0\" data-end=\"10\" data-is-only-node=\"\">Finisz<\/strong>: Kr\u00f3tki, z wyczuwalnymi nutami pieprzu, d\u0119bu, imbiru, syropu klonowego i mi\u0119ty; ponownie obecno\u015b\u0107 sztucznego s\u0142odzika daje lekko odr\u0119twiaj\u0105ce wra\u017cenie.<\/span><\/p>\n","protected":false},"excerpt":{"rendered":"<div class=\"flex max-w-full flex-col grow\">\n<div class=\"min-h-8 text-message relative flex w-full flex-col items-end gap-2 text-start break-words whitespace-normal [.text-message+&amp;]:mt-5\" dir=\"auto\" data-message-author-role=\"assistant\" data-message-id=\"4f119958-33f0-473a-a7ff-e8066798ab77\" data-message-model-slug=\"gpt-5\">\n<div class=\"flex w-full flex-col gap-1 empty:hidden first:pt-[3px]\">\n<div class=\"markdown prose dark:prose-invert w-full break-words dark markdown-new-styling\">\n<div id=\"dropdown-block-yui_3_17_2_1_1732284260187_5495-0\" class=\"accordion-item__dropdown accordion-item__dropdown--open\" role=\"region\" aria-labelledby=\"button-block-yui_3_17_2_1_1732284260187_5495-0\">\n<div class=\"\n            accordion-item__description\n\n            sqsrte-small\n          \"><\/p>\n<p><strong><span dir=\"auto\">Sk\u0142ad\u00a0<\/span><br \/>\n<\/strong><span dir=\"auto\">9% s\u0142odowany j\u0119czmie\u0144,<\/span><br \/>\n<span dir=\"auto\">70% kukurydza uprawiana w Kentucky,<\/span><br \/>\n<span dir=\"auto\">21% \u017cyto<\/span><\/p>\n<p><strong><span dir=\"auto\">Beczka:<\/span><br \/>\n<\/strong><span dir=\"auto\">Nowy ameryka\u0144ski bia\u0142y d\u0105b<\/span><\/p>\n<p><strong><span dir=\"auto\">char:<\/span><\/strong><br \/>\n<span dir=\"auto\">char aligatora nr 4<\/span><\/p>\n<p><strong><span dir=\"auto\">moc:<\/span><\/strong><br \/>\n<span dir=\"auto\">89,6 proof \/ 44,8% abv<\/span><\/p>\n<\/div>\n<\/div>\n<div class=\"accordion-divider\" aria-hidden=\"true\"><\/div>\n<ul class=\"accordion-items-container\" data-should-allow-multiple-open-items=\"true\" data-is-divider-enabled=\"true\" data-is-first-divider-visible=\"true\" data-is-last-divider-visible=\"true\" data-is-expanded-first-item=\"\" data-accordion-title-alignment=\"left\" data-accordion-description-alignment=\"left\" data-accordion-description-placement=\"left\" data-accordion-icon-placement=\"right\">\n<li class=\"accordion-item\" data-is-open=\"true\">\n<p class=\"\n          accordion-item__title-wrapper\n\n          sqsrte-small\n        \" role=\"heading\"><button class=\"accordion-item__click-target\" aria-expanded=\"true\" aria-controls=\"dropdown-block-yui_3_17_2_1_1732284260187_5495-1\"><span class=\"accordion-item__title\"><span dir=\"auto\">Notatki degustacyjne<\/span><\/span><\/button><\/p>\n<div class=\"accordion-icon-container\" data-is-open=\"false\" aria-hidden=\"true\">\n<div class=\"plus\">\n<div class=\"plus__horizontal-line\"><\/div>\n<div class=\"plus__vertical-line\"><\/div>\n<\/div>\n<\/div>\n<div id=\"dropdown-block-yui_3_17_2_1_1732284260187_5495-1\" class=\"accordion-item__dropdown accordion-item__dropdown--open\" role=\"region\" aria-labelledby=\"button-block-yui_3_17_2_1_1732284260187_5495-1\">\n<div class=\"\n            accordion-item__description\n\n            sqsrte-small\n          \"><\/p>\n<p data-rte-preserve-empty=\"true\"><strong><u><span dir=\"auto\">Kolor:<\/span><\/u> <\/strong><span dir=\"auto\"> Naturalny toffi, bogaty, miedziano-mahoniowy<\/span><\/p>\n<p data-rte-preserve-empty=\"true\"><strong><u><span dir=\"auto\">Aromat:<\/span><\/u><\/strong><span dir=\"auto\"> lekki karmelizowany ananas i rodzynki, przypalony d\u0105b, z nut\u0105 sk\u00f3ry i pra\u017conych orzech\u00f3w. Nie spiesz si\u0119 z tym zapachem\u2026<\/span><\/p>\n<p data-rte-preserve-empty=\"true\"><strong><u><span dir=\"auto\">Podniebienie:<\/span><\/u> <\/strong><span dir=\"auto\"> Wir tropikalnych owoc\u00f3w (ananasy, gruszki, dojrza\u0142e karambolie), przypalony cukier, przeplatany pikantnym czarnym pieprzem i kremow\u0105 wanili\u0105 \u2013 niezapomniane do\u015bwiadczenie<\/span><\/p>\n<p data-rte-preserve-empty=\"true\"><strong><u><span dir=\"auto\">Finisz:<\/span><\/u><\/strong><span dir=\"auto\"> Z\u0142o\u017cony, d\u0142ugi, bogaty, rozgrzewaj\u0105cy z nutami w\u0119dzonego drewna, jasnego klonu, korzenny, wytrawny i pra\u017cony &#8211; ma w sobie t\u0119 cudown\u0105 czyst\u0105 s\u0142odycz.<\/span><\/p>\n<\/div>\n<\/div>\n<\/li>\n<\/ul>\n<\/div>\n<\/div>\n<\/div>\n<\/div>\n<div class=\"flex min-h-[46px] justify-start\"><\/div>\n","protected":false},"featured_media":1055,"comment_status":"open","ping_status":"closed","template":"","meta":[],"product_brand":[],"product_cat":[317,316],"product_tag":[],"class_list":{"0":"post-1005","1":"product","2":"type-product","3":"status-publish","4":"has-post-thumbnail","6":"product_cat-blended","7":"product_cat-whisky","9":"first","10":"instock","11":"shipping-taxable","12":"product-type-simple"},"yoast_head":"<!-- This site is optimized with the Yoast SEO plugin v26.9 - https:\/\/yoast.com\/product\/yoast-seo-wordpress\/ -->\n<title>Stanhope Kentucky Straight Bourbon 0,7l 44,80% - B2B MVGD PL<\/title>\n<meta name=\"robots\" content=\"index, follow, max-snippet:-1, max-image-preview:large, max-video-preview:-1\" \/>\n<link rel=\"canonical\" href=\"https:\/\/b2b.mvgd.pl\/index.php\/produkt\/stanhope-kentucky-straight-bourbon-07l-4480\/\" \/>\n<meta property=\"og:locale\" content=\"pl_PL\" \/>\n<meta property=\"og:type\" content=\"article\" \/>\n<meta property=\"og:title\" content=\"Stanhope Kentucky Straight Bourbon 0,7l 44,80% - B2B MVGD PL\" \/>\n<meta property=\"og:description\" content=\"Sk\u0142ad\u00a0 9% s\u0142odowany j\u0119czmie\u0144, 70% kukurydza uprawiana w Kentucky, 21% \u017cyto  Beczka: Nowy ameryka\u0144ski bia\u0142y d\u0105b  char: char aligatora nr 4  moc: 89,6 proof \/ 44,8% abv        Notatki degustacyjne          Kolor: Naturalny toffi, bogaty, miedziano-mahoniowy Aromat: lekki karmelizowany ananas i rodzynki, przypalony d\u0105b, z nut\u0105 sk\u00f3ry i pra\u017conych orzech\u00f3w. Nie spiesz si\u0119 z tym zapachem\u2026 Podniebienie: Wir tropikalnych owoc\u00f3w (ananasy, gruszki, dojrza\u0142e karambolie), przypalony cukier, przeplatany pikantnym czarnym pieprzem i kremow\u0105 wanili\u0105 \u2013 niezapomniane do\u015bwiadczenie Finisz: Z\u0142o\u017cony, d\u0142ugi, bogaty, rozgrzewaj\u0105cy z nutami w\u0119dzonego drewna, jasnego klonu, korzenny, wytrawny i pra\u017cony - ma w sobie t\u0119 cudown\u0105 czyst\u0105 s\u0142odycz.\" \/>\n<meta property=\"og:url\" content=\"https:\/\/b2b.mvgd.pl\/index.php\/produkt\/stanhope-kentucky-straight-bourbon-07l-4480\/\" \/>\n<meta property=\"og:site_name\" content=\"B2B MVGD PL\" \/>\n<meta property=\"article:modified_time\" content=\"2026-02-16T19:02:18+00:00\" \/>\n<meta name=\"twitter:card\" content=\"summary_large_image\" \/>\n<script type=\"application\/ld+json\" class=\"yoast-schema-graph\">{\"@context\":\"https:\/\/schema.org\",\"@graph\":[{\"@type\":\"WebPage\",\"@id\":\"https:\/\/b2b.mvgd.pl\/index.php\/produkt\/stanhope-kentucky-straight-bourbon-07l-4480\/\",\"url\":\"https:\/\/b2b.mvgd.pl\/index.php\/produkt\/stanhope-kentucky-straight-bourbon-07l-4480\/\",\"name\":\"Stanhope Kentucky Straight Bourbon 0,7l 44,80% - B2B MVGD PL\",\"isPartOf\":{\"@id\":\"https:\/\/b2b.mvgd.pl\/#website\"},\"primaryImageOfPage\":{\"@id\":\"https:\/\/b2b.mvgd.pl\/index.php\/produkt\/stanhope-kentucky-straight-bourbon-07l-4480\/#primaryimage\"},\"image\":{\"@id\":\"https:\/\/b2b.mvgd.pl\/index.php\/produkt\/stanhope-kentucky-straight-bourbon-07l-4480\/#primaryimage\"},\"thumbnailUrl\":\"https:\/\/b2b.mvgd.pl\/wp-content\/uploads\/2026\/02\/burbon.png\",\"datePublished\":\"2026-02-16T19:00:42+00:00\",\"dateModified\":\"2026-02-16T19:02:18+00:00\",\"breadcrumb\":{\"@id\":\"https:\/\/b2b.mvgd.pl\/index.php\/produkt\/stanhope-kentucky-straight-bourbon-07l-4480\/#breadcrumb\"},\"inLanguage\":\"pl-PL\",\"potentialAction\":[{\"@type\":\"ReadAction\",\"target\":[\"https:\/\/b2b.mvgd.pl\/index.php\/produkt\/stanhope-kentucky-straight-bourbon-07l-4480\/\"]}]},{\"@type\":\"ImageObject\",\"inLanguage\":\"pl-PL\",\"@id\":\"https:\/\/b2b.mvgd.pl\/index.php\/produkt\/stanhope-kentucky-straight-bourbon-07l-4480\/#primaryimage\",\"url\":\"https:\/\/b2b.mvgd.pl\/wp-content\/uploads\/2026\/02\/burbon.png\",\"contentUrl\":\"https:\/\/b2b.mvgd.pl\/wp-content\/uploads\/2026\/02\/burbon.png\",\"width\":900,\"height\":1200},{\"@type\":\"BreadcrumbList\",\"@id\":\"https:\/\/b2b.mvgd.pl\/index.php\/produkt\/stanhope-kentucky-straight-bourbon-07l-4480\/#breadcrumb\",\"itemListElement\":[{\"@type\":\"ListItem\",\"position\":1,\"name\":\"Strona g\u0142\u00f3wna\",\"item\":\"https:\/\/b2b.mvgd.pl\/\"},{\"@type\":\"ListItem\",\"position\":2,\"name\":\"Shop\",\"item\":\"https:\/\/b2b.mvgd.pl\/index.php\/shop\/\"},{\"@type\":\"ListItem\",\"position\":3,\"name\":\"Stanhope Kentucky Straight Bourbon 0,7l 44,80%\"}]},{\"@type\":\"WebSite\",\"@id\":\"https:\/\/b2b.mvgd.pl\/#website\",\"url\":\"https:\/\/b2b.mvgd.pl\/\",\"name\":\"B2B MVGD PL\",\"description\":\"\",\"potentialAction\":[{\"@type\":\"SearchAction\",\"target\":{\"@type\":\"EntryPoint\",\"urlTemplate\":\"https:\/\/b2b.mvgd.pl\/?s={search_term_string}\"},\"query-input\":{\"@type\":\"PropertyValueSpecification\",\"valueRequired\":true,\"valueName\":\"search_term_string\"}}],\"inLanguage\":\"pl-PL\"}]}<\/script>\n<!-- \/ Yoast SEO plugin. -->","yoast_head_json":{"title":"Stanhope Kentucky Straight Bourbon 0,7l 44,80% - B2B MVGD PL","robots":{"index":"index","follow":"follow","max-snippet":"max-snippet:-1","max-image-preview":"max-image-preview:large","max-video-preview":"max-video-preview:-1"},"canonical":"https:\/\/b2b.mvgd.pl\/index.php\/produkt\/stanhope-kentucky-straight-bourbon-07l-4480\/","og_locale":"pl_PL","og_type":"article","og_title":"Stanhope Kentucky Straight Bourbon 0,7l 44,80% - B2B MVGD PL","og_description":"Sk\u0142ad\u00a0 9% s\u0142odowany j\u0119czmie\u0144, 70% kukurydza uprawiana w Kentucky, 21% \u017cyto  Beczka: Nowy ameryka\u0144ski bia\u0142y d\u0105b  char: char aligatora nr 4  moc: 89,6 proof \/ 44,8% abv        Notatki degustacyjne          Kolor: Naturalny toffi, bogaty, miedziano-mahoniowy Aromat: lekki karmelizowany ananas i rodzynki, przypalony d\u0105b, z nut\u0105 sk\u00f3ry i pra\u017conych orzech\u00f3w. Nie spiesz si\u0119 z tym zapachem\u2026 Podniebienie: Wir tropikalnych owoc\u00f3w (ananasy, gruszki, dojrza\u0142e karambolie), przypalony cukier, przeplatany pikantnym czarnym pieprzem i kremow\u0105 wanili\u0105 \u2013 niezapomniane do\u015bwiadczenie Finisz: Z\u0142o\u017cony, d\u0142ugi, bogaty, rozgrzewaj\u0105cy z nutami w\u0119dzonego drewna, jasnego klonu, korzenny, wytrawny i pra\u017cony - ma w sobie t\u0119 cudown\u0105 czyst\u0105 s\u0142odycz.","og_url":"https:\/\/b2b.mvgd.pl\/index.php\/produkt\/stanhope-kentucky-straight-bourbon-07l-4480\/","og_site_name":"B2B MVGD PL","article_modified_time":"2026-02-16T19:02:18+00:00","twitter_card":"summary_large_image","schema":{"@context":"https:\/\/schema.org","@graph":[{"@type":"WebPage","@id":"https:\/\/b2b.mvgd.pl\/index.php\/produkt\/stanhope-kentucky-straight-bourbon-07l-4480\/","url":"https:\/\/b2b.mvgd.pl\/index.php\/produkt\/stanhope-kentucky-straight-bourbon-07l-4480\/","name":"Stanhope Kentucky Straight Bourbon 0,7l 44,80% - B2B MVGD PL","isPartOf":{"@id":"https:\/\/b2b.mvgd.pl\/#website"},"primaryImageOfPage":{"@id":"https:\/\/b2b.mvgd.pl\/index.php\/produkt\/stanhope-kentucky-straight-bourbon-07l-4480\/#primaryimage"},"image":{"@id":"https:\/\/b2b.mvgd.pl\/index.php\/produkt\/stanhope-kentucky-straight-bourbon-07l-4480\/#primaryimage"},"thumbnailUrl":"https:\/\/b2b.mvgd.pl\/wp-content\/uploads\/2026\/02\/burbon.png","datePublished":"2026-02-16T19:00:42+00:00","dateModified":"2026-02-16T19:02:18+00:00","breadcrumb":{"@id":"https:\/\/b2b.mvgd.pl\/index.php\/produkt\/stanhope-kentucky-straight-bourbon-07l-4480\/#breadcrumb"},"inLanguage":"pl-PL","potentialAction":[{"@type":"ReadAction","target":["https:\/\/b2b.mvgd.pl\/index.php\/produkt\/stanhope-kentucky-straight-bourbon-07l-4480\/"]}]},{"@type":"ImageObject","inLanguage":"pl-PL","@id":"https:\/\/b2b.mvgd.pl\/index.php\/produkt\/stanhope-kentucky-straight-bourbon-07l-4480\/#primaryimage","url":"https:\/\/b2b.mvgd.pl\/wp-content\/uploads\/2026\/02\/burbon.png","contentUrl":"https:\/\/b2b.mvgd.pl\/wp-content\/uploads\/2026\/02\/burbon.png","width":900,"height":1200},{"@type":"BreadcrumbList","@id":"https:\/\/b2b.mvgd.pl\/index.php\/produkt\/stanhope-kentucky-straight-bourbon-07l-4480\/#breadcrumb","itemListElement":[{"@type":"ListItem","position":1,"name":"Strona g\u0142\u00f3wna","item":"https:\/\/b2b.mvgd.pl\/"},{"@type":"ListItem","position":2,"name":"Shop","item":"https:\/\/b2b.mvgd.pl\/index.php\/shop\/"},{"@type":"ListItem","position":3,"name":"Stanhope Kentucky Straight Bourbon 0,7l 44,80%"}]},{"@type":"WebSite","@id":"https:\/\/b2b.mvgd.pl\/#website","url":"https:\/\/b2b.mvgd.pl\/","name":"B2B MVGD PL","description":"","potentialAction":[{"@type":"SearchAction","target":{"@type":"EntryPoint","urlTemplate":"https:\/\/b2b.mvgd.pl\/?s={search_term_string}"},"query-input":{"@type":"PropertyValueSpecification","valueRequired":true,"valueName":"search_term_string"}}],"inLanguage":"pl-PL"}]}},"jetpack_sharing_enabled":true,"_links":{"self":[{"href":"https:\/\/b2b.mvgd.pl\/index.php\/wp-json\/wp\/v2\/product\/1005","targetHints":{"allow":["GET"]}}],"collection":[{"href":"https:\/\/b2b.mvgd.pl\/index.php\/wp-json\/wp\/v2\/product"}],"about":[{"href":"https:\/\/b2b.mvgd.pl\/index.php\/wp-json\/wp\/v2\/types\/product"}],"replies":[{"embeddable":true,"href":"https:\/\/b2b.mvgd.pl\/index.php\/wp-json\/wp\/v2\/comments?post=1005"}],"version-history":[{"count":0,"href":"https:\/\/b2b.mvgd.pl\/index.php\/wp-json\/wp\/v2\/product\/1005\/revisions"}],"wp:featuredmedia":[{"embeddable":true,"href":"https:\/\/b2b.mvgd.pl\/index.php\/wp-json\/wp\/v2\/media\/1055"}],"wp:attachment":[{"href":"https:\/\/b2b.mvgd.pl\/index.php\/wp-json\/wp\/v2\/media?parent=1005"}],"wp:term":[{"taxonomy":"product_brand","embeddable":true,"href":"https:\/\/b2b.mvgd.pl\/index.php\/wp-json\/wp\/v2\/product_brand?post=1005"},{"taxonomy":"product_cat","embeddable":true,"href":"https:\/\/b2b.mvgd.pl\/index.php\/wp-json\/wp\/v2\/product_cat?post=1005"},{"taxonomy":"product_tag","embeddable":true,"href":"https:\/\/b2b.mvgd.pl\/index.php\/wp-json\/wp\/v2\/product_tag?post=1005"}],"curies":[{"name":"wp","href":"https:\/\/api.w.org\/{rel}","templated":true}]}}